{"id":106854,"date":"2024-10-26T12:25:36","date_gmt":"2024-10-26T10:25:36","guid":{"rendered":"https:\/\/www.heidelberger-schloss-gastronomie.de\/?post_type=product&#038;p=106854"},"modified":"2026-01-21T07:30:40","modified_gmt":"2026-01-21T06:30:40","slug":"valentinstag-in-der-schlossweinstube","status":"publish","type":"product","link":"https:\/\/www.heidelberger-schloss-gastronomie.de\/en\/shop\/valentinstag-in-der-schlossweinstube\/","title":{"rendered":"Valentinstag in der Schlossweinstube 14. &#038; 15. Februar"},"content":{"rendered":"<h2>Wochenende f\u00fcr Verliebte &amp; Romantiker<\/h2>\r\n<h2><strong style=\"background-color: var(--global--color-background); color: var(--global--color-primary); font-family: var(--global--font-secondary); font-size: var(--global--font-size-base);\"><strong>14. &amp; 15. Februar | Einlass 18.30 Uhr <\/strong><\/strong><strong style=\"background-color: var(--global--color-background); color: var(--global--color-primary); font-family: var(--global--font-secondary); font-size: var(--global--font-size-base);\">| Beginn 19.00 Uhr | <\/strong><\/h2>\r\nFeiern Sie den Tag der Liebe mit einem exklusiven Valentins-Dinner in der romantischen Kulisse der Schlossruine. Unser Gourmetrestaurant bietet Ihnen einen einzigartigen Blick auf die historischen Fassaden des Innenhofs. Beginnen Sie den Abend mit einem prickelnden Champagner-Aperitif und genie\u00dfen Sie anschlie\u00dfend ein kulinarisches 4-G\u00e4nge-Men\u00fc, kreiert von Spitzenkoch Martin Scharff und seinem Team.\r\n\r\nMachen Sie diesen besonderen Abend noch unvergesslicher und buchen Sie optional einen liebevoll arrangierten Blumenstrau\u00df dazu.\r\n\r\n<i>Allergien und Unvertr\u00e4glichkeiten k\u00f6nnen Sie uns gerne im Vorhinein per Mail an info@hdsre.de mitteilen.<\/i>\r\n\r\n&nbsp;\r\n\r\n&nbsp;\r\n<h2>Anfahrt &amp; Parken<\/h2>\r\n<span style=\"font-weight: 400;\">Parkpl\u00e4tze stehen Ihnen auf dem ausgewiesenen Parkgel\u00e4nde oberhalb des Schlosses in ausreichender Anzahl zur Verf\u00fcgung. Von dort aus gelangen Sie mit unserem kostenlosen Shuttle-Service (18:30 bis 19:30 Uhr | 01:30 bis 02:30 Uhr) oder einem kurzen Fu\u00dfweg durch den Schlossgarten zum Veranstaltungsort. Parkplatzadresse: Schloss-Wolfsbrunnenweg 20 | 69117 Heidelberg.<\/span> <span style=\"font-weight: 400;\">Alternativ stehen Parkm\u00f6glichkeiten auf dem privaten Busparkplatz, links vor der Bergbahnstation, vor dem Eingang zum Schlossareal gegen eine kleine Parkgeb\u00fchr von 5\u20ac ab 18:30 Uhr zur Verf\u00fcgung. Parkplatzadresse: Neue Schlo\u00dfstra\u00dfe | 69117 Heidelberg. <\/span> <span style=\"background-color: var(--global--color-background); color: var(--global--color-primary); font-family: var(--global--font-secondary); font-size: var(--global--font-size-base);\">Menschen mit Einschr\u00e4nkung stehen ausgewiesene Parkpl\u00e4tze vor dem Haupteingang zur Verf\u00fcgung. Gerne sind wir Ihnen bei Anliegen bez\u00fcglich k\u00f6rperlicher Einschr\u00e4nkungen behilflich \u2013 sprechen Sie uns bei Ihrer Buchung bitte darauf an.<\/span>\r\n\r\n\r\n\r\n&nbsp;<!-- \/wp:post-content -->","protected":false},"excerpt":{"rendered":"<h3>Wochenende f\u00fcr Verliebte &amp; Romantiker<br \/>\n<strong style=\"background-color: var(--global--color-background); color: var(--global--color-primary); font-family: var(--global--font-secondary); font-size: var(--global--font-size-base);\"><strong>14. &amp; 15. Februar<\/strong><\/strong><\/h3>\n<p>Preis gilt pro Person.<\/p>\n<p>Feiern Sie den Tag der Liebe mit einem exklusiven Valentins-Dinner in der romantischen Kulisse der Schlossruine.<\/p>\n<p>&nbsp;<\/p>\n<p><strong>Freuen Sie sich auf:<\/strong><\/p>\n<ul>\n<li>Champagneraperitif<\/li>\n<li>4-Gang-Men\u00fc von Spitzenkoch Martin Scharff<\/li>\n<li>inkl. aller Getr\u00e4nke &amp; Spitzenweine passend zum Men\u00fc<\/li>\n<li>Candle-Light-Atmosph\u00e4re im Gourmetrestaurant \u201eSchlossweinstube\u201c<\/li>\n<li>\u00fcberragender Ausblick \u00fcber die D\u00e4cher Heidelbergs<\/li>\n<\/ul>\n","protected":false},"featured_media":71506,"template":"","meta":{"_price":"149.00","_stock":null,"_tribe_ticket_header":"","_tribe_default_ticket_provider":"","_tribe_ticket_capacity":"2","_ticket_start_date":"","_ticket_end_date":"","_tribe_ticket_show_description":"","_tribe_ticket_show_not_going":false,"_tribe_ticket_use_global_stock":"","_tribe_ticket_global_stock_level":"","_global_stock_mode":"","_global_stock_cap":"","_tribe_rsvp_for_event":"","_tribe_ticket_going_count":"","_tribe_ticket_not_going_count":"","_tribe_tickets_list":"[]","_tribe_ticket_has_attendee_info_fields":false,"_tec_slr_enabled":"","_tec_slr_layout":""},"product_brand":[],"product_cat":[205],"product_tag":[],"class_list":{"0":"post-106854","1":"product","2":"type-product","3":"status-publish","4":"has-post-thumbnail","6":"product_cat-schlossweinstube","7":"entry","9":"first","10":"outofstock","11":"featured","12":"taxable","13":"shipping-taxable","14":"purchasable","15":"product-type-variable"},"bundled_by":[],"bundle_stock_status":"outofstock","bundle_stock_quantity":null,"bundle_virtual":false,"bundle_layout":"","bundle_add_to_cart_form_location":"","bundle_editable_in_cart":false,"bundle_sold_individually_context":"","bundle_item_grouping":"","bundle_min_size":"","bundle_max_size":"","bundle_price":[],"bundled_items":[],"bundle_sell_ids":[],"yoast_head":"<!-- This site is optimized with the Yoast SEO plugin v27.4 - https:\/\/yoast.com\/product\/yoast-seo-wordpress\/ -->\n<title>Valentinstag in der Schlossweinstube 14. &amp; 15. Februar - HDSRE<\/title>\n<meta name=\"robots\" content=\"index, follow, max-snippet:-1, max-image-preview:large, max-video-preview:-1\" \/>\n<link rel=\"canonical\" href=\"https:\/\/www.heidelberger-schloss-gastronomie.de\/shop\/valentinstag-in-der-schlossweinstube\/\" \/>\n<meta property=\"og:locale\" content=\"en_US\" \/>\n<meta property=\"og:type\" content=\"article\" \/>\n<meta property=\"og:title\" content=\"Valentinstag in der Schlossweinstube 14. &amp; 15. Februar - HDSRE\" \/>\n<meta property=\"og:description\" content=\"Wochenende f\u00fcr Verliebte &amp; Romantiker 14. &amp; 15. Februar Preis gilt pro Person.  Feiern Sie den Tag der Liebe mit einem exklusiven Valentins-Dinner in der romantischen Kulisse der Schlossruine.  &nbsp;  Freuen Sie sich auf:   Champagneraperitif  4-Gang-Men\u00fc von Spitzenkoch Martin Scharff  inkl. aller Getr\u00e4nke &amp; Spitzenweine passend zum Men\u00fc  Candle-Light-Atmosph\u00e4re im Gourmetrestaurant \u201eSchlossweinstube\u201c  \u00fcberragender Ausblick \u00fcber die D\u00e4cher Heidelbergs\" \/>\n<meta property=\"og:url\" content=\"https:\/\/www.heidelberger-schloss-gastronomie.de\/shop\/valentinstag-in-der-schlossweinstube\/\" \/>\n<meta property=\"og:site_name\" content=\"Heidelberger Schloss Restaurants &amp; Events\" \/>\n<meta property=\"article:publisher\" content=\"https:\/\/www.facebook.com\/heidelberger.schloss.gastronomie\/\" \/>\n<meta property=\"article:modified_time\" content=\"2026-01-21T06:30:40+00:00\" \/>\n<meta property=\"og:image\" content=\"https:\/\/www.heidelberger-schloss-gastronomie.de\/wp-content\/uploads\/Valentinstag-SWS.jpg\" \/>\n\t<meta property=\"og:image:width\" content=\"1920\" \/>\n\t<meta property=\"og:image:height\" content=\"1440\" \/>\n\t<meta property=\"og:image:type\" content=\"image\/jpeg\" \/>\n<meta name=\"twitter:card\" content=\"summary_large_image\" \/>\n<meta name=\"twitter:label1\" content=\"Est. reading time\" \/>\n\t<meta name=\"twitter:data1\" content=\"2 minutes\" \/>\n<script type=\"application\/ld+json\" class=\"yoast-schema-graph\">{\"@context\":\"https:\\\/\\\/schema.org\",\"@graph\":[{\"@type\":\"WebPage\",\"@id\":\"https:\\\/\\\/www.heidelberger-schloss-gastronomie.de\\\/shop\\\/valentinstag-in-der-schlossweinstube\\\/\",\"url\":\"https:\\\/\\\/www.heidelberger-schloss-gastronomie.de\\\/shop\\\/valentinstag-in-der-schlossweinstube\\\/\",\"name\":\"Valentinstag in der Schlossweinstube 14. & 15. Februar - HDSRE\",\"isPartOf\":{\"@id\":\"https:\\\/\\\/www.heidelberger-schloss-gastronomie.de\\\/#website\"},\"primaryImageOfPage\":{\"@id\":\"https:\\\/\\\/www.heidelberger-schloss-gastronomie.de\\\/shop\\\/valentinstag-in-der-schlossweinstube\\\/#primaryimage\"},\"image\":{\"@id\":\"https:\\\/\\\/www.heidelberger-schloss-gastronomie.de\\\/shop\\\/valentinstag-in-der-schlossweinstube\\\/#primaryimage\"},\"thumbnailUrl\":\"https:\\\/\\\/www.heidelberger-schloss-gastronomie.de\\\/wp-content\\\/uploads\\\/Valentinstag-SWS.jpg\",\"datePublished\":\"2024-10-26T10:25:36+00:00\",\"dateModified\":\"2026-01-21T06:30:40+00:00\",\"breadcrumb\":{\"@id\":\"https:\\\/\\\/www.heidelberger-schloss-gastronomie.de\\\/shop\\\/valentinstag-in-der-schlossweinstube\\\/#breadcrumb\"},\"inLanguage\":\"en-US\",\"potentialAction\":[{\"@type\":\"ReadAction\",\"target\":[\"https:\\\/\\\/www.heidelberger-schloss-gastronomie.de\\\/shop\\\/valentinstag-in-der-schlossweinstube\\\/\"]}]},{\"@type\":\"ImageObject\",\"inLanguage\":\"en-US\",\"@id\":\"https:\\\/\\\/www.heidelberger-schloss-gastronomie.de\\\/shop\\\/valentinstag-in-der-schlossweinstube\\\/#primaryimage\",\"url\":\"https:\\\/\\\/www.heidelberger-schloss-gastronomie.de\\\/wp-content\\\/uploads\\\/Valentinstag-SWS.jpg\",\"contentUrl\":\"https:\\\/\\\/www.heidelberger-schloss-gastronomie.de\\\/wp-content\\\/uploads\\\/Valentinstag-SWS.jpg\",\"width\":1920,\"height\":1440,\"caption\":\"Grafik Valentinstag Schloss Heidelberg Restaurant Schlossweinstube\"},{\"@type\":\"BreadcrumbList\",\"@id\":\"https:\\\/\\\/www.heidelberger-schloss-gastronomie.de\\\/shop\\\/valentinstag-in-der-schlossweinstube\\\/#breadcrumb\",\"itemListElement\":[{\"@type\":\"ListItem\",\"position\":1,\"name\":\"Startseite\",\"item\":\"https:\\\/\\\/www.heidelberger-schloss-gastronomie.de\\\/\"},{\"@type\":\"ListItem\",\"position\":2,\"name\":\"Online Shop\",\"item\":\"https:\\\/\\\/www.heidelberger-schloss-gastronomie.de\\\/onlineshop\\\/\"},{\"@type\":\"ListItem\",\"position\":3,\"name\":\"Valentinstag in der Schlossweinstube 14. &#038; 15. Februar\"}]},{\"@type\":\"WebSite\",\"@id\":\"https:\\\/\\\/www.heidelberger-schloss-gastronomie.de\\\/#website\",\"url\":\"https:\\\/\\\/www.heidelberger-schloss-gastronomie.de\\\/\",\"name\":\"Heidelberger Schloss Restaurants &amp; Events\",\"description\":\"\",\"publisher\":{\"@id\":\"https:\\\/\\\/www.heidelberger-schloss-gastronomie.de\\\/#organization\"},\"potentialAction\":[{\"@type\":\"SearchAction\",\"target\":{\"@type\":\"EntryPoint\",\"urlTemplate\":\"https:\\\/\\\/www.heidelberger-schloss-gastronomie.de\\\/?s={search_term_string}\"},\"query-input\":{\"@type\":\"PropertyValueSpecification\",\"valueRequired\":true,\"valueName\":\"search_term_string\"}}],\"inLanguage\":\"en-US\"},{\"@type\":\"Organization\",\"@id\":\"https:\\\/\\\/www.heidelberger-schloss-gastronomie.de\\\/#organization\",\"name\":\"Heidelberger Schloss Restaurants & Events GmbH & Co. KG\",\"url\":\"https:\\\/\\\/www.heidelberger-schloss-gastronomie.de\\\/\",\"logo\":{\"@type\":\"ImageObject\",\"inLanguage\":\"en-US\",\"@id\":\"https:\\\/\\\/www.heidelberger-schloss-gastronomie.de\\\/#\\\/schema\\\/logo\\\/image\\\/\",\"url\":\"https:\\\/\\\/www.heidelberger-schloss-gastronomie.de\\\/wp-content\\\/uploads\\\/200610_Logo_HDSRE_2020_kompakt.png\",\"contentUrl\":\"https:\\\/\\\/www.heidelberger-schloss-gastronomie.de\\\/wp-content\\\/uploads\\\/200610_Logo_HDSRE_2020_kompakt.png\",\"width\":596,\"height\":593,\"caption\":\"Heidelberger Schloss Restaurants & Events GmbH & Co. KG\"},\"image\":{\"@id\":\"https:\\\/\\\/www.heidelberger-schloss-gastronomie.de\\\/#\\\/schema\\\/logo\\\/image\\\/\"},\"sameAs\":[\"https:\\\/\\\/www.facebook.com\\\/heidelberger.schloss.gastronomie\\\/\",\"https:\\\/\\\/www.instagram.com\\\/heidelbergerschlossgastronomie\\\/\",\"https:\\\/\\\/www.youtube.com\\\/channel\\\/UCLlhNkc66V1EI0fQqAzWoGQ\"]}]}<\/script>\n<!-- \/ Yoast SEO plugin. -->","yoast_head_json":{"title":"Valentinstag in der Schlossweinstube 14. & 15. Februar - HDSRE","robots":{"index":"index","follow":"follow","max-snippet":"max-snippet:-1","max-image-preview":"max-image-preview:large","max-video-preview":"max-video-preview:-1"},"canonical":"https:\/\/www.heidelberger-schloss-gastronomie.de\/shop\/valentinstag-in-der-schlossweinstube\/","og_locale":"en_US","og_type":"article","og_title":"Valentinstag in der Schlossweinstube 14. & 15. Februar - HDSRE","og_description":"Wochenende f\u00fcr Verliebte &amp; Romantiker 14. &amp; 15. Februar Preis gilt pro Person.  Feiern Sie den Tag der Liebe mit einem exklusiven Valentins-Dinner in der romantischen Kulisse der Schlossruine.  &nbsp;  Freuen Sie sich auf:   Champagneraperitif  4-Gang-Men\u00fc von Spitzenkoch Martin Scharff  inkl. aller Getr\u00e4nke &amp; Spitzenweine passend zum Men\u00fc  Candle-Light-Atmosph\u00e4re im Gourmetrestaurant \u201eSchlossweinstube\u201c  \u00fcberragender Ausblick \u00fcber die D\u00e4cher Heidelbergs","og_url":"https:\/\/www.heidelberger-schloss-gastronomie.de\/shop\/valentinstag-in-der-schlossweinstube\/","og_site_name":"Heidelberger Schloss Restaurants &amp; Events","article_publisher":"https:\/\/www.facebook.com\/heidelberger.schloss.gastronomie\/","article_modified_time":"2026-01-21T06:30:40+00:00","og_image":[{"width":1920,"height":1440,"url":"https:\/\/www.heidelberger-schloss-gastronomie.de\/wp-content\/uploads\/Valentinstag-SWS.jpg","type":"image\/jpeg"}],"twitter_card":"summary_large_image","twitter_misc":{"Est. reading time":"2 minutes"},"schema":{"@context":"https:\/\/schema.org","@graph":[{"@type":"WebPage","@id":"https:\/\/www.heidelberger-schloss-gastronomie.de\/shop\/valentinstag-in-der-schlossweinstube\/","url":"https:\/\/www.heidelberger-schloss-gastronomie.de\/shop\/valentinstag-in-der-schlossweinstube\/","name":"Valentinstag in der Schlossweinstube 14. & 15. Februar - HDSRE","isPartOf":{"@id":"https:\/\/www.heidelberger-schloss-gastronomie.de\/#website"},"primaryImageOfPage":{"@id":"https:\/\/www.heidelberger-schloss-gastronomie.de\/shop\/valentinstag-in-der-schlossweinstube\/#primaryimage"},"image":{"@id":"https:\/\/www.heidelberger-schloss-gastronomie.de\/shop\/valentinstag-in-der-schlossweinstube\/#primaryimage"},"thumbnailUrl":"https:\/\/www.heidelberger-schloss-gastronomie.de\/wp-content\/uploads\/Valentinstag-SWS.jpg","datePublished":"2024-10-26T10:25:36+00:00","dateModified":"2026-01-21T06:30:40+00:00","breadcrumb":{"@id":"https:\/\/www.heidelberger-schloss-gastronomie.de\/shop\/valentinstag-in-der-schlossweinstube\/#breadcrumb"},"inLanguage":"en-US","potentialAction":[{"@type":"ReadAction","target":["https:\/\/www.heidelberger-schloss-gastronomie.de\/shop\/valentinstag-in-der-schlossweinstube\/"]}]},{"@type":"ImageObject","inLanguage":"en-US","@id":"https:\/\/www.heidelberger-schloss-gastronomie.de\/shop\/valentinstag-in-der-schlossweinstube\/#primaryimage","url":"https:\/\/www.heidelberger-schloss-gastronomie.de\/wp-content\/uploads\/Valentinstag-SWS.jpg","contentUrl":"https:\/\/www.heidelberger-schloss-gastronomie.de\/wp-content\/uploads\/Valentinstag-SWS.jpg","width":1920,"height":1440,"caption":"Grafik Valentinstag Schloss Heidelberg Restaurant Schlossweinstube"},{"@type":"BreadcrumbList","@id":"https:\/\/www.heidelberger-schloss-gastronomie.de\/shop\/valentinstag-in-der-schlossweinstube\/#breadcrumb","itemListElement":[{"@type":"ListItem","position":1,"name":"Startseite","item":"https:\/\/www.heidelberger-schloss-gastronomie.de\/"},{"@type":"ListItem","position":2,"name":"Online Shop","item":"https:\/\/www.heidelberger-schloss-gastronomie.de\/onlineshop\/"},{"@type":"ListItem","position":3,"name":"Valentinstag in der Schlossweinstube 14. &#038; 15. Februar"}]},{"@type":"WebSite","@id":"https:\/\/www.heidelberger-schloss-gastronomie.de\/#website","url":"https:\/\/www.heidelberger-schloss-gastronomie.de\/","name":"Heidelberger Schloss Restaurants &amp; Events","description":"","publisher":{"@id":"https:\/\/www.heidelberger-schloss-gastronomie.de\/#organization"},"potentialAction":[{"@type":"SearchAction","target":{"@type":"EntryPoint","urlTemplate":"https:\/\/www.heidelberger-schloss-gastronomie.de\/?s={search_term_string}"},"query-input":{"@type":"PropertyValueSpecification","valueRequired":true,"valueName":"search_term_string"}}],"inLanguage":"en-US"},{"@type":"Organization","@id":"https:\/\/www.heidelberger-schloss-gastronomie.de\/#organization","name":"Heidelberger Schloss Restaurants & Events GmbH & Co. KG","url":"https:\/\/www.heidelberger-schloss-gastronomie.de\/","logo":{"@type":"ImageObject","inLanguage":"en-US","@id":"https:\/\/www.heidelberger-schloss-gastronomie.de\/#\/schema\/logo\/image\/","url":"https:\/\/www.heidelberger-schloss-gastronomie.de\/wp-content\/uploads\/200610_Logo_HDSRE_2020_kompakt.png","contentUrl":"https:\/\/www.heidelberger-schloss-gastronomie.de\/wp-content\/uploads\/200610_Logo_HDSRE_2020_kompakt.png","width":596,"height":593,"caption":"Heidelberger Schloss Restaurants & Events GmbH & Co. KG"},"image":{"@id":"https:\/\/www.heidelberger-schloss-gastronomie.de\/#\/schema\/logo\/image\/"},"sameAs":["https:\/\/www.facebook.com\/heidelberger.schloss.gastronomie\/","https:\/\/www.instagram.com\/heidelbergerschlossgastronomie\/","https:\/\/www.youtube.com\/channel\/UCLlhNkc66V1EI0fQqAzWoGQ"]}]}},"_links":{"self":[{"href":"https:\/\/www.heidelberger-schloss-gastronomie.de\/en\/wp-json\/wp\/v2\/product\/106854","targetHints":{"allow":["GET"]}}],"collection":[{"href":"https:\/\/www.heidelberger-schloss-gastronomie.de\/en\/wp-json\/wp\/v2\/product"}],"about":[{"href":"https:\/\/www.heidelberger-schloss-gastronomie.de\/en\/wp-json\/wp\/v2\/types\/product"}],"version-history":[{"count":1,"href":"https:\/\/www.heidelberger-schloss-gastronomie.de\/en\/wp-json\/wp\/v2\/product\/106854\/revisions"}],"predecessor-version":[{"id":121620,"href":"https:\/\/www.heidelberger-schloss-gastronomie.de\/en\/wp-json\/wp\/v2\/product\/106854\/revisions\/121620"}],"wp:featuredmedia":[{"embeddable":true,"href":"https:\/\/www.heidelberger-schloss-gastronomie.de\/en\/wp-json\/wp\/v2\/media\/71506"}],"wp:attachment":[{"href":"https:\/\/www.heidelberger-schloss-gastronomie.de\/en\/wp-json\/wp\/v2\/media?parent=106854"}],"wp:term":[{"taxonomy":"product_brand","embeddable":true,"href":"https:\/\/www.heidelberger-schloss-gastronomie.de\/en\/wp-json\/wp\/v2\/product_brand?post=106854"},{"taxonomy":"product_cat","embeddable":true,"href":"https:\/\/www.heidelberger-schloss-gastronomie.de\/en\/wp-json\/wp\/v2\/product_cat?post=106854"},{"taxonomy":"product_tag","embeddable":true,"href":"https:\/\/www.heidelberger-schloss-gastronomie.de\/en\/wp-json\/wp\/v2\/product_tag?post=106854"}],"curies":[{"name":"wp","href":"https:\/\/api.w.org\/{rel}","templated":true}]}}