{"id":106881,"date":"2024-10-26T14:49:40","date_gmt":"2024-10-26T12:49:40","guid":{"rendered":"https:\/\/www.heidelberger-schloss-gastronomie.de\/?post_type=product&#038;p=106881"},"modified":"2025-09-15T09:08:05","modified_gmt":"2025-09-15T07:08:05","slug":"candle-light-dinner","status":"publish","type":"product","link":"https:\/\/www.heidelberger-schloss-gastronomie.de\/en\/shop\/candle-light-dinner\/","title":{"rendered":"Romantisches Candle-Light-Dinner in der Schlossweinstube  21. &#038; 22. Februar"},"content":{"rendered":"<h2>Romantisches Candle-Light-Dinner<\/h2>\r\n<h2><strong style=\"background-color: var(--global--color-background); color: var(--global--color-primary); font-family: var(--global--font-secondary); font-size: var(--global--font-size-base);\"><strong>21. &amp; 22. Februar | Einlass 18.30 Uhr <\/strong><\/strong><strong style=\"background-color: var(--global--color-background); color: var(--global--color-primary); font-family: var(--global--font-secondary); font-size: var(--global--font-size-base);\">| Beginn 19.00 Uhr | <\/strong><\/h2>\r\nVerl\u00e4ngern Sie die romantische Stimmung des Valentinstags und genie\u00dfen Sie ein exklusives Candle-Light-Dinner in der bezaubernden Kulisse der Schlossruine. Unser Gourmetrestaurant verw\u00f6hnt Sie mit einem einzigartigen Ausblick auf die historischen Fassaden des Innenhofs. Der Abend beginnt mit einem prickelnden Champagner-Aperitif, gefolgt von einem erlesenen 4-G\u00e4nge-Men\u00fc, kreiert von Spitzenkoch Martin Scharff und seinem Team.\r\n\r\nMachen Sie diesen besonderen Abend noch unvergesslicher und buchen Sie optional einen liebevoll arrangierten Strau\u00df roter Rosen dazu.\r\n\r\nPreis gilt f\u00fcr 2 Personen.\r\n<h2>Men\u00fc<\/h2>\r\nDas Men\u00fc folgt in K\u00fcrze. Bleiben Sie up to date mit unserem Schloss-Newsletter. Alle Infos, Specials und News direkt per Mail erhalten. <a href=\"https:\/\/www.heidelberger-schloss-gastronomie.de\/newsletter\/\" target=\"_blank\" rel=\"noopener\">Jetzt anmelden!<\/a>\r\n\r\n&nbsp;\r\n\r\n&nbsp;\r\n<h2>Anfahrt &amp; Parken<\/h2>\r\n<span style=\"font-weight: 400;\">Parkpl\u00e4tze stehen Ihnen auf dem ausgewiesenen Parkgel\u00e4nde oberhalb des Schlosses in ausreichender Anzahl zur Verf\u00fcgung. Von dort aus gelangen Sie mit unserem kostenlosen Shuttle-Service (18:30 bis 19:30 Uhr | 01:30 bis 02:30 Uhr) oder einem kurzen Fu\u00dfweg durch den Schlossgarten zum Veranstaltungsort. Parkplatzadresse: Schloss-Wolfsbrunnenweg 20 | 69117 Heidelberg.<\/span> <span style=\"font-weight: 400;\">Alternativ stehen Parkm\u00f6glichkeiten auf dem privaten Busparkplatz, links vor der Bergbahnstation, vor dem Eingang zum Schlossareal gegen eine kleine Parkgeb\u00fchr von 5\u20ac ab 18:30 Uhr zur Verf\u00fcgung. Parkplatzadresse: Neue Schlo\u00dfstra\u00dfe | 69117 Heidelberg. <\/span> <span style=\"background-color: var(--global--color-background); color: var(--global--color-primary); font-family: var(--global--font-secondary); font-size: var(--global--font-size-base);\">Menschen mit Einschr\u00e4nkung stehen ausgewiesene Parkpl\u00e4tze vor dem Haupteingang zur Verf\u00fcgung. Gerne sind wir Ihnen bei Anliegen bez\u00fcglich k\u00f6rperlicher Einschr\u00e4nkungen behilflich \u2013 sprechen Sie uns bei Ihrer Buchung bitte darauf an.<\/span>\r\n\r\n&nbsp;\r\n\r\n\r\n<h2>Hotelkooperation<\/h2>\r\n<a href=\"https:\/\/www.hilton.com\/de\/hotels\/hdbbwhi-hilton-heidelberg\/\">Hilton Heidelberg<\/a> | Herzliche Gastfreundschaft im Zentrum Heidelbergs\r\nKurf\u00fcrstenanlage 1, 69115 Heidelberg\r\nTel: +49 6221 733 909 720\r\n\r\n<a href=\"https:\/\/corpratesathilton.com\/link\/65645619cefccb00628b9947\" target=\"_blank\" rel=\"noopener\">BOOK NOW<\/a>\r\n\r\n&nbsp;<!-- \/wp:post-content -->","protected":false},"excerpt":{"rendered":"<h2><strong style=\"background-color: var(--global--color-background); color: var(--global--color-primary); font-family: var(--global--font-secondary); font-size: var(--global--font-size-base);\"><strong>21. &amp; 22. Februar\u00a0<\/strong><\/strong><\/h2>\n<p>Verl\u00e4ngern Sie die romantische Stimmung des Valentinstags und genie\u00dfen Sie ein exklusives Candle-Light-Dinner in der bezaubernden Kulisse der Schlossruine. Unser Gourmetrestaurant verw\u00f6hnt Sie mit einem einzigartigen Ausblick auf die historischen Fassaden des Innenhofs. Der Abend beginnt mit einem prickelnden Champagner-Aperitif, gefolgt von einem erlesenen 4-G\u00e4nge-Men\u00fc, kreiert von Spitzenkoch Martin Scharff und seinem Team.<\/p>\n<p><em>Preis gilt f\u00fcr 2 Personen.<\/em><\/p>\n<p>&nbsp;<\/p>\n<p><strong>Freuen Sie sich auf:<\/strong><\/p>\n<ul>\n<li>Champagneraperitif<\/li>\n<li>4-Gang-Men\u00fc von Spitzenkoch Martin Scharff<\/li>\n<li>inkl. aller Getr\u00e4nke &amp; Spitzenweine passend zum Men\u00fc<\/li>\n<li>Candle-Light-Atmosph\u00e4re im Gourmetrestaurant \u201eSchlossweinstube\u201c<\/li>\n<li>\u00fcberragender Ausblick \u00fcber die D\u00e4cher Heidelbergs<\/li>\n<\/ul>\n","protected":false},"featured_media":106877,"template":"","meta":{"_price":"299.00","_stock":"","_tribe_ticket_header":"","_tribe_default_ticket_provider":"","_tribe_ticket_capacity":"2","_ticket_start_date":"","_ticket_end_date":"","_tribe_ticket_show_description":"","_tribe_ticket_show_not_going":false,"_tribe_ticket_use_global_stock":"","_tribe_ticket_global_stock_level":"","_global_stock_mode":"","_global_stock_cap":"","_tribe_rsvp_for_event":"","_tribe_ticket_going_count":"","_tribe_ticket_not_going_count":"","_tribe_tickets_list":"[]","_tribe_ticket_has_attendee_info_fields":false,"_tec_slr_enabled":"","_tec_slr_layout":""},"product_brand":[],"product_cat":[205],"product_tag":[],"class_list":{"0":"post-106881","1":"product","2":"type-product","3":"status-publish","4":"has-post-thumbnail","6":"product_cat-schlossweinstube","7":"product_shipping_class-online","8":"entry","10":"first","11":"outofstock","12":"featured","13":"taxable","14":"shipping-taxable","15":"purchasable","16":"product-type-variable"},"bundled_by":[],"bundle_stock_status":"outofstock","bundle_stock_quantity":null,"bundle_virtual":false,"bundle_layout":"","bundle_add_to_cart_form_location":"","bundle_editable_in_cart":false,"bundle_sold_individually_context":"","bundle_item_grouping":"","bundle_min_size":"","bundle_max_size":"","bundle_price":[],"bundled_items":[],"bundle_sell_ids":[],"yoast_head":"<!-- This site is optimized with the Yoast SEO plugin v27.4 - https:\/\/yoast.com\/product\/yoast-seo-wordpress\/ -->\n<title>Romantisches Candle-Light-Dinner in der Schlossweinstube 21. &amp; 22. Februar - HDSRE<\/title>\n<meta name=\"robots\" content=\"index, follow, max-snippet:-1, max-image-preview:large, max-video-preview:-1\" \/>\n<link rel=\"canonical\" href=\"https:\/\/www.heidelberger-schloss-gastronomie.de\/shop\/candle-light-dinner\/\" \/>\n<meta property=\"og:locale\" content=\"en_US\" \/>\n<meta property=\"og:type\" content=\"article\" \/>\n<meta property=\"og:title\" content=\"Romantisches Candle-Light-Dinner in der Schlossweinstube 21. &amp; 22. Februar - HDSRE\" \/>\n<meta property=\"og:description\" content=\"21. &amp; 22. Februar\u00a0 Verl\u00e4ngern Sie die romantische Stimmung des Valentinstags und genie\u00dfen Sie ein exklusives Candle-Light-Dinner in der bezaubernden Kulisse der Schlossruine. Unser Gourmetrestaurant verw\u00f6hnt Sie mit einem einzigartigen Ausblick auf die historischen Fassaden des Innenhofs. Der Abend beginnt mit einem prickelnden Champagner-Aperitif, gefolgt von einem erlesenen 4-G\u00e4nge-Men\u00fc, kreiert von Spitzenkoch Martin Scharff und seinem Team.  Preis gilt f\u00fcr 2 Personen.  &nbsp;  Freuen Sie sich auf:   Champagneraperitif  4-Gang-Men\u00fc von Spitzenkoch Martin Scharff  inkl. aller Getr\u00e4nke &amp; Spitzenweine passend zum Men\u00fc  Candle-Light-Atmosph\u00e4re im Gourmetrestaurant \u201eSchlossweinstube\u201c  \u00fcberragender Ausblick \u00fcber die D\u00e4cher Heidelbergs\" \/>\n<meta property=\"og:url\" content=\"https:\/\/www.heidelberger-schloss-gastronomie.de\/shop\/candle-light-dinner\/\" \/>\n<meta property=\"og:site_name\" content=\"Heidelberger Schloss Restaurants &amp; Events\" \/>\n<meta property=\"article:publisher\" content=\"https:\/\/www.facebook.com\/heidelberger.schloss.gastronomie\/\" \/>\n<meta property=\"article:modified_time\" content=\"2025-09-15T07:08:05+00:00\" \/>\n<meta property=\"og:image\" content=\"https:\/\/www.heidelberger-schloss-gastronomie.de\/wp-content\/uploads\/Candle-Light-Dinner.png\" \/>\n\t<meta property=\"og:image:width\" content=\"1920\" \/>\n\t<meta property=\"og:image:height\" content=\"1440\" \/>\n\t<meta property=\"og:image:type\" content=\"image\/png\" \/>\n<meta name=\"twitter:card\" content=\"summary_large_image\" \/>\n<meta name=\"twitter:label1\" content=\"Est. reading time\" \/>\n\t<meta name=\"twitter:data1\" content=\"2 minutes\" \/>\n<script type=\"application\/ld+json\" class=\"yoast-schema-graph\">{\"@context\":\"https:\\\/\\\/schema.org\",\"@graph\":[{\"@type\":\"WebPage\",\"@id\":\"https:\\\/\\\/www.heidelberger-schloss-gastronomie.de\\\/shop\\\/candle-light-dinner\\\/\",\"url\":\"https:\\\/\\\/www.heidelberger-schloss-gastronomie.de\\\/shop\\\/candle-light-dinner\\\/\",\"name\":\"Romantisches Candle-Light-Dinner in der Schlossweinstube 21. & 22. Februar - HDSRE\",\"isPartOf\":{\"@id\":\"https:\\\/\\\/www.heidelberger-schloss-gastronomie.de\\\/#website\"},\"primaryImageOfPage\":{\"@id\":\"https:\\\/\\\/www.heidelberger-schloss-gastronomie.de\\\/shop\\\/candle-light-dinner\\\/#primaryimage\"},\"image\":{\"@id\":\"https:\\\/\\\/www.heidelberger-schloss-gastronomie.de\\\/shop\\\/candle-light-dinner\\\/#primaryimage\"},\"thumbnailUrl\":\"https:\\\/\\\/www.heidelberger-schloss-gastronomie.de\\\/wp-content\\\/uploads\\\/Candle-Light-Dinner.png\",\"datePublished\":\"2024-10-26T12:49:40+00:00\",\"dateModified\":\"2025-09-15T07:08:05+00:00\",\"breadcrumb\":{\"@id\":\"https:\\\/\\\/www.heidelberger-schloss-gastronomie.de\\\/shop\\\/candle-light-dinner\\\/#breadcrumb\"},\"inLanguage\":\"en-US\",\"potentialAction\":[{\"@type\":\"ReadAction\",\"target\":[\"https:\\\/\\\/www.heidelberger-schloss-gastronomie.de\\\/shop\\\/candle-light-dinner\\\/\"]}]},{\"@type\":\"ImageObject\",\"inLanguage\":\"en-US\",\"@id\":\"https:\\\/\\\/www.heidelberger-schloss-gastronomie.de\\\/shop\\\/candle-light-dinner\\\/#primaryimage\",\"url\":\"https:\\\/\\\/www.heidelberger-schloss-gastronomie.de\\\/wp-content\\\/uploads\\\/Candle-Light-Dinner.png\",\"contentUrl\":\"https:\\\/\\\/www.heidelberger-schloss-gastronomie.de\\\/wp-content\\\/uploads\\\/Candle-Light-Dinner.png\",\"width\":1920,\"height\":1440},{\"@type\":\"BreadcrumbList\",\"@id\":\"https:\\\/\\\/www.heidelberger-schloss-gastronomie.de\\\/shop\\\/candle-light-dinner\\\/#breadcrumb\",\"itemListElement\":[{\"@type\":\"ListItem\",\"position\":1,\"name\":\"Startseite\",\"item\":\"https:\\\/\\\/www.heidelberger-schloss-gastronomie.de\\\/\"},{\"@type\":\"ListItem\",\"position\":2,\"name\":\"Online Shop\",\"item\":\"https:\\\/\\\/www.heidelberger-schloss-gastronomie.de\\\/onlineshop\\\/\"},{\"@type\":\"ListItem\",\"position\":3,\"name\":\"Romantisches Candle-Light-Dinner in der Schlossweinstube 21. &#038; 22. Februar\"}]},{\"@type\":\"WebSite\",\"@id\":\"https:\\\/\\\/www.heidelberger-schloss-gastronomie.de\\\/#website\",\"url\":\"https:\\\/\\\/www.heidelberger-schloss-gastronomie.de\\\/\",\"name\":\"Heidelberger Schloss Restaurants &amp; Events\",\"description\":\"\",\"publisher\":{\"@id\":\"https:\\\/\\\/www.heidelberger-schloss-gastronomie.de\\\/#organization\"},\"potentialAction\":[{\"@type\":\"SearchAction\",\"target\":{\"@type\":\"EntryPoint\",\"urlTemplate\":\"https:\\\/\\\/www.heidelberger-schloss-gastronomie.de\\\/?s={search_term_string}\"},\"query-input\":{\"@type\":\"PropertyValueSpecification\",\"valueRequired\":true,\"valueName\":\"search_term_string\"}}],\"inLanguage\":\"en-US\"},{\"@type\":\"Organization\",\"@id\":\"https:\\\/\\\/www.heidelberger-schloss-gastronomie.de\\\/#organization\",\"name\":\"Heidelberger Schloss Restaurants & Events GmbH & Co. KG\",\"url\":\"https:\\\/\\\/www.heidelberger-schloss-gastronomie.de\\\/\",\"logo\":{\"@type\":\"ImageObject\",\"inLanguage\":\"en-US\",\"@id\":\"https:\\\/\\\/www.heidelberger-schloss-gastronomie.de\\\/#\\\/schema\\\/logo\\\/image\\\/\",\"url\":\"https:\\\/\\\/www.heidelberger-schloss-gastronomie.de\\\/wp-content\\\/uploads\\\/200610_Logo_HDSRE_2020_kompakt.png\",\"contentUrl\":\"https:\\\/\\\/www.heidelberger-schloss-gastronomie.de\\\/wp-content\\\/uploads\\\/200610_Logo_HDSRE_2020_kompakt.png\",\"width\":596,\"height\":593,\"caption\":\"Heidelberger Schloss Restaurants & Events GmbH & Co. KG\"},\"image\":{\"@id\":\"https:\\\/\\\/www.heidelberger-schloss-gastronomie.de\\\/#\\\/schema\\\/logo\\\/image\\\/\"},\"sameAs\":[\"https:\\\/\\\/www.facebook.com\\\/heidelberger.schloss.gastronomie\\\/\",\"https:\\\/\\\/www.instagram.com\\\/heidelbergerschlossgastronomie\\\/\",\"https:\\\/\\\/www.youtube.com\\\/channel\\\/UCLlhNkc66V1EI0fQqAzWoGQ\"]}]}<\/script>\n<!-- \/ Yoast SEO plugin. -->","yoast_head_json":{"title":"Romantisches Candle-Light-Dinner in der Schlossweinstube 21. & 22. Februar - HDSRE","robots":{"index":"index","follow":"follow","max-snippet":"max-snippet:-1","max-image-preview":"max-image-preview:large","max-video-preview":"max-video-preview:-1"},"canonical":"https:\/\/www.heidelberger-schloss-gastronomie.de\/shop\/candle-light-dinner\/","og_locale":"en_US","og_type":"article","og_title":"Romantisches Candle-Light-Dinner in der Schlossweinstube 21. & 22. Februar - HDSRE","og_description":"21. &amp; 22. Februar\u00a0 Verl\u00e4ngern Sie die romantische Stimmung des Valentinstags und genie\u00dfen Sie ein exklusives Candle-Light-Dinner in der bezaubernden Kulisse der Schlossruine. Unser Gourmetrestaurant verw\u00f6hnt Sie mit einem einzigartigen Ausblick auf die historischen Fassaden des Innenhofs. Der Abend beginnt mit einem prickelnden Champagner-Aperitif, gefolgt von einem erlesenen 4-G\u00e4nge-Men\u00fc, kreiert von Spitzenkoch Martin Scharff und seinem Team.  Preis gilt f\u00fcr 2 Personen.  &nbsp;  Freuen Sie sich auf:   Champagneraperitif  4-Gang-Men\u00fc von Spitzenkoch Martin Scharff  inkl. aller Getr\u00e4nke &amp; Spitzenweine passend zum Men\u00fc  Candle-Light-Atmosph\u00e4re im Gourmetrestaurant \u201eSchlossweinstube\u201c  \u00fcberragender Ausblick \u00fcber die D\u00e4cher Heidelbergs","og_url":"https:\/\/www.heidelberger-schloss-gastronomie.de\/shop\/candle-light-dinner\/","og_site_name":"Heidelberger Schloss Restaurants &amp; Events","article_publisher":"https:\/\/www.facebook.com\/heidelberger.schloss.gastronomie\/","article_modified_time":"2025-09-15T07:08:05+00:00","og_image":[{"width":1920,"height":1440,"url":"https:\/\/www.heidelberger-schloss-gastronomie.de\/wp-content\/uploads\/Candle-Light-Dinner.png","type":"image\/png"}],"twitter_card":"summary_large_image","twitter_misc":{"Est. reading time":"2 minutes"},"schema":{"@context":"https:\/\/schema.org","@graph":[{"@type":"WebPage","@id":"https:\/\/www.heidelberger-schloss-gastronomie.de\/shop\/candle-light-dinner\/","url":"https:\/\/www.heidelberger-schloss-gastronomie.de\/shop\/candle-light-dinner\/","name":"Romantisches Candle-Light-Dinner in der Schlossweinstube 21. & 22. Februar - HDSRE","isPartOf":{"@id":"https:\/\/www.heidelberger-schloss-gastronomie.de\/#website"},"primaryImageOfPage":{"@id":"https:\/\/www.heidelberger-schloss-gastronomie.de\/shop\/candle-light-dinner\/#primaryimage"},"image":{"@id":"https:\/\/www.heidelberger-schloss-gastronomie.de\/shop\/candle-light-dinner\/#primaryimage"},"thumbnailUrl":"https:\/\/www.heidelberger-schloss-gastronomie.de\/wp-content\/uploads\/Candle-Light-Dinner.png","datePublished":"2024-10-26T12:49:40+00:00","dateModified":"2025-09-15T07:08:05+00:00","breadcrumb":{"@id":"https:\/\/www.heidelberger-schloss-gastronomie.de\/shop\/candle-light-dinner\/#breadcrumb"},"inLanguage":"en-US","potentialAction":[{"@type":"ReadAction","target":["https:\/\/www.heidelberger-schloss-gastronomie.de\/shop\/candle-light-dinner\/"]}]},{"@type":"ImageObject","inLanguage":"en-US","@id":"https:\/\/www.heidelberger-schloss-gastronomie.de\/shop\/candle-light-dinner\/#primaryimage","url":"https:\/\/www.heidelberger-schloss-gastronomie.de\/wp-content\/uploads\/Candle-Light-Dinner.png","contentUrl":"https:\/\/www.heidelberger-schloss-gastronomie.de\/wp-content\/uploads\/Candle-Light-Dinner.png","width":1920,"height":1440},{"@type":"BreadcrumbList","@id":"https:\/\/www.heidelberger-schloss-gastronomie.de\/shop\/candle-light-dinner\/#breadcrumb","itemListElement":[{"@type":"ListItem","position":1,"name":"Startseite","item":"https:\/\/www.heidelberger-schloss-gastronomie.de\/"},{"@type":"ListItem","position":2,"name":"Online Shop","item":"https:\/\/www.heidelberger-schloss-gastronomie.de\/onlineshop\/"},{"@type":"ListItem","position":3,"name":"Romantisches Candle-Light-Dinner in der Schlossweinstube 21. &#038; 22. Februar"}]},{"@type":"WebSite","@id":"https:\/\/www.heidelberger-schloss-gastronomie.de\/#website","url":"https:\/\/www.heidelberger-schloss-gastronomie.de\/","name":"Heidelberger Schloss Restaurants &amp; Events","description":"","publisher":{"@id":"https:\/\/www.heidelberger-schloss-gastronomie.de\/#organization"},"potentialAction":[{"@type":"SearchAction","target":{"@type":"EntryPoint","urlTemplate":"https:\/\/www.heidelberger-schloss-gastronomie.de\/?s={search_term_string}"},"query-input":{"@type":"PropertyValueSpecification","valueRequired":true,"valueName":"search_term_string"}}],"inLanguage":"en-US"},{"@type":"Organization","@id":"https:\/\/www.heidelberger-schloss-gastronomie.de\/#organization","name":"Heidelberger Schloss Restaurants & Events GmbH & Co. KG","url":"https:\/\/www.heidelberger-schloss-gastronomie.de\/","logo":{"@type":"ImageObject","inLanguage":"en-US","@id":"https:\/\/www.heidelberger-schloss-gastronomie.de\/#\/schema\/logo\/image\/","url":"https:\/\/www.heidelberger-schloss-gastronomie.de\/wp-content\/uploads\/200610_Logo_HDSRE_2020_kompakt.png","contentUrl":"https:\/\/www.heidelberger-schloss-gastronomie.de\/wp-content\/uploads\/200610_Logo_HDSRE_2020_kompakt.png","width":596,"height":593,"caption":"Heidelberger Schloss Restaurants & Events GmbH & Co. KG"},"image":{"@id":"https:\/\/www.heidelberger-schloss-gastronomie.de\/#\/schema\/logo\/image\/"},"sameAs":["https:\/\/www.facebook.com\/heidelberger.schloss.gastronomie\/","https:\/\/www.instagram.com\/heidelbergerschlossgastronomie\/","https:\/\/www.youtube.com\/channel\/UCLlhNkc66V1EI0fQqAzWoGQ"]}]}},"_links":{"self":[{"href":"https:\/\/www.heidelberger-schloss-gastronomie.de\/en\/wp-json\/wp\/v2\/product\/106881","targetHints":{"allow":["GET"]}}],"collection":[{"href":"https:\/\/www.heidelberger-schloss-gastronomie.de\/en\/wp-json\/wp\/v2\/product"}],"about":[{"href":"https:\/\/www.heidelberger-schloss-gastronomie.de\/en\/wp-json\/wp\/v2\/types\/product"}],"version-history":[{"count":1,"href":"https:\/\/www.heidelberger-schloss-gastronomie.de\/en\/wp-json\/wp\/v2\/product\/106881\/revisions"}],"predecessor-version":[{"id":106884,"href":"https:\/\/www.heidelberger-schloss-gastronomie.de\/en\/wp-json\/wp\/v2\/product\/106881\/revisions\/106884"}],"wp:featuredmedia":[{"embeddable":true,"href":"https:\/\/www.heidelberger-schloss-gastronomie.de\/en\/wp-json\/wp\/v2\/media\/106877"}],"wp:attachment":[{"href":"https:\/\/www.heidelberger-schloss-gastronomie.de\/en\/wp-json\/wp\/v2\/media?parent=106881"}],"wp:term":[{"taxonomy":"product_brand","embeddable":true,"href":"https:\/\/www.heidelberger-schloss-gastronomie.de\/en\/wp-json\/wp\/v2\/product_brand?post=106881"},{"taxonomy":"product_cat","embeddable":true,"href":"https:\/\/www.heidelberger-schloss-gastronomie.de\/en\/wp-json\/wp\/v2\/product_cat?post=106881"},{"taxonomy":"product_tag","embeddable":true,"href":"https:\/\/www.heidelberger-schloss-gastronomie.de\/en\/wp-json\/wp\/v2\/product_tag?post=106881"}],"curies":[{"name":"wp","href":"https:\/\/api.w.org\/{rel}","templated":true}]}}