{"id":109423,"date":"2024-11-13T10:21:00","date_gmt":"2024-11-13T09:21:00","guid":{"rendered":"https:\/\/www.heidelberger-schloss-gastronomie.de\/?post_type=product&#038;p=109423"},"modified":"2026-04-03T09:01:58","modified_gmt":"2026-04-03T07:01:58","slug":"deluxe-weinpaket-schloss","status":"publish","type":"product","link":"https:\/\/www.heidelberger-schloss-gastronomie.de\/en\/shop\/deluxe-weinpaket-schloss\/","title":{"rendered":"Deluxe-Weinpaket &#8220;Heidelberger Schloss&#8221;"},"content":{"rendered":"<h2>Deluxe-Weinpaket &#8220;Heidelberger Schloss&#8221;<\/h2>\n<div class=\"flex-shrink-0 flex flex-col relative items-end\">\n<div>\n<div class=\"pt-0\">\n<div class=\"gizmo-bot-avatar flex h-8 w-8 items-center justify-center overflow-hidden rounded-full\">\n<div><\/div>\n<div class=\"relative p-1 rounded-sm flex items-center justify-center bg-token-main-surface-primary text-token-text-primary h-8 w-8\"><strong style=\"background-color: var(--global--color-background); color: var(--global--color-primary); font-family: var(--global--font-secondary); font-size: var(--global--font-size-base);\">Genuss aus Baden und der Mosel \u2013 exklusive Weine aus renommierten Winzerh\u00e4usern<\/strong><\/div>\n<\/div>\n<\/div>\n<\/div>\n<\/div>\n<div class=\"group\/conversation-turn relative flex w-full min-w-0 flex-col agent-turn\">\n<div class=\"flex-col gap-1 md:gap-3\">\n<div class=\"flex max-w-full flex-col flex-grow\">\n<div class=\"min-h-8 text-message flex w-full flex-col items-end gap-2 whitespace-normal break-words [.text-message+&amp;]:mt-5\" dir=\"auto\" data-message-author-role=\"assistant\" data-message-id=\"005dbc0c-b2c7-47c4-97b5-ec6f5b20b8d5\" data-message-model-slug=\"gpt-4o\">\n<div class=\"flex w-full flex-col gap-1 empty:hidden first:pt-[3px]\">\n<div class=\"markdown prose w-full break-words dark:prose-invert light\">\n<p>Erleben Sie die Vielfalt deutscher Weine mit unserer handverlesenen Auswahl von exquisiten Tropfen. Unsere Weine stammen aus der ber\u00fchmten Winzergenossenschaft Schriesheim in Baden, dem Weingut Dr. Loosen an der Mosel und dem Weinhaus Kissel in Rheinhessen. Ob fruchtig, spritzig oder samtig \u2013 f\u00fcr jeden Geschmack ist etwas dabei!<\/p>\n<ul>\n<li><strong>Riesling trocken &#8220;Kurf\u00fcrst Karl Theodor&#8221;<\/strong> \u2013 Winzergenossenschaft Schriesheim, Baden<br \/>\nEin erfrischender Riesling mit dezenter S\u00e4ure und fruchtigen Noten von Pfirsich, Apfel und Limone. Der ideale Begleiter f\u00fcr leichte Gerichte und gesellige Abende.<\/li>\n<li><strong>Weissburgunder feinherb &#8220;Liselotte von der Pfalz&#8221;<\/strong> \u2013 Winzergenossenschaft Schriesheim, Baden<br \/>\nFrisch, fruchtig und elegant! Dieser Weissburgunder begeistert mit Aromen von Aprikose, Zitrone und Ananas. Perfekt f\u00fcr alle, die eine feine Balance aus Frische und Fruchtigkeit suchen.<\/li>\n<li><strong>Sp\u00e4tburgunder feinherb &#8220;Perkeo&#8221;<\/strong> \u2013 Winzergenossenschaft Schriesheim, Baden<br \/>\nEin samtiger Sp\u00e4tburgunder mit einer angenehmen, leichten S\u00e4ure und Aromen von Kirsche, Veilchen und Piment. Dieser Rotwein verspricht einen harmonischen Genussmoment.<\/li>\n<li><strong>Gew\u00fcrztraminer lieblich &#8220;Kurf\u00fcrst Friedrich der V.&#8221;<\/strong> \u2013 Winzergenossenschaft Schriesheim, Baden<br \/>\nEin feinfruchtiger, lieblicher Gew\u00fcrztraminer mit lang anhaltendem Geschmack und verf\u00fchrerischen Aromen von Rosen, Litschi und Quitte.<\/li>\n<li><strong>Riesling Sp\u00e4tlese lieblich<\/strong> \u2013 Weingut Dr. Loosen, Mosel<br \/>\nDiese liebliche Sp\u00e4tlese vereint honigartige S\u00fc\u00dfe mit spritziger Frische und \u00fcberzeugt mit Noten von Honig, Aprikose und Pfirsich. Ein eleganter Moselwein, der perfekt zu Desserts passt.<\/li>\n<li><strong>Eiswein<\/strong> \u2013 Weinhaus Kissel, Rheinhessen<br \/>\nUnser Eiswein ist eine besondere Rarit\u00e4t: s\u00fc\u00df und intensiv, mit exotischen Aromen von Mandarine, Guave und gr\u00fcner Mango. Ein exklusiver Genuss, ideal f\u00fcr besondere Anl\u00e4sse.<\/li>\n<\/ul>\n<p>&nbsp;<\/p>\n<p>Entdecken Sie die Vielfalt und Qualit\u00e4t dieser deutschen Weine und g\u00f6nnen Sie sich ein einzigartiges Genusserlebnis.<\/p>\n<\/div>\n<\/div>\n<\/div>\n<\/div>\n<\/div>\n<\/div>\n","protected":false},"excerpt":{"rendered":"<div class=\"flex-shrink-0 flex flex-col relative items-end\">\n<div>\n<div class=\"pt-0\">\n<div class=\"gizmo-bot-avatar flex h-8 w-8 items-center justify-center overflow-hidden rounded-full\">\n<div class=\"relative p-1 rounded-sm flex items-center justify-center bg-token-main-surface-primary text-token-text-primary h-8 w-8\"><strong style=\"background-color: var(--global--color-background); color: var(--global--color-primary); font-family: var(--global--font-secondary); font-size: var(--global--font-size-base);\">Genuss aus Baden und der Mosel \u2013 exklusive Weine aus renommierten Winzerh\u00e4usern<\/strong><\/div>\n<\/div>\n<\/div>\n<\/div>\n<\/div>\n<div class=\"group\/conversation-turn relative flex w-full min-w-0 flex-col agent-turn\">\n<div class=\"flex-col gap-1 md:gap-3\">\n<div class=\"flex max-w-full flex-col flex-grow\">\n<div class=\"min-h-8 text-message flex w-full flex-col items-end gap-2 whitespace-normal break-words [.text-message+&amp;]:mt-5\" dir=\"auto\" data-message-author-role=\"assistant\" data-message-id=\"005dbc0c-b2c7-47c4-97b5-ec6f5b20b8d5\" data-message-model-slug=\"gpt-4o\">\n<div class=\"flex w-full flex-col gap-1 empty:hidden first:pt-[3px]\">\n<div class=\"markdown prose w-full break-words dark:prose-invert light\">\n<p>Erleben Sie die Vielfalt deutscher Weine mit unserer handverlesenen Auswahl von exquisiten Tropfen. Unsere Weine stammen aus der ber\u00fchmten Winzergenossenschaft Schriesheim in Baden, dem Weingut Dr. Loosen an der Mosel und dem Weinhaus Kissel in Rheinhessen. Ob fruchtig, spritzig oder samtig \u2013 f\u00fcr jeden Geschmack ist etwas dabei!<\/p>\n<\/div>\n<\/div>\n<\/div>\n<\/div>\n<\/div>\n<\/div>\n","protected":false},"featured_media":109630,"template":"","meta":{"_price":"99.00","_stock":null,"_tribe_ticket_header":"","_tribe_default_ticket_provider":"","_tribe_ticket_capacity":"0","_ticket_start_date":"","_ticket_end_date":"","_tribe_ticket_show_description":"","_tribe_ticket_show_not_going":false,"_tribe_ticket_use_global_stock":"","_tribe_ticket_global_stock_level":"","_global_stock_mode":"","_global_stock_cap":"","_tribe_rsvp_for_event":"","_tribe_ticket_going_count":"","_tribe_ticket_not_going_count":"","_tribe_tickets_list":"[]","_tribe_ticket_has_attendee_info_fields":false,"_tec_slr_enabled":"","_tec_slr_layout":""},"product_brand":[],"product_cat":[214,224],"product_tag":[],"class_list":{"0":"post-109423","1":"product","2":"type-product","3":"status-publish","4":"has-post-thumbnail","6":"product_cat-produkte","7":"product_cat-weinpakete","8":"product_shipping_class-weine","9":"entry","11":"first","12":"instock","13":"taxable","14":"shipping-taxable","15":"purchasable","16":"product-type-variable"},"bundled_by":[],"bundle_stock_status":"instock","bundle_stock_quantity":null,"bundle_virtual":false,"bundle_layout":"","bundle_add_to_cart_form_location":"","bundle_editable_in_cart":false,"bundle_sold_individually_context":"","bundle_item_grouping":"","bundle_min_size":"","bundle_max_size":"","bundle_price":[],"bundled_items":[],"bundle_sell_ids":[],"yoast_head":"<!-- This site is optimized with the Yoast SEO plugin v27.4 - https:\/\/yoast.com\/product\/yoast-seo-wordpress\/ -->\n<title>Deluxe-Weinpaket &quot;Heidelberger Schloss&quot; -<\/title>\n<meta name=\"robots\" content=\"index, follow, max-snippet:-1, max-image-preview:large, max-video-preview:-1\" \/>\n<link rel=\"canonical\" href=\"https:\/\/www.heidelberger-schloss-gastronomie.de\/shop\/deluxe-weinpaket-schloss\/\" \/>\n<meta property=\"og:locale\" content=\"en_US\" \/>\n<meta property=\"og:type\" content=\"article\" \/>\n<meta property=\"og:title\" content=\"Deluxe-Weinpaket &quot;Heidelberger Schloss&quot; -\" \/>\n<meta property=\"og:description\" content=\"Genuss aus Baden und der Mosel \u2013 exklusive Weine aus renommierten Winzerh\u00e4usern            Erleben Sie die Vielfalt deutscher Weine mit unserer handverlesenen Auswahl von exquisiten Tropfen. Unsere Weine stammen aus der ber\u00fchmten Winzergenossenschaft Schriesheim in Baden, dem Weingut Dr. Loosen an der Mosel und dem Weinhaus Kissel in Rheinhessen. Ob fruchtig, spritzig oder samtig \u2013 f\u00fcr jeden Geschmack ist etwas dabei!\" \/>\n<meta property=\"og:url\" content=\"https:\/\/www.heidelberger-schloss-gastronomie.de\/shop\/deluxe-weinpaket-schloss\/\" \/>\n<meta property=\"og:site_name\" content=\"Heidelberger Schloss Restaurants &amp; Events\" \/>\n<meta property=\"article:publisher\" content=\"https:\/\/www.facebook.com\/heidelberger.schloss.gastronomie\/\" \/>\n<meta property=\"article:modified_time\" content=\"2026-04-03T07:01:58+00:00\" \/>\n<meta property=\"og:image\" content=\"https:\/\/www.heidelberger-schloss-gastronomie.de\/wp-content\/uploads\/Weinpaket_Heidelberger_Schloss_Uebersicht-scaled.jpg\" \/>\n\t<meta property=\"og:image:width\" content=\"2560\" \/>\n\t<meta property=\"og:image:height\" content=\"1707\" \/>\n\t<meta property=\"og:image:type\" content=\"image\/jpeg\" \/>\n<meta name=\"twitter:card\" content=\"summary_large_image\" \/>\n<meta name=\"twitter:label1\" content=\"Est. reading time\" \/>\n\t<meta name=\"twitter:data1\" content=\"2 minutes\" \/>\n<script type=\"application\/ld+json\" class=\"yoast-schema-graph\">{\"@context\":\"https:\\\/\\\/schema.org\",\"@graph\":[{\"@type\":\"WebPage\",\"@id\":\"https:\\\/\\\/www.heidelberger-schloss-gastronomie.de\\\/shop\\\/deluxe-weinpaket-schloss\\\/\",\"url\":\"https:\\\/\\\/www.heidelberger-schloss-gastronomie.de\\\/shop\\\/deluxe-weinpaket-schloss\\\/\",\"name\":\"Deluxe-Weinpaket \\\"Heidelberger Schloss\\\" -\",\"isPartOf\":{\"@id\":\"https:\\\/\\\/www.heidelberger-schloss-gastronomie.de\\\/#website\"},\"primaryImageOfPage\":{\"@id\":\"https:\\\/\\\/www.heidelberger-schloss-gastronomie.de\\\/shop\\\/deluxe-weinpaket-schloss\\\/#primaryimage\"},\"image\":{\"@id\":\"https:\\\/\\\/www.heidelberger-schloss-gastronomie.de\\\/shop\\\/deluxe-weinpaket-schloss\\\/#primaryimage\"},\"thumbnailUrl\":\"https:\\\/\\\/www.heidelberger-schloss-gastronomie.de\\\/wp-content\\\/uploads\\\/Weinpaket_Heidelberger_Schloss_Uebersicht-scaled.jpg\",\"datePublished\":\"2024-11-13T09:21:00+00:00\",\"dateModified\":\"2026-04-03T07:01:58+00:00\",\"breadcrumb\":{\"@id\":\"https:\\\/\\\/www.heidelberger-schloss-gastronomie.de\\\/shop\\\/deluxe-weinpaket-schloss\\\/#breadcrumb\"},\"inLanguage\":\"en-US\",\"potentialAction\":[{\"@type\":\"ReadAction\",\"target\":[\"https:\\\/\\\/www.heidelberger-schloss-gastronomie.de\\\/shop\\\/deluxe-weinpaket-schloss\\\/\"]}]},{\"@type\":\"ImageObject\",\"inLanguage\":\"en-US\",\"@id\":\"https:\\\/\\\/www.heidelberger-schloss-gastronomie.de\\\/shop\\\/deluxe-weinpaket-schloss\\\/#primaryimage\",\"url\":\"https:\\\/\\\/www.heidelberger-schloss-gastronomie.de\\\/wp-content\\\/uploads\\\/Weinpaket_Heidelberger_Schloss_Uebersicht-scaled.jpg\",\"contentUrl\":\"https:\\\/\\\/www.heidelberger-schloss-gastronomie.de\\\/wp-content\\\/uploads\\\/Weinpaket_Heidelberger_Schloss_Uebersicht-scaled.jpg\",\"width\":2560,\"height\":1707},{\"@type\":\"BreadcrumbList\",\"@id\":\"https:\\\/\\\/www.heidelberger-schloss-gastronomie.de\\\/shop\\\/deluxe-weinpaket-schloss\\\/#breadcrumb\",\"itemListElement\":[{\"@type\":\"ListItem\",\"position\":1,\"name\":\"Startseite\",\"item\":\"https:\\\/\\\/www.heidelberger-schloss-gastronomie.de\\\/\"},{\"@type\":\"ListItem\",\"position\":2,\"name\":\"Online Shop\",\"item\":\"https:\\\/\\\/www.heidelberger-schloss-gastronomie.de\\\/onlineshop\\\/\"},{\"@type\":\"ListItem\",\"position\":3,\"name\":\"Deluxe-Weinpaket &#8220;Heidelberger Schloss&#8221;\"}]},{\"@type\":\"WebSite\",\"@id\":\"https:\\\/\\\/www.heidelberger-schloss-gastronomie.de\\\/#website\",\"url\":\"https:\\\/\\\/www.heidelberger-schloss-gastronomie.de\\\/\",\"name\":\"Heidelberger Schloss Restaurants &amp; Events\",\"description\":\"\",\"publisher\":{\"@id\":\"https:\\\/\\\/www.heidelberger-schloss-gastronomie.de\\\/#organization\"},\"potentialAction\":[{\"@type\":\"SearchAction\",\"target\":{\"@type\":\"EntryPoint\",\"urlTemplate\":\"https:\\\/\\\/www.heidelberger-schloss-gastronomie.de\\\/?s={search_term_string}\"},\"query-input\":{\"@type\":\"PropertyValueSpecification\",\"valueRequired\":true,\"valueName\":\"search_term_string\"}}],\"inLanguage\":\"en-US\"},{\"@type\":\"Organization\",\"@id\":\"https:\\\/\\\/www.heidelberger-schloss-gastronomie.de\\\/#organization\",\"name\":\"Heidelberger Schloss Restaurants & Events GmbH & Co. KG\",\"url\":\"https:\\\/\\\/www.heidelberger-schloss-gastronomie.de\\\/\",\"logo\":{\"@type\":\"ImageObject\",\"inLanguage\":\"en-US\",\"@id\":\"https:\\\/\\\/www.heidelberger-schloss-gastronomie.de\\\/#\\\/schema\\\/logo\\\/image\\\/\",\"url\":\"https:\\\/\\\/www.heidelberger-schloss-gastronomie.de\\\/wp-content\\\/uploads\\\/200610_Logo_HDSRE_2020_kompakt.png\",\"contentUrl\":\"https:\\\/\\\/www.heidelberger-schloss-gastronomie.de\\\/wp-content\\\/uploads\\\/200610_Logo_HDSRE_2020_kompakt.png\",\"width\":596,\"height\":593,\"caption\":\"Heidelberger Schloss Restaurants & Events GmbH & Co. KG\"},\"image\":{\"@id\":\"https:\\\/\\\/www.heidelberger-schloss-gastronomie.de\\\/#\\\/schema\\\/logo\\\/image\\\/\"},\"sameAs\":[\"https:\\\/\\\/www.facebook.com\\\/heidelberger.schloss.gastronomie\\\/\",\"https:\\\/\\\/www.instagram.com\\\/heidelbergerschlossgastronomie\\\/\",\"https:\\\/\\\/www.youtube.com\\\/channel\\\/UCLlhNkc66V1EI0fQqAzWoGQ\"]}]}<\/script>\n<!-- \/ Yoast SEO plugin. -->","yoast_head_json":{"title":"Deluxe-Weinpaket \"Heidelberger Schloss\" -","robots":{"index":"index","follow":"follow","max-snippet":"max-snippet:-1","max-image-preview":"max-image-preview:large","max-video-preview":"max-video-preview:-1"},"canonical":"https:\/\/www.heidelberger-schloss-gastronomie.de\/shop\/deluxe-weinpaket-schloss\/","og_locale":"en_US","og_type":"article","og_title":"Deluxe-Weinpaket \"Heidelberger Schloss\" -","og_description":"Genuss aus Baden und der Mosel \u2013 exklusive Weine aus renommierten Winzerh\u00e4usern            Erleben Sie die Vielfalt deutscher Weine mit unserer handverlesenen Auswahl von exquisiten Tropfen. Unsere Weine stammen aus der ber\u00fchmten Winzergenossenschaft Schriesheim in Baden, dem Weingut Dr. Loosen an der Mosel und dem Weinhaus Kissel in Rheinhessen. Ob fruchtig, spritzig oder samtig \u2013 f\u00fcr jeden Geschmack ist etwas dabei!","og_url":"https:\/\/www.heidelberger-schloss-gastronomie.de\/shop\/deluxe-weinpaket-schloss\/","og_site_name":"Heidelberger Schloss Restaurants &amp; Events","article_publisher":"https:\/\/www.facebook.com\/heidelberger.schloss.gastronomie\/","article_modified_time":"2026-04-03T07:01:58+00:00","og_image":[{"width":2560,"height":1707,"url":"https:\/\/www.heidelberger-schloss-gastronomie.de\/wp-content\/uploads\/Weinpaket_Heidelberger_Schloss_Uebersicht-scaled.jpg","type":"image\/jpeg"}],"twitter_card":"summary_large_image","twitter_misc":{"Est. reading time":"2 minutes"},"schema":{"@context":"https:\/\/schema.org","@graph":[{"@type":"WebPage","@id":"https:\/\/www.heidelberger-schloss-gastronomie.de\/shop\/deluxe-weinpaket-schloss\/","url":"https:\/\/www.heidelberger-schloss-gastronomie.de\/shop\/deluxe-weinpaket-schloss\/","name":"Deluxe-Weinpaket \"Heidelberger Schloss\" -","isPartOf":{"@id":"https:\/\/www.heidelberger-schloss-gastronomie.de\/#website"},"primaryImageOfPage":{"@id":"https:\/\/www.heidelberger-schloss-gastronomie.de\/shop\/deluxe-weinpaket-schloss\/#primaryimage"},"image":{"@id":"https:\/\/www.heidelberger-schloss-gastronomie.de\/shop\/deluxe-weinpaket-schloss\/#primaryimage"},"thumbnailUrl":"https:\/\/www.heidelberger-schloss-gastronomie.de\/wp-content\/uploads\/Weinpaket_Heidelberger_Schloss_Uebersicht-scaled.jpg","datePublished":"2024-11-13T09:21:00+00:00","dateModified":"2026-04-03T07:01:58+00:00","breadcrumb":{"@id":"https:\/\/www.heidelberger-schloss-gastronomie.de\/shop\/deluxe-weinpaket-schloss\/#breadcrumb"},"inLanguage":"en-US","potentialAction":[{"@type":"ReadAction","target":["https:\/\/www.heidelberger-schloss-gastronomie.de\/shop\/deluxe-weinpaket-schloss\/"]}]},{"@type":"ImageObject","inLanguage":"en-US","@id":"https:\/\/www.heidelberger-schloss-gastronomie.de\/shop\/deluxe-weinpaket-schloss\/#primaryimage","url":"https:\/\/www.heidelberger-schloss-gastronomie.de\/wp-content\/uploads\/Weinpaket_Heidelberger_Schloss_Uebersicht-scaled.jpg","contentUrl":"https:\/\/www.heidelberger-schloss-gastronomie.de\/wp-content\/uploads\/Weinpaket_Heidelberger_Schloss_Uebersicht-scaled.jpg","width":2560,"height":1707},{"@type":"BreadcrumbList","@id":"https:\/\/www.heidelberger-schloss-gastronomie.de\/shop\/deluxe-weinpaket-schloss\/#breadcrumb","itemListElement":[{"@type":"ListItem","position":1,"name":"Startseite","item":"https:\/\/www.heidelberger-schloss-gastronomie.de\/"},{"@type":"ListItem","position":2,"name":"Online Shop","item":"https:\/\/www.heidelberger-schloss-gastronomie.de\/onlineshop\/"},{"@type":"ListItem","position":3,"name":"Deluxe-Weinpaket &#8220;Heidelberger Schloss&#8221;"}]},{"@type":"WebSite","@id":"https:\/\/www.heidelberger-schloss-gastronomie.de\/#website","url":"https:\/\/www.heidelberger-schloss-gastronomie.de\/","name":"Heidelberger Schloss Restaurants &amp; Events","description":"","publisher":{"@id":"https:\/\/www.heidelberger-schloss-gastronomie.de\/#organization"},"potentialAction":[{"@type":"SearchAction","target":{"@type":"EntryPoint","urlTemplate":"https:\/\/www.heidelberger-schloss-gastronomie.de\/?s={search_term_string}"},"query-input":{"@type":"PropertyValueSpecification","valueRequired":true,"valueName":"search_term_string"}}],"inLanguage":"en-US"},{"@type":"Organization","@id":"https:\/\/www.heidelberger-schloss-gastronomie.de\/#organization","name":"Heidelberger Schloss Restaurants & Events GmbH & Co. KG","url":"https:\/\/www.heidelberger-schloss-gastronomie.de\/","logo":{"@type":"ImageObject","inLanguage":"en-US","@id":"https:\/\/www.heidelberger-schloss-gastronomie.de\/#\/schema\/logo\/image\/","url":"https:\/\/www.heidelberger-schloss-gastronomie.de\/wp-content\/uploads\/200610_Logo_HDSRE_2020_kompakt.png","contentUrl":"https:\/\/www.heidelberger-schloss-gastronomie.de\/wp-content\/uploads\/200610_Logo_HDSRE_2020_kompakt.png","width":596,"height":593,"caption":"Heidelberger Schloss Restaurants & Events GmbH & Co. KG"},"image":{"@id":"https:\/\/www.heidelberger-schloss-gastronomie.de\/#\/schema\/logo\/image\/"},"sameAs":["https:\/\/www.facebook.com\/heidelberger.schloss.gastronomie\/","https:\/\/www.instagram.com\/heidelbergerschlossgastronomie\/","https:\/\/www.youtube.com\/channel\/UCLlhNkc66V1EI0fQqAzWoGQ"]}]}},"_links":{"self":[{"href":"https:\/\/www.heidelberger-schloss-gastronomie.de\/en\/wp-json\/wp\/v2\/product\/109423","targetHints":{"allow":["GET"]}}],"collection":[{"href":"https:\/\/www.heidelberger-schloss-gastronomie.de\/en\/wp-json\/wp\/v2\/product"}],"about":[{"href":"https:\/\/www.heidelberger-schloss-gastronomie.de\/en\/wp-json\/wp\/v2\/types\/product"}],"version-history":[{"count":0,"href":"https:\/\/www.heidelberger-schloss-gastronomie.de\/en\/wp-json\/wp\/v2\/product\/109423\/revisions"}],"wp:featuredmedia":[{"embeddable":true,"href":"https:\/\/www.heidelberger-schloss-gastronomie.de\/en\/wp-json\/wp\/v2\/media\/109630"}],"wp:attachment":[{"href":"https:\/\/www.heidelberger-schloss-gastronomie.de\/en\/wp-json\/wp\/v2\/media?parent=109423"}],"wp:term":[{"taxonomy":"product_brand","embeddable":true,"href":"https:\/\/www.heidelberger-schloss-gastronomie.de\/en\/wp-json\/wp\/v2\/product_brand?post=109423"},{"taxonomy":"product_cat","embeddable":true,"href":"https:\/\/www.heidelberger-schloss-gastronomie.de\/en\/wp-json\/wp\/v2\/product_cat?post=109423"},{"taxonomy":"product_tag","embeddable":true,"href":"https:\/\/www.heidelberger-schloss-gastronomie.de\/en\/wp-json\/wp\/v2\/product_tag?post=109423"}],"curies":[{"name":"wp","href":"https:\/\/api.w.org\/{rel}","templated":true}]}}