{"id":109441,"date":"2024-11-13T11:12:48","date_gmt":"2024-11-13T10:12:48","guid":{"rendered":"https:\/\/www.heidelberger-schloss-gastronomie.de\/?post_type=product&#038;p=109441"},"modified":"2025-11-15T17:27:06","modified_gmt":"2025-11-15T16:27:06","slug":"deluxe-weinpaket-alkoholfrei","status":"publish","type":"product","link":"https:\/\/www.heidelberger-schloss-gastronomie.de\/en\/shop\/deluxe-weinpaket-alkoholfrei\/","title":{"rendered":"Deluxe-Weinpaket &#8220;Alkoholfrei&#8221;"},"content":{"rendered":"<h2>Deluxe-Weinpaket &#8220;Alkoholfrei&#8221;<\/h2>\n<div class=\"flex-shrink-0 flex flex-col relative items-end\">\n<div class=\"pt-0\">\n<div class=\"gizmo-bot-avatar flex h-8 w-8 items-center justify-center overflow-hidden rounded-full\">\n<div><\/div>\n<div class=\"relative p-1 rounded-sm flex items-center justify-center bg-token-main-surface-primary text-token-text-primary h-8 w-8\">\n<p><strong>Deluxe-Weinpaket alkoholfrei \u2013 Genuss ohne Promille<\/strong><\/p>\n<p>Entdecken Sie die Vielfalt des alkoholfreien Weingenusses mit dem exklusiven &#8220;Echt Scharff&#8221; alkoholfrei-Paket von GoodVines aus Heidelberg. Dieses Paket bietet Ihnen drei edle alkoholfreie Weine, die durch ihre komplexen Aromen und ihren nat\u00fcrlichen Geschmack \u00fcberzeugen \u2013 perfekt f\u00fcr alle, die auf Alkohol verzichten, aber nicht auf das Weinerlebnis!<\/p>\n<ul>\n<li><strong>Sauvignon Blanc alkoholfrei<\/strong> \u2013 GoodVines, Heidelberg<br \/>\nEin weicher, leicht moussierender Sauvignon Blanc mit feinen Aromen von gr\u00fcner Paprika und Heu. Dieser alkoholfreie Wei\u00dfwein begeistert durch seine Frische und Eleganz.<\/li>\n<li><strong>Merlot Ros\u00e9 alkoholfrei<\/strong> \u2013 GoodVines, Heidelberg<br \/>\nDieser erfrischende und leichte Merlot Ros\u00e9 entfaltet k\u00f6stliche Aromen von Erdbeere, Kirsche und Brombeere. Ideal f\u00fcr sommerliche Tage und ein erfrischendes Geschmackserlebnis ohne Alkohol.<\/li>\n<li><strong>Cabernet Sauvignon alkoholfrei<\/strong> \u2013 GoodVines, Heidelberg<br \/>\nEin samtiger Cabernet Sauvignon mit feinen Barrique-Noten und intensiven Aromen von Cassis und Pflaume. Dieser alkoholfreie Rotwein bietet eine volle, komplexe Struktur, die ihn besonders genussvoll macht.<\/li>\n<\/ul>\n<p>&nbsp;<\/p>\n<p>Genie\u00dfen Sie hochwertigen Wein ohne Alkohol \u2013 das alkoholfreie &#8220;Echt Scharff&#8221;-Paket ist die perfekte Wahl f\u00fcr alle, die bewusst genie\u00dfen m\u00f6chten.<\/p>\n<\/div>\n<\/div>\n<\/div>\n<\/div>\n","protected":false},"excerpt":{"rendered":"<div class=\"flex-shrink-0 flex flex-col relative items-end\">\n<div class=\"pt-0\">\n<div class=\"gizmo-bot-avatar flex h-8 w-8 items-center justify-center overflow-hidden rounded-full\">\n<div class=\"relative p-1 rounded-sm flex items-center justify-center bg-token-main-surface-primary text-token-text-primary h-8 w-8\">\n<p><strong>Deluxe-Weinpaket alkoholfrei \u2013 Genuss ohne Promille<\/strong><\/p>\n<p>Entdecken Sie die Vielfalt des alkoholfreien Weingenusses mit dem exklusiven &#8220;Echt Scharff&#8221; alkoholfrei-Paket von GoodVines aus Heidelberg. Dieses Paket bietet Ihnen drei edle alkoholfreie Weine, die durch ihre komplexen Aromen und ihren nat\u00fcrlichen Geschmack \u00fcberzeugen \u2013 perfekt f\u00fcr alle, die auf Alkohol verzichten, aber nicht auf das Weinerlebnis!<\/p>\n<\/div>\n<\/div>\n<\/div>\n<\/div>\n","protected":false},"featured_media":109610,"template":"","meta":{"_price":"77.50","_stock":null,"_tribe_ticket_header":"","_tribe_default_ticket_provider":"","_tribe_ticket_capacity":"0","_ticket_start_date":"","_ticket_end_date":"","_tribe_ticket_show_description":"","_tribe_ticket_show_not_going":false,"_tribe_ticket_use_global_stock":"","_tribe_ticket_global_stock_level":"","_global_stock_mode":"","_global_stock_cap":"","_tribe_rsvp_for_event":"","_tribe_ticket_going_count":"","_tribe_ticket_not_going_count":"","_tribe_tickets_list":"[]","_tribe_ticket_has_attendee_info_fields":false,"_tec_slr_enabled":"","_tec_slr_layout":""},"product_brand":[],"product_cat":[214,224],"product_tag":[],"class_list":{"0":"post-109441","1":"product","2":"type-product","3":"status-publish","4":"has-post-thumbnail","6":"product_cat-produkte","7":"product_cat-weinpakete","8":"product_shipping_class-weine","9":"entry","11":"first","12":"instock","13":"taxable","14":"shipping-taxable","15":"purchasable","16":"product-type-variable"},"bundled_by":[],"bundle_stock_status":"instock","bundle_stock_quantity":null,"bundle_virtual":false,"bundle_layout":"","bundle_add_to_cart_form_location":"","bundle_editable_in_cart":false,"bundle_sold_individually_context":"","bundle_item_grouping":"","bundle_min_size":"","bundle_max_size":"","bundle_price":[],"bundled_items":[],"bundle_sell_ids":[],"yoast_head":"<!-- This site is optimized with the Yoast SEO plugin v27.4 - https:\/\/yoast.com\/product\/yoast-seo-wordpress\/ -->\n<title>Deluxe-Weinpaket &quot;Alkoholfrei&quot; -<\/title>\n<meta name=\"robots\" content=\"index, follow, max-snippet:-1, max-image-preview:large, max-video-preview:-1\" \/>\n<link rel=\"canonical\" href=\"https:\/\/www.heidelberger-schloss-gastronomie.de\/shop\/deluxe-weinpaket-alkoholfrei\/\" \/>\n<meta property=\"og:locale\" content=\"en_US\" \/>\n<meta property=\"og:type\" content=\"article\" \/>\n<meta property=\"og:title\" content=\"Deluxe-Weinpaket &quot;Alkoholfrei&quot; -\" \/>\n<meta property=\"og:description\" content=\"Deluxe-Weinpaket alkoholfrei \u2013 Genuss ohne Promille  Entdecken Sie die Vielfalt des alkoholfreien Weingenusses mit dem exklusiven &quot;Echt Scharff&quot; alkoholfrei-Paket von GoodVines aus Heidelberg. Dieses Paket bietet Ihnen drei edle alkoholfreie Weine, die durch ihre komplexen Aromen und ihren nat\u00fcrlichen Geschmack \u00fcberzeugen \u2013 perfekt f\u00fcr alle, die auf Alkohol verzichten, aber nicht auf das Weinerlebnis!\" \/>\n<meta property=\"og:url\" content=\"https:\/\/www.heidelberger-schloss-gastronomie.de\/shop\/deluxe-weinpaket-alkoholfrei\/\" \/>\n<meta property=\"og:site_name\" content=\"Heidelberger Schloss Restaurants &amp; Events\" \/>\n<meta property=\"article:publisher\" content=\"https:\/\/www.facebook.com\/heidelberger.schloss.gastronomie\/\" \/>\n<meta property=\"article:modified_time\" content=\"2025-11-15T16:27:06+00:00\" \/>\n<meta property=\"og:image\" content=\"https:\/\/www.heidelberger-schloss-gastronomie.de\/wp-content\/uploads\/Weinpaket_alkoholfrei_Uebersicht-scaled.jpg\" \/>\n\t<meta property=\"og:image:width\" content=\"2560\" \/>\n\t<meta property=\"og:image:height\" content=\"1707\" \/>\n\t<meta property=\"og:image:type\" content=\"image\/jpeg\" \/>\n<meta name=\"twitter:card\" content=\"summary_large_image\" \/>\n<meta name=\"twitter:label1\" content=\"Est. reading time\" \/>\n\t<meta name=\"twitter:data1\" content=\"2 minutes\" \/>\n<script type=\"application\/ld+json\" class=\"yoast-schema-graph\">{\"@context\":\"https:\\\/\\\/schema.org\",\"@graph\":[{\"@type\":\"WebPage\",\"@id\":\"https:\\\/\\\/www.heidelberger-schloss-gastronomie.de\\\/shop\\\/deluxe-weinpaket-alkoholfrei\\\/\",\"url\":\"https:\\\/\\\/www.heidelberger-schloss-gastronomie.de\\\/shop\\\/deluxe-weinpaket-alkoholfrei\\\/\",\"name\":\"Deluxe-Weinpaket \\\"Alkoholfrei\\\" -\",\"isPartOf\":{\"@id\":\"https:\\\/\\\/www.heidelberger-schloss-gastronomie.de\\\/#website\"},\"primaryImageOfPage\":{\"@id\":\"https:\\\/\\\/www.heidelberger-schloss-gastronomie.de\\\/shop\\\/deluxe-weinpaket-alkoholfrei\\\/#primaryimage\"},\"image\":{\"@id\":\"https:\\\/\\\/www.heidelberger-schloss-gastronomie.de\\\/shop\\\/deluxe-weinpaket-alkoholfrei\\\/#primaryimage\"},\"thumbnailUrl\":\"https:\\\/\\\/www.heidelberger-schloss-gastronomie.de\\\/wp-content\\\/uploads\\\/Weinpaket_alkoholfrei_Uebersicht-scaled.jpg\",\"datePublished\":\"2024-11-13T10:12:48+00:00\",\"dateModified\":\"2025-11-15T16:27:06+00:00\",\"breadcrumb\":{\"@id\":\"https:\\\/\\\/www.heidelberger-schloss-gastronomie.de\\\/shop\\\/deluxe-weinpaket-alkoholfrei\\\/#breadcrumb\"},\"inLanguage\":\"en-US\",\"potentialAction\":[{\"@type\":\"ReadAction\",\"target\":[\"https:\\\/\\\/www.heidelberger-schloss-gastronomie.de\\\/shop\\\/deluxe-weinpaket-alkoholfrei\\\/\"]}]},{\"@type\":\"ImageObject\",\"inLanguage\":\"en-US\",\"@id\":\"https:\\\/\\\/www.heidelberger-schloss-gastronomie.de\\\/shop\\\/deluxe-weinpaket-alkoholfrei\\\/#primaryimage\",\"url\":\"https:\\\/\\\/www.heidelberger-schloss-gastronomie.de\\\/wp-content\\\/uploads\\\/Weinpaket_alkoholfrei_Uebersicht-scaled.jpg\",\"contentUrl\":\"https:\\\/\\\/www.heidelberger-schloss-gastronomie.de\\\/wp-content\\\/uploads\\\/Weinpaket_alkoholfrei_Uebersicht-scaled.jpg\",\"width\":2560,\"height\":1707},{\"@type\":\"BreadcrumbList\",\"@id\":\"https:\\\/\\\/www.heidelberger-schloss-gastronomie.de\\\/shop\\\/deluxe-weinpaket-alkoholfrei\\\/#breadcrumb\",\"itemListElement\":[{\"@type\":\"ListItem\",\"position\":1,\"name\":\"Startseite\",\"item\":\"https:\\\/\\\/www.heidelberger-schloss-gastronomie.de\\\/\"},{\"@type\":\"ListItem\",\"position\":2,\"name\":\"Online Shop\",\"item\":\"https:\\\/\\\/www.heidelberger-schloss-gastronomie.de\\\/onlineshop\\\/\"},{\"@type\":\"ListItem\",\"position\":3,\"name\":\"Deluxe-Weinpaket &#8220;Alkoholfrei&#8221;\"}]},{\"@type\":\"WebSite\",\"@id\":\"https:\\\/\\\/www.heidelberger-schloss-gastronomie.de\\\/#website\",\"url\":\"https:\\\/\\\/www.heidelberger-schloss-gastronomie.de\\\/\",\"name\":\"Heidelberger Schloss Restaurants &amp; Events\",\"description\":\"\",\"publisher\":{\"@id\":\"https:\\\/\\\/www.heidelberger-schloss-gastronomie.de\\\/#organization\"},\"potentialAction\":[{\"@type\":\"SearchAction\",\"target\":{\"@type\":\"EntryPoint\",\"urlTemplate\":\"https:\\\/\\\/www.heidelberger-schloss-gastronomie.de\\\/?s={search_term_string}\"},\"query-input\":{\"@type\":\"PropertyValueSpecification\",\"valueRequired\":true,\"valueName\":\"search_term_string\"}}],\"inLanguage\":\"en-US\"},{\"@type\":\"Organization\",\"@id\":\"https:\\\/\\\/www.heidelberger-schloss-gastronomie.de\\\/#organization\",\"name\":\"Heidelberger Schloss Restaurants & Events GmbH & Co. KG\",\"url\":\"https:\\\/\\\/www.heidelberger-schloss-gastronomie.de\\\/\",\"logo\":{\"@type\":\"ImageObject\",\"inLanguage\":\"en-US\",\"@id\":\"https:\\\/\\\/www.heidelberger-schloss-gastronomie.de\\\/#\\\/schema\\\/logo\\\/image\\\/\",\"url\":\"https:\\\/\\\/www.heidelberger-schloss-gastronomie.de\\\/wp-content\\\/uploads\\\/200610_Logo_HDSRE_2020_kompakt.png\",\"contentUrl\":\"https:\\\/\\\/www.heidelberger-schloss-gastronomie.de\\\/wp-content\\\/uploads\\\/200610_Logo_HDSRE_2020_kompakt.png\",\"width\":596,\"height\":593,\"caption\":\"Heidelberger Schloss Restaurants & Events GmbH & Co. KG\"},\"image\":{\"@id\":\"https:\\\/\\\/www.heidelberger-schloss-gastronomie.de\\\/#\\\/schema\\\/logo\\\/image\\\/\"},\"sameAs\":[\"https:\\\/\\\/www.facebook.com\\\/heidelberger.schloss.gastronomie\\\/\",\"https:\\\/\\\/www.instagram.com\\\/heidelbergerschlossgastronomie\\\/\",\"https:\\\/\\\/www.youtube.com\\\/channel\\\/UCLlhNkc66V1EI0fQqAzWoGQ\"]}]}<\/script>\n<!-- \/ Yoast SEO plugin. -->","yoast_head_json":{"title":"Deluxe-Weinpaket \"Alkoholfrei\" -","robots":{"index":"index","follow":"follow","max-snippet":"max-snippet:-1","max-image-preview":"max-image-preview:large","max-video-preview":"max-video-preview:-1"},"canonical":"https:\/\/www.heidelberger-schloss-gastronomie.de\/shop\/deluxe-weinpaket-alkoholfrei\/","og_locale":"en_US","og_type":"article","og_title":"Deluxe-Weinpaket \"Alkoholfrei\" -","og_description":"Deluxe-Weinpaket alkoholfrei \u2013 Genuss ohne Promille  Entdecken Sie die Vielfalt des alkoholfreien Weingenusses mit dem exklusiven \"Echt Scharff\" alkoholfrei-Paket von GoodVines aus Heidelberg. Dieses Paket bietet Ihnen drei edle alkoholfreie Weine, die durch ihre komplexen Aromen und ihren nat\u00fcrlichen Geschmack \u00fcberzeugen \u2013 perfekt f\u00fcr alle, die auf Alkohol verzichten, aber nicht auf das Weinerlebnis!","og_url":"https:\/\/www.heidelberger-schloss-gastronomie.de\/shop\/deluxe-weinpaket-alkoholfrei\/","og_site_name":"Heidelberger Schloss Restaurants &amp; Events","article_publisher":"https:\/\/www.facebook.com\/heidelberger.schloss.gastronomie\/","article_modified_time":"2025-11-15T16:27:06+00:00","og_image":[{"width":2560,"height":1707,"url":"https:\/\/www.heidelberger-schloss-gastronomie.de\/wp-content\/uploads\/Weinpaket_alkoholfrei_Uebersicht-scaled.jpg","type":"image\/jpeg"}],"twitter_card":"summary_large_image","twitter_misc":{"Est. reading time":"2 minutes"},"schema":{"@context":"https:\/\/schema.org","@graph":[{"@type":"WebPage","@id":"https:\/\/www.heidelberger-schloss-gastronomie.de\/shop\/deluxe-weinpaket-alkoholfrei\/","url":"https:\/\/www.heidelberger-schloss-gastronomie.de\/shop\/deluxe-weinpaket-alkoholfrei\/","name":"Deluxe-Weinpaket \"Alkoholfrei\" -","isPartOf":{"@id":"https:\/\/www.heidelberger-schloss-gastronomie.de\/#website"},"primaryImageOfPage":{"@id":"https:\/\/www.heidelberger-schloss-gastronomie.de\/shop\/deluxe-weinpaket-alkoholfrei\/#primaryimage"},"image":{"@id":"https:\/\/www.heidelberger-schloss-gastronomie.de\/shop\/deluxe-weinpaket-alkoholfrei\/#primaryimage"},"thumbnailUrl":"https:\/\/www.heidelberger-schloss-gastronomie.de\/wp-content\/uploads\/Weinpaket_alkoholfrei_Uebersicht-scaled.jpg","datePublished":"2024-11-13T10:12:48+00:00","dateModified":"2025-11-15T16:27:06+00:00","breadcrumb":{"@id":"https:\/\/www.heidelberger-schloss-gastronomie.de\/shop\/deluxe-weinpaket-alkoholfrei\/#breadcrumb"},"inLanguage":"en-US","potentialAction":[{"@type":"ReadAction","target":["https:\/\/www.heidelberger-schloss-gastronomie.de\/shop\/deluxe-weinpaket-alkoholfrei\/"]}]},{"@type":"ImageObject","inLanguage":"en-US","@id":"https:\/\/www.heidelberger-schloss-gastronomie.de\/shop\/deluxe-weinpaket-alkoholfrei\/#primaryimage","url":"https:\/\/www.heidelberger-schloss-gastronomie.de\/wp-content\/uploads\/Weinpaket_alkoholfrei_Uebersicht-scaled.jpg","contentUrl":"https:\/\/www.heidelberger-schloss-gastronomie.de\/wp-content\/uploads\/Weinpaket_alkoholfrei_Uebersicht-scaled.jpg","width":2560,"height":1707},{"@type":"BreadcrumbList","@id":"https:\/\/www.heidelberger-schloss-gastronomie.de\/shop\/deluxe-weinpaket-alkoholfrei\/#breadcrumb","itemListElement":[{"@type":"ListItem","position":1,"name":"Startseite","item":"https:\/\/www.heidelberger-schloss-gastronomie.de\/"},{"@type":"ListItem","position":2,"name":"Online Shop","item":"https:\/\/www.heidelberger-schloss-gastronomie.de\/onlineshop\/"},{"@type":"ListItem","position":3,"name":"Deluxe-Weinpaket &#8220;Alkoholfrei&#8221;"}]},{"@type":"WebSite","@id":"https:\/\/www.heidelberger-schloss-gastronomie.de\/#website","url":"https:\/\/www.heidelberger-schloss-gastronomie.de\/","name":"Heidelberger Schloss Restaurants &amp; Events","description":"","publisher":{"@id":"https:\/\/www.heidelberger-schloss-gastronomie.de\/#organization"},"potentialAction":[{"@type":"SearchAction","target":{"@type":"EntryPoint","urlTemplate":"https:\/\/www.heidelberger-schloss-gastronomie.de\/?s={search_term_string}"},"query-input":{"@type":"PropertyValueSpecification","valueRequired":true,"valueName":"search_term_string"}}],"inLanguage":"en-US"},{"@type":"Organization","@id":"https:\/\/www.heidelberger-schloss-gastronomie.de\/#organization","name":"Heidelberger Schloss Restaurants & Events GmbH & Co. KG","url":"https:\/\/www.heidelberger-schloss-gastronomie.de\/","logo":{"@type":"ImageObject","inLanguage":"en-US","@id":"https:\/\/www.heidelberger-schloss-gastronomie.de\/#\/schema\/logo\/image\/","url":"https:\/\/www.heidelberger-schloss-gastronomie.de\/wp-content\/uploads\/200610_Logo_HDSRE_2020_kompakt.png","contentUrl":"https:\/\/www.heidelberger-schloss-gastronomie.de\/wp-content\/uploads\/200610_Logo_HDSRE_2020_kompakt.png","width":596,"height":593,"caption":"Heidelberger Schloss Restaurants & Events GmbH & Co. KG"},"image":{"@id":"https:\/\/www.heidelberger-schloss-gastronomie.de\/#\/schema\/logo\/image\/"},"sameAs":["https:\/\/www.facebook.com\/heidelberger.schloss.gastronomie\/","https:\/\/www.instagram.com\/heidelbergerschlossgastronomie\/","https:\/\/www.youtube.com\/channel\/UCLlhNkc66V1EI0fQqAzWoGQ"]}]}},"_links":{"self":[{"href":"https:\/\/www.heidelberger-schloss-gastronomie.de\/en\/wp-json\/wp\/v2\/product\/109441","targetHints":{"allow":["GET"]}}],"collection":[{"href":"https:\/\/www.heidelberger-schloss-gastronomie.de\/en\/wp-json\/wp\/v2\/product"}],"about":[{"href":"https:\/\/www.heidelberger-schloss-gastronomie.de\/en\/wp-json\/wp\/v2\/types\/product"}],"version-history":[{"count":1,"href":"https:\/\/www.heidelberger-schloss-gastronomie.de\/en\/wp-json\/wp\/v2\/product\/109441\/revisions"}],"predecessor-version":[{"id":109444,"href":"https:\/\/www.heidelberger-schloss-gastronomie.de\/en\/wp-json\/wp\/v2\/product\/109441\/revisions\/109444"}],"wp:featuredmedia":[{"embeddable":true,"href":"https:\/\/www.heidelberger-schloss-gastronomie.de\/en\/wp-json\/wp\/v2\/media\/109610"}],"wp:attachment":[{"href":"https:\/\/www.heidelberger-schloss-gastronomie.de\/en\/wp-json\/wp\/v2\/media?parent=109441"}],"wp:term":[{"taxonomy":"product_brand","embeddable":true,"href":"https:\/\/www.heidelberger-schloss-gastronomie.de\/en\/wp-json\/wp\/v2\/product_brand?post=109441"},{"taxonomy":"product_cat","embeddable":true,"href":"https:\/\/www.heidelberger-schloss-gastronomie.de\/en\/wp-json\/wp\/v2\/product_cat?post=109441"},{"taxonomy":"product_tag","embeddable":true,"href":"https:\/\/www.heidelberger-schloss-gastronomie.de\/en\/wp-json\/wp\/v2\/product_tag?post=109441"}],"curies":[{"name":"wp","href":"https:\/\/api.w.org\/{rel}","templated":true}]}}