{"id":110092,"date":"2024-11-18T12:42:45","date_gmt":"2024-11-18T11:42:45","guid":{"rendered":"https:\/\/www.heidelberger-schloss-gastronomie.de\/?post_type=product&#038;p=110092"},"modified":"2026-03-13T08:20:22","modified_gmt":"2026-03-13T07:20:22","slug":"queen-tribute-schloss-heidelberg","status":"publish","type":"product","link":"https:\/\/www.heidelberger-schloss-gastronomie.de\/en\/shop\/queen-tribute-schloss-heidelberg\/","title":{"rendered":"The Music of Queen mit Valentin L. Findling | Musik-Dinner-Show"},"content":{"rendered":"<h2 style=\"text-align: left;\">CELEBRATING THE MUSIC OF QUEEN<\/h2>\r\n<p style=\"text-align: left;\"><strong data-start=\"566\" data-end=\"664\">Queen Tribute Dinner-Show im Schloss Heidelberg \u2013 mit Valentin L. Findling als Freddie Mercury<\/strong><\/p>\r\n<p style=\"text-align: left;\"><strong>| Vom 20. November 2025 bis 10. Januar 2026 |\r\n| <b>Einlass im Fasskeller 18.30 Uhr | Show-Beginn 19.30 Uhr | Ende ca. 23.30 Uhr |\r\n| An Sonntagen eine Stunde fr\u00fcher: Einlass im Fasskeller 17.30 Uhr | Show-Beginn 18.30 Uhr | Ende ca. 22.30 Uhr |<\/b><\/strong><\/p>\r\n<p style=\"text-align: left;\"><strong>Queen Tribute Konzert im Schloss Heidelberg \u2013 ein Erlebnis der Extraklasse<\/strong><\/p>\r\n<p style=\"text-align: left;\" data-start=\"915\" data-end=\"1265\">Erleben Sie die mitrei\u00dfende <strong data-start=\"943\" data-end=\"994\">Queen Tribute Dinner-Show im Schloss Heidelberg<\/strong> mit dem charismatischen Ausnahmek\u00fcnstler <strong data-start=\"1036\" data-end=\"1060\">Valentin L. Findling<\/strong> in der Rolle des legend\u00e4ren <strong data-start=\"1089\" data-end=\"1108\">Freddie Mercury<\/strong>. Vom 20. November 2025 bis 10. Januar 2026 wird der K\u00f6nigssaal des Schlosses zur B\u00fchne f\u00fcr ein Konzert voller Energie, Leidenschaft und musikalischer Gr\u00f6\u00dfe.<\/p>\r\n<strong>Die Show: The Music of Queen<\/strong>\r\n<p style=\"text-align: left;\" data-start=\"1309\" data-end=\"1632\">Mit Songs wie <em data-start=\"1323\" data-end=\"1342\">Bohemian Rhapsody<\/em>, <em data-start=\"1344\" data-end=\"1362\">We Will Rock You<\/em> oder <em data-start=\"1368\" data-end=\"1381\">Radio Ga Ga<\/em> bringt die <a href=\"https:\/\/www.themusicofqueenlive.de\/\">Queen Tribute Band<\/a> gemeinsam mit Valentin L. Findling die gr\u00f6\u00dften Hits der Rockgeschichte zur\u00fcck \u2013 authentisch und doch einzigartig. Begleitet wird er von internationalen Top-Musikern, die bereits auf den gro\u00dfen B\u00fchnen dieser Welt standen.<\/p>\r\n<p data-start=\"1309\" data-end=\"1632\"><strong>Musik trifft Gourmet: Dinner-Show mit 4-Gang-Men\u00fc<\/strong><\/p>\r\n<p style=\"text-align: left;\" data-start=\"1764\" data-end=\"2004\">Neben dem musikalischen Highlight erwartet Sie ein exklusives 4-Gang-Men\u00fc von Spitzenkoch <strong data-start=\"1854\" data-end=\"1872\">Martin Scharff<\/strong>. In den Ticketkategorien PK1 und PK2 sind <span data-olk-copy-source=\"MessageBody\">Men\u00fcbegleitende Getr\u00e4nke bis Ende der Show i<\/span>nklusive \u2013 von Bier bis zu korrespondierenden Weinen deutscher Top-Winzer.<\/p>\r\n<p style=\"text-align: left;\"><strong><a href=\"https:\/\/www.instagram.com\/valentinxlouis\/?hl=de\">Valentin L. Findling<\/a> \u2013 preisgekr\u00f6nter Ausnahmek\u00fcnstler<\/strong><\/p>\r\n<p style=\"text-align: left;\" data-start=\"2074\" data-end=\"2309\">Bereits beim Sommer-Highlight im Open Air Restaurant begeisterte Findling das Publikum. Nun kehrt er f\u00fcr die <strong data-start=\"2183\" data-end=\"2227\">Queen Tribute Show im Schloss Heidelberg<\/strong> zur\u00fcck \u2013 mit noch gr\u00f6\u00dferem B\u00fchnenbild, noch mehr Emotion und purer Queen-Energie.<\/p>\r\n<p style=\"text-align: left;\" data-start=\"2151\" data-end=\"2343\">Alle weiteren Infos :<a href=\"https:\/\/www.heidelberger-schloss-gastronomie.de\/queen-live\/\"> https:\/\/www.heidelberger-schloss-gastronomie.de\/queen-live\/<\/a><\/p>\r\n<p style=\"text-align: left;\" data-start=\"2151\" data-end=\"2343\">? <strong data-start=\"2350\" data-end=\"2362\">Hinweis:<\/strong> Bei Allergien oder Unvertr\u00e4glichkeiten schreiben Sie uns bitte vorab an <a class=\"cursor-pointer\" style=\"color: #28303d;\" rel=\"noopener\" data-start=\"2435\" data-end=\"2472\">info@hdsre.de<\/a>.<\/p>\r\n<p data-start=\"2151\" data-end=\"2343\"><strong>Bitte beachten Sie, dass wir bei Buchungen von mehr als 12 Tickets keine Sitzpl\u00e4tze an einem gemeinsamen Tisch garantieren k\u00f6nnen.<\/strong><\/p>\r\n<p style=\"text-align: left;\" data-start=\"2151\" data-end=\"2343\"><strong>Dresscode<\/strong><\/p>\r\n<p style=\"text-align: left;\">Das Motto lautet \u201eCome as you are!\u201c, die Hauptsache ist, Sie f\u00fchlen sich wohl. An alle Damen: Bitte denken Sie daran, dass unser Schlosshof gepflastert ist. Wir empfehlen gegebenenfalls die Mitnahme von bequemen Ersatzschuhen. Diese k\u00f6nnen selbstverst\u00e4ndlich bei unserer Garderobe w\u00e4hrend des Abends hinterlegt werden.<\/p>\r\n<p style=\"text-align: left;\"><strong>Premiere-Tickets<\/strong><\/p>\r\n<p style=\"text-align: left;\" data-start=\"2354\" data-end=\"2436\">Seien Sie einer der Ersten! Die Premiere-Tickets am 20.\u201322. November beinhalten:<\/p>\r\n<p data-start=\"2439\" data-end=\"2458\">Aperitifempfang<\/p>\r\n<p data-start=\"2461\" data-end=\"2473\">Fingerfood<\/p>\r\n<p data-start=\"2476\" data-end=\"2500\">Hochwertige Goodiebags<\/p>\r\n<p style=\"text-align: left;\" data-start=\"2534\" data-end=\"2578\">? Limitierte Verf\u00fcgbarkeit \u2013 jetzt sichern!<\/p>\r\n<p style=\"text-align: left;\" data-start=\"2534\" data-end=\"2578\">Das perfekte Geschenk: Der Queen Tribute Gutschein<\/p>\r\n<p style=\"text-align: left;\">Verschenken Sie zum Geburtstag oder als gro\u00dfes Dankesch\u00f6n ein einzigartiges Erlebnis auf dem Heidelberger Schloss mit unserem \u201eThe music of Queen\u201c-Gutschein. Die Beschenkten k\u00f6nnen den Gutschein dann im Onlineshop gegen ein Ticket zu perfekt passenden Datum einl\u00f6sen. Hier geht es zu den <a href=\"https:\/\/www.heidelberger-schloss-gastronomie.de\/shop\/tina-at-the-castle-gutschein\/\">Gutscheinen<\/a>.<\/p>\r\nPassend zum ausdruckbaren PDF erhalten Sie in unserem Onlineshop einen hochwertigen <a href=\"https:\/\/www.heidelberger-schloss-gastronomie.de\/shop\/gutschein-karte\/\">Gutschein-Umschlag<\/a> zum Selbst-Beschriften. Perfekt f\u00fcr jeden Anlass. Dieser wird Ihnen nach der Bestellung zeitnah per Post zugeschickt.\r\n\r\n<strong>Gruppenbuchungen | Firmenfeiern<\/strong>\r\n<p style=\"text-align: left;\">Ob Firmenjubil\u00e4um, Weihnachtsfeier oder Business Incentive: F\u00fcr Gruppen ab 20 Personen (bzw. Exklusivbuchungen ab 200 Personen) bieten wir individuelle Pakete \u2013 inkl. pers\u00f6nlicher Beratung.<br data-start=\"3096\" data-end=\"3099\" \/>? <a class=\"cursor-pointer\" rel=\"noopener\" data-start=\"3102\" data-end=\"3115\">info@hdsre.de<\/a> | ? 06221\u20138727029<\/p>\r\n<p style=\"text-align: left;\">Seating<\/p>\r\n<p style=\"text-align: left;\"><span style=\"font-weight: 400;\">Der K\u00f6nigssaal ist in allen Kategorien mit 6er- und 12er-Tischen bestuhlt. Jeder Gast hat optimale Sicht auf die B\u00fchne und Show. <\/span> Auch von Parkett 2 und 3 aus, im hinteren Bereich des K\u00f6nigssaals, genie\u00dfen Sie von unserer Empore einen optimalen Blick auf die B\u00fchne. Gruppenbuchungen werden gemeinsam platziert, je nach Gruppengr\u00f6\u00dfe an nebeneinander liegenden Tischen. Bei uns werden Sie sorgf\u00e4ltig von unserem G\u00e4stemanagement platziert, bei Fragen sind wir gerne f\u00fcr Sie da.\r\n<b>Bitte beachten Sie, dass ausschlie\u00dflich zusammengeh\u00f6rige Tickets innerhalb eines Parketts gemeinsam platziert werden. Eine Kombination von Tickets aus verschiedenen Parketts ist nicht m\u00f6glich.<\/b><\/p>\r\n<p style=\"text-align: left;\"><b>Kontakt: <\/b><span style=\"font-weight: 400;\">info@hdsre.de | 06221. 8727010<\/span><\/p>\r\n<p style=\"text-align: left;\"><img decoding=\"async\" class=\"alignnone wp-image-110170\" src=\"https:\/\/www.heidelberger-schloss-gastronomie.de\/wp-content\/uploads\/TISCH.png\" alt=\"\" width=\"246\" height=\"130\" \/><\/p>\r\n\r\n<h4 style=\"text-align: left;\"><\/h4>\r\n<p style=\"text-align: left;\"><strong>Anfahrt &amp; Parken<\/strong><\/p>\r\n<p style=\"text-align: left;\"><span style=\"font-weight: 400;\">Parkpl\u00e4tze stehen Ihnen auf dem ausgewiesenen Parkgel\u00e4nde oberhalb des Schlosses in ausreichender Anzahl zur Verf\u00fcgung. Von dort aus gelangen Sie mit unserem kostenlosen Shuttle-Service oder einem kurzen Fu\u00dfweg durch den Schlossgarten zum Veranstaltungsort. Parkplatzadresse: Schloss-Wolfsbrunnenweg 20 | 69117 Heidelberg.<\/span> <span style=\"background-color: var(--global--color-background); color: var(--global--color-primary); font-family: var(--global--font-secondary); font-size: var(--global--font-size-base);\">Menschen mit Einschr\u00e4nkung stehen ausgewiesene Parkpl\u00e4tze vor dem Haupteingang zur Verf\u00fcgung. Gerne sind wir Ihnen bei Anliegen bez\u00fcglich k\u00f6rperlicher Einschr\u00e4nkungen behilflich \u2013 sprechen Sie uns bei Ihrer Buchung bitte darauf an.<\/span> Der Einlass findet im Fasskeller statt.<\/p>\r\n<p data-start=\"83\" data-end=\"161\"><strong data-start=\"83\" data-end=\"97\">Bezahlung:<\/strong><br data-start=\"97\" data-end=\"100\" \/>Die Zahlung Vorort erfolgt <strong data-start=\"129\" data-end=\"158\">ausschlie\u00dflich bargeldlos<\/strong>.<\/p>\r\n<p style=\"text-align: left;\"><strong>Shuttle-Service zum Schlosseingang<\/strong><\/p>\r\n<p style=\"text-align: left;\">Ab einer halben Stunde vor und nach der Veranstaltung steht Ihnen ein kostenloser Shuttle vom Parkplatz oberhalb des Schlosses zur Verf\u00fcgung, welcher im 5- bis 10-Minuten-Takt f\u00e4hrt. Bitte warten Sie ggf. ein paar Minuten, falls sich gerade kein Shuttlefahrzeug am Shuttlepoint befindet, wir danken Ihnen f\u00fcr Ihre Geduld.<\/p>\r\n\r\n<h5 style=\"text-align: left;\"><\/h5>\r\n<p style=\"text-align: left;\"><strong>Barrierefreiheit<\/strong><\/p>\r\n<p style=\"text-align: left;\">Der Eingang zum Veranstaltungsort ist barrierefrei, der Weg dorthin durch den Schlosshof ist kopfsteingepflastert. Die Toiletten f\u00fcr beeintr\u00e4chtigte Personen befinden sich ebenfalls ebenerdig. Gerne sind wir Ihnen bei Anliegen bez\u00fcglich k\u00f6rperlichen Einschr\u00e4nkungen behilflich \u2013 sprechen Sie uns bei Ihrer Buchung bitte darauf an.<\/p>\r\n<p style=\"text-align: left;\"><\/p>\r\n<p style=\"text-align: left;\">Disclaimer: W\u00e4hrend der Show werden LED-Effekte, grafische Muster und spezielles Licht verwendet. Dies kann Anf\u00e4lle f\u00fcr Menschen mit lichtempfindlicher Epilepsie ausl\u00f6sen. Das Ermessen des Betrachters wird empfohlen. F\u00fcr die Veranstaltung werden Film- und Tonaufnahmen sowie Fotos gemacht, mit deren (auch sp\u00e4teren) Verwendung Sie sich durch den Besuch der Veranstaltung einverstanden erkl\u00e4ren.<\/p><!-- \/wp:post-content -->","protected":false},"excerpt":{"rendered":"<p><strong>Vom 20. November bis 10. Januar<\/strong><\/p>\n<h4>CELEBRATING THE MUSIC OF QUEEN<\/h4>\n<p>&nbsp;<\/p>\n<p><strong>Die atemberaubende Musik-Dinner-Show mit der Tribute-Band Queen, au\u00dfergew\u00f6hnlichem 4-Gang-Men\u00fc sowie ausgew\u00e4hlter Getr\u00e4nke des Abends inklusive in PK1 und PK2! In PK3 werden Getr\u00e4nke separat berechnet.<\/strong><\/p>\n<p><strong>Freuen Sie sich auf<\/strong>:<\/p>\n<ul>\n<li>atemberaubende Tribute-Show und legend\u00e4re Hits von Queen<\/li>\n<li>Valentin L. Findling, der Freddie Mercury zum Leben erweckt<\/li>\n<li>au\u00dfergew\u00f6hnliches 4-Gang-Men\u00fc von Gastgeber Martin Scharff &amp; Team<\/li>\n<li><em>In den Ticketkategorien PK1 und PK2 sind men\u00fcbegleitende Getr\u00e4nke bis zum Ende der Show inklusive. In PK3 werden Getr\u00e4nke separat berechnet.<\/em><\/li>\n<li>exklusiven Eintritt ins Heidelberger Schloss (ab Einlass)<\/li>\n<\/ul>\n","protected":false},"featured_media":110182,"template":"","meta":{"_price":"99","_stock":"","_tribe_ticket_header":"","_tribe_default_ticket_provider":"","_tribe_ticket_capacity":"1895","_ticket_start_date":"","_ticket_end_date":"","_tribe_ticket_show_description":"","_tribe_ticket_show_not_going":false,"_tribe_ticket_use_global_stock":"","_tribe_ticket_global_stock_level":"","_global_stock_mode":"","_global_stock_cap":"","_tribe_rsvp_for_event":"","_tribe_ticket_going_count":"","_tribe_ticket_not_going_count":"","_tribe_tickets_list":"[]","_tribe_ticket_has_attendee_info_fields":false,"_tec_slr_enabled":"","_tec_slr_layout":""},"product_brand":[],"product_cat":[151,208,225,42],"product_tag":[],"class_list":{"0":"post-110092","1":"product","2":"type-product","3":"status-publish","4":"has-post-thumbnail","6":"product_cat-dinnershow","7":"product_cat-events","8":"product_cat-queen","9":"product_cat-tickets","10":"entry","12":"first","13":"instock","14":"featured","15":"taxable","16":"shipping-taxable","17":"purchasable","18":"product-type-variable","19":"has-default-attributes"},"bundled_by":[],"bundle_stock_status":"instock","bundle_stock_quantity":null,"bundle_virtual":false,"bundle_layout":"","bundle_add_to_cart_form_location":"","bundle_editable_in_cart":false,"bundle_sold_individually_context":"","bundle_item_grouping":"","bundle_min_size":"","bundle_max_size":"","bundle_price":[],"bundled_items":[],"bundle_sell_ids":[],"yoast_head":"<!-- This site is optimized with the Yoast SEO plugin v27.4 - https:\/\/yoast.com\/product\/yoast-seo-wordpress\/ -->\n<title>The Music of Queen \u2013 Tribute im Schloss Heidelberg | HDSRE<\/title>\n<meta name=\"description\" content=\"Queen Tribute Dinner-Show im Schloss Heidelberg \u2013 mit Valentin L. Findling als Freddie Mercury &amp; 4-Gang-Gourmetmen\u00fc. Jetzt Tickets sichern!\" \/>\n<meta name=\"robots\" content=\"index, follow, max-snippet:-1, max-image-preview:large, max-video-preview:-1\" \/>\n<link rel=\"canonical\" href=\"https:\/\/www.heidelberger-schloss-gastronomie.de\/shop\/queen-tribute-schloss-heidelberg\/\" \/>\n<meta property=\"og:locale\" content=\"en_US\" \/>\n<meta property=\"og:type\" content=\"article\" \/>\n<meta property=\"og:title\" content=\"The Music of Queen \u2013 Tribute im Schloss Heidelberg | HDSRE\" \/>\n<meta property=\"og:description\" content=\"Queen Tribute Dinner-Show im Schloss Heidelberg \u2013 mit Valentin L. Findling als Freddie Mercury &amp; 4-Gang-Gourmetmen\u00fc. Jetzt Tickets sichern!\" \/>\n<meta property=\"og:url\" content=\"https:\/\/www.heidelberger-schloss-gastronomie.de\/shop\/queen-tribute-schloss-heidelberg\/\" \/>\n<meta property=\"og:site_name\" content=\"Heidelberger Schloss Restaurants &amp; Events\" \/>\n<meta property=\"article:publisher\" content=\"https:\/\/www.facebook.com\/heidelberger.schloss.gastronomie\/\" \/>\n<meta property=\"article:modified_time\" content=\"2026-03-13T07:20:22+00:00\" \/>\n<meta property=\"og:image\" content=\"https:\/\/www.heidelberger-schloss-gastronomie.de\/wp-content\/uploads\/Webiste-Keyvisual-1920x1440-V2.png\" \/>\n\t<meta property=\"og:image:width\" content=\"1921\" \/>\n\t<meta property=\"og:image:height\" content=\"1441\" \/>\n\t<meta property=\"og:image:type\" content=\"image\/png\" \/>\n<meta name=\"twitter:card\" content=\"summary_large_image\" \/>\n<meta name=\"twitter:label1\" content=\"Est. reading time\" \/>\n\t<meta name=\"twitter:data1\" content=\"5 minutes\" \/>\n<script type=\"application\/ld+json\" class=\"yoast-schema-graph\">{\"@context\":\"https:\\\/\\\/schema.org\",\"@graph\":[{\"@type\":\"WebPage\",\"@id\":\"https:\\\/\\\/www.heidelberger-schloss-gastronomie.de\\\/shop\\\/queen-tribute-schloss-heidelberg\\\/\",\"url\":\"https:\\\/\\\/www.heidelberger-schloss-gastronomie.de\\\/shop\\\/queen-tribute-schloss-heidelberg\\\/\",\"name\":\"The Music of Queen \u2013 Tribute im Schloss Heidelberg | HDSRE\",\"isPartOf\":{\"@id\":\"https:\\\/\\\/www.heidelberger-schloss-gastronomie.de\\\/#website\"},\"primaryImageOfPage\":{\"@id\":\"https:\\\/\\\/www.heidelberger-schloss-gastronomie.de\\\/shop\\\/queen-tribute-schloss-heidelberg\\\/#primaryimage\"},\"image\":{\"@id\":\"https:\\\/\\\/www.heidelberger-schloss-gastronomie.de\\\/shop\\\/queen-tribute-schloss-heidelberg\\\/#primaryimage\"},\"thumbnailUrl\":\"https:\\\/\\\/www.heidelberger-schloss-gastronomie.de\\\/wp-content\\\/uploads\\\/Webiste-Keyvisual-1920x1440-V2.png\",\"datePublished\":\"2024-11-18T11:42:45+00:00\",\"dateModified\":\"2026-03-13T07:20:22+00:00\",\"description\":\"Queen Tribute Dinner-Show im Schloss Heidelberg \u2013 mit Valentin L. Findling als Freddie Mercury & 4-Gang-Gourmetmen\u00fc. Jetzt Tickets sichern!\",\"breadcrumb\":{\"@id\":\"https:\\\/\\\/www.heidelberger-schloss-gastronomie.de\\\/shop\\\/queen-tribute-schloss-heidelberg\\\/#breadcrumb\"},\"inLanguage\":\"en-US\",\"potentialAction\":[{\"@type\":\"ReadAction\",\"target\":[\"https:\\\/\\\/www.heidelberger-schloss-gastronomie.de\\\/shop\\\/queen-tribute-schloss-heidelberg\\\/\"]}]},{\"@type\":\"ImageObject\",\"inLanguage\":\"en-US\",\"@id\":\"https:\\\/\\\/www.heidelberger-schloss-gastronomie.de\\\/shop\\\/queen-tribute-schloss-heidelberg\\\/#primaryimage\",\"url\":\"https:\\\/\\\/www.heidelberger-schloss-gastronomie.de\\\/wp-content\\\/uploads\\\/Webiste-Keyvisual-1920x1440-V2.png\",\"contentUrl\":\"https:\\\/\\\/www.heidelberger-schloss-gastronomie.de\\\/wp-content\\\/uploads\\\/Webiste-Keyvisual-1920x1440-V2.png\",\"width\":1921,\"height\":1441,\"caption\":\"Queen Tribute Dinner-Show B\u00fchne Schloss Heidelberg mit Valentin L. Findling als Freddie Mercury\"},{\"@type\":\"BreadcrumbList\",\"@id\":\"https:\\\/\\\/www.heidelberger-schloss-gastronomie.de\\\/shop\\\/queen-tribute-schloss-heidelberg\\\/#breadcrumb\",\"itemListElement\":[{\"@type\":\"ListItem\",\"position\":1,\"name\":\"Startseite\",\"item\":\"https:\\\/\\\/www.heidelberger-schloss-gastronomie.de\\\/\"},{\"@type\":\"ListItem\",\"position\":2,\"name\":\"Online Shop\",\"item\":\"https:\\\/\\\/www.heidelberger-schloss-gastronomie.de\\\/onlineshop\\\/\"},{\"@type\":\"ListItem\",\"position\":3,\"name\":\"The Music of Queen mit Valentin L. Findling | Musik-Dinner-Show\"}]},{\"@type\":\"WebSite\",\"@id\":\"https:\\\/\\\/www.heidelberger-schloss-gastronomie.de\\\/#website\",\"url\":\"https:\\\/\\\/www.heidelberger-schloss-gastronomie.de\\\/\",\"name\":\"Heidelberger Schloss Restaurants &amp; Events\",\"description\":\"\",\"publisher\":{\"@id\":\"https:\\\/\\\/www.heidelberger-schloss-gastronomie.de\\\/#organization\"},\"potentialAction\":[{\"@type\":\"SearchAction\",\"target\":{\"@type\":\"EntryPoint\",\"urlTemplate\":\"https:\\\/\\\/www.heidelberger-schloss-gastronomie.de\\\/?s={search_term_string}\"},\"query-input\":{\"@type\":\"PropertyValueSpecification\",\"valueRequired\":true,\"valueName\":\"search_term_string\"}}],\"inLanguage\":\"en-US\"},{\"@type\":\"Organization\",\"@id\":\"https:\\\/\\\/www.heidelberger-schloss-gastronomie.de\\\/#organization\",\"name\":\"Heidelberger Schloss Restaurants & Events GmbH & Co. KG\",\"url\":\"https:\\\/\\\/www.heidelberger-schloss-gastronomie.de\\\/\",\"logo\":{\"@type\":\"ImageObject\",\"inLanguage\":\"en-US\",\"@id\":\"https:\\\/\\\/www.heidelberger-schloss-gastronomie.de\\\/#\\\/schema\\\/logo\\\/image\\\/\",\"url\":\"https:\\\/\\\/www.heidelberger-schloss-gastronomie.de\\\/wp-content\\\/uploads\\\/200610_Logo_HDSRE_2020_kompakt.png\",\"contentUrl\":\"https:\\\/\\\/www.heidelberger-schloss-gastronomie.de\\\/wp-content\\\/uploads\\\/200610_Logo_HDSRE_2020_kompakt.png\",\"width\":596,\"height\":593,\"caption\":\"Heidelberger Schloss Restaurants & Events GmbH & Co. KG\"},\"image\":{\"@id\":\"https:\\\/\\\/www.heidelberger-schloss-gastronomie.de\\\/#\\\/schema\\\/logo\\\/image\\\/\"},\"sameAs\":[\"https:\\\/\\\/www.facebook.com\\\/heidelberger.schloss.gastronomie\\\/\",\"https:\\\/\\\/www.instagram.com\\\/heidelbergerschlossgastronomie\\\/\",\"https:\\\/\\\/www.youtube.com\\\/channel\\\/UCLlhNkc66V1EI0fQqAzWoGQ\"]}]}<\/script>\n<!-- \/ Yoast SEO plugin. -->","yoast_head_json":{"title":"The Music of Queen \u2013 Tribute im Schloss Heidelberg | HDSRE","description":"Queen Tribute Dinner-Show im Schloss Heidelberg \u2013 mit Valentin L. Findling als Freddie Mercury & 4-Gang-Gourmetmen\u00fc. Jetzt Tickets sichern!","robots":{"index":"index","follow":"follow","max-snippet":"max-snippet:-1","max-image-preview":"max-image-preview:large","max-video-preview":"max-video-preview:-1"},"canonical":"https:\/\/www.heidelberger-schloss-gastronomie.de\/shop\/queen-tribute-schloss-heidelberg\/","og_locale":"en_US","og_type":"article","og_title":"The Music of Queen \u2013 Tribute im Schloss Heidelberg | HDSRE","og_description":"Queen Tribute Dinner-Show im Schloss Heidelberg \u2013 mit Valentin L. Findling als Freddie Mercury & 4-Gang-Gourmetmen\u00fc. Jetzt Tickets sichern!","og_url":"https:\/\/www.heidelberger-schloss-gastronomie.de\/shop\/queen-tribute-schloss-heidelberg\/","og_site_name":"Heidelberger Schloss Restaurants &amp; Events","article_publisher":"https:\/\/www.facebook.com\/heidelberger.schloss.gastronomie\/","article_modified_time":"2026-03-13T07:20:22+00:00","og_image":[{"width":1921,"height":1441,"url":"https:\/\/www.heidelberger-schloss-gastronomie.de\/wp-content\/uploads\/Webiste-Keyvisual-1920x1440-V2.png","type":"image\/png"}],"twitter_card":"summary_large_image","twitter_misc":{"Est. reading time":"5 minutes"},"schema":{"@context":"https:\/\/schema.org","@graph":[{"@type":"WebPage","@id":"https:\/\/www.heidelberger-schloss-gastronomie.de\/shop\/queen-tribute-schloss-heidelberg\/","url":"https:\/\/www.heidelberger-schloss-gastronomie.de\/shop\/queen-tribute-schloss-heidelberg\/","name":"The Music of Queen \u2013 Tribute im Schloss Heidelberg | HDSRE","isPartOf":{"@id":"https:\/\/www.heidelberger-schloss-gastronomie.de\/#website"},"primaryImageOfPage":{"@id":"https:\/\/www.heidelberger-schloss-gastronomie.de\/shop\/queen-tribute-schloss-heidelberg\/#primaryimage"},"image":{"@id":"https:\/\/www.heidelberger-schloss-gastronomie.de\/shop\/queen-tribute-schloss-heidelberg\/#primaryimage"},"thumbnailUrl":"https:\/\/www.heidelberger-schloss-gastronomie.de\/wp-content\/uploads\/Webiste-Keyvisual-1920x1440-V2.png","datePublished":"2024-11-18T11:42:45+00:00","dateModified":"2026-03-13T07:20:22+00:00","description":"Queen Tribute Dinner-Show im Schloss Heidelberg \u2013 mit Valentin L. Findling als Freddie Mercury & 4-Gang-Gourmetmen\u00fc. Jetzt Tickets sichern!","breadcrumb":{"@id":"https:\/\/www.heidelberger-schloss-gastronomie.de\/shop\/queen-tribute-schloss-heidelberg\/#breadcrumb"},"inLanguage":"en-US","potentialAction":[{"@type":"ReadAction","target":["https:\/\/www.heidelberger-schloss-gastronomie.de\/shop\/queen-tribute-schloss-heidelberg\/"]}]},{"@type":"ImageObject","inLanguage":"en-US","@id":"https:\/\/www.heidelberger-schloss-gastronomie.de\/shop\/queen-tribute-schloss-heidelberg\/#primaryimage","url":"https:\/\/www.heidelberger-schloss-gastronomie.de\/wp-content\/uploads\/Webiste-Keyvisual-1920x1440-V2.png","contentUrl":"https:\/\/www.heidelberger-schloss-gastronomie.de\/wp-content\/uploads\/Webiste-Keyvisual-1920x1440-V2.png","width":1921,"height":1441,"caption":"Queen Tribute Dinner-Show B\u00fchne Schloss Heidelberg mit Valentin L. Findling als Freddie Mercury"},{"@type":"BreadcrumbList","@id":"https:\/\/www.heidelberger-schloss-gastronomie.de\/shop\/queen-tribute-schloss-heidelberg\/#breadcrumb","itemListElement":[{"@type":"ListItem","position":1,"name":"Startseite","item":"https:\/\/www.heidelberger-schloss-gastronomie.de\/"},{"@type":"ListItem","position":2,"name":"Online Shop","item":"https:\/\/www.heidelberger-schloss-gastronomie.de\/onlineshop\/"},{"@type":"ListItem","position":3,"name":"The Music of Queen mit Valentin L. Findling | Musik-Dinner-Show"}]},{"@type":"WebSite","@id":"https:\/\/www.heidelberger-schloss-gastronomie.de\/#website","url":"https:\/\/www.heidelberger-schloss-gastronomie.de\/","name":"Heidelberger Schloss Restaurants &amp; Events","description":"","publisher":{"@id":"https:\/\/www.heidelberger-schloss-gastronomie.de\/#organization"},"potentialAction":[{"@type":"SearchAction","target":{"@type":"EntryPoint","urlTemplate":"https:\/\/www.heidelberger-schloss-gastronomie.de\/?s={search_term_string}"},"query-input":{"@type":"PropertyValueSpecification","valueRequired":true,"valueName":"search_term_string"}}],"inLanguage":"en-US"},{"@type":"Organization","@id":"https:\/\/www.heidelberger-schloss-gastronomie.de\/#organization","name":"Heidelberger Schloss Restaurants & Events GmbH & Co. KG","url":"https:\/\/www.heidelberger-schloss-gastronomie.de\/","logo":{"@type":"ImageObject","inLanguage":"en-US","@id":"https:\/\/www.heidelberger-schloss-gastronomie.de\/#\/schema\/logo\/image\/","url":"https:\/\/www.heidelberger-schloss-gastronomie.de\/wp-content\/uploads\/200610_Logo_HDSRE_2020_kompakt.png","contentUrl":"https:\/\/www.heidelberger-schloss-gastronomie.de\/wp-content\/uploads\/200610_Logo_HDSRE_2020_kompakt.png","width":596,"height":593,"caption":"Heidelberger Schloss Restaurants & Events GmbH & Co. KG"},"image":{"@id":"https:\/\/www.heidelberger-schloss-gastronomie.de\/#\/schema\/logo\/image\/"},"sameAs":["https:\/\/www.facebook.com\/heidelberger.schloss.gastronomie\/","https:\/\/www.instagram.com\/heidelbergerschlossgastronomie\/","https:\/\/www.youtube.com\/channel\/UCLlhNkc66V1EI0fQqAzWoGQ"]}]}},"_links":{"self":[{"href":"https:\/\/www.heidelberger-schloss-gastronomie.de\/en\/wp-json\/wp\/v2\/product\/110092","targetHints":{"allow":["GET"]}}],"collection":[{"href":"https:\/\/www.heidelberger-schloss-gastronomie.de\/en\/wp-json\/wp\/v2\/product"}],"about":[{"href":"https:\/\/www.heidelberger-schloss-gastronomie.de\/en\/wp-json\/wp\/v2\/types\/product"}],"version-history":[{"count":16,"href":"https:\/\/www.heidelberger-schloss-gastronomie.de\/en\/wp-json\/wp\/v2\/product\/110092\/revisions"}],"predecessor-version":[{"id":139353,"href":"https:\/\/www.heidelberger-schloss-gastronomie.de\/en\/wp-json\/wp\/v2\/product\/110092\/revisions\/139353"}],"wp:featuredmedia":[{"embeddable":true,"href":"https:\/\/www.heidelberger-schloss-gastronomie.de\/en\/wp-json\/wp\/v2\/media\/110182"}],"wp:attachment":[{"href":"https:\/\/www.heidelberger-schloss-gastronomie.de\/en\/wp-json\/wp\/v2\/media?parent=110092"}],"wp:term":[{"taxonomy":"product_brand","embeddable":true,"href":"https:\/\/www.heidelberger-schloss-gastronomie.de\/en\/wp-json\/wp\/v2\/product_brand?post=110092"},{"taxonomy":"product_cat","embeddable":true,"href":"https:\/\/www.heidelberger-schloss-gastronomie.de\/en\/wp-json\/wp\/v2\/product_cat?post=110092"},{"taxonomy":"product_tag","embeddable":true,"href":"https:\/\/www.heidelberger-schloss-gastronomie.de\/en\/wp-json\/wp\/v2\/product_tag?post=110092"}],"curies":[{"name":"wp","href":"https:\/\/api.w.org\/{rel}","templated":true}]}}