{"id":111177,"date":"2024-11-25T12:54:33","date_gmt":"2024-11-25T11:54:33","guid":{"rendered":"https:\/\/www.heidelberger-schloss-gastronomie.de\/?post_type=product&#038;p=111177"},"modified":"2025-08-23T14:42:27","modified_gmt":"2025-08-23T12:42:27","slug":"white-night-party-heidelberger-schloss-2025","status":"publish","type":"product","link":"https:\/\/www.heidelberger-schloss-gastronomie.de\/en\/shop\/white-night-party-heidelberger-schloss-2025\/","title":{"rendered":"White Night &#8211; die Party auf dem Heidelberger Schloss | 23. August 2025"},"content":{"rendered":"<h2>Die White Night Party auf dem Heidelberger Schloss x ABC Events<\/h2>\n<p><strong>23. August | Einlass: 19.30 Uhr | Beginn: 19.30 Uhr | Ende: ca. 1.00 Uhr<\/strong><\/p>\n<p data-pm-slice=\"1 1 []\">Die mega <strong>Party unter freiem Himmel<\/strong> \u00fcber den D\u00e4chern Heidelbergs! Kulinarisch und musikalisch wird diese Nacht in der einmaligen Kulisse des Heidelberger Schlosses allen Besuchern f\u00fcr immer in Erinnerung bleiben. <strong>Musikalisch<\/strong> schlagen wir einen Bogen mit <strong>Mixed Musik von : <a href=\"https:\/\/thedjbus.de\/\">TheDJBUS mit DIDI(DE)<\/a>. Tanze zu elektronischer Musik, House und Classics. (Sponsored by: Autohaus Christmann)<\/strong><\/p>\n<p data-pm-slice=\"1 1 []\">Unsere <strong>Schlossk\u00fcche<\/strong> unter der Regie von Martin Scharff bereitet an diesem Abend genau das zu, was uns den <strong>Zauber des Sommers<\/strong> schmecken l\u00e4sst. F\u00fcr jeden ist etwas dabei. Dabei geben wir eine Genussgarantie f\u00fcr jedes Gericht! Jeder Gang ist f\u00fcr jeden Gast ein Mal reserviert. Das Ticket f\u00fcr die gro\u00dfe <strong>Party<\/strong> inklusive aller <strong>Getr\u00e4nke<\/strong> mit fancy <strong>Streetfood <\/strong>in 4 G\u00e4ngen kostet<strong> 119 \u20ac. <\/strong>Das Essen ist nicht nachtr\u00e4glich zu buchbar.<\/p>\n<p><strong>Tickets<\/strong> zur gro\u00dfen<strong> Party <\/strong>kosten<strong> 69 \u20ac inkl. aller Getr\u00e4nke<\/strong> (Wein- und Cocktailbar im Innenhof, verschiedene Variationen Summer Drinks, mit und ohne Alkohol).<br \/>\n<strong>Tickets<\/strong> f\u00fcr die gro\u00dfe<strong> Party<\/strong> <strong>&#8220;All In&#8221;<\/strong> <strong>inklusive aller Getr\u00e4nke und fancy Streetfood<\/strong> in vier G\u00e4ngen kosten <strong>119 \u20ac<\/strong>. Das Essen ist nachtr\u00e4glich nicht zubuchbar.<\/p>\n<p>Der <strong>Dresscode<\/strong> an diesem Abend lautet &#8220;<strong>All White<\/strong>&#8220;.<\/p>\n<p>Bei beiden Ticketkategorien ist die Fahrt mit der Bergbahn bis 1:00 Uhr kostenlos inklusive.<\/p>\n<p>Let\u2019s dance the night away\u2026<\/p>\n<p><em>Auch auf schlechtes Wetter sind wir vorbereitet: bei Regen oder schlechten Wetterverh\u00e4ltnissen wird die Party im K\u00f6nigssaal stattfinden.<\/em><\/p>\n<p>&nbsp;<\/p>\n<h2 data-start=\"58\" data-end=\"109\"><strong>Bergbahn-Service zur White Night X ABC Events<\/strong><\/h2>\n<p data-start=\"111\" data-end=\"343\">Zur <strong data-start=\"115\" data-end=\"143\">White Night X ABC Events<\/strong> bringt Sie die Bergbahn direkt bis zum Schlosseingang \u2013 bequem, schnell und kostenlos. An diesem Abend f\u00e4hrt sie f\u00fcr Sie sogar bis <strong>1:00 Uhr<\/strong>, damit Sie das Event in vollen Z\u00fcgen genie\u00dfen k\u00f6nnen.<\/p>\n<h2>Parken<\/h2>\n<p>Parkpl\u00e4tze stehen auf dem ausgewiesenen Parkgel\u00e4nde oberhalb des Schlosses zur Verf\u00fcgung. Von dort aus gelangen Sie \u00fcber einen kurzen Fu\u00dfweg durch den Schlossgarten oder den Shuttle-Service zu uns. Parkplatzadresse: Schloss-Wolfsbrunnenweg 20 | 69117 Heidelberg<\/p>\n<p>&nbsp;<\/p>\n<h2>Barrierefreiheit<\/h2>\n<p>Menschen mit Behinderung stehen ausgewiesene Parkpl\u00e4tze vor der Bergbahn zur Verf\u00fcgung. Das Schlossareal ist gr\u00f6\u00dftenteils geteert, der Schlosshof ist kopfsteingepflastert. Die Toiletten befinden sich ebenerdig. Gerne sind wir Ihnen bei weiteren Anliegen behilflich \u2013 weisen Sie bei Ihrer Buchung bitte darauf hin.<br \/>\n<strong>Kontakt:\u00a0<\/strong>info@hdsre.de | 06221. 8727010<\/p>\n<p>&nbsp;<\/p>\n<p>Disclaimer: W\u00e4hrend der Show werden LED-Effekte, grafische Muster und spezielles Licht verwendet. Dies kann Anf\u00e4lle f\u00fcr Menschen mit lichtempfindlicher Epilepsie ausl\u00f6sen. Das Ermessen des Betrachters wird empfohlen. F\u00fcr die Veranstaltung werden Film- und Tonaufnahmen sowie Fotos gemacht, mit deren (auch sp\u00e4teren) Verwendung Sie sich durch den Besuch der Veranstaltung einverstanden erkl\u00e4ren.<\/p>\n","protected":false},"excerpt":{"rendered":"<p><strong>Einlass: 19.30 Uhr | Beginn: 19.30 Uhr | Ende: ca. 1.00 Uhr<br \/>\n<\/strong><\/p>\n<p>&nbsp;<\/p>\n<p>Die mega White Night Party \u00fcber den D\u00e4chern Heidelbergs! Mit: TheDJBUS mit DIDI(DE) und einem Mix der besten elektronischen Dancefloor-Hits, House und Classics! Kulinarisch und musikalisch wird diese Nacht in der einmaligen Kulisse des Heidelberger Schlosses allen Besuchern f\u00fcr immer in Erinnerung bleiben. Zwei Tickets stehen zur Auswahl: die gro\u00dfe Party inklusive aller Drinks (69\u20ac) oder die gro\u00dfe Party inklusive aller Getr\u00e4nke und mit Fancy Streetfood in 4 G\u00e4ngen (119\u20ac). Dresscode: <strong>All White<\/strong>.<\/p>\n<p>&nbsp;<\/p>\n<p>&nbsp;<\/p>\n<p><strong>Freuen Sie sich auf:<\/strong><\/p>\n<ul>\n<li>Exklusiven Eintritt ins Heidelberger Schloss (ab 19:30 Uhr)<\/li>\n<li><strong>TheDJBUS mit DIDI(DE) <\/strong>mit den besten Hits von Elektro, House und Classics<\/li>\n<li>Fancy <strong>Streetfood<\/strong>\u00a0in 4 G\u00e4ngen von Martin Scharff und Team (je nach Ticket)<\/li>\n<li><strong>Wein- &amp; Longdrinks <\/strong>(inkl. Alkoholfreie)<\/li>\n<li>kostenlose Nutzung der Bergbahn bis 01.00 Uhr<\/li>\n<\/ul>\n<p>&nbsp;<\/p>\n","protected":false},"featured_media":139659,"template":"","meta":{"_price":"69.00","_stock":"","_tribe_ticket_header":"","_tribe_default_ticket_provider":"","_tribe_ticket_capacity":"2","_ticket_start_date":"","_ticket_end_date":"","_tribe_ticket_show_description":"","_tribe_ticket_show_not_going":false,"_tribe_ticket_use_global_stock":"","_tribe_ticket_global_stock_level":"","_global_stock_mode":"","_global_stock_cap":"","_tribe_rsvp_for_event":"","_tribe_ticket_going_count":"","_tribe_ticket_not_going_count":"","_tribe_tickets_list":"[]","_tribe_ticket_has_attendee_info_fields":false,"_tec_slr_enabled":"","_tec_slr_layout":""},"product_brand":[],"product_cat":[208,103,42],"product_tag":[],"class_list":{"0":"post-111177","1":"product","2":"type-product","3":"status-publish","4":"has-post-thumbnail","6":"product_cat-events","7":"product_cat-open-air","8":"product_cat-tickets","9":"entry","11":"first","12":"outofstock","13":"taxable","14":"shipping-taxable","15":"purchasable","16":"product-type-variable","17":"has-default-attributes"},"bundled_by":[],"bundle_stock_status":"outofstock","bundle_stock_quantity":null,"bundle_virtual":false,"bundle_layout":"","bundle_add_to_cart_form_location":"","bundle_editable_in_cart":false,"bundle_sold_individually_context":"","bundle_item_grouping":"","bundle_min_size":"","bundle_max_size":"","bundle_price":[],"bundled_items":[],"bundle_sell_ids":[],"yoast_head":"<!-- This site is optimized with the Yoast SEO plugin v27.4 - https:\/\/yoast.com\/product\/yoast-seo-wordpress\/ -->\n<title>White Night Schloss Heidelberg 2025<\/title>\n<meta name=\"description\" content=\"Feiere die White Night Party 2025 auf dem Heidelberger Schloss! Musik, Drinks &amp; Streetfood \u2013 Tickets sichern &amp; in Wei\u00df tanzen. Jetzt buchen!\" \/>\n<meta name=\"robots\" content=\"index, follow, max-snippet:-1, max-image-preview:large, max-video-preview:-1\" \/>\n<link rel=\"canonical\" href=\"https:\/\/www.heidelberger-schloss-gastronomie.de\/shop\/white-night-party-heidelberger-schloss-2025\/\" \/>\n<meta property=\"og:locale\" content=\"en_US\" \/>\n<meta property=\"og:type\" content=\"article\" \/>\n<meta property=\"og:title\" content=\"White Night Schloss Heidelberg 2025\" \/>\n<meta property=\"og:description\" content=\"Feiere die White Night Party 2025 auf dem Heidelberger Schloss! Musik, Drinks &amp; Streetfood \u2013 Tickets sichern &amp; in Wei\u00df tanzen. Jetzt buchen!\" \/>\n<meta property=\"og:url\" content=\"https:\/\/www.heidelberger-schloss-gastronomie.de\/shop\/white-night-party-heidelberger-schloss-2025\/\" \/>\n<meta property=\"og:site_name\" content=\"Heidelberger Schloss Restaurants &amp; Events\" \/>\n<meta property=\"article:publisher\" content=\"https:\/\/www.facebook.com\/heidelberger.schloss.gastronomie\/\" \/>\n<meta property=\"article:modified_time\" content=\"2025-08-23T12:42:27+00:00\" \/>\n<meta property=\"og:image\" content=\"https:\/\/www.heidelberger-schloss-gastronomie.de\/wp-content\/uploads\/2025_ABC_Whitnight_HD_KV_1920x1440.jpg\" \/>\n\t<meta property=\"og:image:width\" content=\"1937\" \/>\n\t<meta property=\"og:image:height\" content=\"1457\" \/>\n\t<meta property=\"og:image:type\" content=\"image\/jpeg\" \/>\n<meta name=\"twitter:card\" content=\"summary_large_image\" \/>\n<meta name=\"twitter:label1\" content=\"Est. reading time\" \/>\n\t<meta name=\"twitter:data1\" content=\"3 minutes\" \/>\n<script type=\"application\/ld+json\" class=\"yoast-schema-graph\">{\"@context\":\"https:\\\/\\\/schema.org\",\"@graph\":[{\"@type\":\"WebPage\",\"@id\":\"https:\\\/\\\/www.heidelberger-schloss-gastronomie.de\\\/shop\\\/white-night-party-heidelberger-schloss-2025\\\/\",\"url\":\"https:\\\/\\\/www.heidelberger-schloss-gastronomie.de\\\/shop\\\/white-night-party-heidelberger-schloss-2025\\\/\",\"name\":\"White Night Schloss Heidelberg 2025\",\"isPartOf\":{\"@id\":\"https:\\\/\\\/www.heidelberger-schloss-gastronomie.de\\\/#website\"},\"primaryImageOfPage\":{\"@id\":\"https:\\\/\\\/www.heidelberger-schloss-gastronomie.de\\\/shop\\\/white-night-party-heidelberger-schloss-2025\\\/#primaryimage\"},\"image\":{\"@id\":\"https:\\\/\\\/www.heidelberger-schloss-gastronomie.de\\\/shop\\\/white-night-party-heidelberger-schloss-2025\\\/#primaryimage\"},\"thumbnailUrl\":\"https:\\\/\\\/www.heidelberger-schloss-gastronomie.de\\\/wp-content\\\/uploads\\\/2025_ABC_Whitnight_HD_KV_1920x1440.jpg\",\"datePublished\":\"2024-11-25T11:54:33+00:00\",\"dateModified\":\"2025-08-23T12:42:27+00:00\",\"description\":\"Feiere die White Night Party 2025 auf dem Heidelberger Schloss! Musik, Drinks & Streetfood \u2013 Tickets sichern & in Wei\u00df tanzen. Jetzt buchen!\",\"breadcrumb\":{\"@id\":\"https:\\\/\\\/www.heidelberger-schloss-gastronomie.de\\\/shop\\\/white-night-party-heidelberger-schloss-2025\\\/#breadcrumb\"},\"inLanguage\":\"en-US\",\"potentialAction\":[{\"@type\":\"ReadAction\",\"target\":[\"https:\\\/\\\/www.heidelberger-schloss-gastronomie.de\\\/shop\\\/white-night-party-heidelberger-schloss-2025\\\/\"]}]},{\"@type\":\"ImageObject\",\"inLanguage\":\"en-US\",\"@id\":\"https:\\\/\\\/www.heidelberger-schloss-gastronomie.de\\\/shop\\\/white-night-party-heidelberger-schloss-2025\\\/#primaryimage\",\"url\":\"https:\\\/\\\/www.heidelberger-schloss-gastronomie.de\\\/wp-content\\\/uploads\\\/2025_ABC_Whitnight_HD_KV_1920x1440.jpg\",\"contentUrl\":\"https:\\\/\\\/www.heidelberger-schloss-gastronomie.de\\\/wp-content\\\/uploads\\\/2025_ABC_Whitnight_HD_KV_1920x1440.jpg\",\"width\":1937,\"height\":1457},{\"@type\":\"BreadcrumbList\",\"@id\":\"https:\\\/\\\/www.heidelberger-schloss-gastronomie.de\\\/shop\\\/white-night-party-heidelberger-schloss-2025\\\/#breadcrumb\",\"itemListElement\":[{\"@type\":\"ListItem\",\"position\":1,\"name\":\"Startseite\",\"item\":\"https:\\\/\\\/www.heidelberger-schloss-gastronomie.de\\\/\"},{\"@type\":\"ListItem\",\"position\":2,\"name\":\"Online Shop\",\"item\":\"https:\\\/\\\/www.heidelberger-schloss-gastronomie.de\\\/onlineshop\\\/\"},{\"@type\":\"ListItem\",\"position\":3,\"name\":\"White Night &#8211; die Party auf dem Heidelberger Schloss | 23. August 2025\"}]},{\"@type\":\"WebSite\",\"@id\":\"https:\\\/\\\/www.heidelberger-schloss-gastronomie.de\\\/#website\",\"url\":\"https:\\\/\\\/www.heidelberger-schloss-gastronomie.de\\\/\",\"name\":\"Heidelberger Schloss Restaurants &amp; Events\",\"description\":\"\",\"publisher\":{\"@id\":\"https:\\\/\\\/www.heidelberger-schloss-gastronomie.de\\\/#organization\"},\"potentialAction\":[{\"@type\":\"SearchAction\",\"target\":{\"@type\":\"EntryPoint\",\"urlTemplate\":\"https:\\\/\\\/www.heidelberger-schloss-gastronomie.de\\\/?s={search_term_string}\"},\"query-input\":{\"@type\":\"PropertyValueSpecification\",\"valueRequired\":true,\"valueName\":\"search_term_string\"}}],\"inLanguage\":\"en-US\"},{\"@type\":\"Organization\",\"@id\":\"https:\\\/\\\/www.heidelberger-schloss-gastronomie.de\\\/#organization\",\"name\":\"Heidelberger Schloss Restaurants & Events GmbH & Co. KG\",\"url\":\"https:\\\/\\\/www.heidelberger-schloss-gastronomie.de\\\/\",\"logo\":{\"@type\":\"ImageObject\",\"inLanguage\":\"en-US\",\"@id\":\"https:\\\/\\\/www.heidelberger-schloss-gastronomie.de\\\/#\\\/schema\\\/logo\\\/image\\\/\",\"url\":\"https:\\\/\\\/www.heidelberger-schloss-gastronomie.de\\\/wp-content\\\/uploads\\\/200610_Logo_HDSRE_2020_kompakt.png\",\"contentUrl\":\"https:\\\/\\\/www.heidelberger-schloss-gastronomie.de\\\/wp-content\\\/uploads\\\/200610_Logo_HDSRE_2020_kompakt.png\",\"width\":596,\"height\":593,\"caption\":\"Heidelberger Schloss Restaurants & Events GmbH & Co. KG\"},\"image\":{\"@id\":\"https:\\\/\\\/www.heidelberger-schloss-gastronomie.de\\\/#\\\/schema\\\/logo\\\/image\\\/\"},\"sameAs\":[\"https:\\\/\\\/www.facebook.com\\\/heidelberger.schloss.gastronomie\\\/\",\"https:\\\/\\\/www.instagram.com\\\/heidelbergerschlossgastronomie\\\/\",\"https:\\\/\\\/www.youtube.com\\\/channel\\\/UCLlhNkc66V1EI0fQqAzWoGQ\"]}]}<\/script>\n<!-- \/ Yoast SEO plugin. -->","yoast_head_json":{"title":"White Night Schloss Heidelberg 2025","description":"Feiere die White Night Party 2025 auf dem Heidelberger Schloss! Musik, Drinks & Streetfood \u2013 Tickets sichern & in Wei\u00df tanzen. Jetzt buchen!","robots":{"index":"index","follow":"follow","max-snippet":"max-snippet:-1","max-image-preview":"max-image-preview:large","max-video-preview":"max-video-preview:-1"},"canonical":"https:\/\/www.heidelberger-schloss-gastronomie.de\/shop\/white-night-party-heidelberger-schloss-2025\/","og_locale":"en_US","og_type":"article","og_title":"White Night Schloss Heidelberg 2025","og_description":"Feiere die White Night Party 2025 auf dem Heidelberger Schloss! Musik, Drinks & Streetfood \u2013 Tickets sichern & in Wei\u00df tanzen. Jetzt buchen!","og_url":"https:\/\/www.heidelberger-schloss-gastronomie.de\/shop\/white-night-party-heidelberger-schloss-2025\/","og_site_name":"Heidelberger Schloss Restaurants &amp; Events","article_publisher":"https:\/\/www.facebook.com\/heidelberger.schloss.gastronomie\/","article_modified_time":"2025-08-23T12:42:27+00:00","og_image":[{"width":1937,"height":1457,"url":"https:\/\/www.heidelberger-schloss-gastronomie.de\/wp-content\/uploads\/2025_ABC_Whitnight_HD_KV_1920x1440.jpg","type":"image\/jpeg"}],"twitter_card":"summary_large_image","twitter_misc":{"Est. reading time":"3 minutes"},"schema":{"@context":"https:\/\/schema.org","@graph":[{"@type":"WebPage","@id":"https:\/\/www.heidelberger-schloss-gastronomie.de\/shop\/white-night-party-heidelberger-schloss-2025\/","url":"https:\/\/www.heidelberger-schloss-gastronomie.de\/shop\/white-night-party-heidelberger-schloss-2025\/","name":"White Night Schloss Heidelberg 2025","isPartOf":{"@id":"https:\/\/www.heidelberger-schloss-gastronomie.de\/#website"},"primaryImageOfPage":{"@id":"https:\/\/www.heidelberger-schloss-gastronomie.de\/shop\/white-night-party-heidelberger-schloss-2025\/#primaryimage"},"image":{"@id":"https:\/\/www.heidelberger-schloss-gastronomie.de\/shop\/white-night-party-heidelberger-schloss-2025\/#primaryimage"},"thumbnailUrl":"https:\/\/www.heidelberger-schloss-gastronomie.de\/wp-content\/uploads\/2025_ABC_Whitnight_HD_KV_1920x1440.jpg","datePublished":"2024-11-25T11:54:33+00:00","dateModified":"2025-08-23T12:42:27+00:00","description":"Feiere die White Night Party 2025 auf dem Heidelberger Schloss! Musik, Drinks & Streetfood \u2013 Tickets sichern & in Wei\u00df tanzen. Jetzt buchen!","breadcrumb":{"@id":"https:\/\/www.heidelberger-schloss-gastronomie.de\/shop\/white-night-party-heidelberger-schloss-2025\/#breadcrumb"},"inLanguage":"en-US","potentialAction":[{"@type":"ReadAction","target":["https:\/\/www.heidelberger-schloss-gastronomie.de\/shop\/white-night-party-heidelberger-schloss-2025\/"]}]},{"@type":"ImageObject","inLanguage":"en-US","@id":"https:\/\/www.heidelberger-schloss-gastronomie.de\/shop\/white-night-party-heidelberger-schloss-2025\/#primaryimage","url":"https:\/\/www.heidelberger-schloss-gastronomie.de\/wp-content\/uploads\/2025_ABC_Whitnight_HD_KV_1920x1440.jpg","contentUrl":"https:\/\/www.heidelberger-schloss-gastronomie.de\/wp-content\/uploads\/2025_ABC_Whitnight_HD_KV_1920x1440.jpg","width":1937,"height":1457},{"@type":"BreadcrumbList","@id":"https:\/\/www.heidelberger-schloss-gastronomie.de\/shop\/white-night-party-heidelberger-schloss-2025\/#breadcrumb","itemListElement":[{"@type":"ListItem","position":1,"name":"Startseite","item":"https:\/\/www.heidelberger-schloss-gastronomie.de\/"},{"@type":"ListItem","position":2,"name":"Online Shop","item":"https:\/\/www.heidelberger-schloss-gastronomie.de\/onlineshop\/"},{"@type":"ListItem","position":3,"name":"White Night &#8211; die Party auf dem Heidelberger Schloss | 23. August 2025"}]},{"@type":"WebSite","@id":"https:\/\/www.heidelberger-schloss-gastronomie.de\/#website","url":"https:\/\/www.heidelberger-schloss-gastronomie.de\/","name":"Heidelberger Schloss Restaurants &amp; Events","description":"","publisher":{"@id":"https:\/\/www.heidelberger-schloss-gastronomie.de\/#organization"},"potentialAction":[{"@type":"SearchAction","target":{"@type":"EntryPoint","urlTemplate":"https:\/\/www.heidelberger-schloss-gastronomie.de\/?s={search_term_string}"},"query-input":{"@type":"PropertyValueSpecification","valueRequired":true,"valueName":"search_term_string"}}],"inLanguage":"en-US"},{"@type":"Organization","@id":"https:\/\/www.heidelberger-schloss-gastronomie.de\/#organization","name":"Heidelberger Schloss Restaurants & Events GmbH & Co. KG","url":"https:\/\/www.heidelberger-schloss-gastronomie.de\/","logo":{"@type":"ImageObject","inLanguage":"en-US","@id":"https:\/\/www.heidelberger-schloss-gastronomie.de\/#\/schema\/logo\/image\/","url":"https:\/\/www.heidelberger-schloss-gastronomie.de\/wp-content\/uploads\/200610_Logo_HDSRE_2020_kompakt.png","contentUrl":"https:\/\/www.heidelberger-schloss-gastronomie.de\/wp-content\/uploads\/200610_Logo_HDSRE_2020_kompakt.png","width":596,"height":593,"caption":"Heidelberger Schloss Restaurants & Events GmbH & Co. KG"},"image":{"@id":"https:\/\/www.heidelberger-schloss-gastronomie.de\/#\/schema\/logo\/image\/"},"sameAs":["https:\/\/www.facebook.com\/heidelberger.schloss.gastronomie\/","https:\/\/www.instagram.com\/heidelbergerschlossgastronomie\/","https:\/\/www.youtube.com\/channel\/UCLlhNkc66V1EI0fQqAzWoGQ"]}]}},"_links":{"self":[{"href":"https:\/\/www.heidelberger-schloss-gastronomie.de\/en\/wp-json\/wp\/v2\/product\/111177","targetHints":{"allow":["GET"]}}],"collection":[{"href":"https:\/\/www.heidelberger-schloss-gastronomie.de\/en\/wp-json\/wp\/v2\/product"}],"about":[{"href":"https:\/\/www.heidelberger-schloss-gastronomie.de\/en\/wp-json\/wp\/v2\/types\/product"}],"version-history":[{"count":2,"href":"https:\/\/www.heidelberger-schloss-gastronomie.de\/en\/wp-json\/wp\/v2\/product\/111177\/revisions"}],"predecessor-version":[{"id":139570,"href":"https:\/\/www.heidelberger-schloss-gastronomie.de\/en\/wp-json\/wp\/v2\/product\/111177\/revisions\/139570"}],"wp:featuredmedia":[{"embeddable":true,"href":"https:\/\/www.heidelberger-schloss-gastronomie.de\/en\/wp-json\/wp\/v2\/media\/139659"}],"wp:attachment":[{"href":"https:\/\/www.heidelberger-schloss-gastronomie.de\/en\/wp-json\/wp\/v2\/media?parent=111177"}],"wp:term":[{"taxonomy":"product_brand","embeddable":true,"href":"https:\/\/www.heidelberger-schloss-gastronomie.de\/en\/wp-json\/wp\/v2\/product_brand?post=111177"},{"taxonomy":"product_cat","embeddable":true,"href":"https:\/\/www.heidelberger-schloss-gastronomie.de\/en\/wp-json\/wp\/v2\/product_cat?post=111177"},{"taxonomy":"product_tag","embeddable":true,"href":"https:\/\/www.heidelberger-schloss-gastronomie.de\/en\/wp-json\/wp\/v2\/product_tag?post=111177"}],"curies":[{"name":"wp","href":"https:\/\/api.w.org\/{rel}","templated":true}]}}