{"id":112499,"date":"2024-12-05T15:58:11","date_gmt":"2024-12-05T14:58:11","guid":{"rendered":"https:\/\/www.heidelberger-schloss-gastronomie.de\/?post_type=product&#038;p=112499"},"modified":"2025-12-19T16:25:21","modified_gmt":"2025-12-19T15:25:21","slug":"weihnachtsbrunch-backhaus","status":"publish","type":"product","link":"https:\/\/www.heidelberger-schloss-gastronomie.de\/en\/shop\/weihnachtsbrunch-backhaus\/","title":{"rendered":"Gro\u00dfer Weihnachtsbrunch im Backhaus | 25. Dezember 2024"},"content":{"rendered":"<h2>Gro\u00dfer Weihnachtsbrunch im historischen Backhaus am 25. Dezember<\/h2>\n<p><strong>| 11.30 Uhr bis 15.00 Uhr |<br \/>\n<\/strong><\/p>\n<p>Wir laden Sie und Ihre Liebsten zum gro\u00dfen Weihnachtsbrunch am ersten Weihnachtsfeiertag auf das Heidelberger Schloss ein!<\/p>\n<p>Lassen Sie sich von uns kulinarisch verw\u00f6hnen und genie\u00dfen Sie sorglose Stunden bei unserem weihnachtlichen Brunch auf dem Heidelberger Schloss. Es erwartet Sie eine gro\u00dfe Auswahl an k\u00f6stlichen Vorspeisen und Fr\u00fchst\u00fccksklassiker, eine jahreszeitliche Suppe und drei leckere Hauptg\u00e4nge zur Wahl. Unser Dessertbuffet aus der hauseigenen Patisserie sorgt f\u00fcr das s\u00fc\u00dfe Finale.<\/p>\n<p>Egal ob jung, alt, klein oder gro\u00df, Fleischliebhaber oder Vegetarier, beim gro\u00dfen Weihnachtsbrunch im Heidelberger Schloss ist f\u00fcr jeden Geschmack etwas dabei!<\/p>\n<p>&nbsp;<\/p>\n<h2>Anreise &amp; Parken<\/h2>\n<p>Parkpl\u00e4tze stehen auf dem ausgewiesenen Parkgel\u00e4nde oberhalb des Schlosses zur Verf\u00fcgung (tags\u00fcber kostenpflichtig, ausschlie\u00dflich mit Kleingeld oder EasyPark App). Von dort aus gelangen Sie \u00fcber einen kurzen Fu\u00dfweg durch den Schlossgarten zu uns.<br \/>\nParkplatzadresse: Schloss-Wolfsbrunnenweg 20 | 69117 Heidelberg<\/p>\n<p>Alternativ bietet sich auch das Parkhaus P12 an der Bergbahn in der Altstadt an, von dort aus gelangen Sie zu Fu\u00df \u00fcber die ber\u00fchmten Treppenstufen oder durch eine kurze Fahrt mit der Bergbahn zum Schlossgel\u00e4nde. Je nach Wetter und Besucheraufkommen kann hier eine gewisse Wartezeit anfallen. Bitte pr\u00fcfen Sie ggf. die aktuellen <a href=\"https:\/\/www.bergbahn-heidelberg.de\/\" target=\"_blank\" rel=\"noopener\">Fahrtzeiten der Bergbahn<\/a>.<br \/>\nParkhausadresse: Parkhaus Kornmarkt\/Schloss P12, Zwingerstra\u00dfe 20, 69117 Heidelberg<\/p>\n<p>&nbsp;<\/p>\n<h2>Barrierefreiheit<\/h2>\n<p>Menschen mit Einschr\u00e4nkung stehen spezielle Parkpl\u00e4tze vor der Bergbahn zur Verf\u00fcgung. Unser Backhaus ist nicht behindertengerecht. Der Zugang zu unseren Locations sowie der Schlosshof sind kopfsteingepflastert.<\/p>\n<p>Bei Fragen und Anliegen sind wir jederzeit gerne f\u00fcr Sie da.\u00a0<strong>Kontakt:\u00a0<\/strong>info@hdsre.de | 06221. 8727010<\/p>\n<p>&nbsp;<\/p>\n<h2>Auch zum Verschenken<\/h2>\n<p>Unsere Veranstaltungen eignen sich auch perfekt als Geschenk f\u00fcr alle Genuss- und Musikliebhaber. Verschenken Sie einfach den passenden <a href=\"https:\/\/www.heidelberger-schloss-gastronomie.de\/shop\/wertgutschein\/\">Wertgutschein<\/a>. Die Beschenkten k\u00f6nnen den Gutschein dann im Onlineshop gegen ein Ticket zu perfekt passenden Datum einl\u00f6sen.<\/p>\n<p>&nbsp;<\/p>\n","protected":false},"excerpt":{"rendered":"<p><strong>Auf einen Blick:<\/strong><\/p>\n<ul>\n<li>Weihnachtsbrunch am 25. Dezember im historischen Backhaus<\/li>\n<li>ein Begr\u00fc\u00dfungs-Champagner<\/li>\n<li>ausgiebiges weihnachtliches Brunchbuffet mit Fr\u00fchst\u00fcck in 4-G\u00e4ngen<\/li>\n<li>alle Getr\u00e4nke inkl. Wasser, S\u00e4fte, Softs, Kaffee &amp; begleitender Weine<\/li>\n<\/ul>\n","protected":false},"featured_media":112508,"template":"","meta":{"_price":"0","_stock":"","_tribe_ticket_header":"","_tribe_default_ticket_provider":"","_tribe_ticket_capacity":"0","_ticket_start_date":"","_ticket_end_date":"","_tribe_ticket_show_description":"","_tribe_ticket_show_not_going":false,"_tribe_ticket_use_global_stock":"","_tribe_ticket_global_stock_level":"","_global_stock_mode":"","_global_stock_cap":"","_tribe_rsvp_for_event":"","_tribe_ticket_going_count":"","_tribe_ticket_not_going_count":"","_tribe_tickets_list":"[]","_tribe_ticket_has_attendee_info_fields":false,"_tec_slr_enabled":"","_tec_slr_layout":""},"product_brand":[],"product_cat":[152,205,42],"product_tag":[],"class_list":{"0":"post-112499","1":"product","2":"type-product","3":"status-publish","4":"has-post-thumbnail","6":"product_cat-brunch","7":"product_cat-schlossweinstube","8":"product_cat-tickets","9":"product_shipping_class-online","10":"entry","12":"first","13":"outofstock","14":"featured","15":"taxable","16":"shipping-taxable","17":"purchasable","18":"product-type-variable","19":"has-default-attributes"},"bundled_by":[],"bundle_stock_status":"outofstock","bundle_stock_quantity":null,"bundle_virtual":false,"bundle_layout":"","bundle_add_to_cart_form_location":"","bundle_editable_in_cart":false,"bundle_sold_individually_context":"","bundle_item_grouping":"","bundle_min_size":"","bundle_max_size":"","bundle_price":[],"bundled_items":[],"bundle_sell_ids":[],"yoast_head":"<!-- This site is optimized with the Yoast SEO plugin v27.4 - https:\/\/yoast.com\/product\/yoast-seo-wordpress\/ -->\n<title>Gro\u00dfer Weihnachtsbrunch im Backhaus | 25. Dezember 2024 - HDSRE<\/title>\n<meta name=\"robots\" content=\"index, follow, max-snippet:-1, max-image-preview:large, max-video-preview:-1\" \/>\n<link rel=\"canonical\" href=\"https:\/\/www.heidelberger-schloss-gastronomie.de\/shop\/weihnachtsbrunch-backhaus\/\" \/>\n<meta property=\"og:locale\" content=\"en_US\" \/>\n<meta property=\"og:type\" content=\"article\" \/>\n<meta property=\"og:title\" content=\"Gro\u00dfer Weihnachtsbrunch im Backhaus | 25. Dezember 2024 - HDSRE\" \/>\n<meta property=\"og:description\" content=\"Auf einen Blick:   Weihnachtsbrunch am 25. Dezember im historischen Backhaus  ein Begr\u00fc\u00dfungs-Champagner  ausgiebiges weihnachtliches Brunchbuffet mit Fr\u00fchst\u00fcck in 4-G\u00e4ngen  alle Getr\u00e4nke inkl. Wasser, S\u00e4fte, Softs, Kaffee &amp; begleitender Weine\" \/>\n<meta property=\"og:url\" content=\"https:\/\/www.heidelberger-schloss-gastronomie.de\/shop\/weihnachtsbrunch-backhaus\/\" \/>\n<meta property=\"og:site_name\" content=\"Heidelberger Schloss Restaurants &amp; Events\" \/>\n<meta property=\"article:publisher\" content=\"https:\/\/www.facebook.com\/heidelberger.schloss.gastronomie\/\" \/>\n<meta property=\"article:modified_time\" content=\"2025-12-19T15:25:21+00:00\" \/>\n<meta property=\"og:image\" content=\"https:\/\/www.heidelberger-schloss-gastronomie.de\/wp-content\/uploads\/BRUCH_BACKHAUS.png\" \/>\n\t<meta property=\"og:image:width\" content=\"1920\" \/>\n\t<meta property=\"og:image:height\" content=\"1440\" \/>\n\t<meta property=\"og:image:type\" content=\"image\/png\" \/>\n<meta name=\"twitter:card\" content=\"summary_large_image\" \/>\n<meta name=\"twitter:label1\" content=\"Est. reading time\" \/>\n\t<meta name=\"twitter:data1\" content=\"2 minutes\" \/>\n<script type=\"application\/ld+json\" class=\"yoast-schema-graph\">{\"@context\":\"https:\\\/\\\/schema.org\",\"@graph\":[{\"@type\":\"WebPage\",\"@id\":\"https:\\\/\\\/www.heidelberger-schloss-gastronomie.de\\\/shop\\\/weihnachtsbrunch-backhaus\\\/\",\"url\":\"https:\\\/\\\/www.heidelberger-schloss-gastronomie.de\\\/shop\\\/weihnachtsbrunch-backhaus\\\/\",\"name\":\"Gro\u00dfer Weihnachtsbrunch im Backhaus | 25. Dezember 2024 - HDSRE\",\"isPartOf\":{\"@id\":\"https:\\\/\\\/www.heidelberger-schloss-gastronomie.de\\\/#website\"},\"primaryImageOfPage\":{\"@id\":\"https:\\\/\\\/www.heidelberger-schloss-gastronomie.de\\\/shop\\\/weihnachtsbrunch-backhaus\\\/#primaryimage\"},\"image\":{\"@id\":\"https:\\\/\\\/www.heidelberger-schloss-gastronomie.de\\\/shop\\\/weihnachtsbrunch-backhaus\\\/#primaryimage\"},\"thumbnailUrl\":\"https:\\\/\\\/www.heidelberger-schloss-gastronomie.de\\\/wp-content\\\/uploads\\\/BRUCH_BACKHAUS.png\",\"datePublished\":\"2024-12-05T14:58:11+00:00\",\"dateModified\":\"2025-12-19T15:25:21+00:00\",\"breadcrumb\":{\"@id\":\"https:\\\/\\\/www.heidelberger-schloss-gastronomie.de\\\/shop\\\/weihnachtsbrunch-backhaus\\\/#breadcrumb\"},\"inLanguage\":\"en-US\",\"potentialAction\":[{\"@type\":\"ReadAction\",\"target\":[\"https:\\\/\\\/www.heidelberger-schloss-gastronomie.de\\\/shop\\\/weihnachtsbrunch-backhaus\\\/\"]}]},{\"@type\":\"ImageObject\",\"inLanguage\":\"en-US\",\"@id\":\"https:\\\/\\\/www.heidelberger-schloss-gastronomie.de\\\/shop\\\/weihnachtsbrunch-backhaus\\\/#primaryimage\",\"url\":\"https:\\\/\\\/www.heidelberger-schloss-gastronomie.de\\\/wp-content\\\/uploads\\\/BRUCH_BACKHAUS.png\",\"contentUrl\":\"https:\\\/\\\/www.heidelberger-schloss-gastronomie.de\\\/wp-content\\\/uploads\\\/BRUCH_BACKHAUS.png\",\"width\":1920,\"height\":1440},{\"@type\":\"BreadcrumbList\",\"@id\":\"https:\\\/\\\/www.heidelberger-schloss-gastronomie.de\\\/shop\\\/weihnachtsbrunch-backhaus\\\/#breadcrumb\",\"itemListElement\":[{\"@type\":\"ListItem\",\"position\":1,\"name\":\"Startseite\",\"item\":\"https:\\\/\\\/www.heidelberger-schloss-gastronomie.de\\\/\"},{\"@type\":\"ListItem\",\"position\":2,\"name\":\"Online Shop\",\"item\":\"https:\\\/\\\/www.heidelberger-schloss-gastronomie.de\\\/onlineshop\\\/\"},{\"@type\":\"ListItem\",\"position\":3,\"name\":\"Gro\u00dfer Weihnachtsbrunch im Backhaus | 25. Dezember 2024\"}]},{\"@type\":\"WebSite\",\"@id\":\"https:\\\/\\\/www.heidelberger-schloss-gastronomie.de\\\/#website\",\"url\":\"https:\\\/\\\/www.heidelberger-schloss-gastronomie.de\\\/\",\"name\":\"Heidelberger Schloss Restaurants &amp; Events\",\"description\":\"\",\"publisher\":{\"@id\":\"https:\\\/\\\/www.heidelberger-schloss-gastronomie.de\\\/#organization\"},\"potentialAction\":[{\"@type\":\"SearchAction\",\"target\":{\"@type\":\"EntryPoint\",\"urlTemplate\":\"https:\\\/\\\/www.heidelberger-schloss-gastronomie.de\\\/?s={search_term_string}\"},\"query-input\":{\"@type\":\"PropertyValueSpecification\",\"valueRequired\":true,\"valueName\":\"search_term_string\"}}],\"inLanguage\":\"en-US\"},{\"@type\":\"Organization\",\"@id\":\"https:\\\/\\\/www.heidelberger-schloss-gastronomie.de\\\/#organization\",\"name\":\"Heidelberger Schloss Restaurants & Events GmbH & Co. KG\",\"url\":\"https:\\\/\\\/www.heidelberger-schloss-gastronomie.de\\\/\",\"logo\":{\"@type\":\"ImageObject\",\"inLanguage\":\"en-US\",\"@id\":\"https:\\\/\\\/www.heidelberger-schloss-gastronomie.de\\\/#\\\/schema\\\/logo\\\/image\\\/\",\"url\":\"https:\\\/\\\/www.heidelberger-schloss-gastronomie.de\\\/wp-content\\\/uploads\\\/200610_Logo_HDSRE_2020_kompakt.png\",\"contentUrl\":\"https:\\\/\\\/www.heidelberger-schloss-gastronomie.de\\\/wp-content\\\/uploads\\\/200610_Logo_HDSRE_2020_kompakt.png\",\"width\":596,\"height\":593,\"caption\":\"Heidelberger Schloss Restaurants & Events GmbH & Co. KG\"},\"image\":{\"@id\":\"https:\\\/\\\/www.heidelberger-schloss-gastronomie.de\\\/#\\\/schema\\\/logo\\\/image\\\/\"},\"sameAs\":[\"https:\\\/\\\/www.facebook.com\\\/heidelberger.schloss.gastronomie\\\/\",\"https:\\\/\\\/www.instagram.com\\\/heidelbergerschlossgastronomie\\\/\",\"https:\\\/\\\/www.youtube.com\\\/channel\\\/UCLlhNkc66V1EI0fQqAzWoGQ\"]}]}<\/script>\n<!-- \/ Yoast SEO plugin. -->","yoast_head_json":{"title":"Gro\u00dfer Weihnachtsbrunch im Backhaus | 25. Dezember 2024 - HDSRE","robots":{"index":"index","follow":"follow","max-snippet":"max-snippet:-1","max-image-preview":"max-image-preview:large","max-video-preview":"max-video-preview:-1"},"canonical":"https:\/\/www.heidelberger-schloss-gastronomie.de\/shop\/weihnachtsbrunch-backhaus\/","og_locale":"en_US","og_type":"article","og_title":"Gro\u00dfer Weihnachtsbrunch im Backhaus | 25. Dezember 2024 - HDSRE","og_description":"Auf einen Blick:   Weihnachtsbrunch am 25. Dezember im historischen Backhaus  ein Begr\u00fc\u00dfungs-Champagner  ausgiebiges weihnachtliches Brunchbuffet mit Fr\u00fchst\u00fcck in 4-G\u00e4ngen  alle Getr\u00e4nke inkl. Wasser, S\u00e4fte, Softs, Kaffee &amp; begleitender Weine","og_url":"https:\/\/www.heidelberger-schloss-gastronomie.de\/shop\/weihnachtsbrunch-backhaus\/","og_site_name":"Heidelberger Schloss Restaurants &amp; Events","article_publisher":"https:\/\/www.facebook.com\/heidelberger.schloss.gastronomie\/","article_modified_time":"2025-12-19T15:25:21+00:00","og_image":[{"width":1920,"height":1440,"url":"https:\/\/www.heidelberger-schloss-gastronomie.de\/wp-content\/uploads\/BRUCH_BACKHAUS.png","type":"image\/png"}],"twitter_card":"summary_large_image","twitter_misc":{"Est. reading time":"2 minutes"},"schema":{"@context":"https:\/\/schema.org","@graph":[{"@type":"WebPage","@id":"https:\/\/www.heidelberger-schloss-gastronomie.de\/shop\/weihnachtsbrunch-backhaus\/","url":"https:\/\/www.heidelberger-schloss-gastronomie.de\/shop\/weihnachtsbrunch-backhaus\/","name":"Gro\u00dfer Weihnachtsbrunch im Backhaus | 25. Dezember 2024 - HDSRE","isPartOf":{"@id":"https:\/\/www.heidelberger-schloss-gastronomie.de\/#website"},"primaryImageOfPage":{"@id":"https:\/\/www.heidelberger-schloss-gastronomie.de\/shop\/weihnachtsbrunch-backhaus\/#primaryimage"},"image":{"@id":"https:\/\/www.heidelberger-schloss-gastronomie.de\/shop\/weihnachtsbrunch-backhaus\/#primaryimage"},"thumbnailUrl":"https:\/\/www.heidelberger-schloss-gastronomie.de\/wp-content\/uploads\/BRUCH_BACKHAUS.png","datePublished":"2024-12-05T14:58:11+00:00","dateModified":"2025-12-19T15:25:21+00:00","breadcrumb":{"@id":"https:\/\/www.heidelberger-schloss-gastronomie.de\/shop\/weihnachtsbrunch-backhaus\/#breadcrumb"},"inLanguage":"en-US","potentialAction":[{"@type":"ReadAction","target":["https:\/\/www.heidelberger-schloss-gastronomie.de\/shop\/weihnachtsbrunch-backhaus\/"]}]},{"@type":"ImageObject","inLanguage":"en-US","@id":"https:\/\/www.heidelberger-schloss-gastronomie.de\/shop\/weihnachtsbrunch-backhaus\/#primaryimage","url":"https:\/\/www.heidelberger-schloss-gastronomie.de\/wp-content\/uploads\/BRUCH_BACKHAUS.png","contentUrl":"https:\/\/www.heidelberger-schloss-gastronomie.de\/wp-content\/uploads\/BRUCH_BACKHAUS.png","width":1920,"height":1440},{"@type":"BreadcrumbList","@id":"https:\/\/www.heidelberger-schloss-gastronomie.de\/shop\/weihnachtsbrunch-backhaus\/#breadcrumb","itemListElement":[{"@type":"ListItem","position":1,"name":"Startseite","item":"https:\/\/www.heidelberger-schloss-gastronomie.de\/"},{"@type":"ListItem","position":2,"name":"Online Shop","item":"https:\/\/www.heidelberger-schloss-gastronomie.de\/onlineshop\/"},{"@type":"ListItem","position":3,"name":"Gro\u00dfer Weihnachtsbrunch im Backhaus | 25. Dezember 2024"}]},{"@type":"WebSite","@id":"https:\/\/www.heidelberger-schloss-gastronomie.de\/#website","url":"https:\/\/www.heidelberger-schloss-gastronomie.de\/","name":"Heidelberger Schloss Restaurants &amp; Events","description":"","publisher":{"@id":"https:\/\/www.heidelberger-schloss-gastronomie.de\/#organization"},"potentialAction":[{"@type":"SearchAction","target":{"@type":"EntryPoint","urlTemplate":"https:\/\/www.heidelberger-schloss-gastronomie.de\/?s={search_term_string}"},"query-input":{"@type":"PropertyValueSpecification","valueRequired":true,"valueName":"search_term_string"}}],"inLanguage":"en-US"},{"@type":"Organization","@id":"https:\/\/www.heidelberger-schloss-gastronomie.de\/#organization","name":"Heidelberger Schloss Restaurants & Events GmbH & Co. KG","url":"https:\/\/www.heidelberger-schloss-gastronomie.de\/","logo":{"@type":"ImageObject","inLanguage":"en-US","@id":"https:\/\/www.heidelberger-schloss-gastronomie.de\/#\/schema\/logo\/image\/","url":"https:\/\/www.heidelberger-schloss-gastronomie.de\/wp-content\/uploads\/200610_Logo_HDSRE_2020_kompakt.png","contentUrl":"https:\/\/www.heidelberger-schloss-gastronomie.de\/wp-content\/uploads\/200610_Logo_HDSRE_2020_kompakt.png","width":596,"height":593,"caption":"Heidelberger Schloss Restaurants & Events GmbH & Co. KG"},"image":{"@id":"https:\/\/www.heidelberger-schloss-gastronomie.de\/#\/schema\/logo\/image\/"},"sameAs":["https:\/\/www.facebook.com\/heidelberger.schloss.gastronomie\/","https:\/\/www.instagram.com\/heidelbergerschlossgastronomie\/","https:\/\/www.youtube.com\/channel\/UCLlhNkc66V1EI0fQqAzWoGQ"]}]}},"_links":{"self":[{"href":"https:\/\/www.heidelberger-schloss-gastronomie.de\/en\/wp-json\/wp\/v2\/product\/112499","targetHints":{"allow":["GET"]}}],"collection":[{"href":"https:\/\/www.heidelberger-schloss-gastronomie.de\/en\/wp-json\/wp\/v2\/product"}],"about":[{"href":"https:\/\/www.heidelberger-schloss-gastronomie.de\/en\/wp-json\/wp\/v2\/types\/product"}],"version-history":[{"count":0,"href":"https:\/\/www.heidelberger-schloss-gastronomie.de\/en\/wp-json\/wp\/v2\/product\/112499\/revisions"}],"wp:featuredmedia":[{"embeddable":true,"href":"https:\/\/www.heidelberger-schloss-gastronomie.de\/en\/wp-json\/wp\/v2\/media\/112508"}],"wp:attachment":[{"href":"https:\/\/www.heidelberger-schloss-gastronomie.de\/en\/wp-json\/wp\/v2\/media?parent=112499"}],"wp:term":[{"taxonomy":"product_brand","embeddable":true,"href":"https:\/\/www.heidelberger-schloss-gastronomie.de\/en\/wp-json\/wp\/v2\/product_brand?post=112499"},{"taxonomy":"product_cat","embeddable":true,"href":"https:\/\/www.heidelberger-schloss-gastronomie.de\/en\/wp-json\/wp\/v2\/product_cat?post=112499"},{"taxonomy":"product_tag","embeddable":true,"href":"https:\/\/www.heidelberger-schloss-gastronomie.de\/en\/wp-json\/wp\/v2\/product_tag?post=112499"}],"curies":[{"name":"wp","href":"https:\/\/api.w.org\/{rel}","templated":true}]}}