{"id":116582,"date":"2025-01-09T17:48:29","date_gmt":"2025-01-09T16:48:29","guid":{"rendered":"https:\/\/www.heidelberger-schloss-gastronomie.de\/?post_type=product&#038;p=116582"},"modified":"2025-03-08T14:08:03","modified_gmt":"2025-03-08T13:08:03","slug":"ladys-night","status":"publish","type":"product","link":"https:\/\/www.heidelberger-schloss-gastronomie.de\/en\/shop\/ladys-night\/","title":{"rendered":"Ladys Night &#8211; K\u00fcchenparty im Heidelberger Schloss zum Weltfrauentag | 08.M\u00e4rz 2025"},"content":{"rendered":"<h2>Weltfrauentag K\u00fcchenparty im Heidelberger Schloss<\/h2>\n<p><strong>| Samstag, 08.03.2025 | Beginn: 19 Uhr |<br \/>\n<\/strong><\/p>\n<p>Feiern Sie den Weltfrauentag in besonderem Ambiente \u2013 in der Schlossk\u00fcche des Heidelberger Schlosses!<\/p>\n<p>Starten Sie den Abend mit einem prickelnden Champagneraperitif und freuen Sie sich auf eine unvergessliche \u00dcberraschung zum Weltfrauentag.<\/p>\n<p>Erleben Sie kulinarische Highlights in lockerer Atmosph\u00e4re. Gastgeber Martin Scharff und sein Team verw\u00f6hnen Sie mit kreativen K\u00f6stlichkeiten, begleitet von ausgew\u00e4hlten Spitzenweinen und Open Bar.<\/p>\n<p>Nat\u00fcrlich sind auch M\u00e4nner herzlich willkommen, diesen besonderen Abend mit uns zu feiern!<\/p>\n<p>&nbsp;<\/p>\n<h2>Anfahrt &amp; Parken<\/h2>\n<p>Parkpl\u00e4tze stehen auf dem ausgewiesenen Parkgel\u00e4nde oberhalb des Schlosses zur Verf\u00fcgung. Bis 18h parken Sie dort geb\u00fchrenpflichtig, ab 18h sind die Parkpl\u00e4tze kostenfrei. Von dort aus gelangen Sie \u00fcber einen kurzen Fu\u00dfweg durch den Schlossgarten zu uns.<br \/>\nParkplatzadresse: Schloss-Wolfsbrunnenweg 20 | 69117 Heidelberg<\/p>\n<p>Wir bitten Sie, besonders ab Mitte Februar bis April, bei Ihrer Anreise auf dem Schlossgel\u00e4nde und den umliegenden Stra\u00dfen auf kleine Tiere und Amphibien zu achten. In dieser Zeit ist Amphibienwanderung\u00a0und auch wir m\u00f6chten die bunte Tierwelt um das Heidelberger Schloss sch\u00fctzen. Vielen Dank.<\/p>\n<h2>Barrierefreiheit<\/h2>\n<p>Menschen mit Behinderung stehen spezielle Parkpl\u00e4tze vor der Bergbahn zur Verf\u00fcgung. Unsere Schlossweinstube ist nicht behindertengerecht. Der Zugang zu unseren Locations sowie der Schlosshof sind kopfsteingepflastert.<\/p>\n<p>Bei Fragen und Anliegen sind wir jederzeit gerne f\u00fcr Sie da.\u00a0<strong>Kontakt:\u00a0<\/strong>info@hdsre.de | 06221. 8727010<\/p>\n<p>&nbsp;<\/p>\n<p>Disclaimer: F\u00fcr die Veranstaltung werden Film- und Tonaufnahmen sowie Fotos gemacht, mit deren (auch sp\u00e4teren) Verwendung Sie sich durch den Besuch der Veranstaltung einverstanden erkl\u00e4ren.<\/p>\n","protected":false},"excerpt":{"rendered":"<p>Feiern Sie den Weltfrauentag in besonderem Ambiente \u2013 in der Schlossk\u00fcche des Heidelberger Schlosses!<\/p>\n<p>&nbsp;<\/p>\n<p><strong>Auf einen Blick:<\/strong><\/p>\n<ul>\n<li>K\u00fcchenparty mit Martin Scharff und Team<\/li>\n<li>Inkl. Champanger-Aperitif<\/li>\n<li>5 kreative G\u00e4nge aus der Fr\u00fchlingsk\u00fcche<\/li>\n<li>Winzerin des Jahres 2024 vom Wein- und Sekthaus<br \/>\nSchreieck schenken die besten Tropfen aus<\/li>\n<li>Open Bar mit ausgew\u00e4hlten Longdrinks<\/li>\n<li>Mit DJane Jasmin Perret und weiteren \u00dcberraschungen<\/li>\n<\/ul>\n","protected":false},"featured_media":116592,"template":"","meta":{"_price":"169","_stock":null,"_tribe_ticket_header":"","_tribe_default_ticket_provider":"","_tribe_ticket_capacity":"32","_ticket_start_date":"","_ticket_end_date":"","_tribe_ticket_show_description":"","_tribe_ticket_show_not_going":false,"_tribe_ticket_use_global_stock":"","_tribe_ticket_global_stock_level":"","_global_stock_mode":"","_global_stock_cap":"","_tribe_rsvp_for_event":"","_tribe_ticket_going_count":"","_tribe_ticket_not_going_count":"","_tribe_tickets_list":"[]","_tribe_ticket_has_attendee_info_fields":false,"_tec_slr_enabled":"","_tec_slr_layout":""},"product_brand":[],"product_cat":[208,205,42],"product_tag":[],"class_list":{"0":"post-116582","1":"product","2":"type-product","3":"status-publish","4":"has-post-thumbnail","6":"product_cat-events","7":"product_cat-schlossweinstube","8":"product_cat-tickets","9":"entry","11":"first","12":"instock","13":"taxable","14":"shipping-taxable","15":"purchasable","16":"product-type-variable","17":"has-default-attributes"},"bundled_by":[],"bundle_stock_status":"instock","bundle_stock_quantity":null,"bundle_virtual":false,"bundle_layout":"","bundle_add_to_cart_form_location":"","bundle_editable_in_cart":false,"bundle_sold_individually_context":"","bundle_item_grouping":"","bundle_min_size":"","bundle_max_size":"","bundle_price":[],"bundled_items":[],"bundle_sell_ids":[],"yoast_head":"<!-- This site is optimized with the Yoast SEO plugin v27.4 - https:\/\/yoast.com\/product\/yoast-seo-wordpress\/ -->\n<title>Ladys Night - K\u00fcchenparty im Heidelberger Schloss zum Weltfrauentag | 08.M\u00e4rz 2025<\/title>\n<meta name=\"robots\" content=\"index, follow, max-snippet:-1, max-image-preview:large, max-video-preview:-1\" \/>\n<link rel=\"canonical\" href=\"https:\/\/www.heidelberger-schloss-gastronomie.de\/shop\/ladys-night\/\" \/>\n<meta property=\"og:locale\" content=\"en_US\" \/>\n<meta property=\"og:type\" content=\"article\" \/>\n<meta property=\"og:title\" content=\"Ladys Night - K\u00fcchenparty im Heidelberger Schloss zum Weltfrauentag | 08.M\u00e4rz 2025\" \/>\n<meta property=\"og:description\" content=\"Feiern Sie den Weltfrauentag in besonderem Ambiente \u2013 in der Schlossk\u00fcche des Heidelberger Schlosses!  &nbsp;  Auf einen Blick:   K\u00fcchenparty mit Martin Scharff und Team  Inkl. Champanger-Aperitif  5 kreative G\u00e4nge aus der Fr\u00fchlingsk\u00fcche  Winzerin des Jahres 2024 vom Wein- und Sekthaus Schreieck schenken die besten Tropfen aus  Open Bar mit ausgew\u00e4hlten Longdrinks  Mit DJane Jasmin Perret und weiteren \u00dcberraschungen\" \/>\n<meta property=\"og:url\" content=\"https:\/\/www.heidelberger-schloss-gastronomie.de\/shop\/ladys-night\/\" \/>\n<meta property=\"og:site_name\" content=\"Heidelberger Schloss Restaurants &amp; Events\" \/>\n<meta property=\"article:publisher\" content=\"https:\/\/www.facebook.com\/heidelberger.schloss.gastronomie\/\" \/>\n<meta property=\"article:modified_time\" content=\"2025-03-08T13:08:03+00:00\" \/>\n<meta property=\"og:image\" content=\"https:\/\/www.heidelberger-schloss-gastronomie.de\/wp-content\/uploads\/LadysNight_Kuechenparty.png\" \/>\n\t<meta property=\"og:image:width\" content=\"1920\" \/>\n\t<meta property=\"og:image:height\" content=\"1440\" \/>\n\t<meta property=\"og:image:type\" content=\"image\/png\" \/>\n<meta name=\"twitter:card\" content=\"summary_large_image\" \/>\n<meta name=\"twitter:label1\" content=\"Est. reading time\" \/>\n\t<meta name=\"twitter:data1\" content=\"2 minutes\" \/>\n<script type=\"application\/ld+json\" class=\"yoast-schema-graph\">{\"@context\":\"https:\\\/\\\/schema.org\",\"@graph\":[{\"@type\":\"WebPage\",\"@id\":\"https:\\\/\\\/www.heidelberger-schloss-gastronomie.de\\\/shop\\\/ladys-night\\\/\",\"url\":\"https:\\\/\\\/www.heidelberger-schloss-gastronomie.de\\\/shop\\\/ladys-night\\\/\",\"name\":\"Ladys Night - K\u00fcchenparty im Heidelberger Schloss zum Weltfrauentag | 08.M\u00e4rz 2025\",\"isPartOf\":{\"@id\":\"https:\\\/\\\/www.heidelberger-schloss-gastronomie.de\\\/#website\"},\"primaryImageOfPage\":{\"@id\":\"https:\\\/\\\/www.heidelberger-schloss-gastronomie.de\\\/shop\\\/ladys-night\\\/#primaryimage\"},\"image\":{\"@id\":\"https:\\\/\\\/www.heidelberger-schloss-gastronomie.de\\\/shop\\\/ladys-night\\\/#primaryimage\"},\"thumbnailUrl\":\"https:\\\/\\\/www.heidelberger-schloss-gastronomie.de\\\/wp-content\\\/uploads\\\/LadysNight_Kuechenparty.png\",\"datePublished\":\"2025-01-09T16:48:29+00:00\",\"dateModified\":\"2025-03-08T13:08:03+00:00\",\"breadcrumb\":{\"@id\":\"https:\\\/\\\/www.heidelberger-schloss-gastronomie.de\\\/shop\\\/ladys-night\\\/#breadcrumb\"},\"inLanguage\":\"en-US\",\"potentialAction\":[{\"@type\":\"ReadAction\",\"target\":[\"https:\\\/\\\/www.heidelberger-schloss-gastronomie.de\\\/shop\\\/ladys-night\\\/\"]}]},{\"@type\":\"ImageObject\",\"inLanguage\":\"en-US\",\"@id\":\"https:\\\/\\\/www.heidelberger-schloss-gastronomie.de\\\/shop\\\/ladys-night\\\/#primaryimage\",\"url\":\"https:\\\/\\\/www.heidelberger-schloss-gastronomie.de\\\/wp-content\\\/uploads\\\/LadysNight_Kuechenparty.png\",\"contentUrl\":\"https:\\\/\\\/www.heidelberger-schloss-gastronomie.de\\\/wp-content\\\/uploads\\\/LadysNight_Kuechenparty.png\",\"width\":1920,\"height\":1440},{\"@type\":\"BreadcrumbList\",\"@id\":\"https:\\\/\\\/www.heidelberger-schloss-gastronomie.de\\\/shop\\\/ladys-night\\\/#breadcrumb\",\"itemListElement\":[{\"@type\":\"ListItem\",\"position\":1,\"name\":\"Startseite\",\"item\":\"https:\\\/\\\/www.heidelberger-schloss-gastronomie.de\\\/\"},{\"@type\":\"ListItem\",\"position\":2,\"name\":\"Online Shop\",\"item\":\"https:\\\/\\\/www.heidelberger-schloss-gastronomie.de\\\/onlineshop\\\/\"},{\"@type\":\"ListItem\",\"position\":3,\"name\":\"Ladys Night &#8211; K\u00fcchenparty im Heidelberger Schloss zum Weltfrauentag | 08.M\u00e4rz 2025\"}]},{\"@type\":\"WebSite\",\"@id\":\"https:\\\/\\\/www.heidelberger-schloss-gastronomie.de\\\/#website\",\"url\":\"https:\\\/\\\/www.heidelberger-schloss-gastronomie.de\\\/\",\"name\":\"Heidelberger Schloss Restaurants &amp; Events\",\"description\":\"\",\"publisher\":{\"@id\":\"https:\\\/\\\/www.heidelberger-schloss-gastronomie.de\\\/#organization\"},\"potentialAction\":[{\"@type\":\"SearchAction\",\"target\":{\"@type\":\"EntryPoint\",\"urlTemplate\":\"https:\\\/\\\/www.heidelberger-schloss-gastronomie.de\\\/?s={search_term_string}\"},\"query-input\":{\"@type\":\"PropertyValueSpecification\",\"valueRequired\":true,\"valueName\":\"search_term_string\"}}],\"inLanguage\":\"en-US\"},{\"@type\":\"Organization\",\"@id\":\"https:\\\/\\\/www.heidelberger-schloss-gastronomie.de\\\/#organization\",\"name\":\"Heidelberger Schloss Restaurants & Events GmbH & Co. KG\",\"url\":\"https:\\\/\\\/www.heidelberger-schloss-gastronomie.de\\\/\",\"logo\":{\"@type\":\"ImageObject\",\"inLanguage\":\"en-US\",\"@id\":\"https:\\\/\\\/www.heidelberger-schloss-gastronomie.de\\\/#\\\/schema\\\/logo\\\/image\\\/\",\"url\":\"https:\\\/\\\/www.heidelberger-schloss-gastronomie.de\\\/wp-content\\\/uploads\\\/200610_Logo_HDSRE_2020_kompakt.png\",\"contentUrl\":\"https:\\\/\\\/www.heidelberger-schloss-gastronomie.de\\\/wp-content\\\/uploads\\\/200610_Logo_HDSRE_2020_kompakt.png\",\"width\":596,\"height\":593,\"caption\":\"Heidelberger Schloss Restaurants & Events GmbH & Co. KG\"},\"image\":{\"@id\":\"https:\\\/\\\/www.heidelberger-schloss-gastronomie.de\\\/#\\\/schema\\\/logo\\\/image\\\/\"},\"sameAs\":[\"https:\\\/\\\/www.facebook.com\\\/heidelberger.schloss.gastronomie\\\/\",\"https:\\\/\\\/www.instagram.com\\\/heidelbergerschlossgastronomie\\\/\",\"https:\\\/\\\/www.youtube.com\\\/channel\\\/UCLlhNkc66V1EI0fQqAzWoGQ\"]}]}<\/script>\n<!-- \/ Yoast SEO plugin. -->","yoast_head_json":{"title":"Ladys Night - K\u00fcchenparty im Heidelberger Schloss zum Weltfrauentag | 08.M\u00e4rz 2025","robots":{"index":"index","follow":"follow","max-snippet":"max-snippet:-1","max-image-preview":"max-image-preview:large","max-video-preview":"max-video-preview:-1"},"canonical":"https:\/\/www.heidelberger-schloss-gastronomie.de\/shop\/ladys-night\/","og_locale":"en_US","og_type":"article","og_title":"Ladys Night - K\u00fcchenparty im Heidelberger Schloss zum Weltfrauentag | 08.M\u00e4rz 2025","og_description":"Feiern Sie den Weltfrauentag in besonderem Ambiente \u2013 in der Schlossk\u00fcche des Heidelberger Schlosses!  &nbsp;  Auf einen Blick:   K\u00fcchenparty mit Martin Scharff und Team  Inkl. Champanger-Aperitif  5 kreative G\u00e4nge aus der Fr\u00fchlingsk\u00fcche  Winzerin des Jahres 2024 vom Wein- und Sekthaus Schreieck schenken die besten Tropfen aus  Open Bar mit ausgew\u00e4hlten Longdrinks  Mit DJane Jasmin Perret und weiteren \u00dcberraschungen","og_url":"https:\/\/www.heidelberger-schloss-gastronomie.de\/shop\/ladys-night\/","og_site_name":"Heidelberger Schloss Restaurants &amp; Events","article_publisher":"https:\/\/www.facebook.com\/heidelberger.schloss.gastronomie\/","article_modified_time":"2025-03-08T13:08:03+00:00","og_image":[{"width":1920,"height":1440,"url":"https:\/\/www.heidelberger-schloss-gastronomie.de\/wp-content\/uploads\/LadysNight_Kuechenparty.png","type":"image\/png"}],"twitter_card":"summary_large_image","twitter_misc":{"Est. reading time":"2 minutes"},"schema":{"@context":"https:\/\/schema.org","@graph":[{"@type":"WebPage","@id":"https:\/\/www.heidelberger-schloss-gastronomie.de\/shop\/ladys-night\/","url":"https:\/\/www.heidelberger-schloss-gastronomie.de\/shop\/ladys-night\/","name":"Ladys Night - K\u00fcchenparty im Heidelberger Schloss zum Weltfrauentag | 08.M\u00e4rz 2025","isPartOf":{"@id":"https:\/\/www.heidelberger-schloss-gastronomie.de\/#website"},"primaryImageOfPage":{"@id":"https:\/\/www.heidelberger-schloss-gastronomie.de\/shop\/ladys-night\/#primaryimage"},"image":{"@id":"https:\/\/www.heidelberger-schloss-gastronomie.de\/shop\/ladys-night\/#primaryimage"},"thumbnailUrl":"https:\/\/www.heidelberger-schloss-gastronomie.de\/wp-content\/uploads\/LadysNight_Kuechenparty.png","datePublished":"2025-01-09T16:48:29+00:00","dateModified":"2025-03-08T13:08:03+00:00","breadcrumb":{"@id":"https:\/\/www.heidelberger-schloss-gastronomie.de\/shop\/ladys-night\/#breadcrumb"},"inLanguage":"en-US","potentialAction":[{"@type":"ReadAction","target":["https:\/\/www.heidelberger-schloss-gastronomie.de\/shop\/ladys-night\/"]}]},{"@type":"ImageObject","inLanguage":"en-US","@id":"https:\/\/www.heidelberger-schloss-gastronomie.de\/shop\/ladys-night\/#primaryimage","url":"https:\/\/www.heidelberger-schloss-gastronomie.de\/wp-content\/uploads\/LadysNight_Kuechenparty.png","contentUrl":"https:\/\/www.heidelberger-schloss-gastronomie.de\/wp-content\/uploads\/LadysNight_Kuechenparty.png","width":1920,"height":1440},{"@type":"BreadcrumbList","@id":"https:\/\/www.heidelberger-schloss-gastronomie.de\/shop\/ladys-night\/#breadcrumb","itemListElement":[{"@type":"ListItem","position":1,"name":"Startseite","item":"https:\/\/www.heidelberger-schloss-gastronomie.de\/"},{"@type":"ListItem","position":2,"name":"Online Shop","item":"https:\/\/www.heidelberger-schloss-gastronomie.de\/onlineshop\/"},{"@type":"ListItem","position":3,"name":"Ladys Night &#8211; K\u00fcchenparty im Heidelberger Schloss zum Weltfrauentag | 08.M\u00e4rz 2025"}]},{"@type":"WebSite","@id":"https:\/\/www.heidelberger-schloss-gastronomie.de\/#website","url":"https:\/\/www.heidelberger-schloss-gastronomie.de\/","name":"Heidelberger Schloss Restaurants &amp; Events","description":"","publisher":{"@id":"https:\/\/www.heidelberger-schloss-gastronomie.de\/#organization"},"potentialAction":[{"@type":"SearchAction","target":{"@type":"EntryPoint","urlTemplate":"https:\/\/www.heidelberger-schloss-gastronomie.de\/?s={search_term_string}"},"query-input":{"@type":"PropertyValueSpecification","valueRequired":true,"valueName":"search_term_string"}}],"inLanguage":"en-US"},{"@type":"Organization","@id":"https:\/\/www.heidelberger-schloss-gastronomie.de\/#organization","name":"Heidelberger Schloss Restaurants & Events GmbH & Co. KG","url":"https:\/\/www.heidelberger-schloss-gastronomie.de\/","logo":{"@type":"ImageObject","inLanguage":"en-US","@id":"https:\/\/www.heidelberger-schloss-gastronomie.de\/#\/schema\/logo\/image\/","url":"https:\/\/www.heidelberger-schloss-gastronomie.de\/wp-content\/uploads\/200610_Logo_HDSRE_2020_kompakt.png","contentUrl":"https:\/\/www.heidelberger-schloss-gastronomie.de\/wp-content\/uploads\/200610_Logo_HDSRE_2020_kompakt.png","width":596,"height":593,"caption":"Heidelberger Schloss Restaurants & Events GmbH & Co. KG"},"image":{"@id":"https:\/\/www.heidelberger-schloss-gastronomie.de\/#\/schema\/logo\/image\/"},"sameAs":["https:\/\/www.facebook.com\/heidelberger.schloss.gastronomie\/","https:\/\/www.instagram.com\/heidelbergerschlossgastronomie\/","https:\/\/www.youtube.com\/channel\/UCLlhNkc66V1EI0fQqAzWoGQ"]}]}},"_links":{"self":[{"href":"https:\/\/www.heidelberger-schloss-gastronomie.de\/en\/wp-json\/wp\/v2\/product\/116582","targetHints":{"allow":["GET"]}}],"collection":[{"href":"https:\/\/www.heidelberger-schloss-gastronomie.de\/en\/wp-json\/wp\/v2\/product"}],"about":[{"href":"https:\/\/www.heidelberger-schloss-gastronomie.de\/en\/wp-json\/wp\/v2\/types\/product"}],"version-history":[{"count":0,"href":"https:\/\/www.heidelberger-schloss-gastronomie.de\/en\/wp-json\/wp\/v2\/product\/116582\/revisions"}],"wp:featuredmedia":[{"embeddable":true,"href":"https:\/\/www.heidelberger-schloss-gastronomie.de\/en\/wp-json\/wp\/v2\/media\/116592"}],"wp:attachment":[{"href":"https:\/\/www.heidelberger-schloss-gastronomie.de\/en\/wp-json\/wp\/v2\/media?parent=116582"}],"wp:term":[{"taxonomy":"product_brand","embeddable":true,"href":"https:\/\/www.heidelberger-schloss-gastronomie.de\/en\/wp-json\/wp\/v2\/product_brand?post=116582"},{"taxonomy":"product_cat","embeddable":true,"href":"https:\/\/www.heidelberger-schloss-gastronomie.de\/en\/wp-json\/wp\/v2\/product_cat?post=116582"},{"taxonomy":"product_tag","embeddable":true,"href":"https:\/\/www.heidelberger-schloss-gastronomie.de\/en\/wp-json\/wp\/v2\/product_tag?post=116582"}],"curies":[{"name":"wp","href":"https:\/\/api.w.org\/{rel}","templated":true}]}}