{"id":117101,"date":"2025-01-11T14:31:45","date_gmt":"2025-01-11T13:31:45","guid":{"rendered":"https:\/\/www.heidelberger-schloss-gastronomie.de\/?post_type=product&#038;p=117101"},"modified":"2025-05-27T22:52:37","modified_gmt":"2025-05-27T20:52:37","slug":"kuechenparty-28-05-25","status":"publish","type":"product","link":"https:\/\/www.heidelberger-schloss-gastronomie.de\/en\/shop\/kuechenparty-28-05-25\/","title":{"rendered":"K\u00fcchenparty auf dem Heidelberger Schloss | 28.05.2025 vor dem Feiertag mit Marcus Zimmermann"},"content":{"rendered":"<h2>K\u00fcchenparty: Partytime with Food &amp; Wine<\/h2>\n<p><strong>|Mittwoch: 28.Mai 2025 (vor Christi Himmelfahrt ) Beginn 19 Uhr |<br \/>\n<\/strong><\/p>\n<p>Die besten Partys finden immer in der (Schloss-)K\u00fcche statt! Martin Scharff und das K\u00fcchenteam der Schlossweinstube \u00fcberraschen die Partyg\u00e4ste mit sechs kreativen G\u00e4ngen aus der Fr\u00fchlingsk\u00fcche mit toller Live Musik von Marcus Zimmermann deutschlandweit bekannt, als Bandmitglied von Herbert Gr\u00f6nemayer und aus der Musik-Rateshow \u201eLet the Music Play&#8221; von Sat.1.<\/p>\n<p>On top gibt es nat\u00fcrlich auch wieder eine Open Bar mit <strong>Needles Gin, Wood-Stork-Rum <\/strong>und weiteren tollen Spirituosen.<\/p>\n<p data-pm-slice=\"1 1 []\"><strong>Let&#8217;s get this party started!<\/strong><\/p>\n<p>&nbsp;<\/p>\n<h2>Anfahrt &amp; Parken<\/h2>\n<p>Parkpl\u00e4tze stehen auf dem ausgewiesenen Parkgel\u00e4nde oberhalb des Schlosses zur Verf\u00fcgung. Bis 18h parken Sie dort geb\u00fchrenpflichtig, ab 18h sind die Parkpl\u00e4tze kostenfrei. Von dort aus gelangen Sie \u00fcber einen kurzen Fu\u00dfweg durch den Schlossgarten zu uns.<br \/>\nParkplatzadresse: Schloss-Wolfsbrunnenweg 20 | 69117 Heidelberg<\/p>\n<p>&nbsp;<\/p>\n<h2>Barrierefreiheit<\/h2>\n<p>Menschen mit Behinderung stehen spezielle Parkpl\u00e4tze vor der Bergbahn zur Verf\u00fcgung. Unsere Schlossweinstube ist nicht behindertengerecht. Der Zugang zu unseren Locations sowie der Schlosshof sind kopfsteingepflastert.<\/p>\n<p>Bei Fragen und Anliegen sind wir jederzeit gerne f\u00fcr Sie da.\u00a0<strong>Kontakt:\u00a0<\/strong>info@hdsre.de | 06221. 8727010<\/p>\n<p>&nbsp;<\/p>\n<h2>Auch zum Verschenken<\/h2>\n<p>Unsere Veranstaltungen eignen sich auch perfekt als Geschenk f\u00fcr alle Genuss- und Musikliebhaber. Verschenken Sie einfach den passenden <a href=\"https:\/\/www.heidelberger-schloss-gastronomie.de\/shop\/wertgutschein\/\">Wertgutschein<\/a>. Die Beschenkten k\u00f6nnen den Gutschein dann im Onlineshop gegen ein Ticket zu perfekt passenden Datum einl\u00f6sen.<\/p>\n","protected":false},"excerpt":{"rendered":"<p>Die besten Partys finden immer in der (Schloss-)K\u00fcche statt! Martin Scharff und das K\u00fcchenteam der Schlossweinstube \u00fcberraschen die Partyg\u00e4ste mit sechs kreativen G\u00e4ngen aus der Fr\u00fchlingsk\u00fcche.<\/p>\n<p>&nbsp;<\/p>\n<p><strong>Auf einen Blick:<\/strong><\/p>\n<ul>\n<li><span style=\"font-family: var(--list--font-family); background-color: var(--global--color-background); color: var(--global--color-primary); font-size: var(--global--font-size-base);\">K\u00fcchenparty mit Martin Scharff und Team<\/span><\/li>\n<li>inkl. Aperitif, korrespondierender Weine, Wasser und Kaffee<\/li>\n<li>6 kreative G\u00e4nge aus der Schloss-K\u00fcche<\/li>\n<li>Weingut SANDER schenkt seine besten \u00f6kologischen Weine aus<\/li>\n<li>Bar mit Needles-Gin- und Wood-Stork-Rum<\/li>\n<li>Live Musik am Piano mit dem einzigartigen Marcus Zimmermann<\/li>\n<\/ul>\n","protected":false},"featured_media":47550,"template":"","meta":{"_price":"169","_stock":null,"_tribe_ticket_header":"","_tribe_default_ticket_provider":"","_tribe_ticket_capacity":"33","_ticket_start_date":"","_ticket_end_date":"","_tribe_ticket_show_description":"","_tribe_ticket_show_not_going":false,"_tribe_ticket_use_global_stock":"","_tribe_ticket_global_stock_level":"","_global_stock_mode":"","_global_stock_cap":"","_tribe_rsvp_for_event":"","_tribe_ticket_going_count":"","_tribe_ticket_not_going_count":"","_tribe_tickets_list":"[]","_tribe_ticket_has_attendee_info_fields":false,"_tec_slr_enabled":"","_tec_slr_layout":""},"product_brand":[],"product_cat":[208,205,42],"product_tag":[],"class_list":{"0":"post-117101","1":"product","2":"type-product","3":"status-publish","4":"has-post-thumbnail","6":"product_cat-events","7":"product_cat-schlossweinstube","8":"product_cat-tickets","9":"entry","11":"first","12":"instock","13":"taxable","14":"shipping-taxable","15":"purchasable","16":"product-type-variable","17":"has-default-attributes"},"bundled_by":[],"bundle_stock_status":"instock","bundle_stock_quantity":null,"bundle_virtual":false,"bundle_layout":"","bundle_add_to_cart_form_location":"","bundle_editable_in_cart":false,"bundle_sold_individually_context":"","bundle_item_grouping":"","bundle_min_size":"","bundle_max_size":"","bundle_price":[],"bundled_items":[],"bundle_sell_ids":[],"yoast_head":"<!-- This site is optimized with the Yoast SEO plugin v27.4 - https:\/\/yoast.com\/product\/yoast-seo-wordpress\/ -->\n<title>K\u00fcchenparty auf dem Heidelberger Schloss | 28.05.2025 vor dem Feiertag mit Marcus Zimmermann<\/title>\n<meta name=\"robots\" content=\"index, follow, max-snippet:-1, max-image-preview:large, max-video-preview:-1\" \/>\n<link rel=\"canonical\" href=\"https:\/\/www.heidelberger-schloss-gastronomie.de\/shop\/kuechenparty-28-05-25\/\" \/>\n<meta property=\"og:locale\" content=\"en_US\" \/>\n<meta property=\"og:type\" content=\"article\" \/>\n<meta property=\"og:title\" content=\"K\u00fcchenparty auf dem Heidelberger Schloss | 28.05.2025 vor dem Feiertag mit Marcus Zimmermann\" \/>\n<meta property=\"og:description\" content=\"Die besten Partys finden immer in der (Schloss-)K\u00fcche statt! Martin Scharff und das K\u00fcchenteam der Schlossweinstube \u00fcberraschen die Partyg\u00e4ste mit sechs kreativen G\u00e4ngen aus der Fr\u00fchlingsk\u00fcche.  &nbsp;  Auf einen Blick:   K\u00fcchenparty mit Martin Scharff und Team  inkl. Aperitif, korrespondierender Weine, Wasser und Kaffee  6 kreative G\u00e4nge aus der Schloss-K\u00fcche  Weingut SANDER schenkt seine besten \u00f6kologischen Weine aus  Bar mit Needles-Gin- und Wood-Stork-Rum  Live Musik am Piano mit dem einzigartigen Marcus Zimmermann\" \/>\n<meta property=\"og:url\" content=\"https:\/\/www.heidelberger-schloss-gastronomie.de\/shop\/kuechenparty-28-05-25\/\" \/>\n<meta property=\"og:site_name\" content=\"Heidelberger Schloss Restaurants &amp; Events\" \/>\n<meta property=\"article:publisher\" content=\"https:\/\/www.facebook.com\/heidelberger.schloss.gastronomie\/\" \/>\n<meta property=\"article:modified_time\" content=\"2025-05-27T20:52:37+00:00\" \/>\n<meta property=\"og:image\" content=\"https:\/\/www.heidelberger-schloss-gastronomie.de\/wp-content\/uploads\/Kuechneparty-Logo-1-4.jpg\" \/>\n\t<meta property=\"og:image:width\" content=\"1920\" \/>\n\t<meta property=\"og:image:height\" content=\"1440\" \/>\n\t<meta property=\"og:image:type\" content=\"image\/jpeg\" \/>\n<meta name=\"twitter:card\" content=\"summary_large_image\" \/>\n<meta name=\"twitter:label1\" content=\"Est. reading time\" \/>\n\t<meta name=\"twitter:data1\" content=\"2 minutes\" \/>\n<script type=\"application\/ld+json\" class=\"yoast-schema-graph\">{\"@context\":\"https:\\\/\\\/schema.org\",\"@graph\":[{\"@type\":\"WebPage\",\"@id\":\"https:\\\/\\\/www.heidelberger-schloss-gastronomie.de\\\/shop\\\/kuechenparty-28-05-25\\\/\",\"url\":\"https:\\\/\\\/www.heidelberger-schloss-gastronomie.de\\\/shop\\\/kuechenparty-28-05-25\\\/\",\"name\":\"K\u00fcchenparty auf dem Heidelberger Schloss | 28.05.2025 vor dem Feiertag mit Marcus Zimmermann\",\"isPartOf\":{\"@id\":\"https:\\\/\\\/www.heidelberger-schloss-gastronomie.de\\\/#website\"},\"primaryImageOfPage\":{\"@id\":\"https:\\\/\\\/www.heidelberger-schloss-gastronomie.de\\\/shop\\\/kuechenparty-28-05-25\\\/#primaryimage\"},\"image\":{\"@id\":\"https:\\\/\\\/www.heidelberger-schloss-gastronomie.de\\\/shop\\\/kuechenparty-28-05-25\\\/#primaryimage\"},\"thumbnailUrl\":\"https:\\\/\\\/www.heidelberger-schloss-gastronomie.de\\\/wp-content\\\/uploads\\\/Kuechneparty-Logo-1-4.jpg\",\"datePublished\":\"2025-01-11T13:31:45+00:00\",\"dateModified\":\"2025-05-27T20:52:37+00:00\",\"breadcrumb\":{\"@id\":\"https:\\\/\\\/www.heidelberger-schloss-gastronomie.de\\\/shop\\\/kuechenparty-28-05-25\\\/#breadcrumb\"},\"inLanguage\":\"en-US\",\"potentialAction\":[{\"@type\":\"ReadAction\",\"target\":[\"https:\\\/\\\/www.heidelberger-schloss-gastronomie.de\\\/shop\\\/kuechenparty-28-05-25\\\/\"]}]},{\"@type\":\"ImageObject\",\"inLanguage\":\"en-US\",\"@id\":\"https:\\\/\\\/www.heidelberger-schloss-gastronomie.de\\\/shop\\\/kuechenparty-28-05-25\\\/#primaryimage\",\"url\":\"https:\\\/\\\/www.heidelberger-schloss-gastronomie.de\\\/wp-content\\\/uploads\\\/Kuechneparty-Logo-1-4.jpg\",\"contentUrl\":\"https:\\\/\\\/www.heidelberger-schloss-gastronomie.de\\\/wp-content\\\/uploads\\\/Kuechneparty-Logo-1-4.jpg\",\"width\":1920,\"height\":1440,\"caption\":\"Bild mit Feuer und Pfanne zur Kpchenparty auf dem Heidelberger Schloss\"},{\"@type\":\"BreadcrumbList\",\"@id\":\"https:\\\/\\\/www.heidelberger-schloss-gastronomie.de\\\/shop\\\/kuechenparty-28-05-25\\\/#breadcrumb\",\"itemListElement\":[{\"@type\":\"ListItem\",\"position\":1,\"name\":\"Startseite\",\"item\":\"https:\\\/\\\/www.heidelberger-schloss-gastronomie.de\\\/\"},{\"@type\":\"ListItem\",\"position\":2,\"name\":\"Online Shop\",\"item\":\"https:\\\/\\\/www.heidelberger-schloss-gastronomie.de\\\/onlineshop\\\/\"},{\"@type\":\"ListItem\",\"position\":3,\"name\":\"K\u00fcchenparty auf dem Heidelberger Schloss | 28.05.2025 vor dem Feiertag mit Marcus Zimmermann\"}]},{\"@type\":\"WebSite\",\"@id\":\"https:\\\/\\\/www.heidelberger-schloss-gastronomie.de\\\/#website\",\"url\":\"https:\\\/\\\/www.heidelberger-schloss-gastronomie.de\\\/\",\"name\":\"Heidelberger Schloss Restaurants &amp; Events\",\"description\":\"\",\"publisher\":{\"@id\":\"https:\\\/\\\/www.heidelberger-schloss-gastronomie.de\\\/#organization\"},\"potentialAction\":[{\"@type\":\"SearchAction\",\"target\":{\"@type\":\"EntryPoint\",\"urlTemplate\":\"https:\\\/\\\/www.heidelberger-schloss-gastronomie.de\\\/?s={search_term_string}\"},\"query-input\":{\"@type\":\"PropertyValueSpecification\",\"valueRequired\":true,\"valueName\":\"search_term_string\"}}],\"inLanguage\":\"en-US\"},{\"@type\":\"Organization\",\"@id\":\"https:\\\/\\\/www.heidelberger-schloss-gastronomie.de\\\/#organization\",\"name\":\"Heidelberger Schloss Restaurants & Events GmbH & Co. KG\",\"url\":\"https:\\\/\\\/www.heidelberger-schloss-gastronomie.de\\\/\",\"logo\":{\"@type\":\"ImageObject\",\"inLanguage\":\"en-US\",\"@id\":\"https:\\\/\\\/www.heidelberger-schloss-gastronomie.de\\\/#\\\/schema\\\/logo\\\/image\\\/\",\"url\":\"https:\\\/\\\/www.heidelberger-schloss-gastronomie.de\\\/wp-content\\\/uploads\\\/200610_Logo_HDSRE_2020_kompakt.png\",\"contentUrl\":\"https:\\\/\\\/www.heidelberger-schloss-gastronomie.de\\\/wp-content\\\/uploads\\\/200610_Logo_HDSRE_2020_kompakt.png\",\"width\":596,\"height\":593,\"caption\":\"Heidelberger Schloss Restaurants & Events GmbH & Co. KG\"},\"image\":{\"@id\":\"https:\\\/\\\/www.heidelberger-schloss-gastronomie.de\\\/#\\\/schema\\\/logo\\\/image\\\/\"},\"sameAs\":[\"https:\\\/\\\/www.facebook.com\\\/heidelberger.schloss.gastronomie\\\/\",\"https:\\\/\\\/www.instagram.com\\\/heidelbergerschlossgastronomie\\\/\",\"https:\\\/\\\/www.youtube.com\\\/channel\\\/UCLlhNkc66V1EI0fQqAzWoGQ\"]}]}<\/script>\n<!-- \/ Yoast SEO plugin. -->","yoast_head_json":{"title":"K\u00fcchenparty auf dem Heidelberger Schloss | 28.05.2025 vor dem Feiertag mit Marcus Zimmermann","robots":{"index":"index","follow":"follow","max-snippet":"max-snippet:-1","max-image-preview":"max-image-preview:large","max-video-preview":"max-video-preview:-1"},"canonical":"https:\/\/www.heidelberger-schloss-gastronomie.de\/shop\/kuechenparty-28-05-25\/","og_locale":"en_US","og_type":"article","og_title":"K\u00fcchenparty auf dem Heidelberger Schloss | 28.05.2025 vor dem Feiertag mit Marcus Zimmermann","og_description":"Die besten Partys finden immer in der (Schloss-)K\u00fcche statt! Martin Scharff und das K\u00fcchenteam der Schlossweinstube \u00fcberraschen die Partyg\u00e4ste mit sechs kreativen G\u00e4ngen aus der Fr\u00fchlingsk\u00fcche.  &nbsp;  Auf einen Blick:   K\u00fcchenparty mit Martin Scharff und Team  inkl. Aperitif, korrespondierender Weine, Wasser und Kaffee  6 kreative G\u00e4nge aus der Schloss-K\u00fcche  Weingut SANDER schenkt seine besten \u00f6kologischen Weine aus  Bar mit Needles-Gin- und Wood-Stork-Rum  Live Musik am Piano mit dem einzigartigen Marcus Zimmermann","og_url":"https:\/\/www.heidelberger-schloss-gastronomie.de\/shop\/kuechenparty-28-05-25\/","og_site_name":"Heidelberger Schloss Restaurants &amp; Events","article_publisher":"https:\/\/www.facebook.com\/heidelberger.schloss.gastronomie\/","article_modified_time":"2025-05-27T20:52:37+00:00","og_image":[{"width":1920,"height":1440,"url":"https:\/\/www.heidelberger-schloss-gastronomie.de\/wp-content\/uploads\/Kuechneparty-Logo-1-4.jpg","type":"image\/jpeg"}],"twitter_card":"summary_large_image","twitter_misc":{"Est. reading time":"2 minutes"},"schema":{"@context":"https:\/\/schema.org","@graph":[{"@type":"WebPage","@id":"https:\/\/www.heidelberger-schloss-gastronomie.de\/shop\/kuechenparty-28-05-25\/","url":"https:\/\/www.heidelberger-schloss-gastronomie.de\/shop\/kuechenparty-28-05-25\/","name":"K\u00fcchenparty auf dem Heidelberger Schloss | 28.05.2025 vor dem Feiertag mit Marcus Zimmermann","isPartOf":{"@id":"https:\/\/www.heidelberger-schloss-gastronomie.de\/#website"},"primaryImageOfPage":{"@id":"https:\/\/www.heidelberger-schloss-gastronomie.de\/shop\/kuechenparty-28-05-25\/#primaryimage"},"image":{"@id":"https:\/\/www.heidelberger-schloss-gastronomie.de\/shop\/kuechenparty-28-05-25\/#primaryimage"},"thumbnailUrl":"https:\/\/www.heidelberger-schloss-gastronomie.de\/wp-content\/uploads\/Kuechneparty-Logo-1-4.jpg","datePublished":"2025-01-11T13:31:45+00:00","dateModified":"2025-05-27T20:52:37+00:00","breadcrumb":{"@id":"https:\/\/www.heidelberger-schloss-gastronomie.de\/shop\/kuechenparty-28-05-25\/#breadcrumb"},"inLanguage":"en-US","potentialAction":[{"@type":"ReadAction","target":["https:\/\/www.heidelberger-schloss-gastronomie.de\/shop\/kuechenparty-28-05-25\/"]}]},{"@type":"ImageObject","inLanguage":"en-US","@id":"https:\/\/www.heidelberger-schloss-gastronomie.de\/shop\/kuechenparty-28-05-25\/#primaryimage","url":"https:\/\/www.heidelberger-schloss-gastronomie.de\/wp-content\/uploads\/Kuechneparty-Logo-1-4.jpg","contentUrl":"https:\/\/www.heidelberger-schloss-gastronomie.de\/wp-content\/uploads\/Kuechneparty-Logo-1-4.jpg","width":1920,"height":1440,"caption":"Bild mit Feuer und Pfanne zur Kpchenparty auf dem Heidelberger Schloss"},{"@type":"BreadcrumbList","@id":"https:\/\/www.heidelberger-schloss-gastronomie.de\/shop\/kuechenparty-28-05-25\/#breadcrumb","itemListElement":[{"@type":"ListItem","position":1,"name":"Startseite","item":"https:\/\/www.heidelberger-schloss-gastronomie.de\/"},{"@type":"ListItem","position":2,"name":"Online Shop","item":"https:\/\/www.heidelberger-schloss-gastronomie.de\/onlineshop\/"},{"@type":"ListItem","position":3,"name":"K\u00fcchenparty auf dem Heidelberger Schloss | 28.05.2025 vor dem Feiertag mit Marcus Zimmermann"}]},{"@type":"WebSite","@id":"https:\/\/www.heidelberger-schloss-gastronomie.de\/#website","url":"https:\/\/www.heidelberger-schloss-gastronomie.de\/","name":"Heidelberger Schloss Restaurants &amp; Events","description":"","publisher":{"@id":"https:\/\/www.heidelberger-schloss-gastronomie.de\/#organization"},"potentialAction":[{"@type":"SearchAction","target":{"@type":"EntryPoint","urlTemplate":"https:\/\/www.heidelberger-schloss-gastronomie.de\/?s={search_term_string}"},"query-input":{"@type":"PropertyValueSpecification","valueRequired":true,"valueName":"search_term_string"}}],"inLanguage":"en-US"},{"@type":"Organization","@id":"https:\/\/www.heidelberger-schloss-gastronomie.de\/#organization","name":"Heidelberger Schloss Restaurants & Events GmbH & Co. KG","url":"https:\/\/www.heidelberger-schloss-gastronomie.de\/","logo":{"@type":"ImageObject","inLanguage":"en-US","@id":"https:\/\/www.heidelberger-schloss-gastronomie.de\/#\/schema\/logo\/image\/","url":"https:\/\/www.heidelberger-schloss-gastronomie.de\/wp-content\/uploads\/200610_Logo_HDSRE_2020_kompakt.png","contentUrl":"https:\/\/www.heidelberger-schloss-gastronomie.de\/wp-content\/uploads\/200610_Logo_HDSRE_2020_kompakt.png","width":596,"height":593,"caption":"Heidelberger Schloss Restaurants & Events GmbH & Co. KG"},"image":{"@id":"https:\/\/www.heidelberger-schloss-gastronomie.de\/#\/schema\/logo\/image\/"},"sameAs":["https:\/\/www.facebook.com\/heidelberger.schloss.gastronomie\/","https:\/\/www.instagram.com\/heidelbergerschlossgastronomie\/","https:\/\/www.youtube.com\/channel\/UCLlhNkc66V1EI0fQqAzWoGQ"]}]}},"_links":{"self":[{"href":"https:\/\/www.heidelberger-schloss-gastronomie.de\/en\/wp-json\/wp\/v2\/product\/117101","targetHints":{"allow":["GET"]}}],"collection":[{"href":"https:\/\/www.heidelberger-schloss-gastronomie.de\/en\/wp-json\/wp\/v2\/product"}],"about":[{"href":"https:\/\/www.heidelberger-schloss-gastronomie.de\/en\/wp-json\/wp\/v2\/types\/product"}],"version-history":[{"count":1,"href":"https:\/\/www.heidelberger-schloss-gastronomie.de\/en\/wp-json\/wp\/v2\/product\/117101\/revisions"}],"predecessor-version":[{"id":127215,"href":"https:\/\/www.heidelberger-schloss-gastronomie.de\/en\/wp-json\/wp\/v2\/product\/117101\/revisions\/127215"}],"wp:featuredmedia":[{"embeddable":true,"href":"https:\/\/www.heidelberger-schloss-gastronomie.de\/en\/wp-json\/wp\/v2\/media\/47550"}],"wp:attachment":[{"href":"https:\/\/www.heidelberger-schloss-gastronomie.de\/en\/wp-json\/wp\/v2\/media?parent=117101"}],"wp:term":[{"taxonomy":"product_brand","embeddable":true,"href":"https:\/\/www.heidelberger-schloss-gastronomie.de\/en\/wp-json\/wp\/v2\/product_brand?post=117101"},{"taxonomy":"product_cat","embeddable":true,"href":"https:\/\/www.heidelberger-schloss-gastronomie.de\/en\/wp-json\/wp\/v2\/product_cat?post=117101"},{"taxonomy":"product_tag","embeddable":true,"href":"https:\/\/www.heidelberger-schloss-gastronomie.de\/en\/wp-json\/wp\/v2\/product_tag?post=117101"}],"curies":[{"name":"wp","href":"https:\/\/api.w.org\/{rel}","templated":true}]}}