{"id":121156,"date":"2025-02-06T10:56:10","date_gmt":"2025-02-06T09:56:10","guid":{"rendered":"https:\/\/www.heidelberger-schloss-gastronomie.de\/?post_type=product&#038;p=121156"},"modified":"2025-11-12T11:06:16","modified_gmt":"2025-11-12T10:06:16","slug":"the-great-gatsby-dance-show","status":"publish","type":"product","link":"https:\/\/www.heidelberger-schloss-gastronomie.de\/en\/shop\/the-great-gatsby-dance-show\/","title":{"rendered":"The Great Gatsby Dance-Show im Heidelberger Schloss &#8211; Goldene Zwanziger Party | 17. Oktober 2025"},"content":{"rendered":"<h2>Die Goldenen Zwanziger: Die Great Gatsby Show im K\u00f6nigssaal<\/h2>\n<p><strong>Freitag, 17.10.2025 | Einlass Dinner: 18.00Uhr | Einlass Show: 19.00 Uhr | Beginn: 20.00 Uhr<br \/>\n<\/strong><\/p>\n<p data-start=\"177\" data-end=\"309\">Tauchen Sie ein in die glamour\u00f6se Welt der Goldenen 20er \u2013 bei der <strong data-start=\"244\" data-end=\"276\">The Great Gatsby Dance Party<\/strong> im atemberaubenden K\u00f6nigssaal!<\/p>\n<p data-start=\"311\" data-end=\"553\">Genie\u00dfen Sie ein <strong data-start=\"328\" data-end=\"348\">Nostalgie-Buffet<\/strong> und ein Ambiente, das den Glanz und die Eleganz der 1920er Jahre perfekt widerspiegelt. Gastgeber Martin Scharff und sein Team sorgen f\u00fcr einen unvergesslichen Abend voller Tanz, Musik und Unterhaltung.<\/p>\n<p data-start=\"555\" data-end=\"576\"><strong data-start=\"555\" data-end=\"574\">Ticketoptionen:<\/strong><\/p>\n<ul data-start=\"577\" data-end=\"804\">\n<li><strong>Nur Showtickets : Einlass 19:30 Uhr, Preis: 29,50\u202f\u20ac<\/strong><\/li>\n<li data-start=\"577\" data-end=\"688\">\n<p data-start=\"579\" data-end=\"688\"><strong data-start=\"579\" data-end=\"607\">Nostalgie-Buffet &amp; Show:<\/strong> Einlass 18:30 Uhr, Preis: 139\u202f\u20ac \u2013 inklusive aller Getr\u00e4nke und Zugang zur Show<\/p>\n<\/li>\n<li data-start=\"689\" data-end=\"804\">\n<p data-start=\"691\" data-end=\"804\"><strong data-start=\"691\" data-end=\"715\">Nur Getr\u00e4nke &amp; Show:<\/strong> Einlass 19:00 Uhr, Preis: 69,50\u202f\u20ac \u2013 inklusive aller Getr\u00e4nke, der Abend startet sp\u00e4ter<\/p>\n<\/li>\n<\/ul>\n<p data-start=\"806\" data-end=\"1045\">Freuen Sie sich auf mitrei\u00dfende Musik von <a class=\"\" href=\"https:\/\/evasapfelmusik.de\/\" target=\"_new\" rel=\"noopener\" data-start=\"848\" data-end=\"888\">Evas Apfel<\/a> und abwechslungsreiche Showacts, darunter eine <strong data-start=\"936\" data-end=\"954\">Burlesque-Show<\/strong> und eine <strong data-start=\"964\" data-end=\"981\">Schlangenfrau<\/strong>, die die Atmosph\u00e4re der Goldenen Zwanziger perfekt einfangen.<\/p>\n<p data-start=\"1047\" data-end=\"1124\"><strong data-start=\"1047\" data-end=\"1080\">Let&#8217;s get this party started!<\/strong> Verkleiden ist erw\u00fcnscht, aber kein Muss.<\/p>\n<p><strong>Vorspeisen<\/strong><\/p>\n<p>Krabbencocktail Florida mit Mandarinen, Romanaherzen und Steinchampignos mit Dill<\/p>\n<p>Wildpastete mit Sauce Cumberland und Waldorfsalat<\/p>\n<p>Forellenmousse im R\u00e4ucherlachsmantel mit Meerrettich-Schnittlauchdip<\/p>\n<p>Felsenaustern mit Zitrone und Chesterbrot<\/p>\n<p>Gefl\u00fcgelsalat mit jungen Erbsen und Ananas<\/p>\n<p>Gef\u00fcllte Eier auf Fleischsalat mit Avrugakaviar<\/p>\n<p>Spargelr\u00f6llchen mit Saftschinken und Remoulade<\/p>\n<p>Rosa Roastbeef mit Sauce Tatar<\/p>\n<p>&nbsp;<\/p>\n<p><strong>Servierte Suppe<\/strong><\/p>\n<p>Erbsensuppe \u201eAlt Berlin\u201c mit Eisbeinkrapfen<\/p>\n<p>&nbsp;<\/p>\n<p><strong>Hauptgerichte<\/strong><\/p>\n<p>K\u00f6nigsberger Klopse vom Kalb mit Kapern-Petersiliensauce \u00a0und Gem\u00fcsereis<\/p>\n<p>Sauerbraten vom Pommerschen Rind mit kleinen Semmelkn\u00f6deln und Rotkohl<\/p>\n<p>Flu\u00dfzander-Schnitte auf Lauchgem\u00fcse mit Wei\u00dfweinveloute\u00b4und Dillkartoffeln<\/p>\n<p>Herbstlicher K\u00fcrbis-Brokkoli-Auflauf mit Waldpilzen und K\u00e4se \u00fcberbacken<\/p>\n<p>&nbsp;<\/p>\n<p><strong>Dessert<\/strong><\/p>\n<p>Gef\u00fcllte Windbeutel mit Schokoladenmousse<\/p>\n<p>Eisparfait \u201eF\u00fcrst P\u00fcckler\u201c<\/p>\n<p>Zitronentarte mit Pistazien<\/p>\n<p>Weinschaumcreme \u201eBerliner Luft\u201c mit Himbeersauce<\/p>\n<p>Eingelegte Essigzwetschgen mit Quarkmousse<\/p>\n<p>\u201eKalter Hund\u201c mit Kakao und Butterkeksen<\/p>\n<h2>Anfahrt &amp; Parken<\/h2>\n<p>Parkpl\u00e4tze stehen auf dem ausgewiesenen Parkgel\u00e4nde oberhalb des Schlosses zur Verf\u00fcgung. Bis 18h parken Sie dort geb\u00fchrenpflichtig, ab 18h sind die Parkpl\u00e4tze kostenfrei. Von dort aus gelangen Sie \u00fcber einen kurzen Fu\u00dfweg durch den Schlossgarten zu uns.<br \/>\nParkplatzadresse: Schloss-Wolfsbrunnenweg 20 | 69117 Heidelberg<\/p>\n<p>&nbsp;<\/p>\n<h2>Barrierefreiheit<\/h2>\n<p>Menschen mit Behinderung stehen spezielle Parkpl\u00e4tze vor der Bergbahn zur Verf\u00fcgung. Der Zugang zu unseren Locations sowie der Schlosshof sind kopfsteingepflastert.<\/p>\n<p>Bei Fragen und Anliegen sind wir jederzeit gerne f\u00fcr Sie da.\u00a0<strong>Kontakt:\u00a0<\/strong>info@hdsre.de | 06221. 8727010<\/p>\n<p>&nbsp;<\/p>\n<p>Disclaimer: F\u00fcr die Veranstaltung werden Film- und Tonaufnahmen sowie Fotos gemacht, mit deren (auch sp\u00e4teren) Verwendung Sie sich durch den Besuch der Veranstaltung einverstanden erkl\u00e4ren.<\/p>\n","protected":false},"excerpt":{"rendered":"<p data-start=\"65\" data-end=\"165\"><strong data-start=\"65\" data-end=\"163\">Tauchen Sie ein in die glamour\u00f6se Welt der Goldenen 20er mit der The Great Gatsby Dance Party!<\/strong><\/p>\n<p data-start=\"167\" data-end=\"244\"><strong data-start=\"167\" data-end=\"200\">Let&#8217;s get this party started!<\/strong> Verkleiden ist erw\u00fcnscht, aber kein Muss.<\/p>\n<p data-start=\"246\" data-end=\"268\"><strong data-start=\"246\" data-end=\"266\">Auf einen Blick:<\/strong><\/p>\n<ul data-start=\"269\" data-end=\"573\">\n<li data-start=\"269\" data-end=\"330\">\n<p data-start=\"271\" data-end=\"330\">1920er Jahre Dance-Show mit Highlights aus Musik und Show<\/p>\n<\/li>\n<li data-start=\"331\" data-end=\"383\">\n<p data-start=\"333\" data-end=\"383\">Inklusive Aperitif &amp; <strong data-start=\"354\" data-end=\"381\">alle Getr\u00e4nke enthalten<\/strong><\/p>\n<\/li>\n<li data-start=\"384\" data-end=\"444\">\n<p data-start=\"386\" data-end=\"444\">Kalt- und Warmes <strong data-start=\"403\" data-end=\"423\">Nostalgie-Buffet<\/strong> von Martin Scharff<\/p>\n<\/li>\n<li data-start=\"445\" data-end=\"573\">\n<p data-start=\"447\" data-end=\"573\">Live-Musik von der Swing-Formation <a class=\"\" href=\"https:\/\/evasapfelmusik.de\/\" target=\"_new\" rel=\"noopener\" data-start=\"482\" data-end=\"522\">Evas Apfel<\/a> und Showacts wie <strong data-start=\"540\" data-end=\"571\">Burlesque und Schlangenfrau<\/strong><\/p>\n<\/li>\n<\/ul>\n<p data-start=\"575\" data-end=\"596\"><strong data-start=\"575\" data-end=\"594\">Ticketoptionen:<\/strong><\/p>\n<ul data-start=\"597\" data-end=\"694\">\n<li data-start=\"597\" data-end=\"647\">\n<p data-start=\"599\" data-end=\"647\"><strong data-start=\"599\" data-end=\"627\">Nostalgie-Buffet &amp; Show:<\/strong> Einlass 18:30 Uhr<\/p>\n<\/li>\n<li data-start=\"648\" data-end=\"694\">\n<p data-start=\"650\" data-end=\"694\"><strong data-start=\"650\" data-end=\"674\">Nur Getr\u00e4nke &amp; Show:<\/strong> Einlass 19:00 Uhr<\/p>\n<\/li>\n<li data-start=\"648\" data-end=\"694\">Showtickets : Einlass 19:30 Uhr<\/li>\n<\/ul>\n","protected":false},"featured_media":139376,"template":"","meta":{"_price":"29.50","_stock":"","_tribe_ticket_header":"","_tribe_default_ticket_provider":"","_tribe_ticket_capacity":"36","_ticket_start_date":"","_ticket_end_date":"","_tribe_ticket_show_description":"","_tribe_ticket_show_not_going":false,"_tribe_ticket_use_global_stock":"","_tribe_ticket_global_stock_level":"","_global_stock_mode":"","_global_stock_cap":"","_tribe_rsvp_for_event":"","_tribe_ticket_going_count":"","_tribe_ticket_not_going_count":"","_tribe_tickets_list":"[]","_tribe_ticket_has_attendee_info_fields":false,"_tec_slr_enabled":"","_tec_slr_layout":""},"product_brand":[],"product_cat":[208,42],"product_tag":[],"class_list":{"0":"post-121156","1":"product","2":"type-product","3":"status-publish","4":"has-post-thumbnail","6":"product_cat-events","7":"product_cat-tickets","8":"entry","10":"first","11":"instock","12":"taxable","13":"shipping-taxable","14":"purchasable","15":"product-type-variable","16":"has-default-attributes"},"bundled_by":[],"bundle_stock_status":"instock","bundle_stock_quantity":null,"bundle_virtual":false,"bundle_layout":"","bundle_add_to_cart_form_location":"","bundle_editable_in_cart":false,"bundle_sold_individually_context":"","bundle_item_grouping":"","bundle_min_size":"","bundle_max_size":"","bundle_price":[],"bundled_items":[],"bundle_sell_ids":[],"yoast_head":"<!-- This site is optimized with the Yoast SEO plugin v27.4 - https:\/\/yoast.com\/product\/yoast-seo-wordpress\/ -->\n<title>The Great Gatsby Dance-Show 2025 im K\u00f6nigssaal<\/title>\n<meta name=\"description\" content=\"Erleben Sie die Great Gatsby Dance- Show 2025 im K\u00f6nigssaal: Glamour, 1920er-Dinner &amp; mitrei\u00dfende Showacts. Jetzt Ticket sichern!\" \/>\n<meta name=\"robots\" content=\"index, follow, max-snippet:-1, max-image-preview:large, max-video-preview:-1\" \/>\n<link rel=\"canonical\" href=\"https:\/\/www.heidelberger-schloss-gastronomie.de\/shop\/the-great-gatsby-dance-show\/\" \/>\n<meta property=\"og:locale\" content=\"en_US\" \/>\n<meta property=\"og:type\" content=\"article\" \/>\n<meta property=\"og:title\" content=\"The Great Gatsby Dance-Show 2025 im K\u00f6nigssaal\" \/>\n<meta property=\"og:description\" content=\"Erleben Sie die Great Gatsby Dance- Show 2025 im K\u00f6nigssaal: Glamour, 1920er-Dinner &amp; mitrei\u00dfende Showacts. Jetzt Ticket sichern!\" \/>\n<meta property=\"og:url\" content=\"https:\/\/www.heidelberger-schloss-gastronomie.de\/shop\/the-great-gatsby-dance-show\/\" \/>\n<meta property=\"og:site_name\" content=\"Heidelberger Schloss Restaurants &amp; Events\" \/>\n<meta property=\"article:publisher\" content=\"https:\/\/www.facebook.com\/heidelberger.schloss.gastronomie\/\" \/>\n<meta property=\"article:modified_time\" content=\"2025-11-12T10:06:16+00:00\" \/>\n<meta property=\"og:image\" content=\"https:\/\/www.heidelberger-schloss-gastronomie.de\/wp-content\/uploads\/20erJahre-KV.jpeg\" \/>\n\t<meta property=\"og:image:width\" content=\"1280\" \/>\n\t<meta property=\"og:image:height\" content=\"957\" \/>\n\t<meta property=\"og:image:type\" content=\"image\/jpeg\" \/>\n<meta name=\"twitter:card\" content=\"summary_large_image\" \/>\n<meta name=\"twitter:label1\" content=\"Est. reading time\" \/>\n\t<meta name=\"twitter:data1\" content=\"2 minutes\" \/>\n<script type=\"application\/ld+json\" class=\"yoast-schema-graph\">{\"@context\":\"https:\\\/\\\/schema.org\",\"@graph\":[{\"@type\":\"WebPage\",\"@id\":\"https:\\\/\\\/www.heidelberger-schloss-gastronomie.de\\\/shop\\\/the-great-gatsby-dance-show\\\/\",\"url\":\"https:\\\/\\\/www.heidelberger-schloss-gastronomie.de\\\/shop\\\/the-great-gatsby-dance-show\\\/\",\"name\":\"The Great Gatsby Dance-Show 2025 im K\u00f6nigssaal\",\"isPartOf\":{\"@id\":\"https:\\\/\\\/www.heidelberger-schloss-gastronomie.de\\\/#website\"},\"primaryImageOfPage\":{\"@id\":\"https:\\\/\\\/www.heidelberger-schloss-gastronomie.de\\\/shop\\\/the-great-gatsby-dance-show\\\/#primaryimage\"},\"image\":{\"@id\":\"https:\\\/\\\/www.heidelberger-schloss-gastronomie.de\\\/shop\\\/the-great-gatsby-dance-show\\\/#primaryimage\"},\"thumbnailUrl\":\"https:\\\/\\\/www.heidelberger-schloss-gastronomie.de\\\/wp-content\\\/uploads\\\/20erJahre-KV.jpeg\",\"datePublished\":\"2025-02-06T09:56:10+00:00\",\"dateModified\":\"2025-11-12T10:06:16+00:00\",\"description\":\"Erleben Sie die Great Gatsby Dance- Show 2025 im K\u00f6nigssaal: Glamour, 1920er-Dinner & mitrei\u00dfende Showacts. Jetzt Ticket sichern!\",\"breadcrumb\":{\"@id\":\"https:\\\/\\\/www.heidelberger-schloss-gastronomie.de\\\/shop\\\/the-great-gatsby-dance-show\\\/#breadcrumb\"},\"inLanguage\":\"en-US\",\"potentialAction\":[{\"@type\":\"ReadAction\",\"target\":[\"https:\\\/\\\/www.heidelberger-schloss-gastronomie.de\\\/shop\\\/the-great-gatsby-dance-show\\\/\"]}]},{\"@type\":\"ImageObject\",\"inLanguage\":\"en-US\",\"@id\":\"https:\\\/\\\/www.heidelberger-schloss-gastronomie.de\\\/shop\\\/the-great-gatsby-dance-show\\\/#primaryimage\",\"url\":\"https:\\\/\\\/www.heidelberger-schloss-gastronomie.de\\\/wp-content\\\/uploads\\\/20erJahre-KV.jpeg\",\"contentUrl\":\"https:\\\/\\\/www.heidelberger-schloss-gastronomie.de\\\/wp-content\\\/uploads\\\/20erJahre-KV.jpeg\",\"width\":1280,\"height\":957},{\"@type\":\"BreadcrumbList\",\"@id\":\"https:\\\/\\\/www.heidelberger-schloss-gastronomie.de\\\/shop\\\/the-great-gatsby-dance-show\\\/#breadcrumb\",\"itemListElement\":[{\"@type\":\"ListItem\",\"position\":1,\"name\":\"Startseite\",\"item\":\"https:\\\/\\\/www.heidelberger-schloss-gastronomie.de\\\/\"},{\"@type\":\"ListItem\",\"position\":2,\"name\":\"Online Shop\",\"item\":\"https:\\\/\\\/www.heidelberger-schloss-gastronomie.de\\\/onlineshop\\\/\"},{\"@type\":\"ListItem\",\"position\":3,\"name\":\"The Great Gatsby Dance-Show im Heidelberger Schloss &#8211; Goldene Zwanziger Party | 17. Oktober 2025\"}]},{\"@type\":\"WebSite\",\"@id\":\"https:\\\/\\\/www.heidelberger-schloss-gastronomie.de\\\/#website\",\"url\":\"https:\\\/\\\/www.heidelberger-schloss-gastronomie.de\\\/\",\"name\":\"Heidelberger Schloss Restaurants &amp; Events\",\"description\":\"\",\"publisher\":{\"@id\":\"https:\\\/\\\/www.heidelberger-schloss-gastronomie.de\\\/#organization\"},\"potentialAction\":[{\"@type\":\"SearchAction\",\"target\":{\"@type\":\"EntryPoint\",\"urlTemplate\":\"https:\\\/\\\/www.heidelberger-schloss-gastronomie.de\\\/?s={search_term_string}\"},\"query-input\":{\"@type\":\"PropertyValueSpecification\",\"valueRequired\":true,\"valueName\":\"search_term_string\"}}],\"inLanguage\":\"en-US\"},{\"@type\":\"Organization\",\"@id\":\"https:\\\/\\\/www.heidelberger-schloss-gastronomie.de\\\/#organization\",\"name\":\"Heidelberger Schloss Restaurants & Events GmbH & Co. KG\",\"url\":\"https:\\\/\\\/www.heidelberger-schloss-gastronomie.de\\\/\",\"logo\":{\"@type\":\"ImageObject\",\"inLanguage\":\"en-US\",\"@id\":\"https:\\\/\\\/www.heidelberger-schloss-gastronomie.de\\\/#\\\/schema\\\/logo\\\/image\\\/\",\"url\":\"https:\\\/\\\/www.heidelberger-schloss-gastronomie.de\\\/wp-content\\\/uploads\\\/200610_Logo_HDSRE_2020_kompakt.png\",\"contentUrl\":\"https:\\\/\\\/www.heidelberger-schloss-gastronomie.de\\\/wp-content\\\/uploads\\\/200610_Logo_HDSRE_2020_kompakt.png\",\"width\":596,\"height\":593,\"caption\":\"Heidelberger Schloss Restaurants & Events GmbH & Co. KG\"},\"image\":{\"@id\":\"https:\\\/\\\/www.heidelberger-schloss-gastronomie.de\\\/#\\\/schema\\\/logo\\\/image\\\/\"},\"sameAs\":[\"https:\\\/\\\/www.facebook.com\\\/heidelberger.schloss.gastronomie\\\/\",\"https:\\\/\\\/www.instagram.com\\\/heidelbergerschlossgastronomie\\\/\",\"https:\\\/\\\/www.youtube.com\\\/channel\\\/UCLlhNkc66V1EI0fQqAzWoGQ\"]}]}<\/script>\n<!-- \/ Yoast SEO plugin. -->","yoast_head_json":{"title":"The Great Gatsby Dance-Show 2025 im K\u00f6nigssaal","description":"Erleben Sie die Great Gatsby Dance- Show 2025 im K\u00f6nigssaal: Glamour, 1920er-Dinner & mitrei\u00dfende Showacts. Jetzt Ticket sichern!","robots":{"index":"index","follow":"follow","max-snippet":"max-snippet:-1","max-image-preview":"max-image-preview:large","max-video-preview":"max-video-preview:-1"},"canonical":"https:\/\/www.heidelberger-schloss-gastronomie.de\/shop\/the-great-gatsby-dance-show\/","og_locale":"en_US","og_type":"article","og_title":"The Great Gatsby Dance-Show 2025 im K\u00f6nigssaal","og_description":"Erleben Sie die Great Gatsby Dance- Show 2025 im K\u00f6nigssaal: Glamour, 1920er-Dinner & mitrei\u00dfende Showacts. Jetzt Ticket sichern!","og_url":"https:\/\/www.heidelberger-schloss-gastronomie.de\/shop\/the-great-gatsby-dance-show\/","og_site_name":"Heidelberger Schloss Restaurants &amp; Events","article_publisher":"https:\/\/www.facebook.com\/heidelberger.schloss.gastronomie\/","article_modified_time":"2025-11-12T10:06:16+00:00","og_image":[{"width":1280,"height":957,"url":"https:\/\/www.heidelberger-schloss-gastronomie.de\/wp-content\/uploads\/20erJahre-KV.jpeg","type":"image\/jpeg"}],"twitter_card":"summary_large_image","twitter_misc":{"Est. reading time":"2 minutes"},"schema":{"@context":"https:\/\/schema.org","@graph":[{"@type":"WebPage","@id":"https:\/\/www.heidelberger-schloss-gastronomie.de\/shop\/the-great-gatsby-dance-show\/","url":"https:\/\/www.heidelberger-schloss-gastronomie.de\/shop\/the-great-gatsby-dance-show\/","name":"The Great Gatsby Dance-Show 2025 im K\u00f6nigssaal","isPartOf":{"@id":"https:\/\/www.heidelberger-schloss-gastronomie.de\/#website"},"primaryImageOfPage":{"@id":"https:\/\/www.heidelberger-schloss-gastronomie.de\/shop\/the-great-gatsby-dance-show\/#primaryimage"},"image":{"@id":"https:\/\/www.heidelberger-schloss-gastronomie.de\/shop\/the-great-gatsby-dance-show\/#primaryimage"},"thumbnailUrl":"https:\/\/www.heidelberger-schloss-gastronomie.de\/wp-content\/uploads\/20erJahre-KV.jpeg","datePublished":"2025-02-06T09:56:10+00:00","dateModified":"2025-11-12T10:06:16+00:00","description":"Erleben Sie die Great Gatsby Dance- Show 2025 im K\u00f6nigssaal: Glamour, 1920er-Dinner & mitrei\u00dfende Showacts. Jetzt Ticket sichern!","breadcrumb":{"@id":"https:\/\/www.heidelberger-schloss-gastronomie.de\/shop\/the-great-gatsby-dance-show\/#breadcrumb"},"inLanguage":"en-US","potentialAction":[{"@type":"ReadAction","target":["https:\/\/www.heidelberger-schloss-gastronomie.de\/shop\/the-great-gatsby-dance-show\/"]}]},{"@type":"ImageObject","inLanguage":"en-US","@id":"https:\/\/www.heidelberger-schloss-gastronomie.de\/shop\/the-great-gatsby-dance-show\/#primaryimage","url":"https:\/\/www.heidelberger-schloss-gastronomie.de\/wp-content\/uploads\/20erJahre-KV.jpeg","contentUrl":"https:\/\/www.heidelberger-schloss-gastronomie.de\/wp-content\/uploads\/20erJahre-KV.jpeg","width":1280,"height":957},{"@type":"BreadcrumbList","@id":"https:\/\/www.heidelberger-schloss-gastronomie.de\/shop\/the-great-gatsby-dance-show\/#breadcrumb","itemListElement":[{"@type":"ListItem","position":1,"name":"Startseite","item":"https:\/\/www.heidelberger-schloss-gastronomie.de\/"},{"@type":"ListItem","position":2,"name":"Online Shop","item":"https:\/\/www.heidelberger-schloss-gastronomie.de\/onlineshop\/"},{"@type":"ListItem","position":3,"name":"The Great Gatsby Dance-Show im Heidelberger Schloss &#8211; Goldene Zwanziger Party | 17. Oktober 2025"}]},{"@type":"WebSite","@id":"https:\/\/www.heidelberger-schloss-gastronomie.de\/#website","url":"https:\/\/www.heidelberger-schloss-gastronomie.de\/","name":"Heidelberger Schloss Restaurants &amp; Events","description":"","publisher":{"@id":"https:\/\/www.heidelberger-schloss-gastronomie.de\/#organization"},"potentialAction":[{"@type":"SearchAction","target":{"@type":"EntryPoint","urlTemplate":"https:\/\/www.heidelberger-schloss-gastronomie.de\/?s={search_term_string}"},"query-input":{"@type":"PropertyValueSpecification","valueRequired":true,"valueName":"search_term_string"}}],"inLanguage":"en-US"},{"@type":"Organization","@id":"https:\/\/www.heidelberger-schloss-gastronomie.de\/#organization","name":"Heidelberger Schloss Restaurants & Events GmbH & Co. KG","url":"https:\/\/www.heidelberger-schloss-gastronomie.de\/","logo":{"@type":"ImageObject","inLanguage":"en-US","@id":"https:\/\/www.heidelberger-schloss-gastronomie.de\/#\/schema\/logo\/image\/","url":"https:\/\/www.heidelberger-schloss-gastronomie.de\/wp-content\/uploads\/200610_Logo_HDSRE_2020_kompakt.png","contentUrl":"https:\/\/www.heidelberger-schloss-gastronomie.de\/wp-content\/uploads\/200610_Logo_HDSRE_2020_kompakt.png","width":596,"height":593,"caption":"Heidelberger Schloss Restaurants & Events GmbH & Co. KG"},"image":{"@id":"https:\/\/www.heidelberger-schloss-gastronomie.de\/#\/schema\/logo\/image\/"},"sameAs":["https:\/\/www.facebook.com\/heidelberger.schloss.gastronomie\/","https:\/\/www.instagram.com\/heidelbergerschlossgastronomie\/","https:\/\/www.youtube.com\/channel\/UCLlhNkc66V1EI0fQqAzWoGQ"]}]}},"_links":{"self":[{"href":"https:\/\/www.heidelberger-schloss-gastronomie.de\/en\/wp-json\/wp\/v2\/product\/121156","targetHints":{"allow":["GET"]}}],"collection":[{"href":"https:\/\/www.heidelberger-schloss-gastronomie.de\/en\/wp-json\/wp\/v2\/product"}],"about":[{"href":"https:\/\/www.heidelberger-schloss-gastronomie.de\/en\/wp-json\/wp\/v2\/types\/product"}],"version-history":[{"count":13,"href":"https:\/\/www.heidelberger-schloss-gastronomie.de\/en\/wp-json\/wp\/v2\/product\/121156\/revisions"}],"predecessor-version":[{"id":139582,"href":"https:\/\/www.heidelberger-schloss-gastronomie.de\/en\/wp-json\/wp\/v2\/product\/121156\/revisions\/139582"}],"wp:featuredmedia":[{"embeddable":true,"href":"https:\/\/www.heidelberger-schloss-gastronomie.de\/en\/wp-json\/wp\/v2\/media\/139376"}],"wp:attachment":[{"href":"https:\/\/www.heidelberger-schloss-gastronomie.de\/en\/wp-json\/wp\/v2\/media?parent=121156"}],"wp:term":[{"taxonomy":"product_brand","embeddable":true,"href":"https:\/\/www.heidelberger-schloss-gastronomie.de\/en\/wp-json\/wp\/v2\/product_brand?post=121156"},{"taxonomy":"product_cat","embeddable":true,"href":"https:\/\/www.heidelberger-schloss-gastronomie.de\/en\/wp-json\/wp\/v2\/product_cat?post=121156"},{"taxonomy":"product_tag","embeddable":true,"href":"https:\/\/www.heidelberger-schloss-gastronomie.de\/en\/wp-json\/wp\/v2\/product_tag?post=121156"}],"curies":[{"name":"wp","href":"https:\/\/api.w.org\/{rel}","templated":true}]}}