{"id":129585,"date":"2025-05-14T13:19:24","date_gmt":"2025-05-14T11:19:24","guid":{"rendered":"https:\/\/www.heidelberger-schloss-gastronomie.de\/?post_type=product&#038;p=129585"},"modified":"2025-10-21T11:54:20","modified_gmt":"2025-10-21T09:54:20","slug":"grosse-spargel-kulinarikbox","status":"publish","type":"product","link":"https:\/\/www.heidelberger-schloss-gastronomie.de\/en\/shop\/grosse-spargel-kulinarikbox\/","title":{"rendered":"Gro\u00dfe Spargel Kulinarikbox"},"content":{"rendered":"<h2>Die gro\u00dfe Spargel Kulinarikbox<\/h2>\n<p><strong data-start=\"95\" data-end=\"247\">Entdecken Sie feine Spargel-Spezialit\u00e4ten aus der Region rund um die ber\u00fchmte Stadt am Neckar \u2013 das perfekte Geschenk f\u00fcr alle Heidelberg-Liebhaber!<\/strong><br data-start=\"247\" data-end=\"250\" \/>Eine liebevoll zusammengestellte Genussbox mit kulinarischen Sch\u00e4tzen, raffinierten Leckereien und saisonalen \u00dcberraschungen \u2013 nat\u00fcrlich auch mit einem Hauch Heidelberger Charme.<br data-start=\"428\" data-end=\"431\" \/>Ob als Erinnerung, Pr\u00e4sent oder einfach aus Liebe zu Spargel und Heidelberg \u2013 diese Box ist ein Hochgenuss!<\/p>\n<p><br data-start=\"532\" data-end=\"535\" \/>Die Kulinarikbox mit Chardonnay-Wei\u00dfburgunder, feinem Urkr\u00e4uter-Senf im Steintopf und einen Profi-Spargelsch\u00e4ler \u2013 veredelt durch ein hochwertiges und signiertes Spargelkochbuch vom Heidelberger Sternekoch Martin Scharff.<br data-start=\"836\" data-end=\"839\" \/>Ob als Erinnerung, Pr\u00e4sent oder einfach aus Liebe zu Spargel und Heidelberg \u2013 diese Box ist ein Hochgenuss f\u00fcr alle Sinne!<\/p>\n<p>Tipp: Das Geschenk ist nicht nur f\u00fcr Spargelliebhaber.<\/p>\n<p>&nbsp;<\/p>\n<p>Heidelberger Kulinarik Box wird vertrieben durch:<br \/>\nHeidelberger Schloss Restaurants GmbH &amp; CoKG<br \/>\nSchlosshof 1 | 69117 Heidelberg<\/p>\n<p>&nbsp;<\/p>\n<p><em>Gutscheine werden nicht mit der Versandkostenpauschale verrechnet.<\/em><\/p>\n","protected":false},"excerpt":{"rendered":"<p><strong data-start=\"95\" data-end=\"247\">Entdecken Sie feine Spargel-Spezialit\u00e4ten aus der Region rund um die ber\u00fchmte Stadt am Neckar \u2013 das perfekte Geschenk f\u00fcr alle Heidelberg-Liebhaber!<\/strong><br data-start=\"247\" data-end=\"250\" \/>Eine liebevoll zusammengestellte Genussbox mit kulinarischen Sch\u00e4tzen, raffinierten Leckereien und saisonalen \u00dcberraschungen \u2013 nat\u00fcrlich auch mit einem Hauch Heidelberger Charme.<br data-start=\"428\" data-end=\"431\" \/>Ob als Erinnerung, Pr\u00e4sent oder einfach aus Liebe zu Spargel und Heidelberg \u2013 diese Box ist ein Hochgenuss!<\/p>\n","protected":false},"featured_media":129586,"template":"","meta":{"_price":"49.90","_stock":null,"_tribe_ticket_header":"","_tribe_default_ticket_provider":"","_tribe_ticket_capacity":"0","_ticket_start_date":"","_ticket_end_date":"","_tribe_ticket_show_description":"","_tribe_ticket_show_not_going":false,"_tribe_ticket_use_global_stock":"","_tribe_ticket_global_stock_level":"","_global_stock_mode":"","_global_stock_cap":"","_tribe_rsvp_for_event":"","_tribe_ticket_going_count":"","_tribe_ticket_not_going_count":"","_tribe_tickets_list":"[]","_tribe_ticket_has_attendee_info_fields":false,"_tec_slr_enabled":"","_tec_slr_layout":""},"product_brand":[],"product_cat":[202],"product_tag":[],"class_list":{"0":"post-129585","1":"product","2":"type-product","3":"status-publish","4":"has-post-thumbnail","6":"product_cat-kulinarikboxen","7":"product_shipping_class-kulinarikbox","8":"entry","10":"first","11":"instock","12":"taxable","13":"shipping-taxable","14":"purchasable","15":"product-type-simple"},"bundled_by":[],"bundle_stock_status":"instock","bundle_stock_quantity":null,"bundle_virtual":false,"bundle_layout":"","bundle_add_to_cart_form_location":"","bundle_editable_in_cart":false,"bundle_sold_individually_context":"","bundle_item_grouping":"","bundle_min_size":"","bundle_max_size":"","bundle_price":[],"bundled_items":[],"bundle_sell_ids":[],"yoast_head":"<!-- This site is optimized with the Yoast SEO plugin v27.4 - https:\/\/yoast.com\/product\/yoast-seo-wordpress\/ -->\n<title>Gro\u00dfe Spargel Kulinarikbox - Heidelberg genie\u00dfen<\/title>\n<meta name=\"robots\" content=\"index, follow, max-snippet:-1, max-image-preview:large, max-video-preview:-1\" \/>\n<link rel=\"canonical\" href=\"https:\/\/www.heidelberger-schloss-gastronomie.de\/shop\/grosse-spargel-kulinarikbox\/\" \/>\n<meta property=\"og:locale\" content=\"en_US\" \/>\n<meta property=\"og:type\" content=\"article\" \/>\n<meta property=\"og:title\" content=\"Gro\u00dfe Spargel Kulinarikbox - Heidelberg genie\u00dfen\" \/>\n<meta property=\"og:description\" content=\"Entdecken Sie feine Spargel-Spezialit\u00e4ten aus der Region rund um die ber\u00fchmte Stadt am Neckar \u2013 das perfekte Geschenk f\u00fcr alle Heidelberg-Liebhaber!Eine liebevoll zusammengestellte Genussbox mit kulinarischen Sch\u00e4tzen, raffinierten Leckereien und saisonalen \u00dcberraschungen \u2013 nat\u00fcrlich auch mit einem Hauch Heidelberger Charme.Ob als Erinnerung, Pr\u00e4sent oder einfach aus Liebe zu Spargel und Heidelberg \u2013 diese Box ist ein Hochgenuss!\" \/>\n<meta property=\"og:url\" content=\"https:\/\/www.heidelberger-schloss-gastronomie.de\/shop\/grosse-spargel-kulinarikbox\/\" \/>\n<meta property=\"og:site_name\" content=\"Heidelberger Schloss Restaurants &amp; Events\" \/>\n<meta property=\"article:publisher\" content=\"https:\/\/www.facebook.com\/heidelberger.schloss.gastronomie\/\" \/>\n<meta property=\"article:modified_time\" content=\"2025-10-21T09:54:20+00:00\" \/>\n<meta property=\"og:image\" content=\"https:\/\/www.heidelberger-schloss-gastronomie.de\/wp-content\/uploads\/SHOP_KV-1.png\" \/>\n\t<meta property=\"og:image:width\" content=\"2000\" \/>\n\t<meta property=\"og:image:height\" content=\"1414\" \/>\n\t<meta property=\"og:image:type\" content=\"image\/png\" \/>\n<meta name=\"twitter:card\" content=\"summary_large_image\" \/>\n<meta name=\"twitter:label1\" content=\"Est. reading time\" \/>\n\t<meta name=\"twitter:data1\" content=\"1 minute\" \/>\n<script type=\"application\/ld+json\" class=\"yoast-schema-graph\">{\"@context\":\"https:\\\/\\\/schema.org\",\"@graph\":[{\"@type\":\"WebPage\",\"@id\":\"https:\\\/\\\/www.heidelberger-schloss-gastronomie.de\\\/shop\\\/grosse-spargel-kulinarikbox\\\/\",\"url\":\"https:\\\/\\\/www.heidelberger-schloss-gastronomie.de\\\/shop\\\/grosse-spargel-kulinarikbox\\\/\",\"name\":\"Gro\u00dfe Spargel Kulinarikbox - Heidelberg genie\u00dfen\",\"isPartOf\":{\"@id\":\"https:\\\/\\\/www.heidelberger-schloss-gastronomie.de\\\/#website\"},\"primaryImageOfPage\":{\"@id\":\"https:\\\/\\\/www.heidelberger-schloss-gastronomie.de\\\/shop\\\/grosse-spargel-kulinarikbox\\\/#primaryimage\"},\"image\":{\"@id\":\"https:\\\/\\\/www.heidelberger-schloss-gastronomie.de\\\/shop\\\/grosse-spargel-kulinarikbox\\\/#primaryimage\"},\"thumbnailUrl\":\"https:\\\/\\\/www.heidelberger-schloss-gastronomie.de\\\/wp-content\\\/uploads\\\/SHOP_KV-1.png\",\"datePublished\":\"2025-05-14T11:19:24+00:00\",\"dateModified\":\"2025-10-21T09:54:20+00:00\",\"breadcrumb\":{\"@id\":\"https:\\\/\\\/www.heidelberger-schloss-gastronomie.de\\\/shop\\\/grosse-spargel-kulinarikbox\\\/#breadcrumb\"},\"inLanguage\":\"en-US\",\"potentialAction\":[{\"@type\":\"ReadAction\",\"target\":[\"https:\\\/\\\/www.heidelberger-schloss-gastronomie.de\\\/shop\\\/grosse-spargel-kulinarikbox\\\/\"]}]},{\"@type\":\"ImageObject\",\"inLanguage\":\"en-US\",\"@id\":\"https:\\\/\\\/www.heidelberger-schloss-gastronomie.de\\\/shop\\\/grosse-spargel-kulinarikbox\\\/#primaryimage\",\"url\":\"https:\\\/\\\/www.heidelberger-schloss-gastronomie.de\\\/wp-content\\\/uploads\\\/SHOP_KV-1.png\",\"contentUrl\":\"https:\\\/\\\/www.heidelberger-schloss-gastronomie.de\\\/wp-content\\\/uploads\\\/SHOP_KV-1.png\",\"width\":2000,\"height\":1414},{\"@type\":\"BreadcrumbList\",\"@id\":\"https:\\\/\\\/www.heidelberger-schloss-gastronomie.de\\\/shop\\\/grosse-spargel-kulinarikbox\\\/#breadcrumb\",\"itemListElement\":[{\"@type\":\"ListItem\",\"position\":1,\"name\":\"Startseite\",\"item\":\"https:\\\/\\\/www.heidelberger-schloss-gastronomie.de\\\/\"},{\"@type\":\"ListItem\",\"position\":2,\"name\":\"Online Shop\",\"item\":\"https:\\\/\\\/www.heidelberger-schloss-gastronomie.de\\\/onlineshop\\\/\"},{\"@type\":\"ListItem\",\"position\":3,\"name\":\"Gro\u00dfe Spargel Kulinarikbox\"}]},{\"@type\":\"WebSite\",\"@id\":\"https:\\\/\\\/www.heidelberger-schloss-gastronomie.de\\\/#website\",\"url\":\"https:\\\/\\\/www.heidelberger-schloss-gastronomie.de\\\/\",\"name\":\"Heidelberger Schloss Restaurants &amp; Events\",\"description\":\"\",\"publisher\":{\"@id\":\"https:\\\/\\\/www.heidelberger-schloss-gastronomie.de\\\/#organization\"},\"potentialAction\":[{\"@type\":\"SearchAction\",\"target\":{\"@type\":\"EntryPoint\",\"urlTemplate\":\"https:\\\/\\\/www.heidelberger-schloss-gastronomie.de\\\/?s={search_term_string}\"},\"query-input\":{\"@type\":\"PropertyValueSpecification\",\"valueRequired\":true,\"valueName\":\"search_term_string\"}}],\"inLanguage\":\"en-US\"},{\"@type\":\"Organization\",\"@id\":\"https:\\\/\\\/www.heidelberger-schloss-gastronomie.de\\\/#organization\",\"name\":\"Heidelberger Schloss Restaurants & Events GmbH & Co. KG\",\"url\":\"https:\\\/\\\/www.heidelberger-schloss-gastronomie.de\\\/\",\"logo\":{\"@type\":\"ImageObject\",\"inLanguage\":\"en-US\",\"@id\":\"https:\\\/\\\/www.heidelberger-schloss-gastronomie.de\\\/#\\\/schema\\\/logo\\\/image\\\/\",\"url\":\"https:\\\/\\\/www.heidelberger-schloss-gastronomie.de\\\/wp-content\\\/uploads\\\/200610_Logo_HDSRE_2020_kompakt.png\",\"contentUrl\":\"https:\\\/\\\/www.heidelberger-schloss-gastronomie.de\\\/wp-content\\\/uploads\\\/200610_Logo_HDSRE_2020_kompakt.png\",\"width\":596,\"height\":593,\"caption\":\"Heidelberger Schloss Restaurants & Events GmbH & Co. KG\"},\"image\":{\"@id\":\"https:\\\/\\\/www.heidelberger-schloss-gastronomie.de\\\/#\\\/schema\\\/logo\\\/image\\\/\"},\"sameAs\":[\"https:\\\/\\\/www.facebook.com\\\/heidelberger.schloss.gastronomie\\\/\",\"https:\\\/\\\/www.instagram.com\\\/heidelbergerschlossgastronomie\\\/\",\"https:\\\/\\\/www.youtube.com\\\/channel\\\/UCLlhNkc66V1EI0fQqAzWoGQ\"]}]}<\/script>\n<!-- \/ Yoast SEO plugin. -->","yoast_head_json":{"title":"Gro\u00dfe Spargel Kulinarikbox - Heidelberg genie\u00dfen","robots":{"index":"index","follow":"follow","max-snippet":"max-snippet:-1","max-image-preview":"max-image-preview:large","max-video-preview":"max-video-preview:-1"},"canonical":"https:\/\/www.heidelberger-schloss-gastronomie.de\/shop\/grosse-spargel-kulinarikbox\/","og_locale":"en_US","og_type":"article","og_title":"Gro\u00dfe Spargel Kulinarikbox - Heidelberg genie\u00dfen","og_description":"Entdecken Sie feine Spargel-Spezialit\u00e4ten aus der Region rund um die ber\u00fchmte Stadt am Neckar \u2013 das perfekte Geschenk f\u00fcr alle Heidelberg-Liebhaber!Eine liebevoll zusammengestellte Genussbox mit kulinarischen Sch\u00e4tzen, raffinierten Leckereien und saisonalen \u00dcberraschungen \u2013 nat\u00fcrlich auch mit einem Hauch Heidelberger Charme.Ob als Erinnerung, Pr\u00e4sent oder einfach aus Liebe zu Spargel und Heidelberg \u2013 diese Box ist ein Hochgenuss!","og_url":"https:\/\/www.heidelberger-schloss-gastronomie.de\/shop\/grosse-spargel-kulinarikbox\/","og_site_name":"Heidelberger Schloss Restaurants &amp; Events","article_publisher":"https:\/\/www.facebook.com\/heidelberger.schloss.gastronomie\/","article_modified_time":"2025-10-21T09:54:20+00:00","og_image":[{"width":2000,"height":1414,"url":"https:\/\/www.heidelberger-schloss-gastronomie.de\/wp-content\/uploads\/SHOP_KV-1.png","type":"image\/png"}],"twitter_card":"summary_large_image","twitter_misc":{"Est. reading time":"1 minute"},"schema":{"@context":"https:\/\/schema.org","@graph":[{"@type":"WebPage","@id":"https:\/\/www.heidelberger-schloss-gastronomie.de\/shop\/grosse-spargel-kulinarikbox\/","url":"https:\/\/www.heidelberger-schloss-gastronomie.de\/shop\/grosse-spargel-kulinarikbox\/","name":"Gro\u00dfe Spargel Kulinarikbox - Heidelberg genie\u00dfen","isPartOf":{"@id":"https:\/\/www.heidelberger-schloss-gastronomie.de\/#website"},"primaryImageOfPage":{"@id":"https:\/\/www.heidelberger-schloss-gastronomie.de\/shop\/grosse-spargel-kulinarikbox\/#primaryimage"},"image":{"@id":"https:\/\/www.heidelberger-schloss-gastronomie.de\/shop\/grosse-spargel-kulinarikbox\/#primaryimage"},"thumbnailUrl":"https:\/\/www.heidelberger-schloss-gastronomie.de\/wp-content\/uploads\/SHOP_KV-1.png","datePublished":"2025-05-14T11:19:24+00:00","dateModified":"2025-10-21T09:54:20+00:00","breadcrumb":{"@id":"https:\/\/www.heidelberger-schloss-gastronomie.de\/shop\/grosse-spargel-kulinarikbox\/#breadcrumb"},"inLanguage":"en-US","potentialAction":[{"@type":"ReadAction","target":["https:\/\/www.heidelberger-schloss-gastronomie.de\/shop\/grosse-spargel-kulinarikbox\/"]}]},{"@type":"ImageObject","inLanguage":"en-US","@id":"https:\/\/www.heidelberger-schloss-gastronomie.de\/shop\/grosse-spargel-kulinarikbox\/#primaryimage","url":"https:\/\/www.heidelberger-schloss-gastronomie.de\/wp-content\/uploads\/SHOP_KV-1.png","contentUrl":"https:\/\/www.heidelberger-schloss-gastronomie.de\/wp-content\/uploads\/SHOP_KV-1.png","width":2000,"height":1414},{"@type":"BreadcrumbList","@id":"https:\/\/www.heidelberger-schloss-gastronomie.de\/shop\/grosse-spargel-kulinarikbox\/#breadcrumb","itemListElement":[{"@type":"ListItem","position":1,"name":"Startseite","item":"https:\/\/www.heidelberger-schloss-gastronomie.de\/"},{"@type":"ListItem","position":2,"name":"Online Shop","item":"https:\/\/www.heidelberger-schloss-gastronomie.de\/onlineshop\/"},{"@type":"ListItem","position":3,"name":"Gro\u00dfe Spargel Kulinarikbox"}]},{"@type":"WebSite","@id":"https:\/\/www.heidelberger-schloss-gastronomie.de\/#website","url":"https:\/\/www.heidelberger-schloss-gastronomie.de\/","name":"Heidelberger Schloss Restaurants &amp; Events","description":"","publisher":{"@id":"https:\/\/www.heidelberger-schloss-gastronomie.de\/#organization"},"potentialAction":[{"@type":"SearchAction","target":{"@type":"EntryPoint","urlTemplate":"https:\/\/www.heidelberger-schloss-gastronomie.de\/?s={search_term_string}"},"query-input":{"@type":"PropertyValueSpecification","valueRequired":true,"valueName":"search_term_string"}}],"inLanguage":"en-US"},{"@type":"Organization","@id":"https:\/\/www.heidelberger-schloss-gastronomie.de\/#organization","name":"Heidelberger Schloss Restaurants & Events GmbH & Co. KG","url":"https:\/\/www.heidelberger-schloss-gastronomie.de\/","logo":{"@type":"ImageObject","inLanguage":"en-US","@id":"https:\/\/www.heidelberger-schloss-gastronomie.de\/#\/schema\/logo\/image\/","url":"https:\/\/www.heidelberger-schloss-gastronomie.de\/wp-content\/uploads\/200610_Logo_HDSRE_2020_kompakt.png","contentUrl":"https:\/\/www.heidelberger-schloss-gastronomie.de\/wp-content\/uploads\/200610_Logo_HDSRE_2020_kompakt.png","width":596,"height":593,"caption":"Heidelberger Schloss Restaurants & Events GmbH & Co. KG"},"image":{"@id":"https:\/\/www.heidelberger-schloss-gastronomie.de\/#\/schema\/logo\/image\/"},"sameAs":["https:\/\/www.facebook.com\/heidelberger.schloss.gastronomie\/","https:\/\/www.instagram.com\/heidelbergerschlossgastronomie\/","https:\/\/www.youtube.com\/channel\/UCLlhNkc66V1EI0fQqAzWoGQ"]}]}},"_links":{"self":[{"href":"https:\/\/www.heidelberger-schloss-gastronomie.de\/en\/wp-json\/wp\/v2\/product\/129585","targetHints":{"allow":["GET"]}}],"collection":[{"href":"https:\/\/www.heidelberger-schloss-gastronomie.de\/en\/wp-json\/wp\/v2\/product"}],"about":[{"href":"https:\/\/www.heidelberger-schloss-gastronomie.de\/en\/wp-json\/wp\/v2\/types\/product"}],"version-history":[{"count":0,"href":"https:\/\/www.heidelberger-schloss-gastronomie.de\/en\/wp-json\/wp\/v2\/product\/129585\/revisions"}],"wp:featuredmedia":[{"embeddable":true,"href":"https:\/\/www.heidelberger-schloss-gastronomie.de\/en\/wp-json\/wp\/v2\/media\/129586"}],"wp:attachment":[{"href":"https:\/\/www.heidelberger-schloss-gastronomie.de\/en\/wp-json\/wp\/v2\/media?parent=129585"}],"wp:term":[{"taxonomy":"product_brand","embeddable":true,"href":"https:\/\/www.heidelberger-schloss-gastronomie.de\/en\/wp-json\/wp\/v2\/product_brand?post=129585"},{"taxonomy":"product_cat","embeddable":true,"href":"https:\/\/www.heidelberger-schloss-gastronomie.de\/en\/wp-json\/wp\/v2\/product_cat?post=129585"},{"taxonomy":"product_tag","embeddable":true,"href":"https:\/\/www.heidelberger-schloss-gastronomie.de\/en\/wp-json\/wp\/v2\/product_tag?post=129585"}],"curies":[{"name":"wp","href":"https:\/\/api.w.org\/{rel}","templated":true}]}}