{"id":140992,"date":"2025-09-01T10:08:30","date_gmt":"2025-09-01T08:08:30","guid":{"rendered":"https:\/\/www.heidelberger-schloss-gastronomie.de\/?post_type=product&#038;p=140992"},"modified":"2025-09-11T23:28:30","modified_gmt":"2025-09-11T21:28:30","slug":"moods-after-work-heidelberger-schloss-2025","status":"publish","type":"product","link":"https:\/\/www.heidelberger-schloss-gastronomie.de\/en\/shop\/moods-after-work-heidelberger-schloss-2025\/","title":{"rendered":"MOODS AFTER WORK- STREETFOOD TICKET ! | 12. September"},"content":{"rendered":"<h2 style=\"text-align: left;\"><strong>?\ufe0f Streetfood Ticket \u2013 Gourmet-Genuss by Martin Scharff<\/strong><\/h2>\n<p style=\"text-align: left;\"><strong>Freitag, 12.09.2025 | Beginn: 19.30 Uhr |<\/strong><\/p>\n<p>Der Sommer geht \u2013 aber nicht ohne uns!<br \/>\nErlebe eine der letzten Open-Air-N\u00e4chte dieses Sommers:<br \/>\n? Feierabend-Vibes auf dem Schloss \u2013 mit Blick \u00fcber Heidelberg und Beats, die direkt ins Herz gehen.<\/p>\n<p><strong>One Summer Night in Heidelberg. One MOOD to remember.<\/strong><\/p>\n<p>Sichert euch euer Essen-Ticket f\u00fcr die Moods Afterwork im Heidelberger Schloss.<br \/>\nGenie\u00dft exklusives Streetfood von Martin Scharff in der unvergleichlichen Kulisse des Schlosses \u2013 perfekt f\u00fcr alle, die kulinarischen Genuss w\u00e4hrend des Events erleben m\u00f6chten.<\/p>\n<p><em>Hinweis: Dieses Ticket beinhaltet nur das Essen, der Zugang zur Afterwork-Party selbst ist nicht enthalten.<\/em><\/p>\n<p>Tickets zur Afterwork Party finden sie <a href=\"https:\/\/foreverdisco.ticket.io\/v4brwgky\/?lang=de\">hier<\/a><\/p>\n<h2><strong>Anfahrt &amp; Parken<\/strong><\/h2>\n<p><strong>? BERGBAHN \u2013 INKLUSIVE!<\/strong><br \/>\nVon 18:30 bis 21:00 Uhr bringt dich die Heidelberger Bergbahn direkt aufs Schloss \u2013 kostenfrei &amp; stilecht.<br \/>\nDanach stehen Taxen bereit.<\/p>\n<p>Parkpl\u00e4tze stehen auf dem ausgewiesenen Parkgel\u00e4nde oberhalb des Schlosses zur Verf\u00fcgung. Bis 18h parken Sie dort geb\u00fchrenpflichtig, ab 18h sind die Parkpl\u00e4tze kostenfrei. Von dort aus gelangen Sie \u00fcber einen kurzen Fu\u00dfweg durch den Schlossgarten zu uns.<br \/>\nParkplatzadresse: Schloss-Wolfsbrunnenweg 20 | 69117 Heidelberg<\/p>\n<p>&nbsp;<\/p>\n<h4><\/h4>\n<h2>Barrierefreiheit<\/h2>\n<p>Menschen mit Behinderung stehen spezielle Parkpl\u00e4tze vor der Bergbahn zur Verf\u00fcgung. Unsere Schlossweinstube ist nicht behindertengerecht. Der Zugang zu unseren Locations sowie der Schlosshof sind kopfsteingepflastert.<\/p>\n<p>Bei Fragen und Anliegen sind wir jederzeit gerne f\u00fcr Sie da.\u00a0<strong>Kontakt:\u00a0<\/strong>info@hdsre.de | 06221. 8727010<\/p>\n<p>&nbsp;<\/p>\n<p>Disclaimer: F\u00fcr die Veranstaltung werden Film- und Tonaufnahmen sowie Fotos gemacht, mit deren (auch sp\u00e4teren) Verwendung Sie sich durch den Besuch der Veranstaltung einverstanden erkl\u00e4ren.<\/p>\n","protected":false},"excerpt":{"rendered":"<p>Feiert den Sommerausklang mit kulinarischem Genuss im einzigartigen Ambiente des Heidelberger Schlosses.<\/p>\n<p>Auf einen Blick: Streetfood Ticket f\u00fcr Moods After Work am 12. September 2025<\/p>\n<ul>\n<li>Exklusives Streetfood mit Gourmet-Genuss von Martin Scharff<\/li>\n<li>Genie\u00dfen in der einmaligen Atmosph\u00e4re des Schlosses<\/li>\n<li>Hinweis: Dieses Ticket beinhaltet nur das Essen, der Zugang zur Afterwork-Party oder DJ-Programm ist nicht enthalten.<\/li>\n<\/ul>\n","protected":false},"featured_media":140994,"template":"","meta":{"_price":"26.50","_stock":"","_tribe_ticket_header":"","_tribe_default_ticket_provider":"","_tribe_ticket_capacity":"0","_ticket_start_date":"","_ticket_end_date":"","_tribe_ticket_show_description":"","_tribe_ticket_show_not_going":false,"_tribe_ticket_use_global_stock":"","_tribe_ticket_global_stock_level":"","_global_stock_mode":"","_global_stock_cap":"","_tribe_rsvp_for_event":"","_tribe_ticket_going_count":"","_tribe_ticket_not_going_count":"","_tribe_tickets_list":"[]","_tribe_ticket_has_attendee_info_fields":false,"_tec_slr_enabled":"","_tec_slr_layout":""},"product_brand":[],"product_cat":[208,205,42],"product_tag":[],"class_list":{"0":"post-140992","1":"product","2":"type-product","3":"status-publish","4":"has-post-thumbnail","6":"product_cat-events","7":"product_cat-schlossweinstube","8":"product_cat-tickets","9":"entry","11":"first","12":"instock","13":"taxable","14":"shipping-taxable","15":"purchasable","16":"product-type-variable"},"bundled_by":[],"bundle_stock_status":"instock","bundle_stock_quantity":null,"bundle_virtual":false,"bundle_layout":"","bundle_add_to_cart_form_location":"","bundle_editable_in_cart":false,"bundle_sold_individually_context":"","bundle_item_grouping":"","bundle_min_size":"","bundle_max_size":"","bundle_price":[],"bundled_items":[],"bundle_sell_ids":[],"yoast_head":"<!-- This site is optimized with the Yoast SEO plugin v27.4 - https:\/\/yoast.com\/product\/yoast-seo-wordpress\/ -->\n<title>Moods After Work im Heidelberger Schloss | Open Air Party<\/title>\n<meta name=\"description\" content=\"Moods After Work im Heidelberger Schloss \u2013 12.09.2025. DJs, Percussion, Drinks &amp; Street Food by Martin Scharff. Jetzt Tickets sichern!\" \/>\n<meta name=\"robots\" content=\"index, follow, max-snippet:-1, max-image-preview:large, max-video-preview:-1\" \/>\n<link rel=\"canonical\" href=\"https:\/\/www.heidelberger-schloss-gastronomie.de\/shop\/moods-after-work-heidelberger-schloss-2025\/\" \/>\n<meta property=\"og:locale\" content=\"en_US\" \/>\n<meta property=\"og:type\" content=\"article\" \/>\n<meta property=\"og:title\" content=\"Moods After Work im Heidelberger Schloss | Open Air Party\" \/>\n<meta property=\"og:description\" content=\"Moods After Work im Heidelberger Schloss \u2013 12.09.2025. DJs, Percussion, Drinks &amp; Street Food by Martin Scharff. Jetzt Tickets sichern!\" \/>\n<meta property=\"og:url\" content=\"https:\/\/www.heidelberger-schloss-gastronomie.de\/shop\/moods-after-work-heidelberger-schloss-2025\/\" \/>\n<meta property=\"og:site_name\" content=\"Heidelberger Schloss Restaurants &amp; Events\" \/>\n<meta property=\"article:publisher\" content=\"https:\/\/www.facebook.com\/heidelberger.schloss.gastronomie\/\" \/>\n<meta property=\"article:modified_time\" content=\"2025-09-11T21:28:30+00:00\" \/>\n<meta property=\"og:image\" content=\"https:\/\/www.heidelberger-schloss-gastronomie.de\/wp-content\/uploads\/holder-1080.jpg\" \/>\n\t<meta property=\"og:image:width\" content=\"703\" \/>\n\t<meta property=\"og:image:height\" content=\"395\" \/>\n\t<meta property=\"og:image:type\" content=\"image\/jpeg\" \/>\n<meta name=\"twitter:card\" content=\"summary_large_image\" \/>\n<meta name=\"twitter:label1\" content=\"Est. reading time\" \/>\n\t<meta name=\"twitter:data1\" content=\"2 minutes\" \/>\n<script type=\"application\/ld+json\" class=\"yoast-schema-graph\">{\"@context\":\"https:\\\/\\\/schema.org\",\"@graph\":[{\"@type\":\"WebPage\",\"@id\":\"https:\\\/\\\/www.heidelberger-schloss-gastronomie.de\\\/shop\\\/moods-after-work-heidelberger-schloss-2025\\\/\",\"url\":\"https:\\\/\\\/www.heidelberger-schloss-gastronomie.de\\\/shop\\\/moods-after-work-heidelberger-schloss-2025\\\/\",\"name\":\"Moods After Work im Heidelberger Schloss | Open Air Party\",\"isPartOf\":{\"@id\":\"https:\\\/\\\/www.heidelberger-schloss-gastronomie.de\\\/#website\"},\"primaryImageOfPage\":{\"@id\":\"https:\\\/\\\/www.heidelberger-schloss-gastronomie.de\\\/shop\\\/moods-after-work-heidelberger-schloss-2025\\\/#primaryimage\"},\"image\":{\"@id\":\"https:\\\/\\\/www.heidelberger-schloss-gastronomie.de\\\/shop\\\/moods-after-work-heidelberger-schloss-2025\\\/#primaryimage\"},\"thumbnailUrl\":\"https:\\\/\\\/www.heidelberger-schloss-gastronomie.de\\\/wp-content\\\/uploads\\\/holder-1080.jpg\",\"datePublished\":\"2025-09-01T08:08:30+00:00\",\"dateModified\":\"2025-09-11T21:28:30+00:00\",\"description\":\"Moods After Work im Heidelberger Schloss \u2013 12.09.2025. DJs, Percussion, Drinks & Street Food by Martin Scharff. Jetzt Tickets sichern!\",\"breadcrumb\":{\"@id\":\"https:\\\/\\\/www.heidelberger-schloss-gastronomie.de\\\/shop\\\/moods-after-work-heidelberger-schloss-2025\\\/#breadcrumb\"},\"inLanguage\":\"en-US\",\"potentialAction\":[{\"@type\":\"ReadAction\",\"target\":[\"https:\\\/\\\/www.heidelberger-schloss-gastronomie.de\\\/shop\\\/moods-after-work-heidelberger-schloss-2025\\\/\"]}]},{\"@type\":\"ImageObject\",\"inLanguage\":\"en-US\",\"@id\":\"https:\\\/\\\/www.heidelberger-schloss-gastronomie.de\\\/shop\\\/moods-after-work-heidelberger-schloss-2025\\\/#primaryimage\",\"url\":\"https:\\\/\\\/www.heidelberger-schloss-gastronomie.de\\\/wp-content\\\/uploads\\\/holder-1080.jpg\",\"contentUrl\":\"https:\\\/\\\/www.heidelberger-schloss-gastronomie.de\\\/wp-content\\\/uploads\\\/holder-1080.jpg\",\"width\":703,\"height\":395,\"caption\":\"After Work Sundowner\"},{\"@type\":\"BreadcrumbList\",\"@id\":\"https:\\\/\\\/www.heidelberger-schloss-gastronomie.de\\\/shop\\\/moods-after-work-heidelberger-schloss-2025\\\/#breadcrumb\",\"itemListElement\":[{\"@type\":\"ListItem\",\"position\":1,\"name\":\"Startseite\",\"item\":\"https:\\\/\\\/www.heidelberger-schloss-gastronomie.de\\\/\"},{\"@type\":\"ListItem\",\"position\":2,\"name\":\"Online Shop\",\"item\":\"https:\\\/\\\/www.heidelberger-schloss-gastronomie.de\\\/onlineshop\\\/\"},{\"@type\":\"ListItem\",\"position\":3,\"name\":\"MOODS AFTER WORK- STREETFOOD TICKET ! | 12. September\"}]},{\"@type\":\"WebSite\",\"@id\":\"https:\\\/\\\/www.heidelberger-schloss-gastronomie.de\\\/#website\",\"url\":\"https:\\\/\\\/www.heidelberger-schloss-gastronomie.de\\\/\",\"name\":\"Heidelberger Schloss Restaurants &amp; Events\",\"description\":\"\",\"publisher\":{\"@id\":\"https:\\\/\\\/www.heidelberger-schloss-gastronomie.de\\\/#organization\"},\"potentialAction\":[{\"@type\":\"SearchAction\",\"target\":{\"@type\":\"EntryPoint\",\"urlTemplate\":\"https:\\\/\\\/www.heidelberger-schloss-gastronomie.de\\\/?s={search_term_string}\"},\"query-input\":{\"@type\":\"PropertyValueSpecification\",\"valueRequired\":true,\"valueName\":\"search_term_string\"}}],\"inLanguage\":\"en-US\"},{\"@type\":\"Organization\",\"@id\":\"https:\\\/\\\/www.heidelberger-schloss-gastronomie.de\\\/#organization\",\"name\":\"Heidelberger Schloss Restaurants & Events GmbH & Co. KG\",\"url\":\"https:\\\/\\\/www.heidelberger-schloss-gastronomie.de\\\/\",\"logo\":{\"@type\":\"ImageObject\",\"inLanguage\":\"en-US\",\"@id\":\"https:\\\/\\\/www.heidelberger-schloss-gastronomie.de\\\/#\\\/schema\\\/logo\\\/image\\\/\",\"url\":\"https:\\\/\\\/www.heidelberger-schloss-gastronomie.de\\\/wp-content\\\/uploads\\\/200610_Logo_HDSRE_2020_kompakt.png\",\"contentUrl\":\"https:\\\/\\\/www.heidelberger-schloss-gastronomie.de\\\/wp-content\\\/uploads\\\/200610_Logo_HDSRE_2020_kompakt.png\",\"width\":596,\"height\":593,\"caption\":\"Heidelberger Schloss Restaurants & Events GmbH & Co. KG\"},\"image\":{\"@id\":\"https:\\\/\\\/www.heidelberger-schloss-gastronomie.de\\\/#\\\/schema\\\/logo\\\/image\\\/\"},\"sameAs\":[\"https:\\\/\\\/www.facebook.com\\\/heidelberger.schloss.gastronomie\\\/\",\"https:\\\/\\\/www.instagram.com\\\/heidelbergerschlossgastronomie\\\/\",\"https:\\\/\\\/www.youtube.com\\\/channel\\\/UCLlhNkc66V1EI0fQqAzWoGQ\"]}]}<\/script>\n<!-- \/ Yoast SEO plugin. -->","yoast_head_json":{"title":"Moods After Work im Heidelberger Schloss | Open Air Party","description":"Moods After Work im Heidelberger Schloss \u2013 12.09.2025. DJs, Percussion, Drinks & Street Food by Martin Scharff. Jetzt Tickets sichern!","robots":{"index":"index","follow":"follow","max-snippet":"max-snippet:-1","max-image-preview":"max-image-preview:large","max-video-preview":"max-video-preview:-1"},"canonical":"https:\/\/www.heidelberger-schloss-gastronomie.de\/shop\/moods-after-work-heidelberger-schloss-2025\/","og_locale":"en_US","og_type":"article","og_title":"Moods After Work im Heidelberger Schloss | Open Air Party","og_description":"Moods After Work im Heidelberger Schloss \u2013 12.09.2025. DJs, Percussion, Drinks & Street Food by Martin Scharff. Jetzt Tickets sichern!","og_url":"https:\/\/www.heidelberger-schloss-gastronomie.de\/shop\/moods-after-work-heidelberger-schloss-2025\/","og_site_name":"Heidelberger Schloss Restaurants &amp; Events","article_publisher":"https:\/\/www.facebook.com\/heidelberger.schloss.gastronomie\/","article_modified_time":"2025-09-11T21:28:30+00:00","og_image":[{"width":703,"height":395,"url":"https:\/\/www.heidelberger-schloss-gastronomie.de\/wp-content\/uploads\/holder-1080.jpg","type":"image\/jpeg"}],"twitter_card":"summary_large_image","twitter_misc":{"Est. reading time":"2 minutes"},"schema":{"@context":"https:\/\/schema.org","@graph":[{"@type":"WebPage","@id":"https:\/\/www.heidelberger-schloss-gastronomie.de\/shop\/moods-after-work-heidelberger-schloss-2025\/","url":"https:\/\/www.heidelberger-schloss-gastronomie.de\/shop\/moods-after-work-heidelberger-schloss-2025\/","name":"Moods After Work im Heidelberger Schloss | Open Air Party","isPartOf":{"@id":"https:\/\/www.heidelberger-schloss-gastronomie.de\/#website"},"primaryImageOfPage":{"@id":"https:\/\/www.heidelberger-schloss-gastronomie.de\/shop\/moods-after-work-heidelberger-schloss-2025\/#primaryimage"},"image":{"@id":"https:\/\/www.heidelberger-schloss-gastronomie.de\/shop\/moods-after-work-heidelberger-schloss-2025\/#primaryimage"},"thumbnailUrl":"https:\/\/www.heidelberger-schloss-gastronomie.de\/wp-content\/uploads\/holder-1080.jpg","datePublished":"2025-09-01T08:08:30+00:00","dateModified":"2025-09-11T21:28:30+00:00","description":"Moods After Work im Heidelberger Schloss \u2013 12.09.2025. DJs, Percussion, Drinks & Street Food by Martin Scharff. Jetzt Tickets sichern!","breadcrumb":{"@id":"https:\/\/www.heidelberger-schloss-gastronomie.de\/shop\/moods-after-work-heidelberger-schloss-2025\/#breadcrumb"},"inLanguage":"en-US","potentialAction":[{"@type":"ReadAction","target":["https:\/\/www.heidelberger-schloss-gastronomie.de\/shop\/moods-after-work-heidelberger-schloss-2025\/"]}]},{"@type":"ImageObject","inLanguage":"en-US","@id":"https:\/\/www.heidelberger-schloss-gastronomie.de\/shop\/moods-after-work-heidelberger-schloss-2025\/#primaryimage","url":"https:\/\/www.heidelberger-schloss-gastronomie.de\/wp-content\/uploads\/holder-1080.jpg","contentUrl":"https:\/\/www.heidelberger-schloss-gastronomie.de\/wp-content\/uploads\/holder-1080.jpg","width":703,"height":395,"caption":"After Work Sundowner"},{"@type":"BreadcrumbList","@id":"https:\/\/www.heidelberger-schloss-gastronomie.de\/shop\/moods-after-work-heidelberger-schloss-2025\/#breadcrumb","itemListElement":[{"@type":"ListItem","position":1,"name":"Startseite","item":"https:\/\/www.heidelberger-schloss-gastronomie.de\/"},{"@type":"ListItem","position":2,"name":"Online Shop","item":"https:\/\/www.heidelberger-schloss-gastronomie.de\/onlineshop\/"},{"@type":"ListItem","position":3,"name":"MOODS AFTER WORK- STREETFOOD TICKET ! | 12. September"}]},{"@type":"WebSite","@id":"https:\/\/www.heidelberger-schloss-gastronomie.de\/#website","url":"https:\/\/www.heidelberger-schloss-gastronomie.de\/","name":"Heidelberger Schloss Restaurants &amp; Events","description":"","publisher":{"@id":"https:\/\/www.heidelberger-schloss-gastronomie.de\/#organization"},"potentialAction":[{"@type":"SearchAction","target":{"@type":"EntryPoint","urlTemplate":"https:\/\/www.heidelberger-schloss-gastronomie.de\/?s={search_term_string}"},"query-input":{"@type":"PropertyValueSpecification","valueRequired":true,"valueName":"search_term_string"}}],"inLanguage":"en-US"},{"@type":"Organization","@id":"https:\/\/www.heidelberger-schloss-gastronomie.de\/#organization","name":"Heidelberger Schloss Restaurants & Events GmbH & Co. KG","url":"https:\/\/www.heidelberger-schloss-gastronomie.de\/","logo":{"@type":"ImageObject","inLanguage":"en-US","@id":"https:\/\/www.heidelberger-schloss-gastronomie.de\/#\/schema\/logo\/image\/","url":"https:\/\/www.heidelberger-schloss-gastronomie.de\/wp-content\/uploads\/200610_Logo_HDSRE_2020_kompakt.png","contentUrl":"https:\/\/www.heidelberger-schloss-gastronomie.de\/wp-content\/uploads\/200610_Logo_HDSRE_2020_kompakt.png","width":596,"height":593,"caption":"Heidelberger Schloss Restaurants & Events GmbH & Co. KG"},"image":{"@id":"https:\/\/www.heidelberger-schloss-gastronomie.de\/#\/schema\/logo\/image\/"},"sameAs":["https:\/\/www.facebook.com\/heidelberger.schloss.gastronomie\/","https:\/\/www.instagram.com\/heidelbergerschlossgastronomie\/","https:\/\/www.youtube.com\/channel\/UCLlhNkc66V1EI0fQqAzWoGQ"]}]}},"_links":{"self":[{"href":"https:\/\/www.heidelberger-schloss-gastronomie.de\/en\/wp-json\/wp\/v2\/product\/140992","targetHints":{"allow":["GET"]}}],"collection":[{"href":"https:\/\/www.heidelberger-schloss-gastronomie.de\/en\/wp-json\/wp\/v2\/product"}],"about":[{"href":"https:\/\/www.heidelberger-schloss-gastronomie.de\/en\/wp-json\/wp\/v2\/types\/product"}],"version-history":[{"count":1,"href":"https:\/\/www.heidelberger-schloss-gastronomie.de\/en\/wp-json\/wp\/v2\/product\/140992\/revisions"}],"predecessor-version":[{"id":141000,"href":"https:\/\/www.heidelberger-schloss-gastronomie.de\/en\/wp-json\/wp\/v2\/product\/140992\/revisions\/141000"}],"wp:featuredmedia":[{"embeddable":true,"href":"https:\/\/www.heidelberger-schloss-gastronomie.de\/en\/wp-json\/wp\/v2\/media\/140994"}],"wp:attachment":[{"href":"https:\/\/www.heidelberger-schloss-gastronomie.de\/en\/wp-json\/wp\/v2\/media?parent=140992"}],"wp:term":[{"taxonomy":"product_brand","embeddable":true,"href":"https:\/\/www.heidelberger-schloss-gastronomie.de\/en\/wp-json\/wp\/v2\/product_brand?post=140992"},{"taxonomy":"product_cat","embeddable":true,"href":"https:\/\/www.heidelberger-schloss-gastronomie.de\/en\/wp-json\/wp\/v2\/product_cat?post=140992"},{"taxonomy":"product_tag","embeddable":true,"href":"https:\/\/www.heidelberger-schloss-gastronomie.de\/en\/wp-json\/wp\/v2\/product_tag?post=140992"}],"curies":[{"name":"wp","href":"https:\/\/api.w.org\/{rel}","templated":true}]}}