{"id":141071,"date":"2025-09-02T16:22:29","date_gmt":"2025-09-02T14:22:29","guid":{"rendered":"https:\/\/www.heidelberger-schloss-gastronomie.de\/?post_type=product&#038;p=141071"},"modified":"2025-12-26T10:40:54","modified_gmt":"2025-12-26T09:40:54","slug":"festlicher-adventsbrunch-3","status":"publish","type":"product","link":"https:\/\/www.heidelberger-schloss-gastronomie.de\/en\/shop\/festlicher-adventsbrunch-3\/","title":{"rendered":"Festlicher Adventsbrunch"},"content":{"rendered":"<h2>Festlicher Adventsbrunch auf dem Heidelberger Schloss<\/h2>\n<p><strong>| 11.30 Uhr bis 15.00 Uhr |<br \/>\n<\/strong><\/p>\n<p>Wir laden Sie und Ihre Liebsten ein, gerade im Advent dem allt\u00e4glichen Trubel zu entfliehen und sich etwas Gutes zu tun. Lassen Sie sich von uns kulinarisch verw\u00f6hnen und genie\u00dfen Sie sorglose Stunden bei unserem weihnachtlichen Brunch auf dem Heidelberger Schloss. Es erwartet Sie eine gro\u00dfe Auswahl an k\u00f6stlichen Vorspeisen und Fr\u00fchst\u00fccksklassiker, eine jahreszeitliche Suppe und drei leckere Hauptg\u00e4nge zur Wahl. Unser Dessertbuffet aus der hauseigenen Patisserie sorgt f\u00fcr das s\u00fc\u00dfe Finale.<\/p>\n<p>Egal ob jung, alt, klein oder gro\u00df, Fleischliebhaber oder Vegetarier, bei unserem Adventsbrunch ist f\u00fcr jeden Geschmack etwas dabei!<\/p>\n<p><strong>Advents-Brunchmen\u00fc:\u00a0<\/strong><\/p>\n<p data-start=\"179\" data-end=\"195\"><strong data-start=\"179\" data-end=\"193\">Fr\u00fchst\u00fcck:<\/strong><\/p>\n<ul data-start=\"196\" data-end=\"392\">\n<li data-start=\"196\" data-end=\"286\">\n<p data-start=\"198\" data-end=\"286\">Bacon, Mini-Frikadellen, N\u00fcrnberger Bratw\u00fcrstchen, Wei\u00dfwurst, verschiedene Eierspeisen<\/p>\n<\/li>\n<li data-start=\"287\" data-end=\"325\">\n<p data-start=\"289\" data-end=\"325\">Auswahl an verschiedenen Brotaufstrichen<\/p>\n<\/li>\n<li data-start=\"326\" data-end=\"353\">\n<p data-start=\"328\" data-end=\"353\">Pancakes mit Ahornsirup<\/p>\n<\/li>\n<li data-start=\"354\" data-end=\"392\">\n<p data-start=\"356\" data-end=\"392\">Auswahl an Brot, Br\u00f6tchen, Brezeln<\/p>\n<\/li>\n<\/ul>\n<p data-start=\"394\" data-end=\"411\"><strong data-start=\"394\" data-end=\"409\">Vorspeisen:<\/strong><\/p>\n<ul>\n<li data-start=\"412\" data-end=\"448\">Riesengarnelen auf Wasabi-Erbsencreme<\/li>\n<li>Felsenaustern mit Zitrone und Chesterbrot<\/li>\n<li data-start=\"412\" data-end=\"448\">\n<p data-start=\"414\" data-end=\"448\">Wildpastete mit Sauce Cumberland<\/p>\n<\/li>\n<li data-start=\"449\" data-end=\"488\">\n<p data-start=\"451\" data-end=\"488\">Vitello Tonnato vom Kalb mit Kapern<\/p>\n<\/li>\n<li data-start=\"489\" data-end=\"524\">\n<p data-start=\"491\" data-end=\"524\">Lauchquiche mit Tomaten-Schmand<\/p>\n<\/li>\n<li data-start=\"525\" data-end=\"559\">\n<p data-start=\"527\" data-end=\"559\">Rosa Roastbeef mit Sauce Tatar<\/p>\n<\/li>\n<li data-start=\"560\" data-end=\"630\">\n<p data-start=\"562\" data-end=\"630\">R\u00e4ucherfischspezialit\u00e4ten mit Dill-Senf-Sauce und Sahnemeerrettich<\/p>\n<\/li>\n<li data-start=\"631\" data-end=\"686\">\n<p data-start=\"633\" data-end=\"686\">Franz\u00f6sische K\u00e4seauswahl mit verschiedenen Chutneys<\/p>\n<\/li>\n<li data-start=\"687\" data-end=\"739\">\n<p data-start=\"689\" data-end=\"739\">Karamellisierter Ziegenk\u00e4se mit schwarzen N\u00fcssen<\/p>\n<\/li>\n<\/ul>\n<p data-start=\"741\" data-end=\"753\"><strong data-start=\"741\" data-end=\"751\">Suppe:<\/strong><\/p>\n<ul data-start=\"754\" data-end=\"806\">\n<li data-start=\"754\" data-end=\"806\">\n<p data-start=\"756\" data-end=\"806\">Pastinakensuppe mit Grie\u00dfkl\u00f6\u00dfchen und Petersilie<\/p>\n<\/li>\n<\/ul>\n<p data-start=\"808\" data-end=\"828\"><strong data-start=\"808\" data-end=\"826\">Hauptgerichte:<\/strong><\/p>\n<ul data-start=\"829\" data-end=\"1187\">\n<li data-start=\"829\" data-end=\"926\">\n<p data-start=\"831\" data-end=\"926\">Gebratene Zanderschnitte mit sardischen Nudeln, Fenchel-Paprikagem\u00fcse und Safran-Tomatensauce<\/p>\n<\/li>\n<li data-start=\"927\" data-end=\"1003\">\n<p data-start=\"929\" data-end=\"1003\">Edles Hirschgulasch mit Rahmwirsing, Haselnuss-Sp\u00e4tzle und Preiselbeeren<\/p>\n<\/li>\n<li data-start=\"1004\" data-end=\"1096\">\n<p data-start=\"1006\" data-end=\"1096\">Sanft gegarte Entenbrust mit Apfelrotkohl, geschmolzenen Kartoffelkl\u00f6\u00dfen und Majoran-Jus<\/p>\n<\/li>\n<li data-start=\"1097\" data-end=\"1187\">\n<p data-start=\"1099\" data-end=\"1187\">Maronenrisotto mit wildem Brokkoli, Waldpilzen, gegrilltem K\u00fcrbis und Nussbutterschaum<\/p>\n<\/li>\n<\/ul>\n<p data-start=\"1189\" data-end=\"1204\"><strong data-start=\"1189\" data-end=\"1202\">Desserts:<\/strong><\/p>\n<ul data-start=\"1205\" data-end=\"1408\">\n<li data-start=\"1205\" data-end=\"1226\">\n<p data-start=\"1207\" data-end=\"1226\">Zimt-Cr\u00e8me-br\u00fbl\u00e9e<\/p>\n<\/li>\n<li data-start=\"1227\" data-end=\"1261\">\n<p data-start=\"1229\" data-end=\"1261\">Kaiserschmarrn mit Vanillerahm<\/p>\n<\/li>\n<li data-start=\"1262\" data-end=\"1307\">\n<p data-start=\"1264\" data-end=\"1307\">Vanillekipferl-Mousse im Baumkuchenmantel<\/p>\n<\/li>\n<li data-start=\"1308\" data-end=\"1357\">\n<p data-start=\"1310\" data-end=\"1357\">Schokoladenbrunnen mit verschiedenen Fr\u00fcchten<\/p>\n<\/li>\n<li data-start=\"1358\" data-end=\"1408\">\n<p data-start=\"1360\" data-end=\"1408\">Hei\u00dfe Gl\u00fchweinfr\u00fcchte mit gebranntem Mandeleis<\/p>\n<\/li>\n<\/ul>\n<p><strong>Bei zu wenig Reservierungen wird der Brunch auf den n\u00e4chsten Termin verschoben.\u00a0<\/strong><\/p>\n<h2>Anreise &amp; Parken<\/h2>\n<p>Parkpl\u00e4tze stehen auf dem ausgewiesenen Parkgel\u00e4nde oberhalb des Schlosses zur Verf\u00fcgung (tags\u00fcber kostenpflichtig, ausschlie\u00dflich mit Kleingeld oder EasyPark App). Von dort aus gelangen Sie \u00fcber einen kurzen Fu\u00dfweg durch den Schlossgarten zu uns.<br \/>\nParkplatzadresse: Schloss-Wolfsbrunnenweg 20 | 69117 Heidelberg<\/p>\n<p>Alternativ bietet sich auch das Parkhaus P12 an der Bergbahn in der Altstadt an, von dort aus gelangen Sie zu Fu\u00df \u00fcber die ber\u00fchmten Treppenstufen oder durch eine kurze Fahrt mit der Bergbahn zum Schlossgel\u00e4nde. Je nach Wetter und Besucheraufkommen kann hier eine gewisse Wartezeit anfallen. Bitte pr\u00fcfen Sie ggf. die aktuellen <a href=\"https:\/\/www.bergbahn-heidelberg.de\/\" target=\"_blank\" rel=\"noopener\">Fahrtzeiten der Bergbahn<\/a>.<br \/>\nParkhausadresse: Parkhaus Kornmarkt\/Schloss P12, Zwingerstra\u00dfe 20, 69117 Heidelberg<\/p>\n<p>&nbsp;<\/p>\n<h2>Barrierefreiheit<\/h2>\n<p>Menschen mit Einschr\u00e4nkung stehen spezielle Parkpl\u00e4tze vor der Bergbahn zur Verf\u00fcgung. Unsere Schlossweintube ist nicht behindertengerecht.\u00a0Der Zugang zu unseren Locations sowie der Schlosshof sind kopfsteingepflastert.<\/p>\n<p>Bei Fragen und Anliegen sind wir jederzeit gerne f\u00fcr Sie da.\u00a0<strong>Kontakt:\u00a0<\/strong>info@hdsre.de | 06221. 8727010<\/p>\n<p>&nbsp;<\/p>\n<h2>Auch zum Verschenken<\/h2>\n<p>Unsere Veranstaltungen eignen sich auch perfekt als Geschenk f\u00fcr alle Genuss- und Musikliebhaber. Verschenken Sie einfach den passenden <a href=\"https:\/\/www.heidelberger-schloss-gastronomie.de\/shop\/wertgutschein\/\">Wertgutschein<\/a>. Die Beschenkten k\u00f6nnen den Gutschein dann im Onlineshop gegen ein Ticket zu perfekt passenden Datum einl\u00f6sen.<\/p>\n<p>&nbsp;<\/p>\n","protected":false},"excerpt":{"rendered":"<p>Wir laden Sie und Ihre Liebsten ein, dem allt\u00e4glichen Trubel zu entfliehen und sich etwas Gutes zu tun. Lassen Sie sich von uns kulinarisch verw\u00f6hnen und genie\u00dfen Sie entspannende Stunden bei unserem leckeren vorweihnachtlichen Brunch auf dem Heidelberger Schloss. Egal ob jung, alt, klein oder gro\u00df, Fleischliebhaber oder Vegetarier, bei unserem festlichen Adventsbrunch ist f\u00fcr jeden Geschmack etwas dabei!<\/p>\n<p>&nbsp;<\/p>\n<p><strong>Auf einen Blick:<\/strong><\/p>\n<ul>\n<li>ein Begr\u00fc\u00dfungsaperitif<\/li>\n<li>abwechslungsreiches saisonales Brunchbuffet mit Fr\u00fchst\u00fcck in 4-G\u00e4ngen<\/li>\n<li>alle Getr\u00e4nke inkl. Wasser, S\u00e4fte, Softgetr\u00e4nke, Kaffee &amp; begleitende Spitzenweine<\/li>\n<\/ul>\n","protected":false},"featured_media":66425,"template":"","meta":{"_price":"0","_stock":"","_tribe_ticket_header":"","_tribe_default_ticket_provider":"","_tribe_ticket_capacity":"0","_ticket_start_date":"","_ticket_end_date":"","_tribe_ticket_show_description":"","_tribe_ticket_show_not_going":false,"_tribe_ticket_use_global_stock":"","_tribe_ticket_global_stock_level":"","_global_stock_mode":"","_global_stock_cap":"","_tribe_rsvp_for_event":"","_tribe_ticket_going_count":"","_tribe_ticket_not_going_count":"","_tribe_tickets_list":"[]","_tribe_ticket_has_attendee_info_fields":false,"_tec_slr_enabled":"","_tec_slr_layout":""},"product_brand":[],"product_cat":[152,205,42],"product_tag":[],"class_list":{"0":"post-141071","1":"product","2":"type-product","3":"status-publish","4":"has-post-thumbnail","6":"product_cat-brunch","7":"product_cat-schlossweinstube","8":"product_cat-tickets","9":"product_shipping_class-online","10":"entry","12":"first","13":"instock","14":"taxable","15":"shipping-taxable","16":"purchasable","17":"product-type-variable"},"bundled_by":[],"bundle_stock_status":"instock","bundle_stock_quantity":null,"bundle_virtual":false,"bundle_layout":"","bundle_add_to_cart_form_location":"","bundle_editable_in_cart":false,"bundle_sold_individually_context":"","bundle_item_grouping":"","bundle_min_size":"","bundle_max_size":"","bundle_price":[],"bundled_items":[],"bundle_sell_ids":[],"yoast_head":"<!-- This site is optimized with the Yoast SEO plugin v27.4 - https:\/\/yoast.com\/product\/yoast-seo-wordpress\/ -->\n<title>Festlicher Adventsbrunch - HDSRE<\/title>\n<meta name=\"robots\" content=\"index, follow, max-snippet:-1, max-image-preview:large, max-video-preview:-1\" \/>\n<link rel=\"canonical\" href=\"https:\/\/www.heidelberger-schloss-gastronomie.de\/shop\/festlicher-adventsbrunch-3\/\" \/>\n<meta property=\"og:locale\" content=\"en_US\" \/>\n<meta property=\"og:type\" content=\"article\" \/>\n<meta property=\"og:title\" content=\"Festlicher Adventsbrunch - HDSRE\" \/>\n<meta property=\"og:description\" content=\"Wir laden Sie und Ihre Liebsten ein, dem allt\u00e4glichen Trubel zu entfliehen und sich etwas Gutes zu tun. Lassen Sie sich von uns kulinarisch verw\u00f6hnen und genie\u00dfen Sie entspannende Stunden bei unserem leckeren vorweihnachtlichen Brunch auf dem Heidelberger Schloss. Egal ob jung, alt, klein oder gro\u00df, Fleischliebhaber oder Vegetarier, bei unserem festlichen Adventsbrunch ist f\u00fcr jeden Geschmack etwas dabei!  &nbsp;  Auf einen Blick:   ein Begr\u00fc\u00dfungsaperitif  abwechslungsreiches saisonales Brunchbuffet mit Fr\u00fchst\u00fcck in 4-G\u00e4ngen  alle Getr\u00e4nke inkl. Wasser, S\u00e4fte, Softgetr\u00e4nke, Kaffee &amp; begleitende Spitzenweine\" \/>\n<meta property=\"og:url\" content=\"https:\/\/www.heidelberger-schloss-gastronomie.de\/shop\/festlicher-adventsbrunch-3\/\" \/>\n<meta property=\"og:site_name\" content=\"Heidelberger Schloss Restaurants &amp; Events\" \/>\n<meta property=\"article:publisher\" content=\"https:\/\/www.facebook.com\/heidelberger.schloss.gastronomie\/\" \/>\n<meta property=\"article:modified_time\" content=\"2025-12-26T09:40:54+00:00\" \/>\n<meta property=\"og:image\" content=\"https:\/\/www.heidelberger-schloss-gastronomie.de\/wp-content\/uploads\/Gutschein-Advents-Brunch.jpg\" \/>\n\t<meta property=\"og:image:width\" content=\"1920\" \/>\n\t<meta property=\"og:image:height\" content=\"1440\" \/>\n\t<meta property=\"og:image:type\" content=\"image\/jpeg\" \/>\n<meta name=\"twitter:card\" content=\"summary_large_image\" \/>\n<meta name=\"twitter:label1\" content=\"Est. reading time\" \/>\n\t<meta name=\"twitter:data1\" content=\"3 minutes\" \/>\n<script type=\"application\/ld+json\" class=\"yoast-schema-graph\">{\"@context\":\"https:\\\/\\\/schema.org\",\"@graph\":[{\"@type\":\"WebPage\",\"@id\":\"https:\\\/\\\/www.heidelberger-schloss-gastronomie.de\\\/shop\\\/festlicher-adventsbrunch-3\\\/\",\"url\":\"https:\\\/\\\/www.heidelberger-schloss-gastronomie.de\\\/shop\\\/festlicher-adventsbrunch-3\\\/\",\"name\":\"Festlicher Adventsbrunch - HDSRE\",\"isPartOf\":{\"@id\":\"https:\\\/\\\/www.heidelberger-schloss-gastronomie.de\\\/#website\"},\"primaryImageOfPage\":{\"@id\":\"https:\\\/\\\/www.heidelberger-schloss-gastronomie.de\\\/shop\\\/festlicher-adventsbrunch-3\\\/#primaryimage\"},\"image\":{\"@id\":\"https:\\\/\\\/www.heidelberger-schloss-gastronomie.de\\\/shop\\\/festlicher-adventsbrunch-3\\\/#primaryimage\"},\"thumbnailUrl\":\"https:\\\/\\\/www.heidelberger-schloss-gastronomie.de\\\/wp-content\\\/uploads\\\/Gutschein-Advents-Brunch.jpg\",\"datePublished\":\"2025-09-02T14:22:29+00:00\",\"dateModified\":\"2025-12-26T09:40:54+00:00\",\"breadcrumb\":{\"@id\":\"https:\\\/\\\/www.heidelberger-schloss-gastronomie.de\\\/shop\\\/festlicher-adventsbrunch-3\\\/#breadcrumb\"},\"inLanguage\":\"en-US\",\"potentialAction\":[{\"@type\":\"ReadAction\",\"target\":[\"https:\\\/\\\/www.heidelberger-schloss-gastronomie.de\\\/shop\\\/festlicher-adventsbrunch-3\\\/\"]}]},{\"@type\":\"ImageObject\",\"inLanguage\":\"en-US\",\"@id\":\"https:\\\/\\\/www.heidelberger-schloss-gastronomie.de\\\/shop\\\/festlicher-adventsbrunch-3\\\/#primaryimage\",\"url\":\"https:\\\/\\\/www.heidelberger-schloss-gastronomie.de\\\/wp-content\\\/uploads\\\/Gutschein-Advents-Brunch.jpg\",\"contentUrl\":\"https:\\\/\\\/www.heidelberger-schloss-gastronomie.de\\\/wp-content\\\/uploads\\\/Gutschein-Advents-Brunch.jpg\",\"width\":1920,\"height\":1440,\"caption\":\"Grafik zum Adventsburnch auf dem Heidelberger Schloss\"},{\"@type\":\"BreadcrumbList\",\"@id\":\"https:\\\/\\\/www.heidelberger-schloss-gastronomie.de\\\/shop\\\/festlicher-adventsbrunch-3\\\/#breadcrumb\",\"itemListElement\":[{\"@type\":\"ListItem\",\"position\":1,\"name\":\"Startseite\",\"item\":\"https:\\\/\\\/www.heidelberger-schloss-gastronomie.de\\\/\"},{\"@type\":\"ListItem\",\"position\":2,\"name\":\"Online Shop\",\"item\":\"https:\\\/\\\/www.heidelberger-schloss-gastronomie.de\\\/onlineshop\\\/\"},{\"@type\":\"ListItem\",\"position\":3,\"name\":\"Festlicher Adventsbrunch\"}]},{\"@type\":\"WebSite\",\"@id\":\"https:\\\/\\\/www.heidelberger-schloss-gastronomie.de\\\/#website\",\"url\":\"https:\\\/\\\/www.heidelberger-schloss-gastronomie.de\\\/\",\"name\":\"Heidelberger Schloss Restaurants &amp; Events\",\"description\":\"\",\"publisher\":{\"@id\":\"https:\\\/\\\/www.heidelberger-schloss-gastronomie.de\\\/#organization\"},\"potentialAction\":[{\"@type\":\"SearchAction\",\"target\":{\"@type\":\"EntryPoint\",\"urlTemplate\":\"https:\\\/\\\/www.heidelberger-schloss-gastronomie.de\\\/?s={search_term_string}\"},\"query-input\":{\"@type\":\"PropertyValueSpecification\",\"valueRequired\":true,\"valueName\":\"search_term_string\"}}],\"inLanguage\":\"en-US\"},{\"@type\":\"Organization\",\"@id\":\"https:\\\/\\\/www.heidelberger-schloss-gastronomie.de\\\/#organization\",\"name\":\"Heidelberger Schloss Restaurants & Events GmbH & Co. KG\",\"url\":\"https:\\\/\\\/www.heidelberger-schloss-gastronomie.de\\\/\",\"logo\":{\"@type\":\"ImageObject\",\"inLanguage\":\"en-US\",\"@id\":\"https:\\\/\\\/www.heidelberger-schloss-gastronomie.de\\\/#\\\/schema\\\/logo\\\/image\\\/\",\"url\":\"https:\\\/\\\/www.heidelberger-schloss-gastronomie.de\\\/wp-content\\\/uploads\\\/200610_Logo_HDSRE_2020_kompakt.png\",\"contentUrl\":\"https:\\\/\\\/www.heidelberger-schloss-gastronomie.de\\\/wp-content\\\/uploads\\\/200610_Logo_HDSRE_2020_kompakt.png\",\"width\":596,\"height\":593,\"caption\":\"Heidelberger Schloss Restaurants & Events GmbH & Co. KG\"},\"image\":{\"@id\":\"https:\\\/\\\/www.heidelberger-schloss-gastronomie.de\\\/#\\\/schema\\\/logo\\\/image\\\/\"},\"sameAs\":[\"https:\\\/\\\/www.facebook.com\\\/heidelberger.schloss.gastronomie\\\/\",\"https:\\\/\\\/www.instagram.com\\\/heidelbergerschlossgastronomie\\\/\",\"https:\\\/\\\/www.youtube.com\\\/channel\\\/UCLlhNkc66V1EI0fQqAzWoGQ\"]}]}<\/script>\n<!-- \/ Yoast SEO plugin. -->","yoast_head_json":{"title":"Festlicher Adventsbrunch - HDSRE","robots":{"index":"index","follow":"follow","max-snippet":"max-snippet:-1","max-image-preview":"max-image-preview:large","max-video-preview":"max-video-preview:-1"},"canonical":"https:\/\/www.heidelberger-schloss-gastronomie.de\/shop\/festlicher-adventsbrunch-3\/","og_locale":"en_US","og_type":"article","og_title":"Festlicher Adventsbrunch - HDSRE","og_description":"Wir laden Sie und Ihre Liebsten ein, dem allt\u00e4glichen Trubel zu entfliehen und sich etwas Gutes zu tun. Lassen Sie sich von uns kulinarisch verw\u00f6hnen und genie\u00dfen Sie entspannende Stunden bei unserem leckeren vorweihnachtlichen Brunch auf dem Heidelberger Schloss. Egal ob jung, alt, klein oder gro\u00df, Fleischliebhaber oder Vegetarier, bei unserem festlichen Adventsbrunch ist f\u00fcr jeden Geschmack etwas dabei!  &nbsp;  Auf einen Blick:   ein Begr\u00fc\u00dfungsaperitif  abwechslungsreiches saisonales Brunchbuffet mit Fr\u00fchst\u00fcck in 4-G\u00e4ngen  alle Getr\u00e4nke inkl. Wasser, S\u00e4fte, Softgetr\u00e4nke, Kaffee &amp; begleitende Spitzenweine","og_url":"https:\/\/www.heidelberger-schloss-gastronomie.de\/shop\/festlicher-adventsbrunch-3\/","og_site_name":"Heidelberger Schloss Restaurants &amp; Events","article_publisher":"https:\/\/www.facebook.com\/heidelberger.schloss.gastronomie\/","article_modified_time":"2025-12-26T09:40:54+00:00","og_image":[{"width":1920,"height":1440,"url":"https:\/\/www.heidelberger-schloss-gastronomie.de\/wp-content\/uploads\/Gutschein-Advents-Brunch.jpg","type":"image\/jpeg"}],"twitter_card":"summary_large_image","twitter_misc":{"Est. reading time":"3 minutes"},"schema":{"@context":"https:\/\/schema.org","@graph":[{"@type":"WebPage","@id":"https:\/\/www.heidelberger-schloss-gastronomie.de\/shop\/festlicher-adventsbrunch-3\/","url":"https:\/\/www.heidelberger-schloss-gastronomie.de\/shop\/festlicher-adventsbrunch-3\/","name":"Festlicher Adventsbrunch - HDSRE","isPartOf":{"@id":"https:\/\/www.heidelberger-schloss-gastronomie.de\/#website"},"primaryImageOfPage":{"@id":"https:\/\/www.heidelberger-schloss-gastronomie.de\/shop\/festlicher-adventsbrunch-3\/#primaryimage"},"image":{"@id":"https:\/\/www.heidelberger-schloss-gastronomie.de\/shop\/festlicher-adventsbrunch-3\/#primaryimage"},"thumbnailUrl":"https:\/\/www.heidelberger-schloss-gastronomie.de\/wp-content\/uploads\/Gutschein-Advents-Brunch.jpg","datePublished":"2025-09-02T14:22:29+00:00","dateModified":"2025-12-26T09:40:54+00:00","breadcrumb":{"@id":"https:\/\/www.heidelberger-schloss-gastronomie.de\/shop\/festlicher-adventsbrunch-3\/#breadcrumb"},"inLanguage":"en-US","potentialAction":[{"@type":"ReadAction","target":["https:\/\/www.heidelberger-schloss-gastronomie.de\/shop\/festlicher-adventsbrunch-3\/"]}]},{"@type":"ImageObject","inLanguage":"en-US","@id":"https:\/\/www.heidelberger-schloss-gastronomie.de\/shop\/festlicher-adventsbrunch-3\/#primaryimage","url":"https:\/\/www.heidelberger-schloss-gastronomie.de\/wp-content\/uploads\/Gutschein-Advents-Brunch.jpg","contentUrl":"https:\/\/www.heidelberger-schloss-gastronomie.de\/wp-content\/uploads\/Gutschein-Advents-Brunch.jpg","width":1920,"height":1440,"caption":"Grafik zum Adventsburnch auf dem Heidelberger Schloss"},{"@type":"BreadcrumbList","@id":"https:\/\/www.heidelberger-schloss-gastronomie.de\/shop\/festlicher-adventsbrunch-3\/#breadcrumb","itemListElement":[{"@type":"ListItem","position":1,"name":"Startseite","item":"https:\/\/www.heidelberger-schloss-gastronomie.de\/"},{"@type":"ListItem","position":2,"name":"Online Shop","item":"https:\/\/www.heidelberger-schloss-gastronomie.de\/onlineshop\/"},{"@type":"ListItem","position":3,"name":"Festlicher Adventsbrunch"}]},{"@type":"WebSite","@id":"https:\/\/www.heidelberger-schloss-gastronomie.de\/#website","url":"https:\/\/www.heidelberger-schloss-gastronomie.de\/","name":"Heidelberger Schloss Restaurants &amp; Events","description":"","publisher":{"@id":"https:\/\/www.heidelberger-schloss-gastronomie.de\/#organization"},"potentialAction":[{"@type":"SearchAction","target":{"@type":"EntryPoint","urlTemplate":"https:\/\/www.heidelberger-schloss-gastronomie.de\/?s={search_term_string}"},"query-input":{"@type":"PropertyValueSpecification","valueRequired":true,"valueName":"search_term_string"}}],"inLanguage":"en-US"},{"@type":"Organization","@id":"https:\/\/www.heidelberger-schloss-gastronomie.de\/#organization","name":"Heidelberger Schloss Restaurants & Events GmbH & Co. KG","url":"https:\/\/www.heidelberger-schloss-gastronomie.de\/","logo":{"@type":"ImageObject","inLanguage":"en-US","@id":"https:\/\/www.heidelberger-schloss-gastronomie.de\/#\/schema\/logo\/image\/","url":"https:\/\/www.heidelberger-schloss-gastronomie.de\/wp-content\/uploads\/200610_Logo_HDSRE_2020_kompakt.png","contentUrl":"https:\/\/www.heidelberger-schloss-gastronomie.de\/wp-content\/uploads\/200610_Logo_HDSRE_2020_kompakt.png","width":596,"height":593,"caption":"Heidelberger Schloss Restaurants & Events GmbH & Co. KG"},"image":{"@id":"https:\/\/www.heidelberger-schloss-gastronomie.de\/#\/schema\/logo\/image\/"},"sameAs":["https:\/\/www.facebook.com\/heidelberger.schloss.gastronomie\/","https:\/\/www.instagram.com\/heidelbergerschlossgastronomie\/","https:\/\/www.youtube.com\/channel\/UCLlhNkc66V1EI0fQqAzWoGQ"]}]}},"_links":{"self":[{"href":"https:\/\/www.heidelberger-schloss-gastronomie.de\/en\/wp-json\/wp\/v2\/product\/141071","targetHints":{"allow":["GET"]}}],"collection":[{"href":"https:\/\/www.heidelberger-schloss-gastronomie.de\/en\/wp-json\/wp\/v2\/product"}],"about":[{"href":"https:\/\/www.heidelberger-schloss-gastronomie.de\/en\/wp-json\/wp\/v2\/types\/product"}],"version-history":[{"count":1,"href":"https:\/\/www.heidelberger-schloss-gastronomie.de\/en\/wp-json\/wp\/v2\/product\/141071\/revisions"}],"predecessor-version":[{"id":143537,"href":"https:\/\/www.heidelberger-schloss-gastronomie.de\/en\/wp-json\/wp\/v2\/product\/141071\/revisions\/143537"}],"wp:featuredmedia":[{"embeddable":true,"href":"https:\/\/www.heidelberger-schloss-gastronomie.de\/en\/wp-json\/wp\/v2\/media\/66425"}],"wp:attachment":[{"href":"https:\/\/www.heidelberger-schloss-gastronomie.de\/en\/wp-json\/wp\/v2\/media?parent=141071"}],"wp:term":[{"taxonomy":"product_brand","embeddable":true,"href":"https:\/\/www.heidelberger-schloss-gastronomie.de\/en\/wp-json\/wp\/v2\/product_brand?post=141071"},{"taxonomy":"product_cat","embeddable":true,"href":"https:\/\/www.heidelberger-schloss-gastronomie.de\/en\/wp-json\/wp\/v2\/product_cat?post=141071"},{"taxonomy":"product_tag","embeddable":true,"href":"https:\/\/www.heidelberger-schloss-gastronomie.de\/en\/wp-json\/wp\/v2\/product_tag?post=141071"}],"curies":[{"name":"wp","href":"https:\/\/api.w.org\/{rel}","templated":true}]}}