{"id":53232,"date":"2023-04-28T23:24:30","date_gmt":"2023-04-28T21:24:30","guid":{"rendered":"https:\/\/www.heidelberger-schloss-gastronomie.de\/?post_type=product&#038;p=53232"},"modified":"2025-12-17T13:49:42","modified_gmt":"2025-12-17T12:49:42","slug":"ladysknife-silver-echt-scharff","status":"publish","type":"product","link":"https:\/\/www.heidelberger-schloss-gastronomie.de\/en\/shop\/ladysknife-silver-echt-scharff\/","title":{"rendered":"LadysKnife \u201eSilver\u201c \u2013 ECHT SCHARFF"},"content":{"rendered":"<h2>LadysKnife \u201eSilver\u201c \u2013 ECHT SCHARFF!<\/h2>\n<p><strong>Das LadysKnife wurde als Messer des Jahres 2024 ausgezeichnet!<br \/>\nBeim gro\u00dfen Test des Messer Magazins belegte es in der Kategorie KOCHMESSER den 2. Platz. Wir freuen uns sehr \u00fcber diese Auszeichnung.<\/strong><\/p>\n<p>Ambitionierte (Hobby-)K\u00f6che sind stets auf der Suche nach dem perfekten Kochmesser. Die Gedanken zur Entwicklung des vollendeten Kochmessers beziehen sich zum einen auf die Qualit\u00e4t der ausgew\u00e4hlten Materialien, die handwerkliche Kunst das Messer zu designen, zu entwickeln und zu fertigen. Zum anderen auf die komfortable und vielseitige Einsetzbarkeit. Das vorliegende Messer ist durch jahrzehntelange famili\u00e4re Erfahrungen in der Solinger Stahlwarenfabrik Paul Adrian entstanden. Die LadysKnife-Edition ist ein wahres Juwel!<\/p>\n<p>Durch die gew\u00e4hlte Griffergonomie liegt es sehr gut in der Hand. So ist ein unkompliziertes Schneiden oder Wiegen der Klinge m\u00f6glich. Das Griffholz macht es zu einem wahren Handschmeichler. Das Design ist elegant, schwungvoll und zeitlos gew\u00e4hlt. Durch den speziell ausgew\u00e4hlten schwedischen Stahl h\u00e4lt es die Sch\u00e4rfe sehr lange, das Messer l\u00e4sst sich gegen\u00fcber dem typischen Solinger Klingenstahl leichter nachsch\u00e4rfen. Der Messerr\u00fccken wurde verrundet. Das erm\u00f6glicht ein langes, erm\u00fcdungsfreies und angenehmes Schneiden, w\u00e4hrend der integrierte Fingerschutz f\u00fcr eine hohes Ma\u00df an Sicherheit sorgt.<\/p>\n<p>&nbsp;<\/p>\n<p><strong>Kochmesser LadysKnife \u201eSilver\u201c auf einen Blick:<br \/>\n<\/strong>Klingenl\u00e4nge: 14 cm<br \/>\nGesamtl\u00e4nge: 28 cm<br \/>\nKlingenstahl: Sandvik 12C27<br \/>\nH\u00e4rte: 59 HRC<br \/>\nGriff: Wildes Olivenholz<br \/>\nGewicht: 116 Gramm<\/p>\n<p>&nbsp;<\/p>\n<h2>Klinge<\/h2>\n<p>Die Klinge besteht aus hochwertigem schwedischen Sandvikstahl 12C27. Dazu wurde das Material im Blockguss hergestellt und auf 59 Rockwell geh\u00e4rtet. Damit erreicht der Stahl den optimalen H\u00e4rtegrad, da er trotz der hohen H\u00e4rte flexibel bleibt, wodurch er hohen Belastungen standh\u00e4lt und gleichzeitig seine Schneidhaltigkeit bewahrt. Dar\u00fcber hinaus gew\u00e4hrleistet der qualitativ hochwertige Stahl eine gute Nachsch\u00e4rfbarkeit. Die Klinge ist mit h\u00f6chster Pr\u00e4zision d\u00fcnn geschliffen, h\u00e4ndisch gepliestet und abgezogen. Die Klingenform erm\u00f6glicht ein leichtes Wiegen oder Schneiden der Klinge.<\/p>\n<p>&nbsp;<\/p>\n<h2>Griff<\/h2>\n<p>Veredelt ist das Messer mit einem Holzgriff aus feinstem, handschmeichelndem Olivenholz. Es passt sich wunderbar der umgreifenden Hand an. Das Holz harmoniert hervorragend mit der gediegenen Stahlklinge und vollendet damit die eindrucksvolle Symbiose aus Holz und Stahl.<\/p>\n","protected":false},"excerpt":{"rendered":"<p><strong>LadysKnife \u201eSilver\u201c &#8211; ECHT SCHARFF<\/strong><\/p>\n<p>&nbsp;<\/p>\n<p>Das LadysKnife wurde zum <strong>Messer des Jahres 2024 <\/strong>gew\u00e4hlt!<br \/>\nIn der Kategorie KOCHMESSER belegte es beim gro\u00dfen Test des Messer Magazins den 2. Platz.<\/p>\n<p>&nbsp;<\/p>\n<p>Das LadysKnife \u201eSilver\u201c ist das perfekte Kochmesser, auch f\u00fcr zarte H\u00e4nde. Das elegant designte Messer mit dem handschmeichelnden Olivenholzgriff ist ein ausgefeiltes St\u00fcck Schmiede- und Handwerkskunst. Aus schwedischem Stahl in einer Solinger Schmiede geschmiedet, vereint es alle Vorz\u00fcge eines guten Kochmessers: es h\u00e4lt die Sch\u00e4rfe sehr lange, l\u00e4sst sich leicht nachsch\u00e4rfen, der Messerr\u00fccken wurde verrundet und der integrierte Fingerschutz sorgt f\u00fcr ein hohes Ma\u00df an Sicherheit.<\/p>\n<p>&nbsp;<\/p>\n<p><strong>Auf einen Blick:<\/strong><\/p>\n<ul>\n<li>Klingenl\u00e4nge: 14 cm<\/li>\n<li>Gesamtl\u00e4nge: 28 cm<\/li>\n<li>Klingenstahl: Sandvik 12C27<\/li>\n<li>H\u00e4rte: 59 HRC<\/li>\n<li>Griff: Wildes Olivenholz<\/li>\n<li>Gewicht: 116 Gramm<\/li>\n<\/ul>\n","protected":false},"featured_media":53091,"template":"","meta":{"_price":"139","_stock":"16","_tribe_ticket_header":"","_tribe_default_ticket_provider":"","_tribe_ticket_capacity":"0","_ticket_start_date":"","_ticket_end_date":"","_tribe_ticket_show_description":"","_tribe_ticket_show_not_going":false,"_tribe_ticket_use_global_stock":"","_tribe_ticket_global_stock_level":"","_global_stock_mode":"","_global_stock_cap":"","_tribe_rsvp_for_event":"","_tribe_ticket_going_count":"","_tribe_ticket_not_going_count":"","_tribe_tickets_list":"[]","_tribe_ticket_has_attendee_info_fields":false,"_tec_slr_enabled":"","_tec_slr_layout":""},"product_brand":[],"product_cat":[210,209],"product_tag":[],"class_list":{"0":"post-53232","1":"product","2":"type-product","3":"status-publish","4":"has-post-thumbnail","6":"product_cat-echt-scharff","7":"product_cat-messer","8":"product_shipping_class-messer","9":"entry","11":"first","12":"instock","13":"taxable","14":"shipping-taxable","15":"purchasable","16":"product-type-simple"},"bundled_by":[],"bundle_stock_status":"instock","bundle_stock_quantity":16,"bundle_virtual":false,"bundle_layout":"","bundle_add_to_cart_form_location":"","bundle_editable_in_cart":false,"bundle_sold_individually_context":"","bundle_item_grouping":"","bundle_min_size":"","bundle_max_size":"","bundle_price":[],"bundled_items":[],"bundle_sell_ids":[],"yoast_head":"<!-- This site is optimized with the Yoast SEO plugin v27.4 - https:\/\/yoast.com\/product\/yoast-seo-wordpress\/ -->\n<title>LadysKnife \u201eSilver\u201c \u2013 ECHT SCHARFF -<\/title>\n<meta name=\"robots\" content=\"index, follow, max-snippet:-1, max-image-preview:large, max-video-preview:-1\" \/>\n<link rel=\"canonical\" href=\"https:\/\/www.heidelberger-schloss-gastronomie.de\/shop\/ladysknife-silver-echt-scharff\/\" \/>\n<meta property=\"og:locale\" content=\"en_US\" \/>\n<meta property=\"og:type\" content=\"article\" \/>\n<meta property=\"og:title\" content=\"LadysKnife \u201eSilver\u201c \u2013 ECHT SCHARFF -\" \/>\n<meta property=\"og:description\" content=\"LadysKnife \u201eSilver\u201c - ECHT SCHARFF  &nbsp;  Das LadysKnife wurde zum Messer des Jahres 2024 gew\u00e4hlt! In der Kategorie KOCHMESSER belegte es beim gro\u00dfen Test des Messer Magazins den 2. Platz.  &nbsp;  Das LadysKnife \u201eSilver\u201c ist das perfekte Kochmesser, auch f\u00fcr zarte H\u00e4nde. Das elegant designte Messer mit dem handschmeichelnden Olivenholzgriff ist ein ausgefeiltes St\u00fcck Schmiede- und Handwerkskunst. Aus schwedischem Stahl in einer Solinger Schmiede geschmiedet, vereint es alle Vorz\u00fcge eines guten Kochmessers: es h\u00e4lt die Sch\u00e4rfe sehr lange, l\u00e4sst sich leicht nachsch\u00e4rfen, der Messerr\u00fccken wurde verrundet und der integrierte Fingerschutz sorgt f\u00fcr ein hohes Ma\u00df an Sicherheit.  &nbsp;  Auf einen Blick:   Klingenl\u00e4nge: 14 cm  Gesamtl\u00e4nge: 28 cm  Klingenstahl: Sandvik 12C27  H\u00e4rte: 59 HRC  Griff: Wildes Olivenholz  Gewicht: 116 Gramm\" \/>\n<meta property=\"og:url\" content=\"https:\/\/www.heidelberger-schloss-gastronomie.de\/shop\/ladysknife-silver-echt-scharff\/\" \/>\n<meta property=\"og:site_name\" content=\"Heidelberger Schloss Restaurants &amp; Events\" \/>\n<meta property=\"article:publisher\" content=\"https:\/\/www.facebook.com\/heidelberger.schloss.gastronomie\/\" \/>\n<meta property=\"article:modified_time\" content=\"2025-12-17T12:49:42+00:00\" \/>\n<meta property=\"og:image\" content=\"https:\/\/www.heidelberger-schloss-gastronomie.de\/wp-content\/uploads\/Messer.jpg\" \/>\n\t<meta property=\"og:image:width\" content=\"1920\" \/>\n\t<meta property=\"og:image:height\" content=\"1440\" \/>\n\t<meta property=\"og:image:type\" content=\"image\/jpeg\" \/>\n<meta name=\"twitter:card\" content=\"summary_large_image\" \/>\n<meta name=\"twitter:label1\" content=\"Est. reading time\" \/>\n\t<meta name=\"twitter:data1\" content=\"3 minutes\" \/>\n<script type=\"application\/ld+json\" class=\"yoast-schema-graph\">{\"@context\":\"https:\\\/\\\/schema.org\",\"@graph\":[{\"@type\":\"WebPage\",\"@id\":\"https:\\\/\\\/www.heidelberger-schloss-gastronomie.de\\\/shop\\\/ladysknife-silver-echt-scharff\\\/\",\"url\":\"https:\\\/\\\/www.heidelberger-schloss-gastronomie.de\\\/shop\\\/ladysknife-silver-echt-scharff\\\/\",\"name\":\"LadysKnife \u201eSilver\u201c \u2013 ECHT SCHARFF -\",\"isPartOf\":{\"@id\":\"https:\\\/\\\/www.heidelberger-schloss-gastronomie.de\\\/#website\"},\"primaryImageOfPage\":{\"@id\":\"https:\\\/\\\/www.heidelberger-schloss-gastronomie.de\\\/shop\\\/ladysknife-silver-echt-scharff\\\/#primaryimage\"},\"image\":{\"@id\":\"https:\\\/\\\/www.heidelberger-schloss-gastronomie.de\\\/shop\\\/ladysknife-silver-echt-scharff\\\/#primaryimage\"},\"thumbnailUrl\":\"https:\\\/\\\/www.heidelberger-schloss-gastronomie.de\\\/wp-content\\\/uploads\\\/Messer.jpg\",\"datePublished\":\"2023-04-28T21:24:30+00:00\",\"dateModified\":\"2025-12-17T12:49:42+00:00\",\"breadcrumb\":{\"@id\":\"https:\\\/\\\/www.heidelberger-schloss-gastronomie.de\\\/shop\\\/ladysknife-silver-echt-scharff\\\/#breadcrumb\"},\"inLanguage\":\"en-US\",\"potentialAction\":[{\"@type\":\"ReadAction\",\"target\":[\"https:\\\/\\\/www.heidelberger-schloss-gastronomie.de\\\/shop\\\/ladysknife-silver-echt-scharff\\\/\"]}]},{\"@type\":\"ImageObject\",\"inLanguage\":\"en-US\",\"@id\":\"https:\\\/\\\/www.heidelberger-schloss-gastronomie.de\\\/shop\\\/ladysknife-silver-echt-scharff\\\/#primaryimage\",\"url\":\"https:\\\/\\\/www.heidelberger-schloss-gastronomie.de\\\/wp-content\\\/uploads\\\/Messer.jpg\",\"contentUrl\":\"https:\\\/\\\/www.heidelberger-schloss-gastronomie.de\\\/wp-content\\\/uploads\\\/Messer.jpg\",\"width\":1920,\"height\":1440,\"caption\":\"Schloss Heidelberg Ladysknife Silver Echt Scharff Kochmesser\"},{\"@type\":\"BreadcrumbList\",\"@id\":\"https:\\\/\\\/www.heidelberger-schloss-gastronomie.de\\\/shop\\\/ladysknife-silver-echt-scharff\\\/#breadcrumb\",\"itemListElement\":[{\"@type\":\"ListItem\",\"position\":1,\"name\":\"Startseite\",\"item\":\"https:\\\/\\\/www.heidelberger-schloss-gastronomie.de\\\/\"},{\"@type\":\"ListItem\",\"position\":2,\"name\":\"Online Shop\",\"item\":\"https:\\\/\\\/www.heidelberger-schloss-gastronomie.de\\\/onlineshop\\\/\"},{\"@type\":\"ListItem\",\"position\":3,\"name\":\"LadysKnife \u201eSilver\u201c \u2013 ECHT SCHARFF\"}]},{\"@type\":\"WebSite\",\"@id\":\"https:\\\/\\\/www.heidelberger-schloss-gastronomie.de\\\/#website\",\"url\":\"https:\\\/\\\/www.heidelberger-schloss-gastronomie.de\\\/\",\"name\":\"Heidelberger Schloss Restaurants &amp; Events\",\"description\":\"\",\"publisher\":{\"@id\":\"https:\\\/\\\/www.heidelberger-schloss-gastronomie.de\\\/#organization\"},\"potentialAction\":[{\"@type\":\"SearchAction\",\"target\":{\"@type\":\"EntryPoint\",\"urlTemplate\":\"https:\\\/\\\/www.heidelberger-schloss-gastronomie.de\\\/?s={search_term_string}\"},\"query-input\":{\"@type\":\"PropertyValueSpecification\",\"valueRequired\":true,\"valueName\":\"search_term_string\"}}],\"inLanguage\":\"en-US\"},{\"@type\":\"Organization\",\"@id\":\"https:\\\/\\\/www.heidelberger-schloss-gastronomie.de\\\/#organization\",\"name\":\"Heidelberger Schloss Restaurants & Events GmbH & Co. KG\",\"url\":\"https:\\\/\\\/www.heidelberger-schloss-gastronomie.de\\\/\",\"logo\":{\"@type\":\"ImageObject\",\"inLanguage\":\"en-US\",\"@id\":\"https:\\\/\\\/www.heidelberger-schloss-gastronomie.de\\\/#\\\/schema\\\/logo\\\/image\\\/\",\"url\":\"https:\\\/\\\/www.heidelberger-schloss-gastronomie.de\\\/wp-content\\\/uploads\\\/200610_Logo_HDSRE_2020_kompakt.png\",\"contentUrl\":\"https:\\\/\\\/www.heidelberger-schloss-gastronomie.de\\\/wp-content\\\/uploads\\\/200610_Logo_HDSRE_2020_kompakt.png\",\"width\":596,\"height\":593,\"caption\":\"Heidelberger Schloss Restaurants & Events GmbH & Co. KG\"},\"image\":{\"@id\":\"https:\\\/\\\/www.heidelberger-schloss-gastronomie.de\\\/#\\\/schema\\\/logo\\\/image\\\/\"},\"sameAs\":[\"https:\\\/\\\/www.facebook.com\\\/heidelberger.schloss.gastronomie\\\/\",\"https:\\\/\\\/www.instagram.com\\\/heidelbergerschlossgastronomie\\\/\",\"https:\\\/\\\/www.youtube.com\\\/channel\\\/UCLlhNkc66V1EI0fQqAzWoGQ\"]}]}<\/script>\n<!-- \/ Yoast SEO plugin. -->","yoast_head_json":{"title":"LadysKnife \u201eSilver\u201c \u2013 ECHT SCHARFF -","robots":{"index":"index","follow":"follow","max-snippet":"max-snippet:-1","max-image-preview":"max-image-preview:large","max-video-preview":"max-video-preview:-1"},"canonical":"https:\/\/www.heidelberger-schloss-gastronomie.de\/shop\/ladysknife-silver-echt-scharff\/","og_locale":"en_US","og_type":"article","og_title":"LadysKnife \u201eSilver\u201c \u2013 ECHT SCHARFF -","og_description":"LadysKnife \u201eSilver\u201c - ECHT SCHARFF  &nbsp;  Das LadysKnife wurde zum Messer des Jahres 2024 gew\u00e4hlt! In der Kategorie KOCHMESSER belegte es beim gro\u00dfen Test des Messer Magazins den 2. Platz.  &nbsp;  Das LadysKnife \u201eSilver\u201c ist das perfekte Kochmesser, auch f\u00fcr zarte H\u00e4nde. Das elegant designte Messer mit dem handschmeichelnden Olivenholzgriff ist ein ausgefeiltes St\u00fcck Schmiede- und Handwerkskunst. Aus schwedischem Stahl in einer Solinger Schmiede geschmiedet, vereint es alle Vorz\u00fcge eines guten Kochmessers: es h\u00e4lt die Sch\u00e4rfe sehr lange, l\u00e4sst sich leicht nachsch\u00e4rfen, der Messerr\u00fccken wurde verrundet und der integrierte Fingerschutz sorgt f\u00fcr ein hohes Ma\u00df an Sicherheit.  &nbsp;  Auf einen Blick:   Klingenl\u00e4nge: 14 cm  Gesamtl\u00e4nge: 28 cm  Klingenstahl: Sandvik 12C27  H\u00e4rte: 59 HRC  Griff: Wildes Olivenholz  Gewicht: 116 Gramm","og_url":"https:\/\/www.heidelberger-schloss-gastronomie.de\/shop\/ladysknife-silver-echt-scharff\/","og_site_name":"Heidelberger Schloss Restaurants &amp; Events","article_publisher":"https:\/\/www.facebook.com\/heidelberger.schloss.gastronomie\/","article_modified_time":"2025-12-17T12:49:42+00:00","og_image":[{"width":1920,"height":1440,"url":"https:\/\/www.heidelberger-schloss-gastronomie.de\/wp-content\/uploads\/Messer.jpg","type":"image\/jpeg"}],"twitter_card":"summary_large_image","twitter_misc":{"Est. reading time":"3 minutes"},"schema":{"@context":"https:\/\/schema.org","@graph":[{"@type":"WebPage","@id":"https:\/\/www.heidelberger-schloss-gastronomie.de\/shop\/ladysknife-silver-echt-scharff\/","url":"https:\/\/www.heidelberger-schloss-gastronomie.de\/shop\/ladysknife-silver-echt-scharff\/","name":"LadysKnife \u201eSilver\u201c \u2013 ECHT SCHARFF -","isPartOf":{"@id":"https:\/\/www.heidelberger-schloss-gastronomie.de\/#website"},"primaryImageOfPage":{"@id":"https:\/\/www.heidelberger-schloss-gastronomie.de\/shop\/ladysknife-silver-echt-scharff\/#primaryimage"},"image":{"@id":"https:\/\/www.heidelberger-schloss-gastronomie.de\/shop\/ladysknife-silver-echt-scharff\/#primaryimage"},"thumbnailUrl":"https:\/\/www.heidelberger-schloss-gastronomie.de\/wp-content\/uploads\/Messer.jpg","datePublished":"2023-04-28T21:24:30+00:00","dateModified":"2025-12-17T12:49:42+00:00","breadcrumb":{"@id":"https:\/\/www.heidelberger-schloss-gastronomie.de\/shop\/ladysknife-silver-echt-scharff\/#breadcrumb"},"inLanguage":"en-US","potentialAction":[{"@type":"ReadAction","target":["https:\/\/www.heidelberger-schloss-gastronomie.de\/shop\/ladysknife-silver-echt-scharff\/"]}]},{"@type":"ImageObject","inLanguage":"en-US","@id":"https:\/\/www.heidelberger-schloss-gastronomie.de\/shop\/ladysknife-silver-echt-scharff\/#primaryimage","url":"https:\/\/www.heidelberger-schloss-gastronomie.de\/wp-content\/uploads\/Messer.jpg","contentUrl":"https:\/\/www.heidelberger-schloss-gastronomie.de\/wp-content\/uploads\/Messer.jpg","width":1920,"height":1440,"caption":"Schloss Heidelberg Ladysknife Silver Echt Scharff Kochmesser"},{"@type":"BreadcrumbList","@id":"https:\/\/www.heidelberger-schloss-gastronomie.de\/shop\/ladysknife-silver-echt-scharff\/#breadcrumb","itemListElement":[{"@type":"ListItem","position":1,"name":"Startseite","item":"https:\/\/www.heidelberger-schloss-gastronomie.de\/"},{"@type":"ListItem","position":2,"name":"Online Shop","item":"https:\/\/www.heidelberger-schloss-gastronomie.de\/onlineshop\/"},{"@type":"ListItem","position":3,"name":"LadysKnife \u201eSilver\u201c \u2013 ECHT SCHARFF"}]},{"@type":"WebSite","@id":"https:\/\/www.heidelberger-schloss-gastronomie.de\/#website","url":"https:\/\/www.heidelberger-schloss-gastronomie.de\/","name":"Heidelberger Schloss Restaurants &amp; Events","description":"","publisher":{"@id":"https:\/\/www.heidelberger-schloss-gastronomie.de\/#organization"},"potentialAction":[{"@type":"SearchAction","target":{"@type":"EntryPoint","urlTemplate":"https:\/\/www.heidelberger-schloss-gastronomie.de\/?s={search_term_string}"},"query-input":{"@type":"PropertyValueSpecification","valueRequired":true,"valueName":"search_term_string"}}],"inLanguage":"en-US"},{"@type":"Organization","@id":"https:\/\/www.heidelberger-schloss-gastronomie.de\/#organization","name":"Heidelberger Schloss Restaurants & Events GmbH & Co. KG","url":"https:\/\/www.heidelberger-schloss-gastronomie.de\/","logo":{"@type":"ImageObject","inLanguage":"en-US","@id":"https:\/\/www.heidelberger-schloss-gastronomie.de\/#\/schema\/logo\/image\/","url":"https:\/\/www.heidelberger-schloss-gastronomie.de\/wp-content\/uploads\/200610_Logo_HDSRE_2020_kompakt.png","contentUrl":"https:\/\/www.heidelberger-schloss-gastronomie.de\/wp-content\/uploads\/200610_Logo_HDSRE_2020_kompakt.png","width":596,"height":593,"caption":"Heidelberger Schloss Restaurants & Events GmbH & Co. KG"},"image":{"@id":"https:\/\/www.heidelberger-schloss-gastronomie.de\/#\/schema\/logo\/image\/"},"sameAs":["https:\/\/www.facebook.com\/heidelberger.schloss.gastronomie\/","https:\/\/www.instagram.com\/heidelbergerschlossgastronomie\/","https:\/\/www.youtube.com\/channel\/UCLlhNkc66V1EI0fQqAzWoGQ"]}]}},"_links":{"self":[{"href":"https:\/\/www.heidelberger-schloss-gastronomie.de\/en\/wp-json\/wp\/v2\/product\/53232","targetHints":{"allow":["GET"]}}],"collection":[{"href":"https:\/\/www.heidelberger-schloss-gastronomie.de\/en\/wp-json\/wp\/v2\/product"}],"about":[{"href":"https:\/\/www.heidelberger-schloss-gastronomie.de\/en\/wp-json\/wp\/v2\/types\/product"}],"version-history":[{"count":1,"href":"https:\/\/www.heidelberger-schloss-gastronomie.de\/en\/wp-json\/wp\/v2\/product\/53232\/revisions"}],"predecessor-version":[{"id":86855,"href":"https:\/\/www.heidelberger-schloss-gastronomie.de\/en\/wp-json\/wp\/v2\/product\/53232\/revisions\/86855"}],"wp:featuredmedia":[{"embeddable":true,"href":"https:\/\/www.heidelberger-schloss-gastronomie.de\/en\/wp-json\/wp\/v2\/media\/53091"}],"wp:attachment":[{"href":"https:\/\/www.heidelberger-schloss-gastronomie.de\/en\/wp-json\/wp\/v2\/media?parent=53232"}],"wp:term":[{"taxonomy":"product_brand","embeddable":true,"href":"https:\/\/www.heidelberger-schloss-gastronomie.de\/en\/wp-json\/wp\/v2\/product_brand?post=53232"},{"taxonomy":"product_cat","embeddable":true,"href":"https:\/\/www.heidelberger-schloss-gastronomie.de\/en\/wp-json\/wp\/v2\/product_cat?post=53232"},{"taxonomy":"product_tag","embeddable":true,"href":"https:\/\/www.heidelberger-schloss-gastronomie.de\/en\/wp-json\/wp\/v2\/product_tag?post=53232"}],"curies":[{"name":"wp","href":"https:\/\/api.w.org\/{rel}","templated":true}]}}