{"id":53761,"date":"2023-05-08T10:58:34","date_gmt":"2023-05-08T08:58:34","guid":{"rendered":"https:\/\/www.heidelberger-schloss-gastronomie.de\/?post_type=product&#038;p=53761"},"modified":"2024-06-06T10:37:28","modified_gmt":"2024-06-06T08:37:28","slug":"senf-honig-mohn-echt-scharff","status":"publish","type":"product","link":"https:\/\/www.heidelberger-schloss-gastronomie.de\/en\/shop\/senf-honig-mohn-echt-scharff\/","title":{"rendered":"Senf \u201eHonig-Mohn\u201c \u2013 ECHT SCHARFF"},"content":{"rendered":"<h2>Senf \u201eHonig-Mohn\u201c Moutarde de Montjoie \u2013 ECHT SCHARFF!<\/h2>\n<p><strong>S\u00fc\u00df-scharfe Senfkreation<\/strong><\/p>\n<p>ECHT SCHARFF, aber nicht scharf: Ein wahres Multitalent ist der Senf \u201eHonig-Mohn&#8221;. Eine\u00a0 harmonische, s\u00fc\u00dflich-w\u00fcrzige Senfkreation, die ganz klar Martin Scharffs Empfehlung tr\u00e4gt. In Kooperation mit der Senfm\u00fchle Monschau ist die exklusive Edition des Honig-Mohn-Senfs im 200ml-Tont\u00f6pfchen entstanden. Als Saucensenf ist er nahezu \u00fcberall einsetzbar und schmeckt hervorragend zu Lachs, als Beilage zur Wei\u00dfwurst und Kassler und ist unentbehrlich in Salatsaucen. Er belebt Wildmarinaden und betont delikate Salat-, Fleisch-, Fisch- und Gefl\u00fcgelsaucen.<\/p>\n<p>Der Senf im nostalgischen Steint\u00f6pfchen wird nach traditionellem Rezept in der \u00fcber 100 Jahre alten Senfm\u00fchle Monschau produziert, frei von Geschmacksverst\u00e4rkern und k\u00fcnstlichen Zusatzstoffen.<\/p>\n<p>&nbsp;<\/p>\n","protected":false},"excerpt":{"rendered":"<p><strong>Senf \u201eHonig-Mohn\u201c \u2013 ECHT SCHARFF!<\/strong><\/p>\n<p>&nbsp;<\/p>\n<p>ECHT SCHARFF, aber nicht scharf: Ein wahres Multitalent ist der Senf \u201eHonig-Mohn&#8221;. Eine harmonische, s\u00fc\u00dflich-w\u00fcrzige Senfkreation, die ganz klar Martin Scharffs Empfehlung tr\u00e4gt. In Kooperation mit der Senfm\u00fchle Monschau ist die exklusive Edition des Honig-Mohn-Senfs im 200ml-Tont\u00f6pfchen entstanden. Als Saucensenf ist er nahezu \u00fcberall einsetzbar, belebt Wildmarinaden und betont delikate Salat-, Fleisch-, Fisch- und Gefl\u00fcgelsaucen.<\/p>\n<p>&nbsp;<\/p>\n<div class=\"Text\">\n<div class=\"Story\">\n<p>Inhalt: 0.2 l (\u20ac 59,95* \/ 1 l)<\/p>\n<p>Preis inkl. MwSt. zzgl. Versandkosten<\/p>\n<\/div>\n<\/div>\n","protected":false},"featured_media":73393,"template":"","meta":{"_price":"13.90","_stock":null,"_tribe_ticket_header":"","_tribe_default_ticket_provider":"","_tribe_ticket_capacity":"0","_ticket_start_date":"","_ticket_end_date":"","_tribe_ticket_show_description":"","_tribe_ticket_show_not_going":false,"_tribe_ticket_use_global_stock":"","_tribe_ticket_global_stock_level":"","_global_stock_mode":"","_global_stock_cap":"","_tribe_rsvp_for_event":"","_tribe_ticket_going_count":"","_tribe_ticket_not_going_count":"","_tribe_tickets_list":"[]","_tribe_ticket_has_attendee_info_fields":false,"_tec_slr_enabled":"","_tec_slr_layout":""},"product_brand":[],"product_cat":[210,211,214],"product_tag":[],"class_list":{"0":"post-53761","1":"product","2":"type-product","3":"status-publish","4":"has-post-thumbnail","6":"product_cat-echt-scharff","7":"product_cat-feinkost","8":"product_cat-produkte","9":"product_shipping_class-senf","10":"entry","12":"first","13":"instock","14":"taxable","15":"shipping-taxable","16":"purchasable","17":"product-type-simple"},"bundled_by":[],"bundle_stock_status":"instock","bundle_stock_quantity":null,"bundle_virtual":false,"bundle_layout":"","bundle_add_to_cart_form_location":"","bundle_editable_in_cart":false,"bundle_sold_individually_context":"","bundle_item_grouping":"","bundle_min_size":"","bundle_max_size":"","bundle_price":[],"bundled_items":[],"bundle_sell_ids":[],"yoast_head":"<!-- This site is optimized with the Yoast SEO plugin v27.4 - https:\/\/yoast.com\/product\/yoast-seo-wordpress\/ -->\n<title>Senf \u201eHonig-Mohn\u201c \u2013 ECHT SCHARFF -<\/title>\n<meta name=\"robots\" content=\"index, follow, max-snippet:-1, max-image-preview:large, max-video-preview:-1\" \/>\n<link rel=\"canonical\" href=\"https:\/\/www.heidelberger-schloss-gastronomie.de\/shop\/senf-honig-mohn-echt-scharff\/\" \/>\n<meta property=\"og:locale\" content=\"en_US\" \/>\n<meta property=\"og:type\" content=\"article\" \/>\n<meta property=\"og:title\" content=\"Senf \u201eHonig-Mohn\u201c \u2013 ECHT SCHARFF -\" \/>\n<meta property=\"og:description\" content=\"Senf \u201eHonig-Mohn\u201c \u2013 ECHT SCHARFF!  &nbsp;  ECHT SCHARFF, aber nicht scharf: Ein wahres Multitalent ist der Senf \u201eHonig-Mohn&quot;. Eine harmonische, s\u00fc\u00dflich-w\u00fcrzige Senfkreation, die ganz klar Martin Scharffs Empfehlung tr\u00e4gt. In Kooperation mit der Senfm\u00fchle Monschau ist die exklusive Edition des Honig-Mohn-Senfs im 200ml-Tont\u00f6pfchen entstanden. Als Saucensenf ist er nahezu \u00fcberall einsetzbar, belebt Wildmarinaden und betont delikate Salat-, Fleisch-, Fisch- und Gefl\u00fcgelsaucen.  &nbsp;    Inhalt: 0.2 l (\u20ac 59,95* \/ 1 l)  Preis inkl. MwSt. zzgl. Versandkosten\" \/>\n<meta property=\"og:url\" content=\"https:\/\/www.heidelberger-schloss-gastronomie.de\/shop\/senf-honig-mohn-echt-scharff\/\" \/>\n<meta property=\"og:site_name\" content=\"Heidelberger Schloss Restaurants &amp; Events\" \/>\n<meta property=\"article:publisher\" content=\"https:\/\/www.facebook.com\/heidelberger.schloss.gastronomie\/\" \/>\n<meta property=\"article:modified_time\" content=\"2024-06-06T08:37:28+00:00\" \/>\n<meta property=\"og:image\" content=\"https:\/\/www.heidelberger-schloss-gastronomie.de\/wp-content\/uploads\/Senf-Honig-Mohn.jpg\" \/>\n\t<meta property=\"og:image:width\" content=\"1920\" \/>\n\t<meta property=\"og:image:height\" content=\"1440\" \/>\n\t<meta property=\"og:image:type\" content=\"image\/jpeg\" \/>\n<meta name=\"twitter:card\" content=\"summary_large_image\" \/>\n<meta name=\"twitter:label1\" content=\"Est. reading time\" \/>\n\t<meta name=\"twitter:data1\" content=\"1 minute\" \/>\n<script type=\"application\/ld+json\" class=\"yoast-schema-graph\">{\"@context\":\"https:\\\/\\\/schema.org\",\"@graph\":[{\"@type\":\"WebPage\",\"@id\":\"https:\\\/\\\/www.heidelberger-schloss-gastronomie.de\\\/shop\\\/senf-honig-mohn-echt-scharff\\\/\",\"url\":\"https:\\\/\\\/www.heidelberger-schloss-gastronomie.de\\\/shop\\\/senf-honig-mohn-echt-scharff\\\/\",\"name\":\"Senf \u201eHonig-Mohn\u201c \u2013 ECHT SCHARFF -\",\"isPartOf\":{\"@id\":\"https:\\\/\\\/www.heidelberger-schloss-gastronomie.de\\\/#website\"},\"primaryImageOfPage\":{\"@id\":\"https:\\\/\\\/www.heidelberger-schloss-gastronomie.de\\\/shop\\\/senf-honig-mohn-echt-scharff\\\/#primaryimage\"},\"image\":{\"@id\":\"https:\\\/\\\/www.heidelberger-schloss-gastronomie.de\\\/shop\\\/senf-honig-mohn-echt-scharff\\\/#primaryimage\"},\"thumbnailUrl\":\"https:\\\/\\\/www.heidelberger-schloss-gastronomie.de\\\/wp-content\\\/uploads\\\/Senf-Honig-Mohn.jpg\",\"datePublished\":\"2023-05-08T08:58:34+00:00\",\"dateModified\":\"2024-06-06T08:37:28+00:00\",\"breadcrumb\":{\"@id\":\"https:\\\/\\\/www.heidelberger-schloss-gastronomie.de\\\/shop\\\/senf-honig-mohn-echt-scharff\\\/#breadcrumb\"},\"inLanguage\":\"en-US\",\"potentialAction\":[{\"@type\":\"ReadAction\",\"target\":[\"https:\\\/\\\/www.heidelberger-schloss-gastronomie.de\\\/shop\\\/senf-honig-mohn-echt-scharff\\\/\"]}]},{\"@type\":\"ImageObject\",\"inLanguage\":\"en-US\",\"@id\":\"https:\\\/\\\/www.heidelberger-schloss-gastronomie.de\\\/shop\\\/senf-honig-mohn-echt-scharff\\\/#primaryimage\",\"url\":\"https:\\\/\\\/www.heidelberger-schloss-gastronomie.de\\\/wp-content\\\/uploads\\\/Senf-Honig-Mohn.jpg\",\"contentUrl\":\"https:\\\/\\\/www.heidelberger-schloss-gastronomie.de\\\/wp-content\\\/uploads\\\/Senf-Honig-Mohn.jpg\",\"width\":1920,\"height\":1440,\"caption\":\"Echt Scharff Senf Honig Mohn Steinpott Senfm\u00fchle Monschau\"},{\"@type\":\"BreadcrumbList\",\"@id\":\"https:\\\/\\\/www.heidelberger-schloss-gastronomie.de\\\/shop\\\/senf-honig-mohn-echt-scharff\\\/#breadcrumb\",\"itemListElement\":[{\"@type\":\"ListItem\",\"position\":1,\"name\":\"Startseite\",\"item\":\"https:\\\/\\\/www.heidelberger-schloss-gastronomie.de\\\/\"},{\"@type\":\"ListItem\",\"position\":2,\"name\":\"Online Shop\",\"item\":\"https:\\\/\\\/www.heidelberger-schloss-gastronomie.de\\\/onlineshop\\\/\"},{\"@type\":\"ListItem\",\"position\":3,\"name\":\"Senf \u201eHonig-Mohn\u201c \u2013 ECHT SCHARFF\"}]},{\"@type\":\"WebSite\",\"@id\":\"https:\\\/\\\/www.heidelberger-schloss-gastronomie.de\\\/#website\",\"url\":\"https:\\\/\\\/www.heidelberger-schloss-gastronomie.de\\\/\",\"name\":\"Heidelberger Schloss Restaurants &amp; Events\",\"description\":\"\",\"publisher\":{\"@id\":\"https:\\\/\\\/www.heidelberger-schloss-gastronomie.de\\\/#organization\"},\"potentialAction\":[{\"@type\":\"SearchAction\",\"target\":{\"@type\":\"EntryPoint\",\"urlTemplate\":\"https:\\\/\\\/www.heidelberger-schloss-gastronomie.de\\\/?s={search_term_string}\"},\"query-input\":{\"@type\":\"PropertyValueSpecification\",\"valueRequired\":true,\"valueName\":\"search_term_string\"}}],\"inLanguage\":\"en-US\"},{\"@type\":\"Organization\",\"@id\":\"https:\\\/\\\/www.heidelberger-schloss-gastronomie.de\\\/#organization\",\"name\":\"Heidelberger Schloss Restaurants & Events GmbH & Co. KG\",\"url\":\"https:\\\/\\\/www.heidelberger-schloss-gastronomie.de\\\/\",\"logo\":{\"@type\":\"ImageObject\",\"inLanguage\":\"en-US\",\"@id\":\"https:\\\/\\\/www.heidelberger-schloss-gastronomie.de\\\/#\\\/schema\\\/logo\\\/image\\\/\",\"url\":\"https:\\\/\\\/www.heidelberger-schloss-gastronomie.de\\\/wp-content\\\/uploads\\\/200610_Logo_HDSRE_2020_kompakt.png\",\"contentUrl\":\"https:\\\/\\\/www.heidelberger-schloss-gastronomie.de\\\/wp-content\\\/uploads\\\/200610_Logo_HDSRE_2020_kompakt.png\",\"width\":596,\"height\":593,\"caption\":\"Heidelberger Schloss Restaurants & Events GmbH & Co. KG\"},\"image\":{\"@id\":\"https:\\\/\\\/www.heidelberger-schloss-gastronomie.de\\\/#\\\/schema\\\/logo\\\/image\\\/\"},\"sameAs\":[\"https:\\\/\\\/www.facebook.com\\\/heidelberger.schloss.gastronomie\\\/\",\"https:\\\/\\\/www.instagram.com\\\/heidelbergerschlossgastronomie\\\/\",\"https:\\\/\\\/www.youtube.com\\\/channel\\\/UCLlhNkc66V1EI0fQqAzWoGQ\"]}]}<\/script>\n<!-- \/ Yoast SEO plugin. -->","yoast_head_json":{"title":"Senf \u201eHonig-Mohn\u201c \u2013 ECHT SCHARFF -","robots":{"index":"index","follow":"follow","max-snippet":"max-snippet:-1","max-image-preview":"max-image-preview:large","max-video-preview":"max-video-preview:-1"},"canonical":"https:\/\/www.heidelberger-schloss-gastronomie.de\/shop\/senf-honig-mohn-echt-scharff\/","og_locale":"en_US","og_type":"article","og_title":"Senf \u201eHonig-Mohn\u201c \u2013 ECHT SCHARFF -","og_description":"Senf \u201eHonig-Mohn\u201c \u2013 ECHT SCHARFF!  &nbsp;  ECHT SCHARFF, aber nicht scharf: Ein wahres Multitalent ist der Senf \u201eHonig-Mohn\". Eine harmonische, s\u00fc\u00dflich-w\u00fcrzige Senfkreation, die ganz klar Martin Scharffs Empfehlung tr\u00e4gt. In Kooperation mit der Senfm\u00fchle Monschau ist die exklusive Edition des Honig-Mohn-Senfs im 200ml-Tont\u00f6pfchen entstanden. Als Saucensenf ist er nahezu \u00fcberall einsetzbar, belebt Wildmarinaden und betont delikate Salat-, Fleisch-, Fisch- und Gefl\u00fcgelsaucen.  &nbsp;    Inhalt: 0.2 l (\u20ac 59,95* \/ 1 l)  Preis inkl. MwSt. zzgl. Versandkosten","og_url":"https:\/\/www.heidelberger-schloss-gastronomie.de\/shop\/senf-honig-mohn-echt-scharff\/","og_site_name":"Heidelberger Schloss Restaurants &amp; Events","article_publisher":"https:\/\/www.facebook.com\/heidelberger.schloss.gastronomie\/","article_modified_time":"2024-06-06T08:37:28+00:00","og_image":[{"width":1920,"height":1440,"url":"https:\/\/www.heidelberger-schloss-gastronomie.de\/wp-content\/uploads\/Senf-Honig-Mohn.jpg","type":"image\/jpeg"}],"twitter_card":"summary_large_image","twitter_misc":{"Est. reading time":"1 minute"},"schema":{"@context":"https:\/\/schema.org","@graph":[{"@type":"WebPage","@id":"https:\/\/www.heidelberger-schloss-gastronomie.de\/shop\/senf-honig-mohn-echt-scharff\/","url":"https:\/\/www.heidelberger-schloss-gastronomie.de\/shop\/senf-honig-mohn-echt-scharff\/","name":"Senf \u201eHonig-Mohn\u201c \u2013 ECHT SCHARFF -","isPartOf":{"@id":"https:\/\/www.heidelberger-schloss-gastronomie.de\/#website"},"primaryImageOfPage":{"@id":"https:\/\/www.heidelberger-schloss-gastronomie.de\/shop\/senf-honig-mohn-echt-scharff\/#primaryimage"},"image":{"@id":"https:\/\/www.heidelberger-schloss-gastronomie.de\/shop\/senf-honig-mohn-echt-scharff\/#primaryimage"},"thumbnailUrl":"https:\/\/www.heidelberger-schloss-gastronomie.de\/wp-content\/uploads\/Senf-Honig-Mohn.jpg","datePublished":"2023-05-08T08:58:34+00:00","dateModified":"2024-06-06T08:37:28+00:00","breadcrumb":{"@id":"https:\/\/www.heidelberger-schloss-gastronomie.de\/shop\/senf-honig-mohn-echt-scharff\/#breadcrumb"},"inLanguage":"en-US","potentialAction":[{"@type":"ReadAction","target":["https:\/\/www.heidelberger-schloss-gastronomie.de\/shop\/senf-honig-mohn-echt-scharff\/"]}]},{"@type":"ImageObject","inLanguage":"en-US","@id":"https:\/\/www.heidelberger-schloss-gastronomie.de\/shop\/senf-honig-mohn-echt-scharff\/#primaryimage","url":"https:\/\/www.heidelberger-schloss-gastronomie.de\/wp-content\/uploads\/Senf-Honig-Mohn.jpg","contentUrl":"https:\/\/www.heidelberger-schloss-gastronomie.de\/wp-content\/uploads\/Senf-Honig-Mohn.jpg","width":1920,"height":1440,"caption":"Echt Scharff Senf Honig Mohn Steinpott Senfm\u00fchle Monschau"},{"@type":"BreadcrumbList","@id":"https:\/\/www.heidelberger-schloss-gastronomie.de\/shop\/senf-honig-mohn-echt-scharff\/#breadcrumb","itemListElement":[{"@type":"ListItem","position":1,"name":"Startseite","item":"https:\/\/www.heidelberger-schloss-gastronomie.de\/"},{"@type":"ListItem","position":2,"name":"Online Shop","item":"https:\/\/www.heidelberger-schloss-gastronomie.de\/onlineshop\/"},{"@type":"ListItem","position":3,"name":"Senf \u201eHonig-Mohn\u201c \u2013 ECHT SCHARFF"}]},{"@type":"WebSite","@id":"https:\/\/www.heidelberger-schloss-gastronomie.de\/#website","url":"https:\/\/www.heidelberger-schloss-gastronomie.de\/","name":"Heidelberger Schloss Restaurants &amp; Events","description":"","publisher":{"@id":"https:\/\/www.heidelberger-schloss-gastronomie.de\/#organization"},"potentialAction":[{"@type":"SearchAction","target":{"@type":"EntryPoint","urlTemplate":"https:\/\/www.heidelberger-schloss-gastronomie.de\/?s={search_term_string}"},"query-input":{"@type":"PropertyValueSpecification","valueRequired":true,"valueName":"search_term_string"}}],"inLanguage":"en-US"},{"@type":"Organization","@id":"https:\/\/www.heidelberger-schloss-gastronomie.de\/#organization","name":"Heidelberger Schloss Restaurants & Events GmbH & Co. KG","url":"https:\/\/www.heidelberger-schloss-gastronomie.de\/","logo":{"@type":"ImageObject","inLanguage":"en-US","@id":"https:\/\/www.heidelberger-schloss-gastronomie.de\/#\/schema\/logo\/image\/","url":"https:\/\/www.heidelberger-schloss-gastronomie.de\/wp-content\/uploads\/200610_Logo_HDSRE_2020_kompakt.png","contentUrl":"https:\/\/www.heidelberger-schloss-gastronomie.de\/wp-content\/uploads\/200610_Logo_HDSRE_2020_kompakt.png","width":596,"height":593,"caption":"Heidelberger Schloss Restaurants & Events GmbH & Co. KG"},"image":{"@id":"https:\/\/www.heidelberger-schloss-gastronomie.de\/#\/schema\/logo\/image\/"},"sameAs":["https:\/\/www.facebook.com\/heidelberger.schloss.gastronomie\/","https:\/\/www.instagram.com\/heidelbergerschlossgastronomie\/","https:\/\/www.youtube.com\/channel\/UCLlhNkc66V1EI0fQqAzWoGQ"]}]}},"_links":{"self":[{"href":"https:\/\/www.heidelberger-schloss-gastronomie.de\/en\/wp-json\/wp\/v2\/product\/53761","targetHints":{"allow":["GET"]}}],"collection":[{"href":"https:\/\/www.heidelberger-schloss-gastronomie.de\/en\/wp-json\/wp\/v2\/product"}],"about":[{"href":"https:\/\/www.heidelberger-schloss-gastronomie.de\/en\/wp-json\/wp\/v2\/types\/product"}],"version-history":[{"count":2,"href":"https:\/\/www.heidelberger-schloss-gastronomie.de\/en\/wp-json\/wp\/v2\/product\/53761\/revisions"}],"predecessor-version":[{"id":53856,"href":"https:\/\/www.heidelberger-schloss-gastronomie.de\/en\/wp-json\/wp\/v2\/product\/53761\/revisions\/53856"}],"wp:featuredmedia":[{"embeddable":true,"href":"https:\/\/www.heidelberger-schloss-gastronomie.de\/en\/wp-json\/wp\/v2\/media\/73393"}],"wp:attachment":[{"href":"https:\/\/www.heidelberger-schloss-gastronomie.de\/en\/wp-json\/wp\/v2\/media?parent=53761"}],"wp:term":[{"taxonomy":"product_brand","embeddable":true,"href":"https:\/\/www.heidelberger-schloss-gastronomie.de\/en\/wp-json\/wp\/v2\/product_brand?post=53761"},{"taxonomy":"product_cat","embeddable":true,"href":"https:\/\/www.heidelberger-schloss-gastronomie.de\/en\/wp-json\/wp\/v2\/product_cat?post=53761"},{"taxonomy":"product_tag","embeddable":true,"href":"https:\/\/www.heidelberger-schloss-gastronomie.de\/en\/wp-json\/wp\/v2\/product_tag?post=53761"}],"curies":[{"name":"wp","href":"https:\/\/api.w.org\/{rel}","templated":true}]}}