{"id":866,"date":"2020-11-03T16:27:55","date_gmt":"2020-11-03T16:27:55","guid":{"rendered":"https:\/\/www.heidelberger-schloss-gastronomie.de\/?post_type=product&#038;p=866"},"modified":"2023-12-28T14:00:38","modified_gmt":"2023-12-28T13:00:38","slug":"einfach-spitze","status":"publish","type":"product","link":"https:\/\/www.heidelberger-schloss-gastronomie.de\/en\/shop\/einfach-spitze\/","title":{"rendered":"Spargelkochbuch \u201eEinfach Spitze!\u201c von Martin Scharff"},"content":{"rendered":"<h2>Martin Scharffs Spargelkochbuch \u201eEinfach Spitze!\u201c<\/h2>\n<p>Kreativ. Aufregend. Frech. \u00dcberraschend.<\/p>\n<p>Eine Liebeserkl\u00e4rung an den Spargel: Edel fotografiert und mit au\u00dfergew\u00f6hnlichen Rezepten! Martin Scharff sorgt mit seinen Ideen einer modernen Spargelk\u00fcche f\u00fcr v\u00f6llig unerwartete Geschmackserlebnisse. Seine rund 40 einfachen bis ambitionierten Rezepte setzen dem \u201ek\u00f6niglichen Gem\u00fcse\u201c die Krone auf. Salat von gr\u00fcnem Spargel mit gepfeffertem Thunfisch oder Spargelcappuccino mit Muskat und rosa Beeren, Spargelburger mit Grillschinken, Tomaten und Estragon-Pfeffermayonnaise oder Spargel-Macaron mit Erdbeersalat und Kardamom-Pfeffer-Eis &#8211; Scharff zeigt in diesem Buch, wie man auch Zuhause mit einfachen Mitteln kleine Kunstwerke schafft. Die Rezepte sind nach drei Schwierigkeitsgraden unterteilt. Mit Weinempfehlungen von TV-Sommeli\u00e8re Natalie Lumpp.<\/p>\n<p>Das Buch ist auch direkt in der Schlossweinstube erh\u00e4ltlich. Gerne signiert Ihnen Martin Scharff das Buch bei Ihrem Besuch in der Schlossweinstube pers\u00f6nlich.<\/p>\n","protected":false},"excerpt":{"rendered":"<p>Eine Liebeserkl\u00e4rung an den Spargel: Edel fotografiert und mit au\u00dfergew\u00f6hnlichen Rezepten! Martin Scharff sorgt mit seinen Ideen einer modernen Spargelk\u00fcche f\u00fcr v\u00f6llig unerwartete Geschmackserlebnisse. Seine rund 40 einfachen bis ambitionierten Rezepte setzen dem \u201ek\u00f6niglichen Gem\u00fcse\u201c die Krone auf, so lecker war die Spargelzeit noch nie!<\/p>\n<p>&nbsp;<\/p>\n<p>Auf Wunsch auch gerne mit pers\u00f6nlicher Widmung, einfach beim Check-out an der Kasse als Bemerkung erg\u00e4nzen.<\/p>\n","protected":false},"featured_media":867,"template":"","meta":{"_price":"9.80","_stock":null,"_tribe_ticket_header":"","_tribe_default_ticket_provider":"","_tribe_ticket_capacity":"0","_ticket_start_date":"","_ticket_end_date":"","_tribe_ticket_show_description":"","_tribe_ticket_show_not_going":false,"_tribe_ticket_use_global_stock":"","_tribe_ticket_global_stock_level":"","_global_stock_mode":"","_global_stock_cap":"","_tribe_rsvp_for_event":"","_tribe_ticket_going_count":"","_tribe_ticket_not_going_count":"","_tribe_tickets_list":"[]","_tribe_ticket_has_attendee_info_fields":false,"_tec_slr_enabled":"","_tec_slr_layout":""},"product_brand":[],"product_cat":[34,210,214],"product_tag":[],"class_list":{"0":"post-866","1":"product","2":"type-product","3":"status-publish","4":"has-post-thumbnail","6":"product_cat-buecher","7":"product_cat-echt-scharff","8":"product_cat-produkte","9":"product_shipping_class-standard","10":"entry","12":"first","13":"instock","14":"taxable","15":"shipping-taxable","16":"purchasable","17":"product-type-simple"},"bundled_by":[],"bundle_stock_status":"instock","bundle_stock_quantity":null,"bundle_virtual":false,"bundle_layout":"","bundle_add_to_cart_form_location":"","bundle_editable_in_cart":false,"bundle_sold_individually_context":"","bundle_item_grouping":"","bundle_min_size":"","bundle_max_size":"","bundle_price":[],"bundled_items":[],"bundle_sell_ids":[],"yoast_head":"<!-- This site is optimized with the Yoast SEO plugin v27.4 - https:\/\/yoast.com\/product\/yoast-seo-wordpress\/ -->\n<title>Spargelkochbuch \u201eEinfach Spitze!\u201c von Martin Scharff - Martin Scharffs Spargelbuch - Spargelrezepte<\/title>\n<meta name=\"robots\" content=\"index, follow, max-snippet:-1, max-image-preview:large, max-video-preview:-1\" \/>\n<link rel=\"canonical\" href=\"https:\/\/www.heidelberger-schloss-gastronomie.de\/shop\/einfach-spitze\/\" \/>\n<meta property=\"og:locale\" content=\"en_US\" \/>\n<meta property=\"og:type\" content=\"article\" \/>\n<meta property=\"og:title\" content=\"Spargelkochbuch \u201eEinfach Spitze!\u201c von Martin Scharff - Martin Scharffs Spargelbuch - Spargelrezepte\" \/>\n<meta property=\"og:description\" content=\"Eine Liebeserkl\u00e4rung an den Spargel: Edel fotografiert und mit au\u00dfergew\u00f6hnlichen Rezepten! Martin Scharff sorgt mit seinen Ideen einer modernen Spargelk\u00fcche f\u00fcr v\u00f6llig unerwartete Geschmackserlebnisse. Seine rund 40 einfachen bis ambitionierten Rezepte setzen dem \u201ek\u00f6niglichen Gem\u00fcse\u201c die Krone auf, so lecker war die Spargelzeit noch nie!  &nbsp;  Auf Wunsch auch gerne mit pers\u00f6nlicher Widmung, einfach beim Check-out an der Kasse als Bemerkung erg\u00e4nzen.\" \/>\n<meta property=\"og:url\" content=\"https:\/\/www.heidelberger-schloss-gastronomie.de\/shop\/einfach-spitze\/\" \/>\n<meta property=\"og:site_name\" content=\"Heidelberger Schloss Restaurants &amp; Events\" \/>\n<meta property=\"article:publisher\" content=\"https:\/\/www.facebook.com\/heidelberger.schloss.gastronomie\/\" \/>\n<meta property=\"article:modified_time\" content=\"2023-12-28T13:00:38+00:00\" \/>\n<meta property=\"og:image\" content=\"https:\/\/www.heidelberger-schloss-gastronomie.de\/wp-content\/uploads\/einfach_spitze-kreative_spargelrezepte-martin_scharff.png\" \/>\n\t<meta property=\"og:image:width\" content=\"986\" \/>\n\t<meta property=\"og:image:height\" content=\"770\" \/>\n\t<meta property=\"og:image:type\" content=\"image\/png\" \/>\n<meta name=\"twitter:card\" content=\"summary_large_image\" \/>\n<meta name=\"twitter:label1\" content=\"Est. reading time\" \/>\n\t<meta name=\"twitter:data1\" content=\"1 minute\" \/>\n<script type=\"application\/ld+json\" class=\"yoast-schema-graph\">{\"@context\":\"https:\\\/\\\/schema.org\",\"@graph\":[{\"@type\":\"WebPage\",\"@id\":\"https:\\\/\\\/www.heidelberger-schloss-gastronomie.de\\\/shop\\\/einfach-spitze\\\/\",\"url\":\"https:\\\/\\\/www.heidelberger-schloss-gastronomie.de\\\/shop\\\/einfach-spitze\\\/\",\"name\":\"Spargelkochbuch \u201eEinfach Spitze!\u201c von Martin Scharff - Martin Scharffs Spargelbuch - Spargelrezepte\",\"isPartOf\":{\"@id\":\"https:\\\/\\\/www.heidelberger-schloss-gastronomie.de\\\/#website\"},\"primaryImageOfPage\":{\"@id\":\"https:\\\/\\\/www.heidelberger-schloss-gastronomie.de\\\/shop\\\/einfach-spitze\\\/#primaryimage\"},\"image\":{\"@id\":\"https:\\\/\\\/www.heidelberger-schloss-gastronomie.de\\\/shop\\\/einfach-spitze\\\/#primaryimage\"},\"thumbnailUrl\":\"https:\\\/\\\/www.heidelberger-schloss-gastronomie.de\\\/wp-content\\\/uploads\\\/einfach_spitze-kreative_spargelrezepte-martin_scharff.png\",\"datePublished\":\"2020-11-03T16:27:55+00:00\",\"dateModified\":\"2023-12-28T13:00:38+00:00\",\"breadcrumb\":{\"@id\":\"https:\\\/\\\/www.heidelberger-schloss-gastronomie.de\\\/shop\\\/einfach-spitze\\\/#breadcrumb\"},\"inLanguage\":\"en-US\",\"potentialAction\":[{\"@type\":\"ReadAction\",\"target\":[\"https:\\\/\\\/www.heidelberger-schloss-gastronomie.de\\\/shop\\\/einfach-spitze\\\/\"]}]},{\"@type\":\"ImageObject\",\"inLanguage\":\"en-US\",\"@id\":\"https:\\\/\\\/www.heidelberger-schloss-gastronomie.de\\\/shop\\\/einfach-spitze\\\/#primaryimage\",\"url\":\"https:\\\/\\\/www.heidelberger-schloss-gastronomie.de\\\/wp-content\\\/uploads\\\/einfach_spitze-kreative_spargelrezepte-martin_scharff.png\",\"contentUrl\":\"https:\\\/\\\/www.heidelberger-schloss-gastronomie.de\\\/wp-content\\\/uploads\\\/einfach_spitze-kreative_spargelrezepte-martin_scharff.png\",\"width\":986,\"height\":770},{\"@type\":\"BreadcrumbList\",\"@id\":\"https:\\\/\\\/www.heidelberger-schloss-gastronomie.de\\\/shop\\\/einfach-spitze\\\/#breadcrumb\",\"itemListElement\":[{\"@type\":\"ListItem\",\"position\":1,\"name\":\"Startseite\",\"item\":\"https:\\\/\\\/www.heidelberger-schloss-gastronomie.de\\\/\"},{\"@type\":\"ListItem\",\"position\":2,\"name\":\"Online Shop\",\"item\":\"https:\\\/\\\/www.heidelberger-schloss-gastronomie.de\\\/onlineshop\\\/\"},{\"@type\":\"ListItem\",\"position\":3,\"name\":\"Spargelkochbuch \u201eEinfach Spitze!\u201c von Martin Scharff\"}]},{\"@type\":\"WebSite\",\"@id\":\"https:\\\/\\\/www.heidelberger-schloss-gastronomie.de\\\/#website\",\"url\":\"https:\\\/\\\/www.heidelberger-schloss-gastronomie.de\\\/\",\"name\":\"Heidelberger Schloss Restaurants &amp; Events\",\"description\":\"\",\"publisher\":{\"@id\":\"https:\\\/\\\/www.heidelberger-schloss-gastronomie.de\\\/#organization\"},\"potentialAction\":[{\"@type\":\"SearchAction\",\"target\":{\"@type\":\"EntryPoint\",\"urlTemplate\":\"https:\\\/\\\/www.heidelberger-schloss-gastronomie.de\\\/?s={search_term_string}\"},\"query-input\":{\"@type\":\"PropertyValueSpecification\",\"valueRequired\":true,\"valueName\":\"search_term_string\"}}],\"inLanguage\":\"en-US\"},{\"@type\":\"Organization\",\"@id\":\"https:\\\/\\\/www.heidelberger-schloss-gastronomie.de\\\/#organization\",\"name\":\"Heidelberger Schloss Restaurants & Events GmbH & Co. KG\",\"url\":\"https:\\\/\\\/www.heidelberger-schloss-gastronomie.de\\\/\",\"logo\":{\"@type\":\"ImageObject\",\"inLanguage\":\"en-US\",\"@id\":\"https:\\\/\\\/www.heidelberger-schloss-gastronomie.de\\\/#\\\/schema\\\/logo\\\/image\\\/\",\"url\":\"https:\\\/\\\/www.heidelberger-schloss-gastronomie.de\\\/wp-content\\\/uploads\\\/200610_Logo_HDSRE_2020_kompakt.png\",\"contentUrl\":\"https:\\\/\\\/www.heidelberger-schloss-gastronomie.de\\\/wp-content\\\/uploads\\\/200610_Logo_HDSRE_2020_kompakt.png\",\"width\":596,\"height\":593,\"caption\":\"Heidelberger Schloss Restaurants & Events GmbH & Co. KG\"},\"image\":{\"@id\":\"https:\\\/\\\/www.heidelberger-schloss-gastronomie.de\\\/#\\\/schema\\\/logo\\\/image\\\/\"},\"sameAs\":[\"https:\\\/\\\/www.facebook.com\\\/heidelberger.schloss.gastronomie\\\/\",\"https:\\\/\\\/www.instagram.com\\\/heidelbergerschlossgastronomie\\\/\",\"https:\\\/\\\/www.youtube.com\\\/channel\\\/UCLlhNkc66V1EI0fQqAzWoGQ\"]}]}<\/script>\n<!-- \/ Yoast SEO plugin. -->","yoast_head_json":{"title":"Spargelkochbuch \u201eEinfach Spitze!\u201c von Martin Scharff - Martin Scharffs Spargelbuch - Spargelrezepte","robots":{"index":"index","follow":"follow","max-snippet":"max-snippet:-1","max-image-preview":"max-image-preview:large","max-video-preview":"max-video-preview:-1"},"canonical":"https:\/\/www.heidelberger-schloss-gastronomie.de\/shop\/einfach-spitze\/","og_locale":"en_US","og_type":"article","og_title":"Spargelkochbuch \u201eEinfach Spitze!\u201c von Martin Scharff - Martin Scharffs Spargelbuch - Spargelrezepte","og_description":"Eine Liebeserkl\u00e4rung an den Spargel: Edel fotografiert und mit au\u00dfergew\u00f6hnlichen Rezepten! Martin Scharff sorgt mit seinen Ideen einer modernen Spargelk\u00fcche f\u00fcr v\u00f6llig unerwartete Geschmackserlebnisse. Seine rund 40 einfachen bis ambitionierten Rezepte setzen dem \u201ek\u00f6niglichen Gem\u00fcse\u201c die Krone auf, so lecker war die Spargelzeit noch nie!  &nbsp;  Auf Wunsch auch gerne mit pers\u00f6nlicher Widmung, einfach beim Check-out an der Kasse als Bemerkung erg\u00e4nzen.","og_url":"https:\/\/www.heidelberger-schloss-gastronomie.de\/shop\/einfach-spitze\/","og_site_name":"Heidelberger Schloss Restaurants &amp; Events","article_publisher":"https:\/\/www.facebook.com\/heidelberger.schloss.gastronomie\/","article_modified_time":"2023-12-28T13:00:38+00:00","og_image":[{"width":986,"height":770,"url":"https:\/\/www.heidelberger-schloss-gastronomie.de\/wp-content\/uploads\/einfach_spitze-kreative_spargelrezepte-martin_scharff.png","type":"image\/png"}],"twitter_card":"summary_large_image","twitter_misc":{"Est. reading time":"1 minute"},"schema":{"@context":"https:\/\/schema.org","@graph":[{"@type":"WebPage","@id":"https:\/\/www.heidelberger-schloss-gastronomie.de\/shop\/einfach-spitze\/","url":"https:\/\/www.heidelberger-schloss-gastronomie.de\/shop\/einfach-spitze\/","name":"Spargelkochbuch \u201eEinfach Spitze!\u201c von Martin Scharff - Martin Scharffs Spargelbuch - Spargelrezepte","isPartOf":{"@id":"https:\/\/www.heidelberger-schloss-gastronomie.de\/#website"},"primaryImageOfPage":{"@id":"https:\/\/www.heidelberger-schloss-gastronomie.de\/shop\/einfach-spitze\/#primaryimage"},"image":{"@id":"https:\/\/www.heidelberger-schloss-gastronomie.de\/shop\/einfach-spitze\/#primaryimage"},"thumbnailUrl":"https:\/\/www.heidelberger-schloss-gastronomie.de\/wp-content\/uploads\/einfach_spitze-kreative_spargelrezepte-martin_scharff.png","datePublished":"2020-11-03T16:27:55+00:00","dateModified":"2023-12-28T13:00:38+00:00","breadcrumb":{"@id":"https:\/\/www.heidelberger-schloss-gastronomie.de\/shop\/einfach-spitze\/#breadcrumb"},"inLanguage":"en-US","potentialAction":[{"@type":"ReadAction","target":["https:\/\/www.heidelberger-schloss-gastronomie.de\/shop\/einfach-spitze\/"]}]},{"@type":"ImageObject","inLanguage":"en-US","@id":"https:\/\/www.heidelberger-schloss-gastronomie.de\/shop\/einfach-spitze\/#primaryimage","url":"https:\/\/www.heidelberger-schloss-gastronomie.de\/wp-content\/uploads\/einfach_spitze-kreative_spargelrezepte-martin_scharff.png","contentUrl":"https:\/\/www.heidelberger-schloss-gastronomie.de\/wp-content\/uploads\/einfach_spitze-kreative_spargelrezepte-martin_scharff.png","width":986,"height":770},{"@type":"BreadcrumbList","@id":"https:\/\/www.heidelberger-schloss-gastronomie.de\/shop\/einfach-spitze\/#breadcrumb","itemListElement":[{"@type":"ListItem","position":1,"name":"Startseite","item":"https:\/\/www.heidelberger-schloss-gastronomie.de\/"},{"@type":"ListItem","position":2,"name":"Online Shop","item":"https:\/\/www.heidelberger-schloss-gastronomie.de\/onlineshop\/"},{"@type":"ListItem","position":3,"name":"Spargelkochbuch \u201eEinfach Spitze!\u201c von Martin Scharff"}]},{"@type":"WebSite","@id":"https:\/\/www.heidelberger-schloss-gastronomie.de\/#website","url":"https:\/\/www.heidelberger-schloss-gastronomie.de\/","name":"Heidelberger Schloss Restaurants &amp; Events","description":"","publisher":{"@id":"https:\/\/www.heidelberger-schloss-gastronomie.de\/#organization"},"potentialAction":[{"@type":"SearchAction","target":{"@type":"EntryPoint","urlTemplate":"https:\/\/www.heidelberger-schloss-gastronomie.de\/?s={search_term_string}"},"query-input":{"@type":"PropertyValueSpecification","valueRequired":true,"valueName":"search_term_string"}}],"inLanguage":"en-US"},{"@type":"Organization","@id":"https:\/\/www.heidelberger-schloss-gastronomie.de\/#organization","name":"Heidelberger Schloss Restaurants & Events GmbH & Co. KG","url":"https:\/\/www.heidelberger-schloss-gastronomie.de\/","logo":{"@type":"ImageObject","inLanguage":"en-US","@id":"https:\/\/www.heidelberger-schloss-gastronomie.de\/#\/schema\/logo\/image\/","url":"https:\/\/www.heidelberger-schloss-gastronomie.de\/wp-content\/uploads\/200610_Logo_HDSRE_2020_kompakt.png","contentUrl":"https:\/\/www.heidelberger-schloss-gastronomie.de\/wp-content\/uploads\/200610_Logo_HDSRE_2020_kompakt.png","width":596,"height":593,"caption":"Heidelberger Schloss Restaurants & Events GmbH & Co. KG"},"image":{"@id":"https:\/\/www.heidelberger-schloss-gastronomie.de\/#\/schema\/logo\/image\/"},"sameAs":["https:\/\/www.facebook.com\/heidelberger.schloss.gastronomie\/","https:\/\/www.instagram.com\/heidelbergerschlossgastronomie\/","https:\/\/www.youtube.com\/channel\/UCLlhNkc66V1EI0fQqAzWoGQ"]}]}},"_links":{"self":[{"href":"https:\/\/www.heidelberger-schloss-gastronomie.de\/en\/wp-json\/wp\/v2\/product\/866","targetHints":{"allow":["GET"]}}],"collection":[{"href":"https:\/\/www.heidelberger-schloss-gastronomie.de\/en\/wp-json\/wp\/v2\/product"}],"about":[{"href":"https:\/\/www.heidelberger-schloss-gastronomie.de\/en\/wp-json\/wp\/v2\/types\/product"}],"version-history":[{"count":1,"href":"https:\/\/www.heidelberger-schloss-gastronomie.de\/en\/wp-json\/wp\/v2\/product\/866\/revisions"}],"predecessor-version":[{"id":68853,"href":"https:\/\/www.heidelberger-schloss-gastronomie.de\/en\/wp-json\/wp\/v2\/product\/866\/revisions\/68853"}],"wp:featuredmedia":[{"embeddable":true,"href":"https:\/\/www.heidelberger-schloss-gastronomie.de\/en\/wp-json\/wp\/v2\/media\/867"}],"wp:attachment":[{"href":"https:\/\/www.heidelberger-schloss-gastronomie.de\/en\/wp-json\/wp\/v2\/media?parent=866"}],"wp:term":[{"taxonomy":"product_brand","embeddable":true,"href":"https:\/\/www.heidelberger-schloss-gastronomie.de\/en\/wp-json\/wp\/v2\/product_brand?post=866"},{"taxonomy":"product_cat","embeddable":true,"href":"https:\/\/www.heidelberger-schloss-gastronomie.de\/en\/wp-json\/wp\/v2\/product_cat?post=866"},{"taxonomy":"product_tag","embeddable":true,"href":"https:\/\/www.heidelberger-schloss-gastronomie.de\/en\/wp-json\/wp\/v2\/product_tag?post=866"}],"curies":[{"name":"wp","href":"https:\/\/api.w.org\/{rel}","templated":true}]}}